{"id":3033,"date":"2026-02-03T06:46:30","date_gmt":"2026-02-03T06:46:30","guid":{"rendered":"https:\/\/furnika.com.pl\/?post_type=product&#038;p=3033"},"modified":"2026-02-27T12:31:57","modified_gmt":"2026-02-27T12:31:57","slug":"ada","status":"publish","type":"product","link":"http:\/\/furnika.com.pl\/en\/product\/ada\/","title":{"rendered":"Ada"},"content":{"rendered":"","protected":false},"excerpt":{"rendered":"<p>The ADA LED lamp features a minimalist design created to subtly highlight furniture and wall spaces. Its simple, geometric housing with a matte finish fits perfectly into a living room, dining room, or bedroom.<\/p>\n<p>The fitting emits soft, diffused light that creates a pleasant decorative effect without causing glare. It works well as accent lighting by the bed, in the living room, hallway, wardrobe, or as part of furniture lighting, for example inside display cabinets.<\/p>\n<p>The ADA LED lamp is available in neutral or cool light versions, allowing you to choose the right lighting depending on your needs and the purpose of the room.<\/p>","protected":false},"featured_media":3038,"template":"","meta":[],"product_brand":[],"product_cat":[57,68,60],"product_tag":[],"class_list":{"0":"post-3033","1":"product","2":"type-product","3":"status-publish","4":"has-post-thumbnail","6":"product_cat-lampy-do-lozka","7":"product_cat-lampy-led","8":"product_cat-sypialnia","10":"first","11":"instock","12":"shipping-taxable","13":"product-type-simple"},"yoast_head":"<!-- This site is optimized with the Yoast SEO plugin v27.2 - https:\/\/yoast.com\/product\/yoast-seo-wordpress\/ -->\n<title>Ada - Furnika<\/title>\n<meta name=\"description\" content=\"Ada sprawdzi si\u0119 jako o\u015bwietlenie akcentowe przy \u0142\u00f3\u017cku, w salonie, korytarzu, garderobie lub jako element o\u015bwietlenia meblowego, np. wn\u0119trza witryn.\" \/>\n<meta name=\"robots\" content=\"index, follow, max-snippet:-1, max-image-preview:large, max-video-preview:-1\" \/>\n<link rel=\"canonical\" href=\"https:\/\/furnika.com.pl\/en\/product\/ada\/\" \/>\n<meta property=\"og:locale\" content=\"en_GB\" \/>\n<meta property=\"og:type\" content=\"article\" \/>\n<meta property=\"og:title\" content=\"Ada - Furnika\" \/>\n<meta property=\"og:description\" content=\"Ada sprawdzi si\u0119 jako o\u015bwietlenie akcentowe przy \u0142\u00f3\u017cku, w salonie, korytarzu, garderobie lub jako element o\u015bwietlenia meblowego, np. wn\u0119trza witryn.\" \/>\n<meta property=\"og:url\" content=\"https:\/\/furnika.com.pl\/en\/product\/ada\/\" \/>\n<meta property=\"og:site_name\" content=\"Furnika\" \/>\n<meta property=\"article:modified_time\" content=\"2026-02-27T12:31:57+00:00\" \/>\n<meta property=\"og:image\" content=\"https:\/\/furnika.com.pl\/wp-content\/uploads\/2026\/02\/Ada-wizualizacja.webp\" \/>\n\t<meta property=\"og:image:width\" content=\"800\" \/>\n\t<meta property=\"og:image:height\" content=\"800\" \/>\n\t<meta property=\"og:image:type\" content=\"image\/webp\" \/>\n<meta name=\"twitter:card\" content=\"summary_large_image\" \/>\n<meta name=\"twitter:label1\" content=\"Estimated reading time\" \/>\n\t<meta name=\"twitter:data1\" content=\"1 minute\" \/>\n<script type=\"application\/ld+json\" class=\"yoast-schema-graph\">{\"@context\":\"https:\/\/schema.org\",\"@graph\":[{\"@type\":\"WebPage\",\"@id\":\"https:\/\/furnika.com.pl\/produkt\/ada\/\",\"url\":\"https:\/\/furnika.com.pl\/produkt\/ada\/\",\"name\":\"Ada - Furnika\",\"isPartOf\":{\"@id\":\"https:\/\/furnika.com.pl\/#website\"},\"primaryImageOfPage\":{\"@id\":\"https:\/\/furnika.com.pl\/produkt\/ada\/#primaryimage\"},\"image\":{\"@id\":\"https:\/\/furnika.com.pl\/produkt\/ada\/#primaryimage\"},\"thumbnailUrl\":\"https:\/\/furnika.com.pl\/wp-content\/uploads\/2026\/02\/Ada-wizualizacja.webp\",\"datePublished\":\"2026-02-03T06:46:30+00:00\",\"dateModified\":\"2026-02-27T12:31:57+00:00\",\"description\":\"Ada sprawdzi si\u0119 jako o\u015bwietlenie akcentowe przy \u0142\u00f3\u017cku, w salonie, korytarzu, garderobie lub jako element o\u015bwietlenia meblowego, np. wn\u0119trza witryn.\",\"breadcrumb\":{\"@id\":\"https:\/\/furnika.com.pl\/produkt\/ada\/#breadcrumb\"},\"inLanguage\":\"en-GB\",\"potentialAction\":[{\"@type\":\"ReadAction\",\"target\":[\"https:\/\/furnika.com.pl\/produkt\/ada\/\"]}]},{\"@type\":\"ImageObject\",\"inLanguage\":\"en-GB\",\"@id\":\"https:\/\/furnika.com.pl\/produkt\/ada\/#primaryimage\",\"url\":\"https:\/\/furnika.com.pl\/wp-content\/uploads\/2026\/02\/Ada-wizualizacja.webp\",\"contentUrl\":\"https:\/\/furnika.com.pl\/wp-content\/uploads\/2026\/02\/Ada-wizualizacja.webp\",\"width\":800,\"height\":800},{\"@type\":\"BreadcrumbList\",\"@id\":\"https:\/\/furnika.com.pl\/produkt\/ada\/#breadcrumb\",\"itemListElement\":[{\"@type\":\"ListItem\",\"position\":1,\"name\":\"Strona g\u0142\u00f3wna\",\"item\":\"https:\/\/furnika.com.pl\/\"},{\"@type\":\"ListItem\",\"position\":2,\"name\":\"Produkty\",\"item\":\"https:\/\/furnika.com.pl\/produkty\/\"},{\"@type\":\"ListItem\",\"position\":3,\"name\":\"Ada\"}]},{\"@type\":\"WebSite\",\"@id\":\"https:\/\/furnika.com.pl\/#website\",\"url\":\"https:\/\/furnika.com.pl\/\",\"name\":\"Furnika\",\"description\":\"Light created with passion\",\"publisher\":{\"@id\":\"https:\/\/furnika.com.pl\/#organization\"},\"potentialAction\":[{\"@type\":\"SearchAction\",\"target\":{\"@type\":\"EntryPoint\",\"urlTemplate\":\"https:\/\/furnika.com.pl\/?s={search_term_string}\"},\"query-input\":{\"@type\":\"PropertyValueSpecification\",\"valueRequired\":true,\"valueName\":\"search_term_string\"}}],\"inLanguage\":\"en-GB\"},{\"@type\":\"Organization\",\"@id\":\"https:\/\/furnika.com.pl\/#organization\",\"name\":\"Furnika\",\"url\":\"https:\/\/furnika.com.pl\/\",\"logo\":{\"@type\":\"ImageObject\",\"inLanguage\":\"en-GB\",\"@id\":\"https:\/\/furnika.com.pl\/#\/schema\/logo\/image\/\",\"url\":\"https:\/\/furnika.com.pl\/wp-content\/uploads\/2026\/01\/cropped-logo-1.png\",\"contentUrl\":\"https:\/\/furnika.com.pl\/wp-content\/uploads\/2026\/01\/cropped-logo-1.png\",\"width\":366,\"height\":113,\"caption\":\"Furnika\"},\"image\":{\"@id\":\"https:\/\/furnika.com.pl\/#\/schema\/logo\/image\/\"}}]}<\/script>\n<!-- \/ Yoast SEO plugin. -->","yoast_head_json":{"title":"Ada - Furnika","description":"Ada sprawdzi si\u0119 jako o\u015bwietlenie akcentowe przy \u0142\u00f3\u017cku, w salonie, korytarzu, garderobie lub jako element o\u015bwietlenia meblowego, np. wn\u0119trza witryn.","robots":{"index":"index","follow":"follow","max-snippet":"max-snippet:-1","max-image-preview":"max-image-preview:large","max-video-preview":"max-video-preview:-1"},"canonical":"https:\/\/furnika.com.pl\/en\/product\/ada\/","og_locale":"en_GB","og_type":"article","og_title":"Ada - Furnika","og_description":"Ada sprawdzi si\u0119 jako o\u015bwietlenie akcentowe przy \u0142\u00f3\u017cku, w salonie, korytarzu, garderobie lub jako element o\u015bwietlenia meblowego, np. wn\u0119trza witryn.","og_url":"https:\/\/furnika.com.pl\/en\/product\/ada\/","og_site_name":"Furnika","article_modified_time":"2026-02-27T12:31:57+00:00","og_image":[{"width":800,"height":800,"url":"https:\/\/furnika.com.pl\/wp-content\/uploads\/2026\/02\/Ada-wizualizacja.webp","type":"image\/webp"}],"twitter_card":"summary_large_image","twitter_misc":{"Estimated reading time":"1 minute"},"schema":{"@context":"https:\/\/schema.org","@graph":[{"@type":"WebPage","@id":"https:\/\/furnika.com.pl\/produkt\/ada\/","url":"https:\/\/furnika.com.pl\/produkt\/ada\/","name":"Ada - Furnika","isPartOf":{"@id":"https:\/\/furnika.com.pl\/#website"},"primaryImageOfPage":{"@id":"https:\/\/furnika.com.pl\/produkt\/ada\/#primaryimage"},"image":{"@id":"https:\/\/furnika.com.pl\/produkt\/ada\/#primaryimage"},"thumbnailUrl":"https:\/\/furnika.com.pl\/wp-content\/uploads\/2026\/02\/Ada-wizualizacja.webp","datePublished":"2026-02-03T06:46:30+00:00","dateModified":"2026-02-27T12:31:57+00:00","description":"Ada sprawdzi si\u0119 jako o\u015bwietlenie akcentowe przy \u0142\u00f3\u017cku, w salonie, korytarzu, garderobie lub jako element o\u015bwietlenia meblowego, np. wn\u0119trza witryn.","breadcrumb":{"@id":"https:\/\/furnika.com.pl\/produkt\/ada\/#breadcrumb"},"inLanguage":"en-GB","potentialAction":[{"@type":"ReadAction","target":["https:\/\/furnika.com.pl\/produkt\/ada\/"]}]},{"@type":"ImageObject","inLanguage":"en-GB","@id":"https:\/\/furnika.com.pl\/produkt\/ada\/#primaryimage","url":"https:\/\/furnika.com.pl\/wp-content\/uploads\/2026\/02\/Ada-wizualizacja.webp","contentUrl":"https:\/\/furnika.com.pl\/wp-content\/uploads\/2026\/02\/Ada-wizualizacja.webp","width":800,"height":800},{"@type":"BreadcrumbList","@id":"https:\/\/furnika.com.pl\/produkt\/ada\/#breadcrumb","itemListElement":[{"@type":"ListItem","position":1,"name":"Strona g\u0142\u00f3wna","item":"https:\/\/furnika.com.pl\/"},{"@type":"ListItem","position":2,"name":"Produkty","item":"https:\/\/furnika.com.pl\/produkty\/"},{"@type":"ListItem","position":3,"name":"Ada"}]},{"@type":"WebSite","@id":"https:\/\/furnika.com.pl\/#website","url":"https:\/\/furnika.com.pl\/","name":"Furnika","description":"Light created with passion","publisher":{"@id":"https:\/\/furnika.com.pl\/#organization"},"potentialAction":[{"@type":"SearchAction","target":{"@type":"EntryPoint","urlTemplate":"https:\/\/furnika.com.pl\/?s={search_term_string}"},"query-input":{"@type":"PropertyValueSpecification","valueRequired":true,"valueName":"search_term_string"}}],"inLanguage":"en-GB"},{"@type":"Organization","@id":"https:\/\/furnika.com.pl\/#organization","name":"Furnika","url":"https:\/\/furnika.com.pl\/","logo":{"@type":"ImageObject","inLanguage":"en-GB","@id":"https:\/\/furnika.com.pl\/#\/schema\/logo\/image\/","url":"https:\/\/furnika.com.pl\/wp-content\/uploads\/2026\/01\/cropped-logo-1.png","contentUrl":"https:\/\/furnika.com.pl\/wp-content\/uploads\/2026\/01\/cropped-logo-1.png","width":366,"height":113,"caption":"Furnika"},"image":{"@id":"https:\/\/furnika.com.pl\/#\/schema\/logo\/image\/"}}]}},"_links":{"self":[{"href":"http:\/\/furnika.com.pl\/en\/wp-json\/wp\/v2\/product\/3033","targetHints":{"allow":["GET"]}}],"collection":[{"href":"http:\/\/furnika.com.pl\/en\/wp-json\/wp\/v2\/product"}],"about":[{"href":"http:\/\/furnika.com.pl\/en\/wp-json\/wp\/v2\/types\/product"}],"wp:featuredmedia":[{"embeddable":true,"href":"http:\/\/furnika.com.pl\/en\/wp-json\/wp\/v2\/media\/3038"}],"wp:attachment":[{"href":"http:\/\/furnika.com.pl\/en\/wp-json\/wp\/v2\/media?parent=3033"}],"wp:term":[{"taxonomy":"product_brand","embeddable":true,"href":"http:\/\/furnika.com.pl\/en\/wp-json\/wp\/v2\/product_brand?post=3033"},{"taxonomy":"product_cat","embeddable":true,"href":"http:\/\/furnika.com.pl\/en\/wp-json\/wp\/v2\/product_cat?post=3033"},{"taxonomy":"product_tag","embeddable":true,"href":"http:\/\/furnika.com.pl\/en\/wp-json\/wp\/v2\/product_tag?post=3033"}],"curies":[{"name":"wp","href":"https:\/\/api.w.org\/{rel}","templated":true}]}}