{"id":3241,"date":"2026-02-19T08:32:44","date_gmt":"2026-02-19T08:32:44","guid":{"rendered":"https:\/\/furnika.com.pl\/?post_type=product&#038;p=3241"},"modified":"2026-02-27T12:35:11","modified_gmt":"2026-02-27T12:35:11","slug":"lena-2","status":"publish","type":"product","link":"http:\/\/furnika.com.pl\/en\/product\/lena-2\/","title":{"rendered":"Lena II"},"content":{"rendered":"","protected":false},"excerpt":{"rendered":"<p>The LENA II LED lamp is a practical solution for installation under kitchen cabinets and shelves, providing effective illumination of countertops and areas that require additional light.<\/p>\n<p>The control system is based on an external foot switch or countertop switch, allowing you to turn the light on and off conveniently without touching the lamp. The lamp can also be connected to the <a href=\"https:\/\/furnika.com.pl\/en\/product\/lena-2-usb\/\"><strong>LENA II USB<\/strong><\/a>, which makes it possible to link several fittings into one setup and control all connected lamps at the same time using a single switch.<\/p>\n<p>The unit emits neutral white light that accurately reflects natural colors and remains comfortable for the eyes, even during longer use. The product is available in several finish options: black or white combined with aluminium or chrome, making it easy to match different interior styles.<\/p>\n<p>LENA II is ideal wherever a reliable additional light source is needed close to the area where everyday tasks are performed.<\/p>","protected":false},"featured_media":3246,"template":"","meta":[],"product_brand":[],"product_cat":[83,59,71],"product_tag":[],"class_list":{"0":"post-3241","1":"product","2":"type-product","3":"status-publish","4":"has-post-thumbnail","6":"product_cat-garderoba","7":"product_cat-kuchnia","8":"product_cat-lustra-led","10":"first","11":"instock","12":"shipping-taxable","13":"product-type-simple"},"yoast_head":"<!-- This site is optimized with the Yoast SEO plugin v27.2 - https:\/\/yoast.com\/product\/yoast-seo-wordpress\/ -->\n<title>Lena II - Furnika<\/title>\n<meta name=\"robots\" content=\"index, follow, max-snippet:-1, max-image-preview:large, max-video-preview:-1\" \/>\n<link rel=\"canonical\" href=\"https:\/\/furnika.com.pl\/en\/product\/lena-2\/\" \/>\n<meta property=\"og:locale\" content=\"en_GB\" \/>\n<meta property=\"og:type\" content=\"article\" \/>\n<meta property=\"og:title\" content=\"Lena II - Furnika\" \/>\n<meta property=\"og:description\" content=\"LAMPA LED LENA II to praktyczne rozwi\u0105zanie do monta\u017cu pod szafkami kuchennymi i p\u00f3\u0142kami, kt\u00f3re pozwala skutecznie do\u015bwietli\u0107 blat oraz miejsca wymagaj\u0105ce dodatkowego \u017ar\u00f3d\u0142a \u015bwiat\u0142a.  System sterowania opiera si\u0119 na zewn\u0119trznym w\u0142\u0105czniku no\u017cnym lub nablatowym, dzi\u0119ki czemu mo\u017cna wygodnie w\u0142\u0105cza\u0107 o\u015bwietlenie bez dotykania lampy. Lamp\u0119 mo\u017cna tak\u017ce pod\u0142\u0105czy\u0107 do LENA II USB, kt\u00f3ry umo\u017cliwia po\u0142\u0105czenie kilku opraw w jeden system i pozwala sterowa\u0107 wszystkimi pod\u0142\u0105czonymi lampami jednocze\u015bnie za pomoc\u0105 jednego w\u0142\u0105cznika.  Urz\u0105dzenie emituje \u015bwiat\u0142o o neutralnej barwie, kt\u00f3re wiernie oddaje naturalne kolory i jest przyjazne dla wzroku nawet podczas d\u0142u\u017cszego u\u017cytkowania. Produkt dost\u0119pny jest w kilku wariantach wyko\u0144czenia: czarnym lub bia\u0142ym, w po\u0142\u0105czeniu z aluminium albo chromem, co u\u0142atwia dopasowanie do stylu wn\u0119trza.  LENA II sprawdzi si\u0119 wsz\u0119dzie tam, gdzie potrzebne jest dodatkowe, pewne \u017ar\u00f3d\u0142o \u015bwiat\u0142a umieszczone blisko miejsca wykonywania codziennych czynno\u015bci.\" \/>\n<meta property=\"og:url\" content=\"https:\/\/furnika.com.pl\/en\/product\/lena-2\/\" \/>\n<meta property=\"og:site_name\" content=\"Furnika\" \/>\n<meta property=\"article:modified_time\" content=\"2026-02-27T12:35:11+00:00\" \/>\n<meta property=\"og:image\" content=\"https:\/\/furnika.com.pl\/wp-content\/uploads\/2026\/02\/Lena-2-wizualizacje.webp\" \/>\n\t<meta property=\"og:image:width\" content=\"800\" \/>\n\t<meta property=\"og:image:height\" content=\"800\" \/>\n\t<meta property=\"og:image:type\" content=\"image\/webp\" \/>\n<meta name=\"twitter:card\" content=\"summary_large_image\" \/>\n<meta name=\"twitter:label1\" content=\"Estimated reading time\" \/>\n\t<meta name=\"twitter:data1\" content=\"1 minute\" \/>\n<script type=\"application\/ld+json\" class=\"yoast-schema-graph\">{\"@context\":\"https:\/\/schema.org\",\"@graph\":[{\"@type\":\"WebPage\",\"@id\":\"https:\/\/furnika.com.pl\/produkt\/lena-2\/\",\"url\":\"https:\/\/furnika.com.pl\/produkt\/lena-2\/\",\"name\":\"Lena II - Furnika\",\"isPartOf\":{\"@id\":\"https:\/\/furnika.com.pl\/#website\"},\"primaryImageOfPage\":{\"@id\":\"https:\/\/furnika.com.pl\/produkt\/lena-2\/#primaryimage\"},\"image\":{\"@id\":\"https:\/\/furnika.com.pl\/produkt\/lena-2\/#primaryimage\"},\"thumbnailUrl\":\"https:\/\/furnika.com.pl\/wp-content\/uploads\/2026\/02\/Lena-2-wizualizacje.webp\",\"datePublished\":\"2026-02-19T08:32:44+00:00\",\"dateModified\":\"2026-02-27T12:35:11+00:00\",\"breadcrumb\":{\"@id\":\"https:\/\/furnika.com.pl\/produkt\/lena-2\/#breadcrumb\"},\"inLanguage\":\"en-GB\",\"potentialAction\":[{\"@type\":\"ReadAction\",\"target\":[\"https:\/\/furnika.com.pl\/produkt\/lena-2\/\"]}]},{\"@type\":\"ImageObject\",\"inLanguage\":\"en-GB\",\"@id\":\"https:\/\/furnika.com.pl\/produkt\/lena-2\/#primaryimage\",\"url\":\"https:\/\/furnika.com.pl\/wp-content\/uploads\/2026\/02\/Lena-2-wizualizacje.webp\",\"contentUrl\":\"https:\/\/furnika.com.pl\/wp-content\/uploads\/2026\/02\/Lena-2-wizualizacje.webp\",\"width\":800,\"height\":800},{\"@type\":\"BreadcrumbList\",\"@id\":\"https:\/\/furnika.com.pl\/produkt\/lena-2\/#breadcrumb\",\"itemListElement\":[{\"@type\":\"ListItem\",\"position\":1,\"name\":\"Strona g\u0142\u00f3wna\",\"item\":\"https:\/\/furnika.com.pl\/\"},{\"@type\":\"ListItem\",\"position\":2,\"name\":\"Produkty\",\"item\":\"https:\/\/furnika.com.pl\/produkty\/\"},{\"@type\":\"ListItem\",\"position\":3,\"name\":\"Lena II\"}]},{\"@type\":\"WebSite\",\"@id\":\"https:\/\/furnika.com.pl\/#website\",\"url\":\"https:\/\/furnika.com.pl\/\",\"name\":\"Furnika\",\"description\":\"Light created with passion\",\"publisher\":{\"@id\":\"https:\/\/furnika.com.pl\/#organization\"},\"potentialAction\":[{\"@type\":\"SearchAction\",\"target\":{\"@type\":\"EntryPoint\",\"urlTemplate\":\"https:\/\/furnika.com.pl\/?s={search_term_string}\"},\"query-input\":{\"@type\":\"PropertyValueSpecification\",\"valueRequired\":true,\"valueName\":\"search_term_string\"}}],\"inLanguage\":\"en-GB\"},{\"@type\":\"Organization\",\"@id\":\"https:\/\/furnika.com.pl\/#organization\",\"name\":\"Furnika\",\"url\":\"https:\/\/furnika.com.pl\/\",\"logo\":{\"@type\":\"ImageObject\",\"inLanguage\":\"en-GB\",\"@id\":\"https:\/\/furnika.com.pl\/#\/schema\/logo\/image\/\",\"url\":\"https:\/\/furnika.com.pl\/wp-content\/uploads\/2026\/01\/cropped-logo-1.png\",\"contentUrl\":\"https:\/\/furnika.com.pl\/wp-content\/uploads\/2026\/01\/cropped-logo-1.png\",\"width\":366,\"height\":113,\"caption\":\"Furnika\"},\"image\":{\"@id\":\"https:\/\/furnika.com.pl\/#\/schema\/logo\/image\/\"}}]}<\/script>\n<!-- \/ Yoast SEO plugin. -->","yoast_head_json":{"title":"Lena II - Furnika","robots":{"index":"index","follow":"follow","max-snippet":"max-snippet:-1","max-image-preview":"max-image-preview:large","max-video-preview":"max-video-preview:-1"},"canonical":"https:\/\/furnika.com.pl\/en\/product\/lena-2\/","og_locale":"en_GB","og_type":"article","og_title":"Lena II - Furnika","og_description":"LAMPA LED LENA II to praktyczne rozwi\u0105zanie do monta\u017cu pod szafkami kuchennymi i p\u00f3\u0142kami, kt\u00f3re pozwala skutecznie do\u015bwietli\u0107 blat oraz miejsca wymagaj\u0105ce dodatkowego \u017ar\u00f3d\u0142a \u015bwiat\u0142a.  System sterowania opiera si\u0119 na zewn\u0119trznym w\u0142\u0105czniku no\u017cnym lub nablatowym, dzi\u0119ki czemu mo\u017cna wygodnie w\u0142\u0105cza\u0107 o\u015bwietlenie bez dotykania lampy. Lamp\u0119 mo\u017cna tak\u017ce pod\u0142\u0105czy\u0107 do LENA II USB, kt\u00f3ry umo\u017cliwia po\u0142\u0105czenie kilku opraw w jeden system i pozwala sterowa\u0107 wszystkimi pod\u0142\u0105czonymi lampami jednocze\u015bnie za pomoc\u0105 jednego w\u0142\u0105cznika.  Urz\u0105dzenie emituje \u015bwiat\u0142o o neutralnej barwie, kt\u00f3re wiernie oddaje naturalne kolory i jest przyjazne dla wzroku nawet podczas d\u0142u\u017cszego u\u017cytkowania. Produkt dost\u0119pny jest w kilku wariantach wyko\u0144czenia: czarnym lub bia\u0142ym, w po\u0142\u0105czeniu z aluminium albo chromem, co u\u0142atwia dopasowanie do stylu wn\u0119trza.  LENA II sprawdzi si\u0119 wsz\u0119dzie tam, gdzie potrzebne jest dodatkowe, pewne \u017ar\u00f3d\u0142o \u015bwiat\u0142a umieszczone blisko miejsca wykonywania codziennych czynno\u015bci.","og_url":"https:\/\/furnika.com.pl\/en\/product\/lena-2\/","og_site_name":"Furnika","article_modified_time":"2026-02-27T12:35:11+00:00","og_image":[{"width":800,"height":800,"url":"https:\/\/furnika.com.pl\/wp-content\/uploads\/2026\/02\/Lena-2-wizualizacje.webp","type":"image\/webp"}],"twitter_card":"summary_large_image","twitter_misc":{"Estimated reading time":"1 minute"},"schema":{"@context":"https:\/\/schema.org","@graph":[{"@type":"WebPage","@id":"https:\/\/furnika.com.pl\/produkt\/lena-2\/","url":"https:\/\/furnika.com.pl\/produkt\/lena-2\/","name":"Lena II - Furnika","isPartOf":{"@id":"https:\/\/furnika.com.pl\/#website"},"primaryImageOfPage":{"@id":"https:\/\/furnika.com.pl\/produkt\/lena-2\/#primaryimage"},"image":{"@id":"https:\/\/furnika.com.pl\/produkt\/lena-2\/#primaryimage"},"thumbnailUrl":"https:\/\/furnika.com.pl\/wp-content\/uploads\/2026\/02\/Lena-2-wizualizacje.webp","datePublished":"2026-02-19T08:32:44+00:00","dateModified":"2026-02-27T12:35:11+00:00","breadcrumb":{"@id":"https:\/\/furnika.com.pl\/produkt\/lena-2\/#breadcrumb"},"inLanguage":"en-GB","potentialAction":[{"@type":"ReadAction","target":["https:\/\/furnika.com.pl\/produkt\/lena-2\/"]}]},{"@type":"ImageObject","inLanguage":"en-GB","@id":"https:\/\/furnika.com.pl\/produkt\/lena-2\/#primaryimage","url":"https:\/\/furnika.com.pl\/wp-content\/uploads\/2026\/02\/Lena-2-wizualizacje.webp","contentUrl":"https:\/\/furnika.com.pl\/wp-content\/uploads\/2026\/02\/Lena-2-wizualizacje.webp","width":800,"height":800},{"@type":"BreadcrumbList","@id":"https:\/\/furnika.com.pl\/produkt\/lena-2\/#breadcrumb","itemListElement":[{"@type":"ListItem","position":1,"name":"Strona g\u0142\u00f3wna","item":"https:\/\/furnika.com.pl\/"},{"@type":"ListItem","position":2,"name":"Produkty","item":"https:\/\/furnika.com.pl\/produkty\/"},{"@type":"ListItem","position":3,"name":"Lena II"}]},{"@type":"WebSite","@id":"https:\/\/furnika.com.pl\/#website","url":"https:\/\/furnika.com.pl\/","name":"Furnika","description":"Light created with passion","publisher":{"@id":"https:\/\/furnika.com.pl\/#organization"},"potentialAction":[{"@type":"SearchAction","target":{"@type":"EntryPoint","urlTemplate":"https:\/\/furnika.com.pl\/?s={search_term_string}"},"query-input":{"@type":"PropertyValueSpecification","valueRequired":true,"valueName":"search_term_string"}}],"inLanguage":"en-GB"},{"@type":"Organization","@id":"https:\/\/furnika.com.pl\/#organization","name":"Furnika","url":"https:\/\/furnika.com.pl\/","logo":{"@type":"ImageObject","inLanguage":"en-GB","@id":"https:\/\/furnika.com.pl\/#\/schema\/logo\/image\/","url":"https:\/\/furnika.com.pl\/wp-content\/uploads\/2026\/01\/cropped-logo-1.png","contentUrl":"https:\/\/furnika.com.pl\/wp-content\/uploads\/2026\/01\/cropped-logo-1.png","width":366,"height":113,"caption":"Furnika"},"image":{"@id":"https:\/\/furnika.com.pl\/#\/schema\/logo\/image\/"}}]}},"_links":{"self":[{"href":"http:\/\/furnika.com.pl\/en\/wp-json\/wp\/v2\/product\/3241","targetHints":{"allow":["GET"]}}],"collection":[{"href":"http:\/\/furnika.com.pl\/en\/wp-json\/wp\/v2\/product"}],"about":[{"href":"http:\/\/furnika.com.pl\/en\/wp-json\/wp\/v2\/types\/product"}],"wp:featuredmedia":[{"embeddable":true,"href":"http:\/\/furnika.com.pl\/en\/wp-json\/wp\/v2\/media\/3246"}],"wp:attachment":[{"href":"http:\/\/furnika.com.pl\/en\/wp-json\/wp\/v2\/media?parent=3241"}],"wp:term":[{"taxonomy":"product_brand","embeddable":true,"href":"http:\/\/furnika.com.pl\/en\/wp-json\/wp\/v2\/product_brand?post=3241"},{"taxonomy":"product_cat","embeddable":true,"href":"http:\/\/furnika.com.pl\/en\/wp-json\/wp\/v2\/product_cat?post=3241"},{"taxonomy":"product_tag","embeddable":true,"href":"http:\/\/furnika.com.pl\/en\/wp-json\/wp\/v2\/product_tag?post=3241"}],"curies":[{"name":"wp","href":"https:\/\/api.w.org\/{rel}","templated":true}]}}