{"id":3669,"date":"2026-05-11T12:36:29","date_gmt":"2026-05-11T12:36:29","guid":{"rendered":"https:\/\/furnika.com.pl\/?post_type=product&#038;p=3669"},"modified":"2026-05-11T12:36:29","modified_gmt":"2026-05-11T12:36:29","slug":"profil-kwadro","status":"publish","type":"product","link":"http:\/\/furnika.com.pl\/en\/product\/profil-kwadro\/","title":{"rendered":"KWADRO profile"},"content":{"rendered":"","protected":false},"excerpt":{"rendered":"<div class=\"response-content ng-tns-c4050665193-53\">\n<div class=\"container\">\n<div id=\"model-response-message-contentr_e2be235c04bd4af1\" class=\"markdown markdown-main-panel enable-updated-hr-color\" dir=\"ltr\" aria-live=\"polite\" aria-busy=\"false\">\n<p data-path-to-node=\"0\" class=\"translation-block\">The KWADRO profile is a corner profile with dimensions of 16\u00d716 mm, designed for installation at the junction of surfaces such as cabinet or shelving corners. Its shape allows the light to be directed at an angle, ensuring optimal illumination of the furniture interior and effective highlighting of stored items.<\/p>\n<p data-path-to-node=\"1\" class=\"translation-block\">Thanks to dedicated mounting brackets, installation is quick and does not require specialized surface preparation, while the \u201cclick\u201d system ensures secure and clean mounting.<\/p>\n<p data-path-to-node=\"1\">The profile is available in aluminium finish and can be made to order in the required lengths. A suitable LED strip can be selected from several available variants depending on the desired lighting effect.<\/p>\n<\/div>\n<\/div>\n<\/div>","protected":false},"featured_media":3764,"template":"","meta":[],"product_brand":[],"product_cat":[69],"product_tag":[],"class_list":{"0":"post-3669","1":"product","2":"type-product","3":"status-publish","4":"has-post-thumbnail","6":"product_cat-profile","8":"first","9":"instock","10":"shipping-taxable","11":"product-type-simple"},"yoast_head":"<!-- This site is optimized with the Yoast SEO plugin v27.4 - https:\/\/yoast.com\/product\/yoast-seo-wordpress\/ -->\n<title>Profil KWADRO - Furnika<\/title>\n<meta name=\"robots\" content=\"index, follow, max-snippet:-1, max-image-preview:large, max-video-preview:-1\" \/>\n<link rel=\"canonical\" href=\"https:\/\/furnika.com.pl\/en\/product\/profil-kwadro\/\" \/>\n<meta property=\"og:locale\" content=\"en_GB\" \/>\n<meta property=\"og:type\" content=\"article\" \/>\n<meta property=\"og:title\" content=\"Profil KWADRO - Furnika\" \/>\n<meta property=\"og:description\" content=\"PROFIL KWADRO to profil naro\u017cny o wymiarach 16x16 mm, zaprojektowany do monta\u017cu w miejscach styku p\u0142aszczyzn, takich jak k\u0105ty szafek czy rega\u0142\u00f3w. Jego kszta\u0142t pozwala na skierowanie \u015bwiat\u0142a pod k\u0105tem, co zapewnia optymalne do\u015bwietlenie wn\u0119trza mebla i wyeksponowanie przechowywanych przedmiot\u00f3w. Dzi\u0119ki zastosowaniu dedykowanych uchwyt\u00f3w monta\u017cowych, instalacja profilu jest szybka i nie wymaga specjalistycznego przygotowania pod\u0142o\u017ca, a system typu \u201eclick\u201d gwarantuje pewne i estetyczne mocowanie. Profil dost\u0119pny jest w kolorze aluminium i na zam\u00f3wienie, w po\u017c\u0105danych przez u\u017cytkownika d\u0142ugo\u015bciach. Do profilu mo\u017cna dobra\u0107 ta\u015bm\u0119 LED spo\u015br\u00f3d kilku dost\u0119pnych wariant\u00f3w, w zale\u017cno\u015bci od oczekiwanego efektu \u015bwietlnego.\" \/>\n<meta property=\"og:url\" content=\"https:\/\/furnika.com.pl\/en\/product\/profil-kwadro\/\" \/>\n<meta property=\"og:site_name\" content=\"Furnika\" \/>\n<meta property=\"og:image\" content=\"https:\/\/furnika.com.pl\/wp-content\/uploads\/2026\/04\/PROFIL-KWADRO-WWW-produkt.webp\" \/>\n\t<meta property=\"og:image:width\" content=\"800\" \/>\n\t<meta property=\"og:image:height\" content=\"800\" \/>\n\t<meta property=\"og:image:type\" content=\"image\/webp\" \/>\n<meta name=\"twitter:card\" content=\"summary_large_image\" \/>\n<meta name=\"twitter:label1\" content=\"Estimated reading time\" \/>\n\t<meta name=\"twitter:data1\" content=\"1 minute\" \/>\n<script type=\"application\/ld+json\" class=\"yoast-schema-graph\">{\"@context\":\"https:\\\/\\\/schema.org\",\"@graph\":[{\"@type\":\"WebPage\",\"@id\":\"https:\\\/\\\/furnika.com.pl\\\/produkt\\\/profil-kwadro\\\/\",\"url\":\"https:\\\/\\\/furnika.com.pl\\\/produkt\\\/profil-kwadro\\\/\",\"name\":\"Profil KWADRO - Furnika\",\"isPartOf\":{\"@id\":\"https:\\\/\\\/furnika.com.pl\\\/#website\"},\"primaryImageOfPage\":{\"@id\":\"https:\\\/\\\/furnika.com.pl\\\/produkt\\\/profil-kwadro\\\/#primaryimage\"},\"image\":{\"@id\":\"https:\\\/\\\/furnika.com.pl\\\/produkt\\\/profil-kwadro\\\/#primaryimage\"},\"thumbnailUrl\":\"https:\\\/\\\/furnika.com.pl\\\/wp-content\\\/uploads\\\/2026\\\/04\\\/PROFIL-KWADRO-WWW-produkt.webp\",\"datePublished\":\"2026-05-11T12:36:29+00:00\",\"breadcrumb\":{\"@id\":\"https:\\\/\\\/furnika.com.pl\\\/produkt\\\/profil-kwadro\\\/#breadcrumb\"},\"inLanguage\":\"en-GB\",\"potentialAction\":[{\"@type\":\"ReadAction\",\"target\":[\"https:\\\/\\\/furnika.com.pl\\\/produkt\\\/profil-kwadro\\\/\"]}]},{\"@type\":\"ImageObject\",\"inLanguage\":\"en-GB\",\"@id\":\"https:\\\/\\\/furnika.com.pl\\\/produkt\\\/profil-kwadro\\\/#primaryimage\",\"url\":\"https:\\\/\\\/furnika.com.pl\\\/wp-content\\\/uploads\\\/2026\\\/04\\\/PROFIL-KWADRO-WWW-produkt.webp\",\"contentUrl\":\"https:\\\/\\\/furnika.com.pl\\\/wp-content\\\/uploads\\\/2026\\\/04\\\/PROFIL-KWADRO-WWW-produkt.webp\",\"width\":800,\"height\":800},{\"@type\":\"BreadcrumbList\",\"@id\":\"https:\\\/\\\/furnika.com.pl\\\/produkt\\\/profil-kwadro\\\/#breadcrumb\",\"itemListElement\":[{\"@type\":\"ListItem\",\"position\":1,\"name\":\"Strona g\u0142\u00f3wna\",\"item\":\"https:\\\/\\\/furnika.com.pl\\\/\"},{\"@type\":\"ListItem\",\"position\":2,\"name\":\"Produkty\",\"item\":\"https:\\\/\\\/furnika.com.pl\\\/produkty\\\/\"},{\"@type\":\"ListItem\",\"position\":3,\"name\":\"Profil KWADRO\"}]},{\"@type\":\"WebSite\",\"@id\":\"https:\\\/\\\/furnika.com.pl\\\/#website\",\"url\":\"https:\\\/\\\/furnika.com.pl\\\/\",\"name\":\"Furnika\",\"description\":\"Light created with passion\",\"publisher\":{\"@id\":\"https:\\\/\\\/furnika.com.pl\\\/#organization\"},\"potentialAction\":[{\"@type\":\"SearchAction\",\"target\":{\"@type\":\"EntryPoint\",\"urlTemplate\":\"https:\\\/\\\/furnika.com.pl\\\/?s={search_term_string}\"},\"query-input\":{\"@type\":\"PropertyValueSpecification\",\"valueRequired\":true,\"valueName\":\"search_term_string\"}}],\"inLanguage\":\"en-GB\"},{\"@type\":\"Organization\",\"@id\":\"https:\\\/\\\/furnika.com.pl\\\/#organization\",\"name\":\"Furnika\",\"url\":\"https:\\\/\\\/furnika.com.pl\\\/\",\"logo\":{\"@type\":\"ImageObject\",\"inLanguage\":\"en-GB\",\"@id\":\"https:\\\/\\\/furnika.com.pl\\\/#\\\/schema\\\/logo\\\/image\\\/\",\"url\":\"https:\\\/\\\/furnika.com.pl\\\/wp-content\\\/uploads\\\/2026\\\/01\\\/cropped-logo-1.png\",\"contentUrl\":\"https:\\\/\\\/furnika.com.pl\\\/wp-content\\\/uploads\\\/2026\\\/01\\\/cropped-logo-1.png\",\"width\":366,\"height\":113,\"caption\":\"Furnika\"},\"image\":{\"@id\":\"https:\\\/\\\/furnika.com.pl\\\/#\\\/schema\\\/logo\\\/image\\\/\"}}]}<\/script>\n<!-- \/ Yoast SEO plugin. -->","yoast_head_json":{"title":"Profil KWADRO - Furnika","robots":{"index":"index","follow":"follow","max-snippet":"max-snippet:-1","max-image-preview":"max-image-preview:large","max-video-preview":"max-video-preview:-1"},"canonical":"https:\/\/furnika.com.pl\/en\/product\/profil-kwadro\/","og_locale":"en_GB","og_type":"article","og_title":"Profil KWADRO - Furnika","og_description":"PROFIL KWADRO to profil naro\u017cny o wymiarach 16x16 mm, zaprojektowany do monta\u017cu w miejscach styku p\u0142aszczyzn, takich jak k\u0105ty szafek czy rega\u0142\u00f3w. Jego kszta\u0142t pozwala na skierowanie \u015bwiat\u0142a pod k\u0105tem, co zapewnia optymalne do\u015bwietlenie wn\u0119trza mebla i wyeksponowanie przechowywanych przedmiot\u00f3w. Dzi\u0119ki zastosowaniu dedykowanych uchwyt\u00f3w monta\u017cowych, instalacja profilu jest szybka i nie wymaga specjalistycznego przygotowania pod\u0142o\u017ca, a system typu \u201eclick\u201d gwarantuje pewne i estetyczne mocowanie. Profil dost\u0119pny jest w kolorze aluminium i na zam\u00f3wienie, w po\u017c\u0105danych przez u\u017cytkownika d\u0142ugo\u015bciach. Do profilu mo\u017cna dobra\u0107 ta\u015bm\u0119 LED spo\u015br\u00f3d kilku dost\u0119pnych wariant\u00f3w, w zale\u017cno\u015bci od oczekiwanego efektu \u015bwietlnego.","og_url":"https:\/\/furnika.com.pl\/en\/product\/profil-kwadro\/","og_site_name":"Furnika","og_image":[{"width":800,"height":800,"url":"https:\/\/furnika.com.pl\/wp-content\/uploads\/2026\/04\/PROFIL-KWADRO-WWW-produkt.webp","type":"image\/webp"}],"twitter_card":"summary_large_image","twitter_misc":{"Estimated reading time":"1 minute"},"schema":{"@context":"https:\/\/schema.org","@graph":[{"@type":"WebPage","@id":"https:\/\/furnika.com.pl\/produkt\/profil-kwadro\/","url":"https:\/\/furnika.com.pl\/produkt\/profil-kwadro\/","name":"Profil KWADRO - Furnika","isPartOf":{"@id":"https:\/\/furnika.com.pl\/#website"},"primaryImageOfPage":{"@id":"https:\/\/furnika.com.pl\/produkt\/profil-kwadro\/#primaryimage"},"image":{"@id":"https:\/\/furnika.com.pl\/produkt\/profil-kwadro\/#primaryimage"},"thumbnailUrl":"https:\/\/furnika.com.pl\/wp-content\/uploads\/2026\/04\/PROFIL-KWADRO-WWW-produkt.webp","datePublished":"2026-05-11T12:36:29+00:00","breadcrumb":{"@id":"https:\/\/furnika.com.pl\/produkt\/profil-kwadro\/#breadcrumb"},"inLanguage":"en-GB","potentialAction":[{"@type":"ReadAction","target":["https:\/\/furnika.com.pl\/produkt\/profil-kwadro\/"]}]},{"@type":"ImageObject","inLanguage":"en-GB","@id":"https:\/\/furnika.com.pl\/produkt\/profil-kwadro\/#primaryimage","url":"https:\/\/furnika.com.pl\/wp-content\/uploads\/2026\/04\/PROFIL-KWADRO-WWW-produkt.webp","contentUrl":"https:\/\/furnika.com.pl\/wp-content\/uploads\/2026\/04\/PROFIL-KWADRO-WWW-produkt.webp","width":800,"height":800},{"@type":"BreadcrumbList","@id":"https:\/\/furnika.com.pl\/produkt\/profil-kwadro\/#breadcrumb","itemListElement":[{"@type":"ListItem","position":1,"name":"Strona g\u0142\u00f3wna","item":"https:\/\/furnika.com.pl\/"},{"@type":"ListItem","position":2,"name":"Produkty","item":"https:\/\/furnika.com.pl\/produkty\/"},{"@type":"ListItem","position":3,"name":"Profil KWADRO"}]},{"@type":"WebSite","@id":"https:\/\/furnika.com.pl\/#website","url":"https:\/\/furnika.com.pl\/","name":"Furnika","description":"Light created with passion","publisher":{"@id":"https:\/\/furnika.com.pl\/#organization"},"potentialAction":[{"@type":"SearchAction","target":{"@type":"EntryPoint","urlTemplate":"https:\/\/furnika.com.pl\/?s={search_term_string}"},"query-input":{"@type":"PropertyValueSpecification","valueRequired":true,"valueName":"search_term_string"}}],"inLanguage":"en-GB"},{"@type":"Organization","@id":"https:\/\/furnika.com.pl\/#organization","name":"Furnika","url":"https:\/\/furnika.com.pl\/","logo":{"@type":"ImageObject","inLanguage":"en-GB","@id":"https:\/\/furnika.com.pl\/#\/schema\/logo\/image\/","url":"https:\/\/furnika.com.pl\/wp-content\/uploads\/2026\/01\/cropped-logo-1.png","contentUrl":"https:\/\/furnika.com.pl\/wp-content\/uploads\/2026\/01\/cropped-logo-1.png","width":366,"height":113,"caption":"Furnika"},"image":{"@id":"https:\/\/furnika.com.pl\/#\/schema\/logo\/image\/"}}]}},"_links":{"self":[{"href":"http:\/\/furnika.com.pl\/en\/wp-json\/wp\/v2\/product\/3669","targetHints":{"allow":["GET"]}}],"collection":[{"href":"http:\/\/furnika.com.pl\/en\/wp-json\/wp\/v2\/product"}],"about":[{"href":"http:\/\/furnika.com.pl\/en\/wp-json\/wp\/v2\/types\/product"}],"wp:featuredmedia":[{"embeddable":true,"href":"http:\/\/furnika.com.pl\/en\/wp-json\/wp\/v2\/media\/3764"}],"wp:attachment":[{"href":"http:\/\/furnika.com.pl\/en\/wp-json\/wp\/v2\/media?parent=3669"}],"wp:term":[{"taxonomy":"product_brand","embeddable":true,"href":"http:\/\/furnika.com.pl\/en\/wp-json\/wp\/v2\/product_brand?post=3669"},{"taxonomy":"product_cat","embeddable":true,"href":"http:\/\/furnika.com.pl\/en\/wp-json\/wp\/v2\/product_cat?post=3669"},{"taxonomy":"product_tag","embeddable":true,"href":"http:\/\/furnika.com.pl\/en\/wp-json\/wp\/v2\/product_tag?post=3669"}],"curies":[{"name":"wp","href":"https:\/\/api.w.org\/{rel}","templated":true}]}}