{"id":3693,"date":"2026-05-11T11:49:56","date_gmt":"2026-05-11T11:49:56","guid":{"rendered":"https:\/\/furnika.com.pl\/?post_type=product&#038;p=3693"},"modified":"2026-05-11T11:55:48","modified_gmt":"2026-05-11T11:55:48","slug":"profil-pi-29x15","status":"publish","type":"product","link":"http:\/\/furnika.com.pl\/en\/product\/profil-pi-29x15\/","title":{"rendered":"PI 29x15 profile"},"content":{"rendered":"","protected":false},"excerpt":{"rendered":"<p>PROFIL PI 29X15 to aluminiowy profil wpuszczany, kt\u00f3ry dzi\u0119ki swoim proporcjom doskonale sprawdza si\u0119 jako \u017ar\u00f3d\u0142o \u015bwiat\u0142a we wsp\u00f3\u0142czesnych zabudowach meblowych. Jego szeroka konstrukcja z ko\u0142nierzem pozwala na estetyczne zamaskowanie kraw\u0119dzi frezowania, tworz\u0105c z powierzchni\u0105 p\u0142yty sp\u00f3jn\u0105 ca\u0142o\u015b\u0107. Produkt charakteryzuje si\u0119 zwi\u0119kszon\u0105 g\u0142\u0119boko\u015bci\u0105, co sprzyja lepszemu rozproszeniu \u015bwiat\u0142a i eliminuje efekt widocznych punkt\u00f3w LED.<\/p>\n<div class=\"text-base my-auto mx-auto [--thread-content-margin:var(--thread-content-margin-xs,calc(var(--spacing)*4))] @w-sm\/main:[--thread-content-margin:var(--thread-content-margin-sm,calc(var(--spacing)*6))] @w-lg\/main:[--thread-content-margin:var(--thread-content-margin-lg,calc(var(--spacing)*16))] px-(--thread-content-margin)\">\n<div class=\"[--thread-content-max-width:40rem] @w-lg\/main:[--thread-content-max-width:48rem] mx-auto max-w-(--thread-content-max-width) flex-1 group\/turn-messages focus-visible:outline-hidden relative flex w-full min-w-0 flex-col agent-turn\">\n<div class=\"flex max-w-full flex-col gap-4 grow\">\n<div class=\"min-h-8 text-message relative flex w-full flex-col items-end gap-2 text-start break-words whitespace-normal outline-none keyboard-focused:focus-ring [.text-message+&amp;]:mt-1\" dir=\"auto\" data-message-author-role=\"assistant\" data-message-id=\"154326f6-ad2e-4616-b1e6-70157fd8ba74\" data-message-model-slug=\"gpt-5-3\">\n<div class=\"flex w-full flex-col gap-1 empty:hidden\">\n<div class=\"markdown prose dark:prose-invert w-full wrap-break-word light markdown-new-styling\">\n<p data-start=\"696\" data-end=\"887\" data-is-last-node=\"\" data-is-only-node=\"\">Profil dost\u0119pny jest w r\u00f3\u017cnych d\u0142ugo\u015bciach, przycinany na zam\u00f3wienie, zgodnie z preferencjami u\u017cytkownika. Do profilu mo\u017cna dobra\u0107 ta\u015bm\u0119 LED spo\u015br\u00f3d dost\u0119pnych wariant\u00f3w, w zale\u017cno\u015bci od oczekiwanego efektu \u015bwietlnego.<\/p>\n<\/div>\n<\/div>\n<\/div>\n<\/div>\n<div class=\"z-0 flex min-h-[46px] justify-start\"><\/div>\n<\/div>\n<\/div>\n","protected":false},"featured_media":3759,"template":"","meta":[],"product_brand":[],"product_cat":[69],"product_tag":[],"class_list":{"0":"post-3693","1":"product","2":"type-product","3":"status-publish","4":"has-post-thumbnail","6":"product_cat-profile","8":"first","9":"instock","10":"shipping-taxable","11":"product-type-simple"},"yoast_head":"<!-- This site is optimized with the Yoast SEO plugin v27.4 - https:\/\/yoast.com\/product\/yoast-seo-wordpress\/ -->\n<title>Profil PI 29x15 - Furnika<\/title>\n<meta name=\"robots\" content=\"index, follow, max-snippet:-1, max-image-preview:large, max-video-preview:-1\" \/>\n<link rel=\"canonical\" href=\"https:\/\/furnika.com.pl\/en\/product\/profil-pi-29x15\/\" \/>\n<meta property=\"og:locale\" content=\"en_GB\" \/>\n<meta property=\"og:type\" content=\"article\" \/>\n<meta property=\"og:title\" content=\"Profil PI 29x15 - Furnika\" \/>\n<meta property=\"og:description\" content=\"PROFIL PI 29X15 to aluminiowy profil wpuszczany, kt\u00f3ry dzi\u0119ki swoim proporcjom doskonale sprawdza si\u0119 jako \u017ar\u00f3d\u0142o \u015bwiat\u0142a we wsp\u00f3\u0142czesnych zabudowach meblowych. Jego szeroka konstrukcja z ko\u0142nierzem pozwala na estetyczne zamaskowanie kraw\u0119dzi frezowania, tworz\u0105c z powierzchni\u0105 p\u0142yty sp\u00f3jn\u0105 ca\u0142o\u015b\u0107. Produkt charakteryzuje si\u0119 zwi\u0119kszon\u0105 g\u0142\u0119boko\u015bci\u0105, co sprzyja lepszemu rozproszeniu \u015bwiat\u0142a i eliminuje efekt widocznych punkt\u00f3w LED.       Profil dost\u0119pny jest w r\u00f3\u017cnych d\u0142ugo\u015bciach, przycinany na zam\u00f3wienie, zgodnie z preferencjami u\u017cytkownika. Do profilu mo\u017cna dobra\u0107 ta\u015bm\u0119 LED spo\u015br\u00f3d dost\u0119pnych wariant\u00f3w, w zale\u017cno\u015bci od oczekiwanego efektu \u015bwietlnego.\" \/>\n<meta property=\"og:url\" content=\"https:\/\/furnika.com.pl\/en\/product\/profil-pi-29x15\/\" \/>\n<meta property=\"og:site_name\" content=\"Furnika\" \/>\n<meta property=\"article:modified_time\" content=\"2026-05-11T11:55:48+00:00\" \/>\n<meta property=\"og:image\" content=\"https:\/\/furnika.com.pl\/wp-content\/uploads\/2026\/04\/PROFILE-PI-29X15-WWW-produkt.webp\" \/>\n\t<meta property=\"og:image:width\" content=\"800\" \/>\n\t<meta property=\"og:image:height\" content=\"800\" \/>\n\t<meta property=\"og:image:type\" content=\"image\/webp\" \/>\n<meta name=\"twitter:card\" content=\"summary_large_image\" \/>\n<meta name=\"twitter:label1\" content=\"Estimated reading time\" \/>\n\t<meta name=\"twitter:data1\" content=\"1 minute\" \/>\n<script type=\"application\/ld+json\" class=\"yoast-schema-graph\">{\"@context\":\"https:\\\/\\\/schema.org\",\"@graph\":[{\"@type\":\"WebPage\",\"@id\":\"https:\\\/\\\/furnika.com.pl\\\/produkt\\\/profil-pi-29x15\\\/\",\"url\":\"https:\\\/\\\/furnika.com.pl\\\/produkt\\\/profil-pi-29x15\\\/\",\"name\":\"Profil PI 29x15 - Furnika\",\"isPartOf\":{\"@id\":\"https:\\\/\\\/furnika.com.pl\\\/#website\"},\"primaryImageOfPage\":{\"@id\":\"https:\\\/\\\/furnika.com.pl\\\/produkt\\\/profil-pi-29x15\\\/#primaryimage\"},\"image\":{\"@id\":\"https:\\\/\\\/furnika.com.pl\\\/produkt\\\/profil-pi-29x15\\\/#primaryimage\"},\"thumbnailUrl\":\"https:\\\/\\\/furnika.com.pl\\\/wp-content\\\/uploads\\\/2026\\\/04\\\/PROFILE-PI-29X15-WWW-produkt.webp\",\"datePublished\":\"2026-05-11T11:49:56+00:00\",\"dateModified\":\"2026-05-11T11:55:48+00:00\",\"breadcrumb\":{\"@id\":\"https:\\\/\\\/furnika.com.pl\\\/produkt\\\/profil-pi-29x15\\\/#breadcrumb\"},\"inLanguage\":\"en-GB\",\"potentialAction\":[{\"@type\":\"ReadAction\",\"target\":[\"https:\\\/\\\/furnika.com.pl\\\/produkt\\\/profil-pi-29x15\\\/\"]}]},{\"@type\":\"ImageObject\",\"inLanguage\":\"en-GB\",\"@id\":\"https:\\\/\\\/furnika.com.pl\\\/produkt\\\/profil-pi-29x15\\\/#primaryimage\",\"url\":\"https:\\\/\\\/furnika.com.pl\\\/wp-content\\\/uploads\\\/2026\\\/04\\\/PROFILE-PI-29X15-WWW-produkt.webp\",\"contentUrl\":\"https:\\\/\\\/furnika.com.pl\\\/wp-content\\\/uploads\\\/2026\\\/04\\\/PROFILE-PI-29X15-WWW-produkt.webp\",\"width\":800,\"height\":800},{\"@type\":\"BreadcrumbList\",\"@id\":\"https:\\\/\\\/furnika.com.pl\\\/produkt\\\/profil-pi-29x15\\\/#breadcrumb\",\"itemListElement\":[{\"@type\":\"ListItem\",\"position\":1,\"name\":\"Strona g\u0142\u00f3wna\",\"item\":\"https:\\\/\\\/furnika.com.pl\\\/\"},{\"@type\":\"ListItem\",\"position\":2,\"name\":\"Produkty\",\"item\":\"https:\\\/\\\/furnika.com.pl\\\/produkty\\\/\"},{\"@type\":\"ListItem\",\"position\":3,\"name\":\"Profil PI 29&#215;15\"}]},{\"@type\":\"WebSite\",\"@id\":\"https:\\\/\\\/furnika.com.pl\\\/#website\",\"url\":\"https:\\\/\\\/furnika.com.pl\\\/\",\"name\":\"Furnika\",\"description\":\"Light created with passion\",\"publisher\":{\"@id\":\"https:\\\/\\\/furnika.com.pl\\\/#organization\"},\"potentialAction\":[{\"@type\":\"SearchAction\",\"target\":{\"@type\":\"EntryPoint\",\"urlTemplate\":\"https:\\\/\\\/furnika.com.pl\\\/?s={search_term_string}\"},\"query-input\":{\"@type\":\"PropertyValueSpecification\",\"valueRequired\":true,\"valueName\":\"search_term_string\"}}],\"inLanguage\":\"en-GB\"},{\"@type\":\"Organization\",\"@id\":\"https:\\\/\\\/furnika.com.pl\\\/#organization\",\"name\":\"Furnika\",\"url\":\"https:\\\/\\\/furnika.com.pl\\\/\",\"logo\":{\"@type\":\"ImageObject\",\"inLanguage\":\"en-GB\",\"@id\":\"https:\\\/\\\/furnika.com.pl\\\/#\\\/schema\\\/logo\\\/image\\\/\",\"url\":\"https:\\\/\\\/furnika.com.pl\\\/wp-content\\\/uploads\\\/2026\\\/01\\\/cropped-logo-1.png\",\"contentUrl\":\"https:\\\/\\\/furnika.com.pl\\\/wp-content\\\/uploads\\\/2026\\\/01\\\/cropped-logo-1.png\",\"width\":366,\"height\":113,\"caption\":\"Furnika\"},\"image\":{\"@id\":\"https:\\\/\\\/furnika.com.pl\\\/#\\\/schema\\\/logo\\\/image\\\/\"}}]}<\/script>\n<!-- \/ Yoast SEO plugin. -->","yoast_head_json":{"title":"Profil PI 29x15 - Furnika","robots":{"index":"index","follow":"follow","max-snippet":"max-snippet:-1","max-image-preview":"max-image-preview:large","max-video-preview":"max-video-preview:-1"},"canonical":"https:\/\/furnika.com.pl\/en\/product\/profil-pi-29x15\/","og_locale":"en_GB","og_type":"article","og_title":"Profil PI 29x15 - Furnika","og_description":"PROFIL PI 29X15 to aluminiowy profil wpuszczany, kt\u00f3ry dzi\u0119ki swoim proporcjom doskonale sprawdza si\u0119 jako \u017ar\u00f3d\u0142o \u015bwiat\u0142a we wsp\u00f3\u0142czesnych zabudowach meblowych. Jego szeroka konstrukcja z ko\u0142nierzem pozwala na estetyczne zamaskowanie kraw\u0119dzi frezowania, tworz\u0105c z powierzchni\u0105 p\u0142yty sp\u00f3jn\u0105 ca\u0142o\u015b\u0107. Produkt charakteryzuje si\u0119 zwi\u0119kszon\u0105 g\u0142\u0119boko\u015bci\u0105, co sprzyja lepszemu rozproszeniu \u015bwiat\u0142a i eliminuje efekt widocznych punkt\u00f3w LED.       Profil dost\u0119pny jest w r\u00f3\u017cnych d\u0142ugo\u015bciach, przycinany na zam\u00f3wienie, zgodnie z preferencjami u\u017cytkownika. Do profilu mo\u017cna dobra\u0107 ta\u015bm\u0119 LED spo\u015br\u00f3d dost\u0119pnych wariant\u00f3w, w zale\u017cno\u015bci od oczekiwanego efektu \u015bwietlnego.","og_url":"https:\/\/furnika.com.pl\/en\/product\/profil-pi-29x15\/","og_site_name":"Furnika","article_modified_time":"2026-05-11T11:55:48+00:00","og_image":[{"width":800,"height":800,"url":"https:\/\/furnika.com.pl\/wp-content\/uploads\/2026\/04\/PROFILE-PI-29X15-WWW-produkt.webp","type":"image\/webp"}],"twitter_card":"summary_large_image","twitter_misc":{"Estimated reading time":"1 minute"},"schema":{"@context":"https:\/\/schema.org","@graph":[{"@type":"WebPage","@id":"https:\/\/furnika.com.pl\/produkt\/profil-pi-29x15\/","url":"https:\/\/furnika.com.pl\/produkt\/profil-pi-29x15\/","name":"Profil PI 29x15 - Furnika","isPartOf":{"@id":"https:\/\/furnika.com.pl\/#website"},"primaryImageOfPage":{"@id":"https:\/\/furnika.com.pl\/produkt\/profil-pi-29x15\/#primaryimage"},"image":{"@id":"https:\/\/furnika.com.pl\/produkt\/profil-pi-29x15\/#primaryimage"},"thumbnailUrl":"https:\/\/furnika.com.pl\/wp-content\/uploads\/2026\/04\/PROFILE-PI-29X15-WWW-produkt.webp","datePublished":"2026-05-11T11:49:56+00:00","dateModified":"2026-05-11T11:55:48+00:00","breadcrumb":{"@id":"https:\/\/furnika.com.pl\/produkt\/profil-pi-29x15\/#breadcrumb"},"inLanguage":"en-GB","potentialAction":[{"@type":"ReadAction","target":["https:\/\/furnika.com.pl\/produkt\/profil-pi-29x15\/"]}]},{"@type":"ImageObject","inLanguage":"en-GB","@id":"https:\/\/furnika.com.pl\/produkt\/profil-pi-29x15\/#primaryimage","url":"https:\/\/furnika.com.pl\/wp-content\/uploads\/2026\/04\/PROFILE-PI-29X15-WWW-produkt.webp","contentUrl":"https:\/\/furnika.com.pl\/wp-content\/uploads\/2026\/04\/PROFILE-PI-29X15-WWW-produkt.webp","width":800,"height":800},{"@type":"BreadcrumbList","@id":"https:\/\/furnika.com.pl\/produkt\/profil-pi-29x15\/#breadcrumb","itemListElement":[{"@type":"ListItem","position":1,"name":"Strona g\u0142\u00f3wna","item":"https:\/\/furnika.com.pl\/"},{"@type":"ListItem","position":2,"name":"Produkty","item":"https:\/\/furnika.com.pl\/produkty\/"},{"@type":"ListItem","position":3,"name":"Profil PI 29&#215;15"}]},{"@type":"WebSite","@id":"https:\/\/furnika.com.pl\/#website","url":"https:\/\/furnika.com.pl\/","name":"Furnika","description":"Light created with passion","publisher":{"@id":"https:\/\/furnika.com.pl\/#organization"},"potentialAction":[{"@type":"SearchAction","target":{"@type":"EntryPoint","urlTemplate":"https:\/\/furnika.com.pl\/?s={search_term_string}"},"query-input":{"@type":"PropertyValueSpecification","valueRequired":true,"valueName":"search_term_string"}}],"inLanguage":"en-GB"},{"@type":"Organization","@id":"https:\/\/furnika.com.pl\/#organization","name":"Furnika","url":"https:\/\/furnika.com.pl\/","logo":{"@type":"ImageObject","inLanguage":"en-GB","@id":"https:\/\/furnika.com.pl\/#\/schema\/logo\/image\/","url":"https:\/\/furnika.com.pl\/wp-content\/uploads\/2026\/01\/cropped-logo-1.png","contentUrl":"https:\/\/furnika.com.pl\/wp-content\/uploads\/2026\/01\/cropped-logo-1.png","width":366,"height":113,"caption":"Furnika"},"image":{"@id":"https:\/\/furnika.com.pl\/#\/schema\/logo\/image\/"}}]}},"_links":{"self":[{"href":"http:\/\/furnika.com.pl\/en\/wp-json\/wp\/v2\/product\/3693","targetHints":{"allow":["GET"]}}],"collection":[{"href":"http:\/\/furnika.com.pl\/en\/wp-json\/wp\/v2\/product"}],"about":[{"href":"http:\/\/furnika.com.pl\/en\/wp-json\/wp\/v2\/types\/product"}],"wp:featuredmedia":[{"embeddable":true,"href":"http:\/\/furnika.com.pl\/en\/wp-json\/wp\/v2\/media\/3759"}],"wp:attachment":[{"href":"http:\/\/furnika.com.pl\/en\/wp-json\/wp\/v2\/media?parent=3693"}],"wp:term":[{"taxonomy":"product_brand","embeddable":true,"href":"http:\/\/furnika.com.pl\/en\/wp-json\/wp\/v2\/product_brand?post=3693"},{"taxonomy":"product_cat","embeddable":true,"href":"http:\/\/furnika.com.pl\/en\/wp-json\/wp\/v2\/product_cat?post=3693"},{"taxonomy":"product_tag","embeddable":true,"href":"http:\/\/furnika.com.pl\/en\/wp-json\/wp\/v2\/product_tag?post=3693"}],"curies":[{"name":"wp","href":"https:\/\/api.w.org\/{rel}","templated":true}]}}