{"id":3696,"date":"2026-05-11T11:01:26","date_gmt":"2026-05-11T11:01:26","guid":{"rendered":"https:\/\/furnika.com.pl\/?post_type=product&#038;p=3696"},"modified":"2026-05-11T11:04:08","modified_gmt":"2026-05-11T11:04:08","slug":"profil-teta","status":"publish","type":"product","link":"http:\/\/furnika.com.pl\/en\/product\/profil-teta\/","title":{"rendered":"Teta profile"},"content":{"rendered":"","protected":false},"excerpt":{"rendered":"<p>The Teta profile is an exceptionally slim recessed lighting profile designed for various furniture arrangements. Thanks to its very small height of only 7 mm, it can be safely installed even in very thin boards without affecting their structure. The 15 mm flange precisely covers the milling edges, ensuring a professional finish on every surface.<\/p>\n<p>The product is manufactured to individual order in any required length. Combined with a wide range of finishes such as opal white, grey, or transparent, it allows perfect matching to the furniture color scheme. Full freedom in choosing the LED strip light color makes it easy to adapt the lighting to the character of the interior. The system is completed with dedicated end caps and practical quick connectors that simplify installation and ensure long-term durability.<\/p>\n<p>The Teta profile is an ideal solution for those looking for discreet yet efficient lighting that professionally highlights modern furniture design.<\/p>","protected":false},"featured_media":3746,"template":"","meta":[],"product_brand":[],"product_cat":[69],"product_tag":[],"class_list":{"0":"post-3696","1":"product","2":"type-product","3":"status-publish","4":"has-post-thumbnail","6":"product_cat-profile","8":"first","9":"instock","10":"shipping-taxable","11":"product-type-simple"},"yoast_head":"<!-- This site is optimized with the Yoast SEO plugin v27.4 - https:\/\/yoast.com\/product\/yoast-seo-wordpress\/ -->\n<title>Profil TETA - Furnika<\/title>\n<meta name=\"robots\" content=\"index, follow, max-snippet:-1, max-image-preview:large, max-video-preview:-1\" \/>\n<link rel=\"canonical\" href=\"https:\/\/furnika.com.pl\/en\/product\/profil-teta\/\" \/>\n<meta property=\"og:locale\" content=\"en_GB\" \/>\n<meta property=\"og:type\" content=\"article\" \/>\n<meta property=\"og:title\" content=\"Profil TETA - Furnika\" \/>\n<meta property=\"og:description\" content=\"PROFIL TETA to wyj\u0105tkowo smuk\u0142y profil o\u015bwietleniowy przeznaczony do monta\u017cu wpuszczanego, kt\u00f3ry idealnie sprawdza si\u0119 w r\u00f3\u017cnych aran\u017cacjach meblowych. Dzi\u0119ki swojej niewielkiej wysoko\u015bci wynosz\u0105cej zaledwie 7 mm, produkt ten pozwala na bezpieczn\u0105 instalacj\u0119 nawet w bardzo cienkich p\u0142ytach bez obawy o naruszenie ich konstrukcji. Ko\u0142nierz o szeroko\u015bci 15 mm precyzyjnie maskuje kraw\u0119dzie wykonanego frezowania, co gwarantuje profesjonalne wyko\u0144czenie ka\u017cdej powierzchni.  Produkt jest przygotowywany na indywidualne zam\u00f3wienie w dowolnej d\u0142ugo\u015bci, co w po\u0142\u0105czeniu z bogat\u0105 palet\u0105 wyko\u0144cze\u0144, takich jak bia\u0142y opal, szary b\u0105d\u017a transparentny, pozwala na perfekcyjne dopasowanie profila do kolorystyki mebli. Pe\u0142na swoboda w wyborze koloru \u015bwiecenia ta\u015bmy LED, umo\u017cliwia u\u017cytkownikowi dopasowanie go do charakteru wn\u0119trza. Ca\u0142o\u015b\u0107 systemu uzupe\u0142niaj\u0105 dedykowane za\u015blepki oraz praktyczne szybkoz\u0142\u0105czki, kt\u00f3re znacz\u0105co u\u0142atwiaj\u0105 monta\u017c i zapewniaj\u0105 trwa\u0142o\u015b\u0107 ca\u0142ej instalacji.  PROFIL TETA to idealne rozwi\u0105zanie dla os\u00f3b poszukuj\u0105cych dyskretnego, a zarazem wydajnego o\u015bwietlenia, kt\u00f3re w profesjonalny spos\u00f3b podkre\u015bli nowoczesny design mebli.\" \/>\n<meta property=\"og:url\" content=\"https:\/\/furnika.com.pl\/en\/product\/profil-teta\/\" \/>\n<meta property=\"og:site_name\" content=\"Furnika\" \/>\n<meta property=\"article:modified_time\" content=\"2026-05-11T11:04:08+00:00\" \/>\n<meta property=\"og:image\" content=\"https:\/\/furnika.com.pl\/wp-content\/uploads\/2026\/04\/TETA-WWW-produkt.webp\" \/>\n\t<meta property=\"og:image:width\" content=\"800\" \/>\n\t<meta property=\"og:image:height\" content=\"800\" \/>\n\t<meta property=\"og:image:type\" content=\"image\/webp\" \/>\n<meta name=\"twitter:card\" content=\"summary_large_image\" \/>\n<meta name=\"twitter:label1\" content=\"Estimated reading time\" \/>\n\t<meta name=\"twitter:data1\" content=\"1 minute\" \/>\n<script type=\"application\/ld+json\" class=\"yoast-schema-graph\">{\"@context\":\"https:\\\/\\\/schema.org\",\"@graph\":[{\"@type\":\"WebPage\",\"@id\":\"https:\\\/\\\/furnika.com.pl\\\/produkt\\\/profil-teta\\\/\",\"url\":\"https:\\\/\\\/furnika.com.pl\\\/produkt\\\/profil-teta\\\/\",\"name\":\"Profil TETA - Furnika\",\"isPartOf\":{\"@id\":\"https:\\\/\\\/furnika.com.pl\\\/#website\"},\"primaryImageOfPage\":{\"@id\":\"https:\\\/\\\/furnika.com.pl\\\/produkt\\\/profil-teta\\\/#primaryimage\"},\"image\":{\"@id\":\"https:\\\/\\\/furnika.com.pl\\\/produkt\\\/profil-teta\\\/#primaryimage\"},\"thumbnailUrl\":\"https:\\\/\\\/furnika.com.pl\\\/wp-content\\\/uploads\\\/2026\\\/04\\\/TETA-WWW-produkt.webp\",\"datePublished\":\"2026-05-11T11:01:26+00:00\",\"dateModified\":\"2026-05-11T11:04:08+00:00\",\"breadcrumb\":{\"@id\":\"https:\\\/\\\/furnika.com.pl\\\/produkt\\\/profil-teta\\\/#breadcrumb\"},\"inLanguage\":\"en-GB\",\"potentialAction\":[{\"@type\":\"ReadAction\",\"target\":[\"https:\\\/\\\/furnika.com.pl\\\/produkt\\\/profil-teta\\\/\"]}]},{\"@type\":\"ImageObject\",\"inLanguage\":\"en-GB\",\"@id\":\"https:\\\/\\\/furnika.com.pl\\\/produkt\\\/profil-teta\\\/#primaryimage\",\"url\":\"https:\\\/\\\/furnika.com.pl\\\/wp-content\\\/uploads\\\/2026\\\/04\\\/TETA-WWW-produkt.webp\",\"contentUrl\":\"https:\\\/\\\/furnika.com.pl\\\/wp-content\\\/uploads\\\/2026\\\/04\\\/TETA-WWW-produkt.webp\",\"width\":800,\"height\":800},{\"@type\":\"BreadcrumbList\",\"@id\":\"https:\\\/\\\/furnika.com.pl\\\/produkt\\\/profil-teta\\\/#breadcrumb\",\"itemListElement\":[{\"@type\":\"ListItem\",\"position\":1,\"name\":\"Strona g\u0142\u00f3wna\",\"item\":\"https:\\\/\\\/furnika.com.pl\\\/\"},{\"@type\":\"ListItem\",\"position\":2,\"name\":\"Produkty\",\"item\":\"https:\\\/\\\/furnika.com.pl\\\/produkty\\\/\"},{\"@type\":\"ListItem\",\"position\":3,\"name\":\"Profil TETA\"}]},{\"@type\":\"WebSite\",\"@id\":\"https:\\\/\\\/furnika.com.pl\\\/#website\",\"url\":\"https:\\\/\\\/furnika.com.pl\\\/\",\"name\":\"Furnika\",\"description\":\"Light created with passion\",\"publisher\":{\"@id\":\"https:\\\/\\\/furnika.com.pl\\\/#organization\"},\"potentialAction\":[{\"@type\":\"SearchAction\",\"target\":{\"@type\":\"EntryPoint\",\"urlTemplate\":\"https:\\\/\\\/furnika.com.pl\\\/?s={search_term_string}\"},\"query-input\":{\"@type\":\"PropertyValueSpecification\",\"valueRequired\":true,\"valueName\":\"search_term_string\"}}],\"inLanguage\":\"en-GB\"},{\"@type\":\"Organization\",\"@id\":\"https:\\\/\\\/furnika.com.pl\\\/#organization\",\"name\":\"Furnika\",\"url\":\"https:\\\/\\\/furnika.com.pl\\\/\",\"logo\":{\"@type\":\"ImageObject\",\"inLanguage\":\"en-GB\",\"@id\":\"https:\\\/\\\/furnika.com.pl\\\/#\\\/schema\\\/logo\\\/image\\\/\",\"url\":\"https:\\\/\\\/furnika.com.pl\\\/wp-content\\\/uploads\\\/2026\\\/01\\\/cropped-logo-1.png\",\"contentUrl\":\"https:\\\/\\\/furnika.com.pl\\\/wp-content\\\/uploads\\\/2026\\\/01\\\/cropped-logo-1.png\",\"width\":366,\"height\":113,\"caption\":\"Furnika\"},\"image\":{\"@id\":\"https:\\\/\\\/furnika.com.pl\\\/#\\\/schema\\\/logo\\\/image\\\/\"}}]}<\/script>\n<!-- \/ Yoast SEO plugin. -->","yoast_head_json":{"title":"Profil TETA - Furnika","robots":{"index":"index","follow":"follow","max-snippet":"max-snippet:-1","max-image-preview":"max-image-preview:large","max-video-preview":"max-video-preview:-1"},"canonical":"https:\/\/furnika.com.pl\/en\/product\/profil-teta\/","og_locale":"en_GB","og_type":"article","og_title":"Profil TETA - Furnika","og_description":"PROFIL TETA to wyj\u0105tkowo smuk\u0142y profil o\u015bwietleniowy przeznaczony do monta\u017cu wpuszczanego, kt\u00f3ry idealnie sprawdza si\u0119 w r\u00f3\u017cnych aran\u017cacjach meblowych. Dzi\u0119ki swojej niewielkiej wysoko\u015bci wynosz\u0105cej zaledwie 7 mm, produkt ten pozwala na bezpieczn\u0105 instalacj\u0119 nawet w bardzo cienkich p\u0142ytach bez obawy o naruszenie ich konstrukcji. Ko\u0142nierz o szeroko\u015bci 15 mm precyzyjnie maskuje kraw\u0119dzie wykonanego frezowania, co gwarantuje profesjonalne wyko\u0144czenie ka\u017cdej powierzchni.  Produkt jest przygotowywany na indywidualne zam\u00f3wienie w dowolnej d\u0142ugo\u015bci, co w po\u0142\u0105czeniu z bogat\u0105 palet\u0105 wyko\u0144cze\u0144, takich jak bia\u0142y opal, szary b\u0105d\u017a transparentny, pozwala na perfekcyjne dopasowanie profila do kolorystyki mebli. Pe\u0142na swoboda w wyborze koloru \u015bwiecenia ta\u015bmy LED, umo\u017cliwia u\u017cytkownikowi dopasowanie go do charakteru wn\u0119trza. Ca\u0142o\u015b\u0107 systemu uzupe\u0142niaj\u0105 dedykowane za\u015blepki oraz praktyczne szybkoz\u0142\u0105czki, kt\u00f3re znacz\u0105co u\u0142atwiaj\u0105 monta\u017c i zapewniaj\u0105 trwa\u0142o\u015b\u0107 ca\u0142ej instalacji.  PROFIL TETA to idealne rozwi\u0105zanie dla os\u00f3b poszukuj\u0105cych dyskretnego, a zarazem wydajnego o\u015bwietlenia, kt\u00f3re w profesjonalny spos\u00f3b podkre\u015bli nowoczesny design mebli.","og_url":"https:\/\/furnika.com.pl\/en\/product\/profil-teta\/","og_site_name":"Furnika","article_modified_time":"2026-05-11T11:04:08+00:00","og_image":[{"width":800,"height":800,"url":"https:\/\/furnika.com.pl\/wp-content\/uploads\/2026\/04\/TETA-WWW-produkt.webp","type":"image\/webp"}],"twitter_card":"summary_large_image","twitter_misc":{"Estimated reading time":"1 minute"},"schema":{"@context":"https:\/\/schema.org","@graph":[{"@type":"WebPage","@id":"https:\/\/furnika.com.pl\/produkt\/profil-teta\/","url":"https:\/\/furnika.com.pl\/produkt\/profil-teta\/","name":"Profil TETA - Furnika","isPartOf":{"@id":"https:\/\/furnika.com.pl\/#website"},"primaryImageOfPage":{"@id":"https:\/\/furnika.com.pl\/produkt\/profil-teta\/#primaryimage"},"image":{"@id":"https:\/\/furnika.com.pl\/produkt\/profil-teta\/#primaryimage"},"thumbnailUrl":"https:\/\/furnika.com.pl\/wp-content\/uploads\/2026\/04\/TETA-WWW-produkt.webp","datePublished":"2026-05-11T11:01:26+00:00","dateModified":"2026-05-11T11:04:08+00:00","breadcrumb":{"@id":"https:\/\/furnika.com.pl\/produkt\/profil-teta\/#breadcrumb"},"inLanguage":"en-GB","potentialAction":[{"@type":"ReadAction","target":["https:\/\/furnika.com.pl\/produkt\/profil-teta\/"]}]},{"@type":"ImageObject","inLanguage":"en-GB","@id":"https:\/\/furnika.com.pl\/produkt\/profil-teta\/#primaryimage","url":"https:\/\/furnika.com.pl\/wp-content\/uploads\/2026\/04\/TETA-WWW-produkt.webp","contentUrl":"https:\/\/furnika.com.pl\/wp-content\/uploads\/2026\/04\/TETA-WWW-produkt.webp","width":800,"height":800},{"@type":"BreadcrumbList","@id":"https:\/\/furnika.com.pl\/produkt\/profil-teta\/#breadcrumb","itemListElement":[{"@type":"ListItem","position":1,"name":"Strona g\u0142\u00f3wna","item":"https:\/\/furnika.com.pl\/"},{"@type":"ListItem","position":2,"name":"Produkty","item":"https:\/\/furnika.com.pl\/produkty\/"},{"@type":"ListItem","position":3,"name":"Profil TETA"}]},{"@type":"WebSite","@id":"https:\/\/furnika.com.pl\/#website","url":"https:\/\/furnika.com.pl\/","name":"Furnika","description":"Light created with passion","publisher":{"@id":"https:\/\/furnika.com.pl\/#organization"},"potentialAction":[{"@type":"SearchAction","target":{"@type":"EntryPoint","urlTemplate":"https:\/\/furnika.com.pl\/?s={search_term_string}"},"query-input":{"@type":"PropertyValueSpecification","valueRequired":true,"valueName":"search_term_string"}}],"inLanguage":"en-GB"},{"@type":"Organization","@id":"https:\/\/furnika.com.pl\/#organization","name":"Furnika","url":"https:\/\/furnika.com.pl\/","logo":{"@type":"ImageObject","inLanguage":"en-GB","@id":"https:\/\/furnika.com.pl\/#\/schema\/logo\/image\/","url":"https:\/\/furnika.com.pl\/wp-content\/uploads\/2026\/01\/cropped-logo-1.png","contentUrl":"https:\/\/furnika.com.pl\/wp-content\/uploads\/2026\/01\/cropped-logo-1.png","width":366,"height":113,"caption":"Furnika"},"image":{"@id":"https:\/\/furnika.com.pl\/#\/schema\/logo\/image\/"}}]}},"_links":{"self":[{"href":"http:\/\/furnika.com.pl\/en\/wp-json\/wp\/v2\/product\/3696","targetHints":{"allow":["GET"]}}],"collection":[{"href":"http:\/\/furnika.com.pl\/en\/wp-json\/wp\/v2\/product"}],"about":[{"href":"http:\/\/furnika.com.pl\/en\/wp-json\/wp\/v2\/types\/product"}],"wp:featuredmedia":[{"embeddable":true,"href":"http:\/\/furnika.com.pl\/en\/wp-json\/wp\/v2\/media\/3746"}],"wp:attachment":[{"href":"http:\/\/furnika.com.pl\/en\/wp-json\/wp\/v2\/media?parent=3696"}],"wp:term":[{"taxonomy":"product_brand","embeddable":true,"href":"http:\/\/furnika.com.pl\/en\/wp-json\/wp\/v2\/product_brand?post=3696"},{"taxonomy":"product_cat","embeddable":true,"href":"http:\/\/furnika.com.pl\/en\/wp-json\/wp\/v2\/product_cat?post=3696"},{"taxonomy":"product_tag","embeddable":true,"href":"http:\/\/furnika.com.pl\/en\/wp-json\/wp\/v2\/product_tag?post=3696"}],"curies":[{"name":"wp","href":"https:\/\/api.w.org\/{rel}","templated":true}]}}