{"id":3697,"date":"2026-05-11T11:28:31","date_gmt":"2026-05-11T11:28:31","guid":{"rendered":"https:\/\/furnika.com.pl\/?post_type=product&#038;p=3697"},"modified":"2026-05-11T11:28:31","modified_gmt":"2026-05-11T11:28:31","slug":"profil-xi-16x7","status":"publish","type":"product","link":"http:\/\/furnika.com.pl\/en\/product\/profil-xi-16x7\/","title":{"rendered":"XI 16x7 profile"},"content":{"rendered":"","protected":false},"excerpt":{"rendered":"<p data-path-to-node=\"0\">The XI 16x7 profile is a lighting profile with an asymmetrical shape, designed for installation inside cabinets and furniture niches. Its distinctive construction with a rounded diffuser allows the light beam to be directed at an angle, effectively illuminating the interior of the furniture. The profile features compact dimensions of 16 mm height and only 7 mm depth.<\/p>\n<p data-path-to-node=\"1\">The product is installed in a non-invasive way using double-sided tape. This installation method is especially recommended when drilling or milling in furniture boards should be avoided, helping preserve the original furniture structure. Thanks to its lightweight aluminium construction and compact dimensions, high-quality mounting tape provides stable and durable attachment to the surface. This solution allows quick installation under kitchen cabinets or inside wardrobes while maintaining a clean appearance without visible mounting elements.<\/p>\n<p data-path-to-node=\"1\">The XI 16x7 profile is available in aluminium finish and can be manufactured to individual order in any required length. The user can independently select the appropriate LED strip variant, allowing full customization of the lighting color. It is a professional and functional solution that, thanks to its ergonomic form, effectively highlights the character of kitchen furniture and wardrobes.<\/p>","protected":false},"featured_media":3753,"template":"","meta":[],"product_brand":[],"product_cat":[69],"product_tag":[],"class_list":{"0":"post-3697","1":"product","2":"type-product","3":"status-publish","4":"has-post-thumbnail","6":"product_cat-profile","8":"first","9":"instock","10":"shipping-taxable","11":"product-type-simple"},"yoast_head":"<!-- This site is optimized with the Yoast SEO plugin v27.4 - https:\/\/yoast.com\/product\/yoast-seo-wordpress\/ -->\n<title>Profil XI 16x7 - Furnika<\/title>\n<meta name=\"robots\" content=\"index, follow, max-snippet:-1, max-image-preview:large, max-video-preview:-1\" \/>\n<link rel=\"canonical\" href=\"https:\/\/furnika.com.pl\/en\/product\/profil-xi-16x7\/\" \/>\n<meta property=\"og:locale\" content=\"en_GB\" \/>\n<meta property=\"og:type\" content=\"article\" \/>\n<meta property=\"og:title\" content=\"Profil XI 16x7 - Furnika\" \/>\n<meta property=\"og:description\" content=\"PROFIL XI 16X7 to profil o\u015bwietleniowy o asymetrycznym kszta\u0142cie, zaprojektowany do monta\u017cu wewn\u0105trz szafek i wn\u0119k meblowych. Jego charakterystyczna budowa z zaokr\u0105glon\u0105 przes\u0142on\u0105 pozwala na precyzyjne skierowanie strumienia \u015bwiat\u0142a pod k\u0105tem, co skutecznie o\u015bwietla wn\u0119trze mebla. Profil charakteryzuje si\u0119 kompaktowymi wymiarami, maj\u0105c 16 mm wysoko\u015bci oraz zaledwie 7 mm g\u0142\u0119boko\u015bci. Produkt montowany jest w spos\u00f3b bezinwazyjny, przy u\u017cyciu ta\u015bmy dwustronnej. Taka metoda instalacji jest szczeg\u00f3lnie polecana w sytuacjach, gdy u\u017cytkownik chce unikn\u0105\u0107 wiercenia otwor\u00f3w lub frezowania w p\u0142ytach meblowych, zachowuj\u0105c nienaruszon\u0105 struktur\u0119 mebla. Dzi\u0119ki lekkiej konstrukcji aluminiowej oraz kompaktowym wymiarom, wysokiej jako\u015bci ta\u015bma monta\u017cowa zapewnia stabilne i trwa\u0142e mocowanie profilu do powierzchni. Rozwi\u0105zanie to pozwala na b\u0142yskawiczny monta\u017c o\u015bwietlenia pod szafkami kuchennymi lub wewn\u0105trz garderoby, oferuj\u0105c jednocze\u015bnie estetyczny wygl\u0105d bez widocznych element\u00f3w monta\u017cowych. Profil XI 16X7 dost\u0119pny jest w kolorze aluminium i na indywidualne zam\u00f3wienie w dowolnej d\u0142ugo\u015bci. U\u017cytkownik mo\u017ce samodzielnie dobra\u0107 odpowiedni wariant ta\u015bmy LED, co pozwala na pe\u0142n\u0105 personalizacj\u0119 barwy o\u015bwietlenia. To profesjonalne i funkcjonalne rozwi\u0105zanie, kt\u00f3re dzi\u0119ki swojej ergonomicznej formie doskonale podkre\u015bla charakter mebli kuchennych czy garderobianych.\" \/>\n<meta property=\"og:url\" content=\"https:\/\/furnika.com.pl\/en\/product\/profil-xi-16x7\/\" \/>\n<meta property=\"og:site_name\" content=\"Furnika\" \/>\n<meta property=\"og:image\" content=\"https:\/\/furnika.com.pl\/wp-content\/uploads\/2026\/04\/PROFIL-XI-16x7-WWW-produkt.webp\" \/>\n\t<meta property=\"og:image:width\" content=\"800\" \/>\n\t<meta property=\"og:image:height\" content=\"800\" \/>\n\t<meta property=\"og:image:type\" content=\"image\/webp\" \/>\n<meta name=\"twitter:card\" content=\"summary_large_image\" \/>\n<meta name=\"twitter:label1\" content=\"Estimated reading time\" \/>\n\t<meta name=\"twitter:data1\" content=\"1 minute\" \/>\n<script type=\"application\/ld+json\" class=\"yoast-schema-graph\">{\"@context\":\"https:\\\/\\\/schema.org\",\"@graph\":[{\"@type\":\"WebPage\",\"@id\":\"https:\\\/\\\/furnika.com.pl\\\/produkt\\\/profil-xi-16x7\\\/\",\"url\":\"https:\\\/\\\/furnika.com.pl\\\/produkt\\\/profil-xi-16x7\\\/\",\"name\":\"Profil XI 16x7 - Furnika\",\"isPartOf\":{\"@id\":\"https:\\\/\\\/furnika.com.pl\\\/#website\"},\"primaryImageOfPage\":{\"@id\":\"https:\\\/\\\/furnika.com.pl\\\/produkt\\\/profil-xi-16x7\\\/#primaryimage\"},\"image\":{\"@id\":\"https:\\\/\\\/furnika.com.pl\\\/produkt\\\/profil-xi-16x7\\\/#primaryimage\"},\"thumbnailUrl\":\"https:\\\/\\\/furnika.com.pl\\\/wp-content\\\/uploads\\\/2026\\\/04\\\/PROFIL-XI-16x7-WWW-produkt.webp\",\"datePublished\":\"2026-05-11T11:28:31+00:00\",\"breadcrumb\":{\"@id\":\"https:\\\/\\\/furnika.com.pl\\\/produkt\\\/profil-xi-16x7\\\/#breadcrumb\"},\"inLanguage\":\"en-GB\",\"potentialAction\":[{\"@type\":\"ReadAction\",\"target\":[\"https:\\\/\\\/furnika.com.pl\\\/produkt\\\/profil-xi-16x7\\\/\"]}]},{\"@type\":\"ImageObject\",\"inLanguage\":\"en-GB\",\"@id\":\"https:\\\/\\\/furnika.com.pl\\\/produkt\\\/profil-xi-16x7\\\/#primaryimage\",\"url\":\"https:\\\/\\\/furnika.com.pl\\\/wp-content\\\/uploads\\\/2026\\\/04\\\/PROFIL-XI-16x7-WWW-produkt.webp\",\"contentUrl\":\"https:\\\/\\\/furnika.com.pl\\\/wp-content\\\/uploads\\\/2026\\\/04\\\/PROFIL-XI-16x7-WWW-produkt.webp\",\"width\":800,\"height\":800},{\"@type\":\"BreadcrumbList\",\"@id\":\"https:\\\/\\\/furnika.com.pl\\\/produkt\\\/profil-xi-16x7\\\/#breadcrumb\",\"itemListElement\":[{\"@type\":\"ListItem\",\"position\":1,\"name\":\"Strona g\u0142\u00f3wna\",\"item\":\"https:\\\/\\\/furnika.com.pl\\\/\"},{\"@type\":\"ListItem\",\"position\":2,\"name\":\"Produkty\",\"item\":\"https:\\\/\\\/furnika.com.pl\\\/produkty\\\/\"},{\"@type\":\"ListItem\",\"position\":3,\"name\":\"Profil XI 16&#215;7\"}]},{\"@type\":\"WebSite\",\"@id\":\"https:\\\/\\\/furnika.com.pl\\\/#website\",\"url\":\"https:\\\/\\\/furnika.com.pl\\\/\",\"name\":\"Furnika\",\"description\":\"Light created with passion\",\"publisher\":{\"@id\":\"https:\\\/\\\/furnika.com.pl\\\/#organization\"},\"potentialAction\":[{\"@type\":\"SearchAction\",\"target\":{\"@type\":\"EntryPoint\",\"urlTemplate\":\"https:\\\/\\\/furnika.com.pl\\\/?s={search_term_string}\"},\"query-input\":{\"@type\":\"PropertyValueSpecification\",\"valueRequired\":true,\"valueName\":\"search_term_string\"}}],\"inLanguage\":\"en-GB\"},{\"@type\":\"Organization\",\"@id\":\"https:\\\/\\\/furnika.com.pl\\\/#organization\",\"name\":\"Furnika\",\"url\":\"https:\\\/\\\/furnika.com.pl\\\/\",\"logo\":{\"@type\":\"ImageObject\",\"inLanguage\":\"en-GB\",\"@id\":\"https:\\\/\\\/furnika.com.pl\\\/#\\\/schema\\\/logo\\\/image\\\/\",\"url\":\"https:\\\/\\\/furnika.com.pl\\\/wp-content\\\/uploads\\\/2026\\\/01\\\/cropped-logo-1.png\",\"contentUrl\":\"https:\\\/\\\/furnika.com.pl\\\/wp-content\\\/uploads\\\/2026\\\/01\\\/cropped-logo-1.png\",\"width\":366,\"height\":113,\"caption\":\"Furnika\"},\"image\":{\"@id\":\"https:\\\/\\\/furnika.com.pl\\\/#\\\/schema\\\/logo\\\/image\\\/\"}}]}<\/script>\n<!-- \/ Yoast SEO plugin. -->","yoast_head_json":{"title":"Profil XI 16x7 - Furnika","robots":{"index":"index","follow":"follow","max-snippet":"max-snippet:-1","max-image-preview":"max-image-preview:large","max-video-preview":"max-video-preview:-1"},"canonical":"https:\/\/furnika.com.pl\/en\/product\/profil-xi-16x7\/","og_locale":"en_GB","og_type":"article","og_title":"Profil XI 16x7 - Furnika","og_description":"PROFIL XI 16X7 to profil o\u015bwietleniowy o asymetrycznym kszta\u0142cie, zaprojektowany do monta\u017cu wewn\u0105trz szafek i wn\u0119k meblowych. Jego charakterystyczna budowa z zaokr\u0105glon\u0105 przes\u0142on\u0105 pozwala na precyzyjne skierowanie strumienia \u015bwiat\u0142a pod k\u0105tem, co skutecznie o\u015bwietla wn\u0119trze mebla. Profil charakteryzuje si\u0119 kompaktowymi wymiarami, maj\u0105c 16 mm wysoko\u015bci oraz zaledwie 7 mm g\u0142\u0119boko\u015bci. Produkt montowany jest w spos\u00f3b bezinwazyjny, przy u\u017cyciu ta\u015bmy dwustronnej. Taka metoda instalacji jest szczeg\u00f3lnie polecana w sytuacjach, gdy u\u017cytkownik chce unikn\u0105\u0107 wiercenia otwor\u00f3w lub frezowania w p\u0142ytach meblowych, zachowuj\u0105c nienaruszon\u0105 struktur\u0119 mebla. Dzi\u0119ki lekkiej konstrukcji aluminiowej oraz kompaktowym wymiarom, wysokiej jako\u015bci ta\u015bma monta\u017cowa zapewnia stabilne i trwa\u0142e mocowanie profilu do powierzchni. Rozwi\u0105zanie to pozwala na b\u0142yskawiczny monta\u017c o\u015bwietlenia pod szafkami kuchennymi lub wewn\u0105trz garderoby, oferuj\u0105c jednocze\u015bnie estetyczny wygl\u0105d bez widocznych element\u00f3w monta\u017cowych. Profil XI 16X7 dost\u0119pny jest w kolorze aluminium i na indywidualne zam\u00f3wienie w dowolnej d\u0142ugo\u015bci. U\u017cytkownik mo\u017ce samodzielnie dobra\u0107 odpowiedni wariant ta\u015bmy LED, co pozwala na pe\u0142n\u0105 personalizacj\u0119 barwy o\u015bwietlenia. To profesjonalne i funkcjonalne rozwi\u0105zanie, kt\u00f3re dzi\u0119ki swojej ergonomicznej formie doskonale podkre\u015bla charakter mebli kuchennych czy garderobianych.","og_url":"https:\/\/furnika.com.pl\/en\/product\/profil-xi-16x7\/","og_site_name":"Furnika","og_image":[{"width":800,"height":800,"url":"https:\/\/furnika.com.pl\/wp-content\/uploads\/2026\/04\/PROFIL-XI-16x7-WWW-produkt.webp","type":"image\/webp"}],"twitter_card":"summary_large_image","twitter_misc":{"Estimated reading time":"1 minute"},"schema":{"@context":"https:\/\/schema.org","@graph":[{"@type":"WebPage","@id":"https:\/\/furnika.com.pl\/produkt\/profil-xi-16x7\/","url":"https:\/\/furnika.com.pl\/produkt\/profil-xi-16x7\/","name":"Profil XI 16x7 - Furnika","isPartOf":{"@id":"https:\/\/furnika.com.pl\/#website"},"primaryImageOfPage":{"@id":"https:\/\/furnika.com.pl\/produkt\/profil-xi-16x7\/#primaryimage"},"image":{"@id":"https:\/\/furnika.com.pl\/produkt\/profil-xi-16x7\/#primaryimage"},"thumbnailUrl":"https:\/\/furnika.com.pl\/wp-content\/uploads\/2026\/04\/PROFIL-XI-16x7-WWW-produkt.webp","datePublished":"2026-05-11T11:28:31+00:00","breadcrumb":{"@id":"https:\/\/furnika.com.pl\/produkt\/profil-xi-16x7\/#breadcrumb"},"inLanguage":"en-GB","potentialAction":[{"@type":"ReadAction","target":["https:\/\/furnika.com.pl\/produkt\/profil-xi-16x7\/"]}]},{"@type":"ImageObject","inLanguage":"en-GB","@id":"https:\/\/furnika.com.pl\/produkt\/profil-xi-16x7\/#primaryimage","url":"https:\/\/furnika.com.pl\/wp-content\/uploads\/2026\/04\/PROFIL-XI-16x7-WWW-produkt.webp","contentUrl":"https:\/\/furnika.com.pl\/wp-content\/uploads\/2026\/04\/PROFIL-XI-16x7-WWW-produkt.webp","width":800,"height":800},{"@type":"BreadcrumbList","@id":"https:\/\/furnika.com.pl\/produkt\/profil-xi-16x7\/#breadcrumb","itemListElement":[{"@type":"ListItem","position":1,"name":"Strona g\u0142\u00f3wna","item":"https:\/\/furnika.com.pl\/"},{"@type":"ListItem","position":2,"name":"Produkty","item":"https:\/\/furnika.com.pl\/produkty\/"},{"@type":"ListItem","position":3,"name":"Profil XI 16&#215;7"}]},{"@type":"WebSite","@id":"https:\/\/furnika.com.pl\/#website","url":"https:\/\/furnika.com.pl\/","name":"Furnika","description":"Light created with passion","publisher":{"@id":"https:\/\/furnika.com.pl\/#organization"},"potentialAction":[{"@type":"SearchAction","target":{"@type":"EntryPoint","urlTemplate":"https:\/\/furnika.com.pl\/?s={search_term_string}"},"query-input":{"@type":"PropertyValueSpecification","valueRequired":true,"valueName":"search_term_string"}}],"inLanguage":"en-GB"},{"@type":"Organization","@id":"https:\/\/furnika.com.pl\/#organization","name":"Furnika","url":"https:\/\/furnika.com.pl\/","logo":{"@type":"ImageObject","inLanguage":"en-GB","@id":"https:\/\/furnika.com.pl\/#\/schema\/logo\/image\/","url":"https:\/\/furnika.com.pl\/wp-content\/uploads\/2026\/01\/cropped-logo-1.png","contentUrl":"https:\/\/furnika.com.pl\/wp-content\/uploads\/2026\/01\/cropped-logo-1.png","width":366,"height":113,"caption":"Furnika"},"image":{"@id":"https:\/\/furnika.com.pl\/#\/schema\/logo\/image\/"}}]}},"_links":{"self":[{"href":"http:\/\/furnika.com.pl\/en\/wp-json\/wp\/v2\/product\/3697","targetHints":{"allow":["GET"]}}],"collection":[{"href":"http:\/\/furnika.com.pl\/en\/wp-json\/wp\/v2\/product"}],"about":[{"href":"http:\/\/furnika.com.pl\/en\/wp-json\/wp\/v2\/types\/product"}],"wp:featuredmedia":[{"embeddable":true,"href":"http:\/\/furnika.com.pl\/en\/wp-json\/wp\/v2\/media\/3753"}],"wp:attachment":[{"href":"http:\/\/furnika.com.pl\/en\/wp-json\/wp\/v2\/media?parent=3697"}],"wp:term":[{"taxonomy":"product_brand","embeddable":true,"href":"http:\/\/furnika.com.pl\/en\/wp-json\/wp\/v2\/product_brand?post=3697"},{"taxonomy":"product_cat","embeddable":true,"href":"http:\/\/furnika.com.pl\/en\/wp-json\/wp\/v2\/product_cat?post=3697"},{"taxonomy":"product_tag","embeddable":true,"href":"http:\/\/furnika.com.pl\/en\/wp-json\/wp\/v2\/product_tag?post=3697"}],"curies":[{"name":"wp","href":"https:\/\/api.w.org\/{rel}","templated":true}]}}