{"id":3698,"date":"2026-05-07T07:26:14","date_gmt":"2026-05-07T07:26:14","guid":{"rendered":"https:\/\/furnika.com.pl\/?post_type=product&#038;p=3698"},"modified":"2026-05-11T09:50:53","modified_gmt":"2026-05-11T09:50:53","slug":"profil-rondo-d","status":"publish","type":"product","link":"http:\/\/furnika.com.pl\/en\/product\/profil-rondo-d\/","title":{"rendered":"Rondo D profile"},"content":{"rendered":"","protected":false},"excerpt":{"rendered":"<p data-path-to-node=\"1\">The Rondo D profile is designed for furniture applications that combine durable construction with everyday convenience. Its simple elongated form and shaped edges allow it to match different furniture fronts while maintaining visual consistency throughout the installation.<\/p>\n<p data-path-to-node=\"1\">A major advantage of this model is the factory preparation for installation of a 1A-12W mechanical switch directly inside the profile, improving comfort during daily use of wardrobes and cabinets. Thanks to its corner construction, the light is directed into the furniture at an optimal angle, allowing precise illumination of shelves.<\/p>\n<p data-path-to-node=\"1\">The installation system is highly stable due to the use of metal mounting brackets, which securely hold the construction in place. The profile is manufactured in aluminium and available to order in any required length.<\/p>\n<p data-path-to-node=\"1\">The RONDO D profile is used in cabinet fronts, drawers, and tall built-in furniture where convenience and consistency are important. Its clean line and careful finish improve both the practical and visual qualities of the furniture.<\/p>","protected":false},"featured_media":3729,"template":"","meta":[],"product_brand":[],"product_cat":[69],"product_tag":[],"class_list":{"0":"post-3698","1":"product","2":"type-product","3":"status-publish","4":"has-post-thumbnail","6":"product_cat-profile","8":"first","9":"instock","10":"shipping-taxable","11":"product-type-simple"},"yoast_head":"<!-- This site is optimized with the Yoast SEO plugin v27.4 - https:\/\/yoast.com\/product\/yoast-seo-wordpress\/ -->\n<title>Profil Rondo D - Furnika<\/title>\n<meta name=\"robots\" content=\"index, follow, max-snippet:-1, max-image-preview:large, max-video-preview:-1\" \/>\n<link rel=\"canonical\" href=\"https:\/\/furnika.com.pl\/en\/product\/profil-rondo-d\/\" \/>\n<meta property=\"og:locale\" content=\"en_GB\" \/>\n<meta property=\"og:type\" content=\"article\" \/>\n<meta property=\"og:title\" content=\"Profil Rondo D - Furnika\" \/>\n<meta property=\"og:description\" content=\"PROFIL RONDO D przeznaczony jest do zastosowa\u0144 meblowych, kt\u00f3re \u0142\u0105cz\u0105 trwa\u0142o\u015b\u0107 wykonania z wygod\u0105 u\u017cytkowania. Jego prosta, wyd\u0142u\u017cona forma oraz wyprofilowane kraw\u0119dzie sprawiaj\u0105, \u017ce dobrze komponuje si\u0119 z r\u00f3\u017cnymi typami front\u00f3w, zachowuj\u0105c sp\u00f3jno\u015b\u0107 wizualn\u0105 z ca\u0142\u0105 zabudow\u0105. Kluczowym atutem tego modelu jest fabryczne przystosowanie do monta\u017cu mechanicznego w\u0142\u0105cznika 1A-12W bezpo\u015brednio w profilu, co podnosi komfort codziennego korzystania z szaf i garder\u00f3b. Dzi\u0119ki naro\u017cnej konstrukcji, o\u015bwietlenie jest kierowane pod optymalnym k\u0105tem do wn\u0119trza mebla, co pozwala na precyzyjne roz\u015bwietlenie p\u00f3\u0142ek. Instalacja systemu jest niezwykle solidna dzi\u0119ki zastosowaniu metalowych uchwyt\u00f3w monta\u017cowych, kt\u00f3re stabilnie utrzymuj\u0105 konstrukcj\u0119 w wybranym miejscu. Profil realizowany jest w kolorze aluminium, na indywidualne zam\u00f3wienie w dowolnej d\u0142ugo\u015bci. Profil RONDO D znajduje zastosowanie w frontach szafek, szufladach oraz wysokich zabudowach, gdzie liczy si\u0119 wygoda oraz powtarzalno\u015b\u0107 rozwi\u0105za\u0144. Sp\u00f3jna linia oraz staranne wykonanie wp\u0142ywaj\u0105 na ko\u0144cowy odbi\u00f3r mebla, podnosz\u0105c jego walory u\u017cytkowe i wizualne.\" \/>\n<meta property=\"og:url\" content=\"https:\/\/furnika.com.pl\/en\/product\/profil-rondo-d\/\" \/>\n<meta property=\"og:site_name\" content=\"Furnika\" \/>\n<meta property=\"article:modified_time\" content=\"2026-05-11T09:50:53+00:00\" \/>\n<meta property=\"og:image\" content=\"https:\/\/furnika.com.pl\/wp-content\/uploads\/2026\/05\/RONDO-D-WWW-produkt.webp\" \/>\n\t<meta property=\"og:image:width\" content=\"800\" \/>\n\t<meta property=\"og:image:height\" content=\"800\" \/>\n\t<meta property=\"og:image:type\" content=\"image\/webp\" \/>\n<meta name=\"twitter:card\" content=\"summary_large_image\" \/>\n<meta name=\"twitter:label1\" content=\"Estimated reading time\" \/>\n\t<meta name=\"twitter:data1\" content=\"1 minute\" \/>\n<script type=\"application\/ld+json\" class=\"yoast-schema-graph\">{\"@context\":\"https:\\\/\\\/schema.org\",\"@graph\":[{\"@type\":\"WebPage\",\"@id\":\"https:\\\/\\\/furnika.com.pl\\\/produkt\\\/profil-rondo-d\\\/\",\"url\":\"https:\\\/\\\/furnika.com.pl\\\/produkt\\\/profil-rondo-d\\\/\",\"name\":\"Profil Rondo D - Furnika\",\"isPartOf\":{\"@id\":\"https:\\\/\\\/furnika.com.pl\\\/#website\"},\"primaryImageOfPage\":{\"@id\":\"https:\\\/\\\/furnika.com.pl\\\/produkt\\\/profil-rondo-d\\\/#primaryimage\"},\"image\":{\"@id\":\"https:\\\/\\\/furnika.com.pl\\\/produkt\\\/profil-rondo-d\\\/#primaryimage\"},\"thumbnailUrl\":\"https:\\\/\\\/furnika.com.pl\\\/wp-content\\\/uploads\\\/2026\\\/05\\\/RONDO-D-WWW-produkt.webp\",\"datePublished\":\"2026-05-07T07:26:14+00:00\",\"dateModified\":\"2026-05-11T09:50:53+00:00\",\"breadcrumb\":{\"@id\":\"https:\\\/\\\/furnika.com.pl\\\/produkt\\\/profil-rondo-d\\\/#breadcrumb\"},\"inLanguage\":\"en-GB\",\"potentialAction\":[{\"@type\":\"ReadAction\",\"target\":[\"https:\\\/\\\/furnika.com.pl\\\/produkt\\\/profil-rondo-d\\\/\"]}]},{\"@type\":\"ImageObject\",\"inLanguage\":\"en-GB\",\"@id\":\"https:\\\/\\\/furnika.com.pl\\\/produkt\\\/profil-rondo-d\\\/#primaryimage\",\"url\":\"https:\\\/\\\/furnika.com.pl\\\/wp-content\\\/uploads\\\/2026\\\/05\\\/RONDO-D-WWW-produkt.webp\",\"contentUrl\":\"https:\\\/\\\/furnika.com.pl\\\/wp-content\\\/uploads\\\/2026\\\/05\\\/RONDO-D-WWW-produkt.webp\",\"width\":800,\"height\":800},{\"@type\":\"BreadcrumbList\",\"@id\":\"https:\\\/\\\/furnika.com.pl\\\/produkt\\\/profil-rondo-d\\\/#breadcrumb\",\"itemListElement\":[{\"@type\":\"ListItem\",\"position\":1,\"name\":\"Strona g\u0142\u00f3wna\",\"item\":\"https:\\\/\\\/furnika.com.pl\\\/\"},{\"@type\":\"ListItem\",\"position\":2,\"name\":\"Produkty\",\"item\":\"https:\\\/\\\/furnika.com.pl\\\/produkty\\\/\"},{\"@type\":\"ListItem\",\"position\":3,\"name\":\"Profil Rondo D\"}]},{\"@type\":\"WebSite\",\"@id\":\"https:\\\/\\\/furnika.com.pl\\\/#website\",\"url\":\"https:\\\/\\\/furnika.com.pl\\\/\",\"name\":\"Furnika\",\"description\":\"Light created with passion\",\"publisher\":{\"@id\":\"https:\\\/\\\/furnika.com.pl\\\/#organization\"},\"potentialAction\":[{\"@type\":\"SearchAction\",\"target\":{\"@type\":\"EntryPoint\",\"urlTemplate\":\"https:\\\/\\\/furnika.com.pl\\\/?s={search_term_string}\"},\"query-input\":{\"@type\":\"PropertyValueSpecification\",\"valueRequired\":true,\"valueName\":\"search_term_string\"}}],\"inLanguage\":\"en-GB\"},{\"@type\":\"Organization\",\"@id\":\"https:\\\/\\\/furnika.com.pl\\\/#organization\",\"name\":\"Furnika\",\"url\":\"https:\\\/\\\/furnika.com.pl\\\/\",\"logo\":{\"@type\":\"ImageObject\",\"inLanguage\":\"en-GB\",\"@id\":\"https:\\\/\\\/furnika.com.pl\\\/#\\\/schema\\\/logo\\\/image\\\/\",\"url\":\"https:\\\/\\\/furnika.com.pl\\\/wp-content\\\/uploads\\\/2026\\\/01\\\/cropped-logo-1.png\",\"contentUrl\":\"https:\\\/\\\/furnika.com.pl\\\/wp-content\\\/uploads\\\/2026\\\/01\\\/cropped-logo-1.png\",\"width\":366,\"height\":113,\"caption\":\"Furnika\"},\"image\":{\"@id\":\"https:\\\/\\\/furnika.com.pl\\\/#\\\/schema\\\/logo\\\/image\\\/\"}}]}<\/script>\n<!-- \/ Yoast SEO plugin. -->","yoast_head_json":{"title":"Profil Rondo D - Furnika","robots":{"index":"index","follow":"follow","max-snippet":"max-snippet:-1","max-image-preview":"max-image-preview:large","max-video-preview":"max-video-preview:-1"},"canonical":"https:\/\/furnika.com.pl\/en\/product\/profil-rondo-d\/","og_locale":"en_GB","og_type":"article","og_title":"Profil Rondo D - Furnika","og_description":"PROFIL RONDO D przeznaczony jest do zastosowa\u0144 meblowych, kt\u00f3re \u0142\u0105cz\u0105 trwa\u0142o\u015b\u0107 wykonania z wygod\u0105 u\u017cytkowania. Jego prosta, wyd\u0142u\u017cona forma oraz wyprofilowane kraw\u0119dzie sprawiaj\u0105, \u017ce dobrze komponuje si\u0119 z r\u00f3\u017cnymi typami front\u00f3w, zachowuj\u0105c sp\u00f3jno\u015b\u0107 wizualn\u0105 z ca\u0142\u0105 zabudow\u0105. Kluczowym atutem tego modelu jest fabryczne przystosowanie do monta\u017cu mechanicznego w\u0142\u0105cznika 1A-12W bezpo\u015brednio w profilu, co podnosi komfort codziennego korzystania z szaf i garder\u00f3b. Dzi\u0119ki naro\u017cnej konstrukcji, o\u015bwietlenie jest kierowane pod optymalnym k\u0105tem do wn\u0119trza mebla, co pozwala na precyzyjne roz\u015bwietlenie p\u00f3\u0142ek. Instalacja systemu jest niezwykle solidna dzi\u0119ki zastosowaniu metalowych uchwyt\u00f3w monta\u017cowych, kt\u00f3re stabilnie utrzymuj\u0105 konstrukcj\u0119 w wybranym miejscu. Profil realizowany jest w kolorze aluminium, na indywidualne zam\u00f3wienie w dowolnej d\u0142ugo\u015bci. Profil RONDO D znajduje zastosowanie w frontach szafek, szufladach oraz wysokich zabudowach, gdzie liczy si\u0119 wygoda oraz powtarzalno\u015b\u0107 rozwi\u0105za\u0144. Sp\u00f3jna linia oraz staranne wykonanie wp\u0142ywaj\u0105 na ko\u0144cowy odbi\u00f3r mebla, podnosz\u0105c jego walory u\u017cytkowe i wizualne.","og_url":"https:\/\/furnika.com.pl\/en\/product\/profil-rondo-d\/","og_site_name":"Furnika","article_modified_time":"2026-05-11T09:50:53+00:00","og_image":[{"width":800,"height":800,"url":"https:\/\/furnika.com.pl\/wp-content\/uploads\/2026\/05\/RONDO-D-WWW-produkt.webp","type":"image\/webp"}],"twitter_card":"summary_large_image","twitter_misc":{"Estimated reading time":"1 minute"},"schema":{"@context":"https:\/\/schema.org","@graph":[{"@type":"WebPage","@id":"https:\/\/furnika.com.pl\/produkt\/profil-rondo-d\/","url":"https:\/\/furnika.com.pl\/produkt\/profil-rondo-d\/","name":"Profil Rondo D - Furnika","isPartOf":{"@id":"https:\/\/furnika.com.pl\/#website"},"primaryImageOfPage":{"@id":"https:\/\/furnika.com.pl\/produkt\/profil-rondo-d\/#primaryimage"},"image":{"@id":"https:\/\/furnika.com.pl\/produkt\/profil-rondo-d\/#primaryimage"},"thumbnailUrl":"https:\/\/furnika.com.pl\/wp-content\/uploads\/2026\/05\/RONDO-D-WWW-produkt.webp","datePublished":"2026-05-07T07:26:14+00:00","dateModified":"2026-05-11T09:50:53+00:00","breadcrumb":{"@id":"https:\/\/furnika.com.pl\/produkt\/profil-rondo-d\/#breadcrumb"},"inLanguage":"en-GB","potentialAction":[{"@type":"ReadAction","target":["https:\/\/furnika.com.pl\/produkt\/profil-rondo-d\/"]}]},{"@type":"ImageObject","inLanguage":"en-GB","@id":"https:\/\/furnika.com.pl\/produkt\/profil-rondo-d\/#primaryimage","url":"https:\/\/furnika.com.pl\/wp-content\/uploads\/2026\/05\/RONDO-D-WWW-produkt.webp","contentUrl":"https:\/\/furnika.com.pl\/wp-content\/uploads\/2026\/05\/RONDO-D-WWW-produkt.webp","width":800,"height":800},{"@type":"BreadcrumbList","@id":"https:\/\/furnika.com.pl\/produkt\/profil-rondo-d\/#breadcrumb","itemListElement":[{"@type":"ListItem","position":1,"name":"Strona g\u0142\u00f3wna","item":"https:\/\/furnika.com.pl\/"},{"@type":"ListItem","position":2,"name":"Produkty","item":"https:\/\/furnika.com.pl\/produkty\/"},{"@type":"ListItem","position":3,"name":"Profil Rondo D"}]},{"@type":"WebSite","@id":"https:\/\/furnika.com.pl\/#website","url":"https:\/\/furnika.com.pl\/","name":"Furnika","description":"Light created with passion","publisher":{"@id":"https:\/\/furnika.com.pl\/#organization"},"potentialAction":[{"@type":"SearchAction","target":{"@type":"EntryPoint","urlTemplate":"https:\/\/furnika.com.pl\/?s={search_term_string}"},"query-input":{"@type":"PropertyValueSpecification","valueRequired":true,"valueName":"search_term_string"}}],"inLanguage":"en-GB"},{"@type":"Organization","@id":"https:\/\/furnika.com.pl\/#organization","name":"Furnika","url":"https:\/\/furnika.com.pl\/","logo":{"@type":"ImageObject","inLanguage":"en-GB","@id":"https:\/\/furnika.com.pl\/#\/schema\/logo\/image\/","url":"https:\/\/furnika.com.pl\/wp-content\/uploads\/2026\/01\/cropped-logo-1.png","contentUrl":"https:\/\/furnika.com.pl\/wp-content\/uploads\/2026\/01\/cropped-logo-1.png","width":366,"height":113,"caption":"Furnika"},"image":{"@id":"https:\/\/furnika.com.pl\/#\/schema\/logo\/image\/"}}]}},"_links":{"self":[{"href":"http:\/\/furnika.com.pl\/en\/wp-json\/wp\/v2\/product\/3698","targetHints":{"allow":["GET"]}}],"collection":[{"href":"http:\/\/furnika.com.pl\/en\/wp-json\/wp\/v2\/product"}],"about":[{"href":"http:\/\/furnika.com.pl\/en\/wp-json\/wp\/v2\/types\/product"}],"wp:featuredmedia":[{"embeddable":true,"href":"http:\/\/furnika.com.pl\/en\/wp-json\/wp\/v2\/media\/3729"}],"wp:attachment":[{"href":"http:\/\/furnika.com.pl\/en\/wp-json\/wp\/v2\/media?parent=3698"}],"wp:term":[{"taxonomy":"product_brand","embeddable":true,"href":"http:\/\/furnika.com.pl\/en\/wp-json\/wp\/v2\/product_brand?post=3698"},{"taxonomy":"product_cat","embeddable":true,"href":"http:\/\/furnika.com.pl\/en\/wp-json\/wp\/v2\/product_cat?post=3698"},{"taxonomy":"product_tag","embeddable":true,"href":"http:\/\/furnika.com.pl\/en\/wp-json\/wp\/v2\/product_tag?post=3698"}],"curies":[{"name":"wp","href":"https:\/\/api.w.org\/{rel}","templated":true}]}}