{"id":3699,"date":"2026-05-11T10:05:30","date_gmt":"2026-05-11T10:05:30","guid":{"rendered":"https:\/\/furnika.com.pl\/?post_type=product&#038;p=3699"},"modified":"2026-05-11T10:11:03","modified_gmt":"2026-05-11T10:11:03","slug":"profil-rondo-s","status":"publish","type":"product","link":"http:\/\/furnika.com.pl\/en\/product\/profil-rondo-s\/","title":{"rendered":"Rondo S profile"},"content":{"rendered":"","protected":false},"excerpt":{"rendered":"<p data-start=\"0\" data-end=\"399\">The RONDO S is an LED lighting profile designed for installation in furniture drawers. The product is intended to provide convenient illumination of the drawer interior, making everyday use of furniture easier and improving visibility of stored items. Thanks to its construction, the profile is a practical solution for kitchen furniture, wardrobes, bathroom furniture, and office equipment.<\/p>\n<p data-start=\"401\" data-end=\"750\">The profile emits even light along its entire length, ensuring comfortable use regardless of drawer size. The option to manufacture the profile in various lengths allows it to be adapted to individual furniture dimensions and project requirements.<\/p>\n<p data-start=\"752\" data-end=\"1091\" data-is-last-node=\"\" data-is-only-node=\"\">RONDO S features a compact construction that does not limit the usable space inside the drawer. Installation is quick and convenient, and its form blends well with different furniture systems. The profile improves furniture functionality and everyday comfort by providing effective drawer lighting.<\/p>","protected":false},"featured_media":3736,"template":"","meta":[],"product_brand":[],"product_cat":[69],"product_tag":[],"class_list":{"0":"post-3699","1":"product","2":"type-product","3":"status-publish","4":"has-post-thumbnail","6":"product_cat-profile","8":"first","9":"instock","10":"shipping-taxable","11":"product-type-simple"},"yoast_head":"<!-- This site is optimized with the Yoast SEO plugin v27.4 - https:\/\/yoast.com\/product\/yoast-seo-wordpress\/ -->\n<title>Profil Rondo S - Furnika<\/title>\n<meta name=\"robots\" content=\"index, follow, max-snippet:-1, max-image-preview:large, max-video-preview:-1\" \/>\n<link rel=\"canonical\" href=\"https:\/\/furnika.com.pl\/en\/product\/profil-rondo-s\/\" \/>\n<meta property=\"og:locale\" content=\"en_GB\" \/>\n<meta property=\"og:type\" content=\"article\" \/>\n<meta property=\"og:title\" content=\"Profil Rondo S - Furnika\" \/>\n<meta property=\"og:description\" content=\"RONDO S to profil o\u015bwietleniowy LED przeznaczony do monta\u017cu w szufladach meblowych. Produkt zosta\u0142 zaprojektowany z my\u015bl\u0105 o wygodnym do\u015bwietleniu wn\u0119trza szuflady, co u\u0142atwia codzienne korzystanie z mebli i poprawia widoczno\u015b\u0107 przechowywanych przedmiot\u00f3w. Dzi\u0119ki swojej konstrukcji profil stanowi praktyczne rozwi\u0105zanie do zabudowy kuchennej, garder\u00f3b, mebli \u0142azienkowych oraz wyposa\u017cenia biurowego. Profil emituje r\u00f3wnomierne \u015bwiat\u0142o na ca\u0142ej d\u0142ugo\u015bci, zapewniaj\u0105c komfort u\u017cytkowania niezale\u017cnie od wielko\u015bci szuflady. Mo\u017cliwo\u015b\u0107 wykonania profilu w r\u00f3\u017cnych d\u0142ugo\u015bciach umo\u017cliwia dopasowanie go do indywidualnych wymiar\u00f3w mebla i specyfiki projektu. RONDO S wyr\u00f3\u017cnia si\u0119 kompaktow\u0105 konstrukcj\u0105, dzi\u0119ki kt\u00f3rej nie ogranicza przestrzeni u\u017cytkowej szuflady. Monta\u017c produktu jest szybki i wygodny, a jego forma dobrze komponuje si\u0119 z r\u00f3\u017cnymi systemami meblowymi. Profil zwi\u0119ksza funkcjonalno\u015b\u0107 mebli i podnosi komfort codziennego u\u017cytkowania, zapewniaj\u0105c skuteczne o\u015bwietlenie wn\u0119trza szuflad.\" \/>\n<meta property=\"og:url\" content=\"https:\/\/furnika.com.pl\/en\/product\/profil-rondo-s\/\" \/>\n<meta property=\"og:site_name\" content=\"Furnika\" \/>\n<meta property=\"article:modified_time\" content=\"2026-05-11T10:11:03+00:00\" \/>\n<meta property=\"og:image\" content=\"https:\/\/furnika.com.pl\/wp-content\/uploads\/2026\/05\/RONDO-S-WWW-produkt.webp\" \/>\n\t<meta property=\"og:image:width\" content=\"800\" \/>\n\t<meta property=\"og:image:height\" content=\"800\" \/>\n\t<meta property=\"og:image:type\" content=\"image\/webp\" \/>\n<meta name=\"twitter:card\" content=\"summary_large_image\" \/>\n<meta name=\"twitter:label1\" content=\"Estimated reading time\" \/>\n\t<meta name=\"twitter:data1\" content=\"1 minute\" \/>\n<script type=\"application\/ld+json\" class=\"yoast-schema-graph\">{\"@context\":\"https:\\\/\\\/schema.org\",\"@graph\":[{\"@type\":\"WebPage\",\"@id\":\"https:\\\/\\\/furnika.com.pl\\\/produkt\\\/profil-rondo-s\\\/\",\"url\":\"https:\\\/\\\/furnika.com.pl\\\/produkt\\\/profil-rondo-s\\\/\",\"name\":\"Profil Rondo S - Furnika\",\"isPartOf\":{\"@id\":\"https:\\\/\\\/furnika.com.pl\\\/#website\"},\"primaryImageOfPage\":{\"@id\":\"https:\\\/\\\/furnika.com.pl\\\/produkt\\\/profil-rondo-s\\\/#primaryimage\"},\"image\":{\"@id\":\"https:\\\/\\\/furnika.com.pl\\\/produkt\\\/profil-rondo-s\\\/#primaryimage\"},\"thumbnailUrl\":\"https:\\\/\\\/furnika.com.pl\\\/wp-content\\\/uploads\\\/2026\\\/05\\\/RONDO-S-WWW-produkt.webp\",\"datePublished\":\"2026-05-11T10:05:30+00:00\",\"dateModified\":\"2026-05-11T10:11:03+00:00\",\"breadcrumb\":{\"@id\":\"https:\\\/\\\/furnika.com.pl\\\/produkt\\\/profil-rondo-s\\\/#breadcrumb\"},\"inLanguage\":\"en-GB\",\"potentialAction\":[{\"@type\":\"ReadAction\",\"target\":[\"https:\\\/\\\/furnika.com.pl\\\/produkt\\\/profil-rondo-s\\\/\"]}]},{\"@type\":\"ImageObject\",\"inLanguage\":\"en-GB\",\"@id\":\"https:\\\/\\\/furnika.com.pl\\\/produkt\\\/profil-rondo-s\\\/#primaryimage\",\"url\":\"https:\\\/\\\/furnika.com.pl\\\/wp-content\\\/uploads\\\/2026\\\/05\\\/RONDO-S-WWW-produkt.webp\",\"contentUrl\":\"https:\\\/\\\/furnika.com.pl\\\/wp-content\\\/uploads\\\/2026\\\/05\\\/RONDO-S-WWW-produkt.webp\",\"width\":800,\"height\":800},{\"@type\":\"BreadcrumbList\",\"@id\":\"https:\\\/\\\/furnika.com.pl\\\/produkt\\\/profil-rondo-s\\\/#breadcrumb\",\"itemListElement\":[{\"@type\":\"ListItem\",\"position\":1,\"name\":\"Strona g\u0142\u00f3wna\",\"item\":\"https:\\\/\\\/furnika.com.pl\\\/\"},{\"@type\":\"ListItem\",\"position\":2,\"name\":\"Produkty\",\"item\":\"https:\\\/\\\/furnika.com.pl\\\/produkty\\\/\"},{\"@type\":\"ListItem\",\"position\":3,\"name\":\"Profil Rondo S\"}]},{\"@type\":\"WebSite\",\"@id\":\"https:\\\/\\\/furnika.com.pl\\\/#website\",\"url\":\"https:\\\/\\\/furnika.com.pl\\\/\",\"name\":\"Furnika\",\"description\":\"Light created with passion\",\"publisher\":{\"@id\":\"https:\\\/\\\/furnika.com.pl\\\/#organization\"},\"potentialAction\":[{\"@type\":\"SearchAction\",\"target\":{\"@type\":\"EntryPoint\",\"urlTemplate\":\"https:\\\/\\\/furnika.com.pl\\\/?s={search_term_string}\"},\"query-input\":{\"@type\":\"PropertyValueSpecification\",\"valueRequired\":true,\"valueName\":\"search_term_string\"}}],\"inLanguage\":\"en-GB\"},{\"@type\":\"Organization\",\"@id\":\"https:\\\/\\\/furnika.com.pl\\\/#organization\",\"name\":\"Furnika\",\"url\":\"https:\\\/\\\/furnika.com.pl\\\/\",\"logo\":{\"@type\":\"ImageObject\",\"inLanguage\":\"en-GB\",\"@id\":\"https:\\\/\\\/furnika.com.pl\\\/#\\\/schema\\\/logo\\\/image\\\/\",\"url\":\"https:\\\/\\\/furnika.com.pl\\\/wp-content\\\/uploads\\\/2026\\\/01\\\/cropped-logo-1.png\",\"contentUrl\":\"https:\\\/\\\/furnika.com.pl\\\/wp-content\\\/uploads\\\/2026\\\/01\\\/cropped-logo-1.png\",\"width\":366,\"height\":113,\"caption\":\"Furnika\"},\"image\":{\"@id\":\"https:\\\/\\\/furnika.com.pl\\\/#\\\/schema\\\/logo\\\/image\\\/\"}}]}<\/script>\n<!-- \/ Yoast SEO plugin. -->","yoast_head_json":{"title":"Profil Rondo S - Furnika","robots":{"index":"index","follow":"follow","max-snippet":"max-snippet:-1","max-image-preview":"max-image-preview:large","max-video-preview":"max-video-preview:-1"},"canonical":"https:\/\/furnika.com.pl\/en\/product\/profil-rondo-s\/","og_locale":"en_GB","og_type":"article","og_title":"Profil Rondo S - Furnika","og_description":"RONDO S to profil o\u015bwietleniowy LED przeznaczony do monta\u017cu w szufladach meblowych. Produkt zosta\u0142 zaprojektowany z my\u015bl\u0105 o wygodnym do\u015bwietleniu wn\u0119trza szuflady, co u\u0142atwia codzienne korzystanie z mebli i poprawia widoczno\u015b\u0107 przechowywanych przedmiot\u00f3w. Dzi\u0119ki swojej konstrukcji profil stanowi praktyczne rozwi\u0105zanie do zabudowy kuchennej, garder\u00f3b, mebli \u0142azienkowych oraz wyposa\u017cenia biurowego. Profil emituje r\u00f3wnomierne \u015bwiat\u0142o na ca\u0142ej d\u0142ugo\u015bci, zapewniaj\u0105c komfort u\u017cytkowania niezale\u017cnie od wielko\u015bci szuflady. Mo\u017cliwo\u015b\u0107 wykonania profilu w r\u00f3\u017cnych d\u0142ugo\u015bciach umo\u017cliwia dopasowanie go do indywidualnych wymiar\u00f3w mebla i specyfiki projektu. RONDO S wyr\u00f3\u017cnia si\u0119 kompaktow\u0105 konstrukcj\u0105, dzi\u0119ki kt\u00f3rej nie ogranicza przestrzeni u\u017cytkowej szuflady. Monta\u017c produktu jest szybki i wygodny, a jego forma dobrze komponuje si\u0119 z r\u00f3\u017cnymi systemami meblowymi. Profil zwi\u0119ksza funkcjonalno\u015b\u0107 mebli i podnosi komfort codziennego u\u017cytkowania, zapewniaj\u0105c skuteczne o\u015bwietlenie wn\u0119trza szuflad.","og_url":"https:\/\/furnika.com.pl\/en\/product\/profil-rondo-s\/","og_site_name":"Furnika","article_modified_time":"2026-05-11T10:11:03+00:00","og_image":[{"width":800,"height":800,"url":"https:\/\/furnika.com.pl\/wp-content\/uploads\/2026\/05\/RONDO-S-WWW-produkt.webp","type":"image\/webp"}],"twitter_card":"summary_large_image","twitter_misc":{"Estimated reading time":"1 minute"},"schema":{"@context":"https:\/\/schema.org","@graph":[{"@type":"WebPage","@id":"https:\/\/furnika.com.pl\/produkt\/profil-rondo-s\/","url":"https:\/\/furnika.com.pl\/produkt\/profil-rondo-s\/","name":"Profil Rondo S - Furnika","isPartOf":{"@id":"https:\/\/furnika.com.pl\/#website"},"primaryImageOfPage":{"@id":"https:\/\/furnika.com.pl\/produkt\/profil-rondo-s\/#primaryimage"},"image":{"@id":"https:\/\/furnika.com.pl\/produkt\/profil-rondo-s\/#primaryimage"},"thumbnailUrl":"https:\/\/furnika.com.pl\/wp-content\/uploads\/2026\/05\/RONDO-S-WWW-produkt.webp","datePublished":"2026-05-11T10:05:30+00:00","dateModified":"2026-05-11T10:11:03+00:00","breadcrumb":{"@id":"https:\/\/furnika.com.pl\/produkt\/profil-rondo-s\/#breadcrumb"},"inLanguage":"en-GB","potentialAction":[{"@type":"ReadAction","target":["https:\/\/furnika.com.pl\/produkt\/profil-rondo-s\/"]}]},{"@type":"ImageObject","inLanguage":"en-GB","@id":"https:\/\/furnika.com.pl\/produkt\/profil-rondo-s\/#primaryimage","url":"https:\/\/furnika.com.pl\/wp-content\/uploads\/2026\/05\/RONDO-S-WWW-produkt.webp","contentUrl":"https:\/\/furnika.com.pl\/wp-content\/uploads\/2026\/05\/RONDO-S-WWW-produkt.webp","width":800,"height":800},{"@type":"BreadcrumbList","@id":"https:\/\/furnika.com.pl\/produkt\/profil-rondo-s\/#breadcrumb","itemListElement":[{"@type":"ListItem","position":1,"name":"Strona g\u0142\u00f3wna","item":"https:\/\/furnika.com.pl\/"},{"@type":"ListItem","position":2,"name":"Produkty","item":"https:\/\/furnika.com.pl\/produkty\/"},{"@type":"ListItem","position":3,"name":"Profil Rondo S"}]},{"@type":"WebSite","@id":"https:\/\/furnika.com.pl\/#website","url":"https:\/\/furnika.com.pl\/","name":"Furnika","description":"Light created with passion","publisher":{"@id":"https:\/\/furnika.com.pl\/#organization"},"potentialAction":[{"@type":"SearchAction","target":{"@type":"EntryPoint","urlTemplate":"https:\/\/furnika.com.pl\/?s={search_term_string}"},"query-input":{"@type":"PropertyValueSpecification","valueRequired":true,"valueName":"search_term_string"}}],"inLanguage":"en-GB"},{"@type":"Organization","@id":"https:\/\/furnika.com.pl\/#organization","name":"Furnika","url":"https:\/\/furnika.com.pl\/","logo":{"@type":"ImageObject","inLanguage":"en-GB","@id":"https:\/\/furnika.com.pl\/#\/schema\/logo\/image\/","url":"https:\/\/furnika.com.pl\/wp-content\/uploads\/2026\/01\/cropped-logo-1.png","contentUrl":"https:\/\/furnika.com.pl\/wp-content\/uploads\/2026\/01\/cropped-logo-1.png","width":366,"height":113,"caption":"Furnika"},"image":{"@id":"https:\/\/furnika.com.pl\/#\/schema\/logo\/image\/"}}]}},"_links":{"self":[{"href":"http:\/\/furnika.com.pl\/en\/wp-json\/wp\/v2\/product\/3699","targetHints":{"allow":["GET"]}}],"collection":[{"href":"http:\/\/furnika.com.pl\/en\/wp-json\/wp\/v2\/product"}],"about":[{"href":"http:\/\/furnika.com.pl\/en\/wp-json\/wp\/v2\/types\/product"}],"wp:featuredmedia":[{"embeddable":true,"href":"http:\/\/furnika.com.pl\/en\/wp-json\/wp\/v2\/media\/3736"}],"wp:attachment":[{"href":"http:\/\/furnika.com.pl\/en\/wp-json\/wp\/v2\/media?parent=3699"}],"wp:term":[{"taxonomy":"product_brand","embeddable":true,"href":"http:\/\/furnika.com.pl\/en\/wp-json\/wp\/v2\/product_brand?post=3699"},{"taxonomy":"product_cat","embeddable":true,"href":"http:\/\/furnika.com.pl\/en\/wp-json\/wp\/v2\/product_cat?post=3699"},{"taxonomy":"product_tag","embeddable":true,"href":"http:\/\/furnika.com.pl\/en\/wp-json\/wp\/v2\/product_tag?post=3699"}],"curies":[{"name":"wp","href":"https:\/\/api.w.org\/{rel}","templated":true}]}}