{"id":3702,"date":"2026-05-07T06:40:22","date_gmt":"2026-05-07T06:40:22","guid":{"rendered":"https:\/\/furnika.com.pl\/?post_type=product&#038;p=3702"},"modified":"2026-05-07T06:40:22","modified_gmt":"2026-05-07T06:40:22","slug":"tau-tau-switch","status":"publish","type":"product","link":"http:\/\/furnika.com.pl\/en\/product\/tau-tau-switch\/","title":{"rendered":"Tau | Tau switch"},"content":{"rendered":"","protected":false},"excerpt":{"rendered":"<section class=\"text-token-text-primary w-full focus:outline-none [--shadow-height:45px] has-data-writing-block:pointer-events-none has-data-writing-block:-mt-(--shadow-height) has-data-writing-block:pt-(--shadow-height) [&amp;:has([data-writing-block])&gt;*]:pointer-events-auto [content-visibility:auto] supports-[content-visibility:auto]:[contain-intrinsic-size:auto_100lvh] R6Vx5W_threadScrollVars scroll-mb-[calc(var(--scroll-root-safe-area-inset-bottom,0px)+var(--thread-response-height))] scroll-mt-[calc(var(--header-height)+min(200px,max(70px,20svh)))]\" dir=\"auto\" data-turn-id=\"request-WEB:29140849-136b-4079-b1d3-ff593afe7a84-17\" data-testid=\"conversation-turn-16\" data-scroll-anchor=\"false\" data-turn=\"assistant\">\n<div class=\"text-base my-auto mx-auto pb-10 [--thread-content-margin:var(--thread-content-margin-xs,calc(var(--spacing)*4))] @w-sm\/main:[--thread-content-margin:var(--thread-content-margin-sm,calc(var(--spacing)*6))] @w-lg\/main:[--thread-content-margin:var(--thread-content-margin-lg,calc(var(--spacing)*16))] px-(--thread-content-margin)\">\n<div class=\"[--thread-content-max-width:40rem] @w-lg\/main:[--thread-content-max-width:48rem] mx-auto max-w-(--thread-content-max-width) flex-1 group\/turn-messages focus-visible:outline-hidden relative flex w-full min-w-0 flex-col agent-turn\">\n<div class=\"flex max-w-full flex-col gap-4 grow\">\n<div class=\"min-h-8 text-message relative flex w-full flex-col items-end gap-2 text-start break-words whitespace-normal outline-none keyboard-focused:focus-ring [.text-message+&amp;]:mt-1\" dir=\"auto\" tabindex=\"0\" data-message-author-role=\"assistant\" data-message-id=\"9180bdd2-c4b8-413e-b2b1-7bcb97724d51\" data-message-model-slug=\"gpt-5-5\" data-turn-start-message=\"true\">\n<div class=\"flex w-full flex-col gap-1 empty:hidden\">\n<div class=\"markdown prose dark:prose-invert w-full wrap-break-word light markdown-new-styling\">\n<p data-start=\"0\" data-end=\"298\">Tau | Tau switch to profil o\u015bwietleniowy LED przeznaczony do monta\u017cu wpuszczanego w meblach oraz zabudowach u\u017cytkowych. Produkt zapewnia r\u00f3wnomierne o\u015bwietlenie powierzchni roboczych, p\u00f3\u0142ek i wn\u0119trz meblowych, poprawiaj\u0105c komfort codziennego u\u017cytkowania oraz widoczno\u015b\u0107 przechowywanych przedmiot\u00f3w.<\/p>\n<p data-start=\"300\" data-end=\"688\">Profil charakteryzuje si\u0119 kompaktow\u0105 konstrukcj\u0105, dzi\u0119ki kt\u00f3rej mo\u017ce zosta\u0107 estetycznie zintegrowany z powierzchni\u0105 mebla. TAU SWITCH wyposa\u017cony jest w funkcj\u0119 dotykowego w\u0142\u0105czania i wy\u0142\u0105czania \u015bwiat\u0142a, co pozwala na wygodne sterowanie o\u015bwietleniem bez konieczno\u015bci stosowania dodatkowych prze\u0142\u0105cznik\u00f3w. Obs\u0142uga odbywa si\u0119 za pomoc\u0105 delikatnego dotkni\u0119cia powierzchni oznaczonej sensorem.<\/p>\n<p data-start=\"690\" data-end=\"1085\" data-is-last-node=\"\" data-is-only-node=\"\">Profil wykonywany jest w r\u00f3\u017cnych d\u0142ugo\u015bciach, dzi\u0119ki czemu mo\u017cna go \u0142atwo dopasowa\u0107 do indywidualnych wymiar\u00f3w projektu i rodzaju zabudowy. TAU \/ TAU SWITCH doskonale sprawdza si\u0119 w kuchniach, garderobach, biurach oraz innych przestrzeniach wymagaj\u0105cych funkcjonalnego i wygodnego o\u015bwietlenia meblowego<\/p>\n<\/div>\n<\/div>\n<\/div>\n<\/div>\n<\/div>\n<\/div>\n<\/section>\n","protected":false},"featured_media":3713,"template":"","meta":[],"product_brand":[],"product_cat":[69],"product_tag":[],"class_list":{"0":"post-3702","1":"product","2":"type-product","3":"status-publish","4":"has-post-thumbnail","6":"product_cat-profile","8":"first","9":"instock","10":"shipping-taxable","11":"product-type-simple"},"yoast_head":"<!-- This site is optimized with the Yoast SEO plugin v27.4 - https:\/\/yoast.com\/product\/yoast-seo-wordpress\/ -->\n<title>Tau | Tau switch - Furnika<\/title>\n<meta name=\"robots\" content=\"index, follow, max-snippet:-1, max-image-preview:large, max-video-preview:-1\" \/>\n<link rel=\"canonical\" href=\"https:\/\/furnika.com.pl\/en\/product\/tau-tau-switch\/\" \/>\n<meta property=\"og:locale\" content=\"en_GB\" \/>\n<meta property=\"og:type\" content=\"article\" \/>\n<meta property=\"og:title\" content=\"Tau | Tau switch - Furnika\" \/>\n<meta property=\"og:description\" content=\"Tau | Tau switch to profil o\u015bwietleniowy LED przeznaczony do monta\u017cu wpuszczanego w meblach oraz zabudowach u\u017cytkowych. Produkt zapewnia r\u00f3wnomierne o\u015bwietlenie powierzchni roboczych, p\u00f3\u0142ek i wn\u0119trz meblowych, poprawiaj\u0105c komfort codziennego u\u017cytkowania oraz widoczno\u015b\u0107 przechowywanych przedmiot\u00f3w. Profil charakteryzuje si\u0119 kompaktow\u0105 konstrukcj\u0105, dzi\u0119ki kt\u00f3rej mo\u017ce zosta\u0107 estetycznie zintegrowany z powierzchni\u0105 mebla. TAU SWITCH wyposa\u017cony jest w funkcj\u0119 dotykowego w\u0142\u0105czania i wy\u0142\u0105czania \u015bwiat\u0142a, co pozwala na wygodne sterowanie o\u015bwietleniem bez konieczno\u015bci stosowania dodatkowych prze\u0142\u0105cznik\u00f3w. Obs\u0142uga odbywa si\u0119 za pomoc\u0105 delikatnego dotkni\u0119cia powierzchni oznaczonej sensorem. Profil wykonywany jest w r\u00f3\u017cnych d\u0142ugo\u015bciach, dzi\u0119ki czemu mo\u017cna go \u0142atwo dopasowa\u0107 do indywidualnych wymiar\u00f3w projektu i rodzaju zabudowy. TAU \/ TAU SWITCH doskonale sprawdza si\u0119 w kuchniach, garderobach, biurach oraz innych przestrzeniach wymagaj\u0105cych funkcjonalnego i wygodnego o\u015bwietlenia meblowego\" \/>\n<meta property=\"og:url\" content=\"https:\/\/furnika.com.pl\/en\/product\/tau-tau-switch\/\" \/>\n<meta property=\"og:site_name\" content=\"Furnika\" \/>\n<meta property=\"og:image\" content=\"https:\/\/furnika.com.pl\/wp-content\/uploads\/2026\/05\/PROFIL-TAU-TAU-SWITCH-WWW-profile.webp\" \/>\n\t<meta property=\"og:image:width\" content=\"800\" \/>\n\t<meta property=\"og:image:height\" content=\"800\" \/>\n\t<meta property=\"og:image:type\" content=\"image\/webp\" \/>\n<meta name=\"twitter:card\" content=\"summary_large_image\" \/>\n<meta name=\"twitter:label1\" content=\"Estimated reading time\" \/>\n\t<meta name=\"twitter:data1\" content=\"1 minute\" \/>\n<script type=\"application\/ld+json\" class=\"yoast-schema-graph\">{\"@context\":\"https:\\\/\\\/schema.org\",\"@graph\":[{\"@type\":\"WebPage\",\"@id\":\"https:\\\/\\\/furnika.com.pl\\\/produkt\\\/tau-tau-switch\\\/\",\"url\":\"https:\\\/\\\/furnika.com.pl\\\/produkt\\\/tau-tau-switch\\\/\",\"name\":\"Tau | Tau switch - Furnika\",\"isPartOf\":{\"@id\":\"https:\\\/\\\/furnika.com.pl\\\/#website\"},\"primaryImageOfPage\":{\"@id\":\"https:\\\/\\\/furnika.com.pl\\\/produkt\\\/tau-tau-switch\\\/#primaryimage\"},\"image\":{\"@id\":\"https:\\\/\\\/furnika.com.pl\\\/produkt\\\/tau-tau-switch\\\/#primaryimage\"},\"thumbnailUrl\":\"https:\\\/\\\/furnika.com.pl\\\/wp-content\\\/uploads\\\/2026\\\/05\\\/PROFIL-TAU-TAU-SWITCH-WWW-profile.webp\",\"datePublished\":\"2026-05-07T06:40:22+00:00\",\"breadcrumb\":{\"@id\":\"https:\\\/\\\/furnika.com.pl\\\/produkt\\\/tau-tau-switch\\\/#breadcrumb\"},\"inLanguage\":\"en-GB\",\"potentialAction\":[{\"@type\":\"ReadAction\",\"target\":[\"https:\\\/\\\/furnika.com.pl\\\/produkt\\\/tau-tau-switch\\\/\"]}]},{\"@type\":\"ImageObject\",\"inLanguage\":\"en-GB\",\"@id\":\"https:\\\/\\\/furnika.com.pl\\\/produkt\\\/tau-tau-switch\\\/#primaryimage\",\"url\":\"https:\\\/\\\/furnika.com.pl\\\/wp-content\\\/uploads\\\/2026\\\/05\\\/PROFIL-TAU-TAU-SWITCH-WWW-profile.webp\",\"contentUrl\":\"https:\\\/\\\/furnika.com.pl\\\/wp-content\\\/uploads\\\/2026\\\/05\\\/PROFIL-TAU-TAU-SWITCH-WWW-profile.webp\",\"width\":800,\"height\":800},{\"@type\":\"BreadcrumbList\",\"@id\":\"https:\\\/\\\/furnika.com.pl\\\/produkt\\\/tau-tau-switch\\\/#breadcrumb\",\"itemListElement\":[{\"@type\":\"ListItem\",\"position\":1,\"name\":\"Strona g\u0142\u00f3wna\",\"item\":\"https:\\\/\\\/furnika.com.pl\\\/\"},{\"@type\":\"ListItem\",\"position\":2,\"name\":\"Produkty\",\"item\":\"https:\\\/\\\/furnika.com.pl\\\/produkty\\\/\"},{\"@type\":\"ListItem\",\"position\":3,\"name\":\"Tau | Tau switch\"}]},{\"@type\":\"WebSite\",\"@id\":\"https:\\\/\\\/furnika.com.pl\\\/#website\",\"url\":\"https:\\\/\\\/furnika.com.pl\\\/\",\"name\":\"Furnika\",\"description\":\"Light created with passion\",\"publisher\":{\"@id\":\"https:\\\/\\\/furnika.com.pl\\\/#organization\"},\"potentialAction\":[{\"@type\":\"SearchAction\",\"target\":{\"@type\":\"EntryPoint\",\"urlTemplate\":\"https:\\\/\\\/furnika.com.pl\\\/?s={search_term_string}\"},\"query-input\":{\"@type\":\"PropertyValueSpecification\",\"valueRequired\":true,\"valueName\":\"search_term_string\"}}],\"inLanguage\":\"en-GB\"},{\"@type\":\"Organization\",\"@id\":\"https:\\\/\\\/furnika.com.pl\\\/#organization\",\"name\":\"Furnika\",\"url\":\"https:\\\/\\\/furnika.com.pl\\\/\",\"logo\":{\"@type\":\"ImageObject\",\"inLanguage\":\"en-GB\",\"@id\":\"https:\\\/\\\/furnika.com.pl\\\/#\\\/schema\\\/logo\\\/image\\\/\",\"url\":\"https:\\\/\\\/furnika.com.pl\\\/wp-content\\\/uploads\\\/2026\\\/01\\\/cropped-logo-1.png\",\"contentUrl\":\"https:\\\/\\\/furnika.com.pl\\\/wp-content\\\/uploads\\\/2026\\\/01\\\/cropped-logo-1.png\",\"width\":366,\"height\":113,\"caption\":\"Furnika\"},\"image\":{\"@id\":\"https:\\\/\\\/furnika.com.pl\\\/#\\\/schema\\\/logo\\\/image\\\/\"}}]}<\/script>\n<!-- \/ Yoast SEO plugin. -->","yoast_head_json":{"title":"Tau | Tau switch - Furnika","robots":{"index":"index","follow":"follow","max-snippet":"max-snippet:-1","max-image-preview":"max-image-preview:large","max-video-preview":"max-video-preview:-1"},"canonical":"https:\/\/furnika.com.pl\/en\/product\/tau-tau-switch\/","og_locale":"en_GB","og_type":"article","og_title":"Tau | Tau switch - Furnika","og_description":"Tau | Tau switch to profil o\u015bwietleniowy LED przeznaczony do monta\u017cu wpuszczanego w meblach oraz zabudowach u\u017cytkowych. Produkt zapewnia r\u00f3wnomierne o\u015bwietlenie powierzchni roboczych, p\u00f3\u0142ek i wn\u0119trz meblowych, poprawiaj\u0105c komfort codziennego u\u017cytkowania oraz widoczno\u015b\u0107 przechowywanych przedmiot\u00f3w. Profil charakteryzuje si\u0119 kompaktow\u0105 konstrukcj\u0105, dzi\u0119ki kt\u00f3rej mo\u017ce zosta\u0107 estetycznie zintegrowany z powierzchni\u0105 mebla. TAU SWITCH wyposa\u017cony jest w funkcj\u0119 dotykowego w\u0142\u0105czania i wy\u0142\u0105czania \u015bwiat\u0142a, co pozwala na wygodne sterowanie o\u015bwietleniem bez konieczno\u015bci stosowania dodatkowych prze\u0142\u0105cznik\u00f3w. Obs\u0142uga odbywa si\u0119 za pomoc\u0105 delikatnego dotkni\u0119cia powierzchni oznaczonej sensorem. Profil wykonywany jest w r\u00f3\u017cnych d\u0142ugo\u015bciach, dzi\u0119ki czemu mo\u017cna go \u0142atwo dopasowa\u0107 do indywidualnych wymiar\u00f3w projektu i rodzaju zabudowy. TAU \/ TAU SWITCH doskonale sprawdza si\u0119 w kuchniach, garderobach, biurach oraz innych przestrzeniach wymagaj\u0105cych funkcjonalnego i wygodnego o\u015bwietlenia meblowego","og_url":"https:\/\/furnika.com.pl\/en\/product\/tau-tau-switch\/","og_site_name":"Furnika","og_image":[{"width":800,"height":800,"url":"https:\/\/furnika.com.pl\/wp-content\/uploads\/2026\/05\/PROFIL-TAU-TAU-SWITCH-WWW-profile.webp","type":"image\/webp"}],"twitter_card":"summary_large_image","twitter_misc":{"Estimated reading time":"1 minute"},"schema":{"@context":"https:\/\/schema.org","@graph":[{"@type":"WebPage","@id":"https:\/\/furnika.com.pl\/produkt\/tau-tau-switch\/","url":"https:\/\/furnika.com.pl\/produkt\/tau-tau-switch\/","name":"Tau | Tau switch - Furnika","isPartOf":{"@id":"https:\/\/furnika.com.pl\/#website"},"primaryImageOfPage":{"@id":"https:\/\/furnika.com.pl\/produkt\/tau-tau-switch\/#primaryimage"},"image":{"@id":"https:\/\/furnika.com.pl\/produkt\/tau-tau-switch\/#primaryimage"},"thumbnailUrl":"https:\/\/furnika.com.pl\/wp-content\/uploads\/2026\/05\/PROFIL-TAU-TAU-SWITCH-WWW-profile.webp","datePublished":"2026-05-07T06:40:22+00:00","breadcrumb":{"@id":"https:\/\/furnika.com.pl\/produkt\/tau-tau-switch\/#breadcrumb"},"inLanguage":"en-GB","potentialAction":[{"@type":"ReadAction","target":["https:\/\/furnika.com.pl\/produkt\/tau-tau-switch\/"]}]},{"@type":"ImageObject","inLanguage":"en-GB","@id":"https:\/\/furnika.com.pl\/produkt\/tau-tau-switch\/#primaryimage","url":"https:\/\/furnika.com.pl\/wp-content\/uploads\/2026\/05\/PROFIL-TAU-TAU-SWITCH-WWW-profile.webp","contentUrl":"https:\/\/furnika.com.pl\/wp-content\/uploads\/2026\/05\/PROFIL-TAU-TAU-SWITCH-WWW-profile.webp","width":800,"height":800},{"@type":"BreadcrumbList","@id":"https:\/\/furnika.com.pl\/produkt\/tau-tau-switch\/#breadcrumb","itemListElement":[{"@type":"ListItem","position":1,"name":"Strona g\u0142\u00f3wna","item":"https:\/\/furnika.com.pl\/"},{"@type":"ListItem","position":2,"name":"Produkty","item":"https:\/\/furnika.com.pl\/produkty\/"},{"@type":"ListItem","position":3,"name":"Tau | Tau switch"}]},{"@type":"WebSite","@id":"https:\/\/furnika.com.pl\/#website","url":"https:\/\/furnika.com.pl\/","name":"Furnika","description":"Light created with passion","publisher":{"@id":"https:\/\/furnika.com.pl\/#organization"},"potentialAction":[{"@type":"SearchAction","target":{"@type":"EntryPoint","urlTemplate":"https:\/\/furnika.com.pl\/?s={search_term_string}"},"query-input":{"@type":"PropertyValueSpecification","valueRequired":true,"valueName":"search_term_string"}}],"inLanguage":"en-GB"},{"@type":"Organization","@id":"https:\/\/furnika.com.pl\/#organization","name":"Furnika","url":"https:\/\/furnika.com.pl\/","logo":{"@type":"ImageObject","inLanguage":"en-GB","@id":"https:\/\/furnika.com.pl\/#\/schema\/logo\/image\/","url":"https:\/\/furnika.com.pl\/wp-content\/uploads\/2026\/01\/cropped-logo-1.png","contentUrl":"https:\/\/furnika.com.pl\/wp-content\/uploads\/2026\/01\/cropped-logo-1.png","width":366,"height":113,"caption":"Furnika"},"image":{"@id":"https:\/\/furnika.com.pl\/#\/schema\/logo\/image\/"}}]}},"_links":{"self":[{"href":"http:\/\/furnika.com.pl\/en\/wp-json\/wp\/v2\/product\/3702","targetHints":{"allow":["GET"]}}],"collection":[{"href":"http:\/\/furnika.com.pl\/en\/wp-json\/wp\/v2\/product"}],"about":[{"href":"http:\/\/furnika.com.pl\/en\/wp-json\/wp\/v2\/types\/product"}],"wp:featuredmedia":[{"embeddable":true,"href":"http:\/\/furnika.com.pl\/en\/wp-json\/wp\/v2\/media\/3713"}],"wp:attachment":[{"href":"http:\/\/furnika.com.pl\/en\/wp-json\/wp\/v2\/media?parent=3702"}],"wp:term":[{"taxonomy":"product_brand","embeddable":true,"href":"http:\/\/furnika.com.pl\/en\/wp-json\/wp\/v2\/product_brand?post=3702"},{"taxonomy":"product_cat","embeddable":true,"href":"http:\/\/furnika.com.pl\/en\/wp-json\/wp\/v2\/product_cat?post=3702"},{"taxonomy":"product_tag","embeddable":true,"href":"http:\/\/furnika.com.pl\/en\/wp-json\/wp\/v2\/product_tag?post=3702"}],"curies":[{"name":"wp","href":"https:\/\/api.w.org\/{rel}","templated":true}]}}