{"id":2185,"date":"2025-12-09T12:31:36","date_gmt":"2025-12-09T12:31:36","guid":{"rendered":"http:\/\/furnika.com.pl\/?post_type=product&#038;p=2185"},"modified":"2026-04-23T09:09:07","modified_gmt":"2026-04-23T09:09:07","slug":"flexi-s","status":"publish","type":"product","link":"https:\/\/furnika.com.pl\/en\/product\/flexi-s\/","title":{"rendered":"Flexi S"},"content":{"rendered":"","protected":false},"excerpt":{"rendered":"<p data-start=\"165\" data-end=\"401\">The Flexi S LED lamp is a modern lighting solution designed for everyday comfort. It works well both in the bedroom and in workspaces where functionality and aesthetics are equally important.<\/p>\n<p data-start=\"403\" data-end=\"666\">Its minimalist form and clean housing line make it easy to match with different interior styles. The flexible neck allows you to direct the light exactly where it is needed, increasing comfort while reading, working, or relaxing.<\/p>\n<p data-start=\"668\" data-end=\"851\">The product is available in various color options, making it easy to match the character of the interior or create a consistent set with other furnishings.<\/p>\n<p data-start=\"853\" data-end=\"1062\">An additional advantage is the built-in USB-C port, which allows you to charge mobile devices without using extra adapters. This is especially practical next to a bed or desk.<\/p>\n<p data-start=\"1064\" data-end=\"1235\">The Flexi S LED lamp is available in warm or cool light versions, so you can choose the lighting that best suits your needs and the purpose of the room.<\/p>","protected":false},"featured_media":2507,"template":"","meta":[],"product_brand":[],"product_cat":[63,57,68,71,62,64,60],"product_tag":[],"class_list":{"0":"post-2185","1":"product","2":"type-product","3":"status-publish","4":"has-post-thumbnail","6":"product_cat-kamper","7":"product_cat-lampy-do-lozka","8":"product_cat-lampy-led","9":"product_cat-lustra-led","10":"product_cat-salon","11":"product_cat-sofa","12":"product_cat-sypialnia","14":"first","15":"instock","16":"shipping-taxable","17":"product-type-variable"},"yoast_head":"<!-- This site is optimized with the Yoast SEO plugin v27.4 - https:\/\/yoast.com\/product\/yoast-seo-wordpress\/ -->\n<title>Flexi S - Furnika<\/title>\n<meta name=\"description\" content=\"Lampa LED Flexi S z elastycznym ramieniem i gniazdem USB-C to wygodne o\u015bwietlenie do pracy i odpoczynku. Nowoczesny styl i funkcjonalno\u015b\u0107. Sprawd\u017a w Furnice\" \/>\n<meta name=\"robots\" content=\"index, follow, max-snippet:-1, max-image-preview:large, max-video-preview:-1\" \/>\n<link rel=\"canonical\" href=\"https:\/\/furnika.com.pl\/en\/product\/flexi-s\/\" \/>\n<meta property=\"og:locale\" content=\"en_GB\" \/>\n<meta property=\"og:type\" content=\"article\" \/>\n<meta property=\"og:title\" content=\"Flexi S - Furnika\" \/>\n<meta property=\"og:description\" content=\"Lampa LED Flexi S z elastycznym ramieniem i gniazdem USB-C to wygodne o\u015bwietlenie do pracy i odpoczynku. Nowoczesny styl i funkcjonalno\u015b\u0107. Sprawd\u017a w Furnice\" \/>\n<meta property=\"og:url\" content=\"https:\/\/furnika.com.pl\/en\/product\/flexi-s\/\" \/>\n<meta property=\"og:site_name\" content=\"Furnika\" \/>\n<meta property=\"article:modified_time\" content=\"2026-04-23T09:09:07+00:00\" \/>\n<meta property=\"og:image\" content=\"https:\/\/furnika.com.pl\/wp-content\/uploads\/2025\/12\/Flexi_S_zdj.webp\" \/>\n\t<meta property=\"og:image:width\" content=\"800\" \/>\n\t<meta property=\"og:image:height\" content=\"800\" \/>\n\t<meta property=\"og:image:type\" content=\"image\/webp\" \/>\n<meta name=\"twitter:card\" content=\"summary_large_image\" \/>\n<meta name=\"twitter:label1\" content=\"Estimated reading time\" \/>\n\t<meta name=\"twitter:data1\" content=\"1 minute\" \/>\n<script type=\"application\/ld+json\" class=\"yoast-schema-graph\">{\"@context\":\"https:\\\/\\\/schema.org\",\"@graph\":[{\"@type\":\"WebPage\",\"@id\":\"https:\\\/\\\/furnika.com.pl\\\/produkt\\\/flexi-s\\\/\",\"url\":\"https:\\\/\\\/furnika.com.pl\\\/produkt\\\/flexi-s\\\/\",\"name\":\"Flexi S - Furnika\",\"isPartOf\":{\"@id\":\"https:\\\/\\\/furnika.com.pl\\\/#website\"},\"primaryImageOfPage\":{\"@id\":\"https:\\\/\\\/furnika.com.pl\\\/produkt\\\/flexi-s\\\/#primaryimage\"},\"image\":{\"@id\":\"https:\\\/\\\/furnika.com.pl\\\/produkt\\\/flexi-s\\\/#primaryimage\"},\"thumbnailUrl\":\"https:\\\/\\\/furnika.com.pl\\\/wp-content\\\/uploads\\\/2025\\\/12\\\/Flexi_S_zdj.webp\",\"datePublished\":\"2025-12-09T12:31:36+00:00\",\"dateModified\":\"2026-04-23T09:09:07+00:00\",\"description\":\"Lampa LED Flexi S z elastycznym ramieniem i gniazdem USB-C to wygodne o\u015bwietlenie do pracy i odpoczynku. Nowoczesny styl i funkcjonalno\u015b\u0107. Sprawd\u017a w Furnice\",\"breadcrumb\":{\"@id\":\"https:\\\/\\\/furnika.com.pl\\\/produkt\\\/flexi-s\\\/#breadcrumb\"},\"inLanguage\":\"en-GB\",\"potentialAction\":[{\"@type\":\"ReadAction\",\"target\":[\"https:\\\/\\\/furnika.com.pl\\\/produkt\\\/flexi-s\\\/\"]}]},{\"@type\":\"ImageObject\",\"inLanguage\":\"en-GB\",\"@id\":\"https:\\\/\\\/furnika.com.pl\\\/produkt\\\/flexi-s\\\/#primaryimage\",\"url\":\"https:\\\/\\\/furnika.com.pl\\\/wp-content\\\/uploads\\\/2025\\\/12\\\/Flexi_S_zdj.webp\",\"contentUrl\":\"https:\\\/\\\/furnika.com.pl\\\/wp-content\\\/uploads\\\/2025\\\/12\\\/Flexi_S_zdj.webp\",\"width\":800,\"height\":800},{\"@type\":\"BreadcrumbList\",\"@id\":\"https:\\\/\\\/furnika.com.pl\\\/produkt\\\/flexi-s\\\/#breadcrumb\",\"itemListElement\":[{\"@type\":\"ListItem\",\"position\":1,\"name\":\"Strona g\u0142\u00f3wna\",\"item\":\"https:\\\/\\\/furnika.com.pl\\\/\"},{\"@type\":\"ListItem\",\"position\":2,\"name\":\"Produkty\",\"item\":\"https:\\\/\\\/furnika.com.pl\\\/produkty\\\/\"},{\"@type\":\"ListItem\",\"position\":3,\"name\":\"Flexi S\"}]},{\"@type\":\"WebSite\",\"@id\":\"https:\\\/\\\/furnika.com.pl\\\/#website\",\"url\":\"https:\\\/\\\/furnika.com.pl\\\/\",\"name\":\"Furnika\",\"description\":\"Light created with passion\",\"publisher\":{\"@id\":\"https:\\\/\\\/furnika.com.pl\\\/#organization\"},\"potentialAction\":[{\"@type\":\"SearchAction\",\"target\":{\"@type\":\"EntryPoint\",\"urlTemplate\":\"https:\\\/\\\/furnika.com.pl\\\/?s={search_term_string}\"},\"query-input\":{\"@type\":\"PropertyValueSpecification\",\"valueRequired\":true,\"valueName\":\"search_term_string\"}}],\"inLanguage\":\"en-GB\"},{\"@type\":\"Organization\",\"@id\":\"https:\\\/\\\/furnika.com.pl\\\/#organization\",\"name\":\"Furnika\",\"url\":\"https:\\\/\\\/furnika.com.pl\\\/\",\"logo\":{\"@type\":\"ImageObject\",\"inLanguage\":\"en-GB\",\"@id\":\"https:\\\/\\\/furnika.com.pl\\\/#\\\/schema\\\/logo\\\/image\\\/\",\"url\":\"https:\\\/\\\/furnika.com.pl\\\/wp-content\\\/uploads\\\/2026\\\/01\\\/cropped-logo-1.png\",\"contentUrl\":\"https:\\\/\\\/furnika.com.pl\\\/wp-content\\\/uploads\\\/2026\\\/01\\\/cropped-logo-1.png\",\"width\":366,\"height\":113,\"caption\":\"Furnika\"},\"image\":{\"@id\":\"https:\\\/\\\/furnika.com.pl\\\/#\\\/schema\\\/logo\\\/image\\\/\"}}]}<\/script>\n<!-- \/ Yoast SEO plugin. -->","yoast_head_json":{"title":"Flexi S - Furnika","description":"Lampa LED Flexi S z elastycznym ramieniem i gniazdem USB-C to wygodne o\u015bwietlenie do pracy i odpoczynku. Nowoczesny styl i funkcjonalno\u015b\u0107. Sprawd\u017a w Furnice","robots":{"index":"index","follow":"follow","max-snippet":"max-snippet:-1","max-image-preview":"max-image-preview:large","max-video-preview":"max-video-preview:-1"},"canonical":"https:\/\/furnika.com.pl\/en\/product\/flexi-s\/","og_locale":"en_GB","og_type":"article","og_title":"Flexi S - Furnika","og_description":"Lampa LED Flexi S z elastycznym ramieniem i gniazdem USB-C to wygodne o\u015bwietlenie do pracy i odpoczynku. Nowoczesny styl i funkcjonalno\u015b\u0107. Sprawd\u017a w Furnice","og_url":"https:\/\/furnika.com.pl\/en\/product\/flexi-s\/","og_site_name":"Furnika","article_modified_time":"2026-04-23T09:09:07+00:00","og_image":[{"width":800,"height":800,"url":"https:\/\/furnika.com.pl\/wp-content\/uploads\/2025\/12\/Flexi_S_zdj.webp","type":"image\/webp"}],"twitter_card":"summary_large_image","twitter_misc":{"Estimated reading time":"1 minute"},"schema":{"@context":"https:\/\/schema.org","@graph":[{"@type":"WebPage","@id":"https:\/\/furnika.com.pl\/produkt\/flexi-s\/","url":"https:\/\/furnika.com.pl\/produkt\/flexi-s\/","name":"Flexi S - Furnika","isPartOf":{"@id":"https:\/\/furnika.com.pl\/#website"},"primaryImageOfPage":{"@id":"https:\/\/furnika.com.pl\/produkt\/flexi-s\/#primaryimage"},"image":{"@id":"https:\/\/furnika.com.pl\/produkt\/flexi-s\/#primaryimage"},"thumbnailUrl":"https:\/\/furnika.com.pl\/wp-content\/uploads\/2025\/12\/Flexi_S_zdj.webp","datePublished":"2025-12-09T12:31:36+00:00","dateModified":"2026-04-23T09:09:07+00:00","description":"Lampa LED Flexi S z elastycznym ramieniem i gniazdem USB-C to wygodne o\u015bwietlenie do pracy i odpoczynku. Nowoczesny styl i funkcjonalno\u015b\u0107. Sprawd\u017a w Furnice","breadcrumb":{"@id":"https:\/\/furnika.com.pl\/produkt\/flexi-s\/#breadcrumb"},"inLanguage":"en-GB","potentialAction":[{"@type":"ReadAction","target":["https:\/\/furnika.com.pl\/produkt\/flexi-s\/"]}]},{"@type":"ImageObject","inLanguage":"en-GB","@id":"https:\/\/furnika.com.pl\/produkt\/flexi-s\/#primaryimage","url":"https:\/\/furnika.com.pl\/wp-content\/uploads\/2025\/12\/Flexi_S_zdj.webp","contentUrl":"https:\/\/furnika.com.pl\/wp-content\/uploads\/2025\/12\/Flexi_S_zdj.webp","width":800,"height":800},{"@type":"BreadcrumbList","@id":"https:\/\/furnika.com.pl\/produkt\/flexi-s\/#breadcrumb","itemListElement":[{"@type":"ListItem","position":1,"name":"Strona g\u0142\u00f3wna","item":"https:\/\/furnika.com.pl\/"},{"@type":"ListItem","position":2,"name":"Produkty","item":"https:\/\/furnika.com.pl\/produkty\/"},{"@type":"ListItem","position":3,"name":"Flexi S"}]},{"@type":"WebSite","@id":"https:\/\/furnika.com.pl\/#website","url":"https:\/\/furnika.com.pl\/","name":"Furnika","description":"Light created with passion","publisher":{"@id":"https:\/\/furnika.com.pl\/#organization"},"potentialAction":[{"@type":"SearchAction","target":{"@type":"EntryPoint","urlTemplate":"https:\/\/furnika.com.pl\/?s={search_term_string}"},"query-input":{"@type":"PropertyValueSpecification","valueRequired":true,"valueName":"search_term_string"}}],"inLanguage":"en-GB"},{"@type":"Organization","@id":"https:\/\/furnika.com.pl\/#organization","name":"Furnika","url":"https:\/\/furnika.com.pl\/","logo":{"@type":"ImageObject","inLanguage":"en-GB","@id":"https:\/\/furnika.com.pl\/#\/schema\/logo\/image\/","url":"https:\/\/furnika.com.pl\/wp-content\/uploads\/2026\/01\/cropped-logo-1.png","contentUrl":"https:\/\/furnika.com.pl\/wp-content\/uploads\/2026\/01\/cropped-logo-1.png","width":366,"height":113,"caption":"Furnika"},"image":{"@id":"https:\/\/furnika.com.pl\/#\/schema\/logo\/image\/"}}]}},"_links":{"self":[{"href":"https:\/\/furnika.com.pl\/en\/wp-json\/wp\/v2\/product\/2185","targetHints":{"allow":["GET"]}}],"collection":[{"href":"https:\/\/furnika.com.pl\/en\/wp-json\/wp\/v2\/product"}],"about":[{"href":"https:\/\/furnika.com.pl\/en\/wp-json\/wp\/v2\/types\/product"}],"wp:featuredmedia":[{"embeddable":true,"href":"https:\/\/furnika.com.pl\/en\/wp-json\/wp\/v2\/media\/2507"}],"wp:attachment":[{"href":"https:\/\/furnika.com.pl\/en\/wp-json\/wp\/v2\/media?parent=2185"}],"wp:term":[{"taxonomy":"product_brand","embeddable":true,"href":"https:\/\/furnika.com.pl\/en\/wp-json\/wp\/v2\/product_brand?post=2185"},{"taxonomy":"product_cat","embeddable":true,"href":"https:\/\/furnika.com.pl\/en\/wp-json\/wp\/v2\/product_cat?post=2185"},{"taxonomy":"product_tag","embeddable":true,"href":"https:\/\/furnika.com.pl\/en\/wp-json\/wp\/v2\/product_tag?post=2185"}],"curies":[{"name":"wp","href":"https:\/\/api.w.org\/{rel}","templated":true}]}}