{"id":3293,"date":"2026-04-22T12:00:56","date_gmt":"2026-04-22T12:00:56","guid":{"rendered":"https:\/\/furnika.com.pl\/?post_type=product&#038;p=3293"},"modified":"2026-04-22T12:00:56","modified_gmt":"2026-04-22T12:00:56","slug":"ala-2-800-ip44","status":"publish","type":"product","link":"https:\/\/furnika.com.pl\/en\/product\/ala-2-800-ip44\/","title":{"rendered":"Ala 2 800 IP44"},"content":{"rendered":"","protected":false},"excerpt":{"rendered":"<p>The ALA 2 800 IP44 with a length of 800 mm is a practical solution for bathrooms, above mirrors, or for cabinet fronts. The wall light can be mounted directly on the top edge of a cabinet or above a mirror. It can serve as the main light source in smaller areas or as effective additional lighting that improves the functionality of the space.<\/p>\n<p>The fitting has an IP44 protection rating, making it resistant to moisture and splashes. This makes it well suited for bathrooms and other areas where water is present.<\/p>\n<p>It is available in three housing finishes: chrome, aluminium, and black, as well as in three light color options: warm, cool, and neutral. Warm light creates a cozy atmosphere, cool light is ideal for precise daily tasks such as morning routines, and neutral light is closest to daylight, providing accurate color rendering.<\/p>\n<p><span data-teams=\"true\">\u00a0<\/span><\/p>","protected":false},"featured_media":3623,"template":"","meta":[],"product_brand":[],"product_cat":[83,67,61,62,60],"product_tag":[],"class_list":{"0":"post-3293","1":"product","2":"type-product","3":"status-publish","4":"has-post-thumbnail","6":"product_cat-garderoba","7":"product_cat-lampy-led-230v","8":"product_cat-lazienka","9":"product_cat-salon","10":"product_cat-sypialnia","12":"first","13":"instock","14":"shipping-taxable","15":"product-type-simple"},"yoast_head":"<!-- This site is optimized with the Yoast SEO plugin v27.4 - https:\/\/yoast.com\/product\/yoast-seo-wordpress\/ -->\n<title>Ala 2 800 IP44 - Furnika<\/title>\n<meta name=\"robots\" content=\"index, follow, max-snippet:-1, max-image-preview:large, max-video-preview:-1\" \/>\n<link rel=\"canonical\" href=\"https:\/\/furnika.com.pl\/en\/product\/ala-2-800-ip44\/\" \/>\n<meta property=\"og:locale\" content=\"en_GB\" \/>\n<meta property=\"og:type\" content=\"article\" \/>\n<meta property=\"og:title\" content=\"Ala 2 800 IP44 - Furnika\" \/>\n<meta property=\"og:description\" content=\"ALA 2 800 IP44 o d\u0142ugo\u015bci 800 mm to praktyczne rozwi\u0105zanie do \u0142azienki, nad lustro czy fronty szaf. Kinkiet mo\u017cna zamocowa\u0107 bezpo\u015brednio na g\u00f3rnej kraw\u0119dzi szafki lub nad lustrem. Lampa mo\u017ce pe\u0142ni\u0107 funkcj\u0119 g\u0142\u00f3wnego \u015bwiat\u0142a w mniejszych strefach lub skutecznego o\u015bwietlenia uzupe\u0142niaj\u0105cego, poprawiaj\u0105cego funkcjonalno\u015b\u0107 pomieszczenia.  Oprawa posiada klas\u0119 ochrony IP44, wi\u0119c jest odporna na wilgo\u0107 i zachlapania. \u015awietnie sprawdza si\u0119 wi\u0119c w \u0142azience i innych pomieszczeniach, gdzie wyst\u0119puje woda.  Dost\u0119pna jest w trzech wersjach kolorystycznych: chrom, aluminium i czarny, oraz trzech barwach \u015bwiat\u0142a: ciep\u0142ej, zimnej i neutralnej. Ciep\u0142a barwa wprowadza przytulny klimat, zimna idealnie sprawdza si\u0119 przy codziennych czynno\u015bciach wymagaj\u0105cych precyzji, np. poranna toaleta, a barwa neutralna jest najbardziej zbli\u017cona do \u015bwiat\u0142a dziennego, dzi\u0119ki czemu nie przek\u0142amuje kolor\u00f3w.  \u00a0\" \/>\n<meta property=\"og:url\" content=\"https:\/\/furnika.com.pl\/en\/product\/ala-2-800-ip44\/\" \/>\n<meta property=\"og:site_name\" content=\"Furnika\" \/>\n<meta property=\"og:image\" content=\"https:\/\/furnika.com.pl\/wp-content\/uploads\/2026\/04\/ALA-2-800-IP44-WWW-zdjecie.webp\" \/>\n\t<meta property=\"og:image:width\" content=\"800\" \/>\n\t<meta property=\"og:image:height\" content=\"800\" \/>\n\t<meta property=\"og:image:type\" content=\"image\/webp\" \/>\n<meta name=\"twitter:card\" content=\"summary_large_image\" \/>\n<meta name=\"twitter:label1\" content=\"Estimated reading time\" \/>\n\t<meta name=\"twitter:data1\" content=\"1 minute\" \/>\n<script type=\"application\/ld+json\" class=\"yoast-schema-graph\">{\"@context\":\"https:\\\/\\\/schema.org\",\"@graph\":[{\"@type\":\"WebPage\",\"@id\":\"https:\\\/\\\/furnika.com.pl\\\/produkt\\\/ala-2-800-ip44\\\/\",\"url\":\"https:\\\/\\\/furnika.com.pl\\\/produkt\\\/ala-2-800-ip44\\\/\",\"name\":\"Ala 2 800 IP44 - Furnika\",\"isPartOf\":{\"@id\":\"https:\\\/\\\/furnika.com.pl\\\/#website\"},\"primaryImageOfPage\":{\"@id\":\"https:\\\/\\\/furnika.com.pl\\\/produkt\\\/ala-2-800-ip44\\\/#primaryimage\"},\"image\":{\"@id\":\"https:\\\/\\\/furnika.com.pl\\\/produkt\\\/ala-2-800-ip44\\\/#primaryimage\"},\"thumbnailUrl\":\"https:\\\/\\\/furnika.com.pl\\\/wp-content\\\/uploads\\\/2026\\\/04\\\/ALA-2-800-IP44-WWW-zdjecie.webp\",\"datePublished\":\"2026-04-22T12:00:56+00:00\",\"breadcrumb\":{\"@id\":\"https:\\\/\\\/furnika.com.pl\\\/produkt\\\/ala-2-800-ip44\\\/#breadcrumb\"},\"inLanguage\":\"en-GB\",\"potentialAction\":[{\"@type\":\"ReadAction\",\"target\":[\"https:\\\/\\\/furnika.com.pl\\\/produkt\\\/ala-2-800-ip44\\\/\"]}]},{\"@type\":\"ImageObject\",\"inLanguage\":\"en-GB\",\"@id\":\"https:\\\/\\\/furnika.com.pl\\\/produkt\\\/ala-2-800-ip44\\\/#primaryimage\",\"url\":\"https:\\\/\\\/furnika.com.pl\\\/wp-content\\\/uploads\\\/2026\\\/04\\\/ALA-2-800-IP44-WWW-zdjecie.webp\",\"contentUrl\":\"https:\\\/\\\/furnika.com.pl\\\/wp-content\\\/uploads\\\/2026\\\/04\\\/ALA-2-800-IP44-WWW-zdjecie.webp\",\"width\":800,\"height\":800},{\"@type\":\"BreadcrumbList\",\"@id\":\"https:\\\/\\\/furnika.com.pl\\\/produkt\\\/ala-2-800-ip44\\\/#breadcrumb\",\"itemListElement\":[{\"@type\":\"ListItem\",\"position\":1,\"name\":\"Strona g\u0142\u00f3wna\",\"item\":\"https:\\\/\\\/furnika.com.pl\\\/\"},{\"@type\":\"ListItem\",\"position\":2,\"name\":\"Produkty\",\"item\":\"https:\\\/\\\/furnika.com.pl\\\/produkty\\\/\"},{\"@type\":\"ListItem\",\"position\":3,\"name\":\"Ala 2 800 IP44\"}]},{\"@type\":\"WebSite\",\"@id\":\"https:\\\/\\\/furnika.com.pl\\\/#website\",\"url\":\"https:\\\/\\\/furnika.com.pl\\\/\",\"name\":\"Furnika\",\"description\":\"Light created with passion\",\"publisher\":{\"@id\":\"https:\\\/\\\/furnika.com.pl\\\/#organization\"},\"potentialAction\":[{\"@type\":\"SearchAction\",\"target\":{\"@type\":\"EntryPoint\",\"urlTemplate\":\"https:\\\/\\\/furnika.com.pl\\\/?s={search_term_string}\"},\"query-input\":{\"@type\":\"PropertyValueSpecification\",\"valueRequired\":true,\"valueName\":\"search_term_string\"}}],\"inLanguage\":\"en-GB\"},{\"@type\":\"Organization\",\"@id\":\"https:\\\/\\\/furnika.com.pl\\\/#organization\",\"name\":\"Furnika\",\"url\":\"https:\\\/\\\/furnika.com.pl\\\/\",\"logo\":{\"@type\":\"ImageObject\",\"inLanguage\":\"en-GB\",\"@id\":\"https:\\\/\\\/furnika.com.pl\\\/#\\\/schema\\\/logo\\\/image\\\/\",\"url\":\"https:\\\/\\\/furnika.com.pl\\\/wp-content\\\/uploads\\\/2026\\\/01\\\/cropped-logo-1.png\",\"contentUrl\":\"https:\\\/\\\/furnika.com.pl\\\/wp-content\\\/uploads\\\/2026\\\/01\\\/cropped-logo-1.png\",\"width\":366,\"height\":113,\"caption\":\"Furnika\"},\"image\":{\"@id\":\"https:\\\/\\\/furnika.com.pl\\\/#\\\/schema\\\/logo\\\/image\\\/\"}}]}<\/script>\n<!-- \/ Yoast SEO plugin. -->","yoast_head_json":{"title":"Ala 2 800 IP44 - Furnika","robots":{"index":"index","follow":"follow","max-snippet":"max-snippet:-1","max-image-preview":"max-image-preview:large","max-video-preview":"max-video-preview:-1"},"canonical":"https:\/\/furnika.com.pl\/en\/product\/ala-2-800-ip44\/","og_locale":"en_GB","og_type":"article","og_title":"Ala 2 800 IP44 - Furnika","og_description":"ALA 2 800 IP44 o d\u0142ugo\u015bci 800 mm to praktyczne rozwi\u0105zanie do \u0142azienki, nad lustro czy fronty szaf. Kinkiet mo\u017cna zamocowa\u0107 bezpo\u015brednio na g\u00f3rnej kraw\u0119dzi szafki lub nad lustrem. Lampa mo\u017ce pe\u0142ni\u0107 funkcj\u0119 g\u0142\u00f3wnego \u015bwiat\u0142a w mniejszych strefach lub skutecznego o\u015bwietlenia uzupe\u0142niaj\u0105cego, poprawiaj\u0105cego funkcjonalno\u015b\u0107 pomieszczenia.  Oprawa posiada klas\u0119 ochrony IP44, wi\u0119c jest odporna na wilgo\u0107 i zachlapania. \u015awietnie sprawdza si\u0119 wi\u0119c w \u0142azience i innych pomieszczeniach, gdzie wyst\u0119puje woda.  Dost\u0119pna jest w trzech wersjach kolorystycznych: chrom, aluminium i czarny, oraz trzech barwach \u015bwiat\u0142a: ciep\u0142ej, zimnej i neutralnej. Ciep\u0142a barwa wprowadza przytulny klimat, zimna idealnie sprawdza si\u0119 przy codziennych czynno\u015bciach wymagaj\u0105cych precyzji, np. poranna toaleta, a barwa neutralna jest najbardziej zbli\u017cona do \u015bwiat\u0142a dziennego, dzi\u0119ki czemu nie przek\u0142amuje kolor\u00f3w.  \u00a0","og_url":"https:\/\/furnika.com.pl\/en\/product\/ala-2-800-ip44\/","og_site_name":"Furnika","og_image":[{"width":800,"height":800,"url":"https:\/\/furnika.com.pl\/wp-content\/uploads\/2026\/04\/ALA-2-800-IP44-WWW-zdjecie.webp","type":"image\/webp"}],"twitter_card":"summary_large_image","twitter_misc":{"Estimated reading time":"1 minute"},"schema":{"@context":"https:\/\/schema.org","@graph":[{"@type":"WebPage","@id":"https:\/\/furnika.com.pl\/produkt\/ala-2-800-ip44\/","url":"https:\/\/furnika.com.pl\/produkt\/ala-2-800-ip44\/","name":"Ala 2 800 IP44 - Furnika","isPartOf":{"@id":"https:\/\/furnika.com.pl\/#website"},"primaryImageOfPage":{"@id":"https:\/\/furnika.com.pl\/produkt\/ala-2-800-ip44\/#primaryimage"},"image":{"@id":"https:\/\/furnika.com.pl\/produkt\/ala-2-800-ip44\/#primaryimage"},"thumbnailUrl":"https:\/\/furnika.com.pl\/wp-content\/uploads\/2026\/04\/ALA-2-800-IP44-WWW-zdjecie.webp","datePublished":"2026-04-22T12:00:56+00:00","breadcrumb":{"@id":"https:\/\/furnika.com.pl\/produkt\/ala-2-800-ip44\/#breadcrumb"},"inLanguage":"en-GB","potentialAction":[{"@type":"ReadAction","target":["https:\/\/furnika.com.pl\/produkt\/ala-2-800-ip44\/"]}]},{"@type":"ImageObject","inLanguage":"en-GB","@id":"https:\/\/furnika.com.pl\/produkt\/ala-2-800-ip44\/#primaryimage","url":"https:\/\/furnika.com.pl\/wp-content\/uploads\/2026\/04\/ALA-2-800-IP44-WWW-zdjecie.webp","contentUrl":"https:\/\/furnika.com.pl\/wp-content\/uploads\/2026\/04\/ALA-2-800-IP44-WWW-zdjecie.webp","width":800,"height":800},{"@type":"BreadcrumbList","@id":"https:\/\/furnika.com.pl\/produkt\/ala-2-800-ip44\/#breadcrumb","itemListElement":[{"@type":"ListItem","position":1,"name":"Strona g\u0142\u00f3wna","item":"https:\/\/furnika.com.pl\/"},{"@type":"ListItem","position":2,"name":"Produkty","item":"https:\/\/furnika.com.pl\/produkty\/"},{"@type":"ListItem","position":3,"name":"Ala 2 800 IP44"}]},{"@type":"WebSite","@id":"https:\/\/furnika.com.pl\/#website","url":"https:\/\/furnika.com.pl\/","name":"Furnika","description":"Light created with passion","publisher":{"@id":"https:\/\/furnika.com.pl\/#organization"},"potentialAction":[{"@type":"SearchAction","target":{"@type":"EntryPoint","urlTemplate":"https:\/\/furnika.com.pl\/?s={search_term_string}"},"query-input":{"@type":"PropertyValueSpecification","valueRequired":true,"valueName":"search_term_string"}}],"inLanguage":"en-GB"},{"@type":"Organization","@id":"https:\/\/furnika.com.pl\/#organization","name":"Furnika","url":"https:\/\/furnika.com.pl\/","logo":{"@type":"ImageObject","inLanguage":"en-GB","@id":"https:\/\/furnika.com.pl\/#\/schema\/logo\/image\/","url":"https:\/\/furnika.com.pl\/wp-content\/uploads\/2026\/01\/cropped-logo-1.png","contentUrl":"https:\/\/furnika.com.pl\/wp-content\/uploads\/2026\/01\/cropped-logo-1.png","width":366,"height":113,"caption":"Furnika"},"image":{"@id":"https:\/\/furnika.com.pl\/#\/schema\/logo\/image\/"}}]}},"_links":{"self":[{"href":"https:\/\/furnika.com.pl\/en\/wp-json\/wp\/v2\/product\/3293","targetHints":{"allow":["GET"]}}],"collection":[{"href":"https:\/\/furnika.com.pl\/en\/wp-json\/wp\/v2\/product"}],"about":[{"href":"https:\/\/furnika.com.pl\/en\/wp-json\/wp\/v2\/types\/product"}],"wp:featuredmedia":[{"embeddable":true,"href":"https:\/\/furnika.com.pl\/en\/wp-json\/wp\/v2\/media\/3623"}],"wp:attachment":[{"href":"https:\/\/furnika.com.pl\/en\/wp-json\/wp\/v2\/media?parent=3293"}],"wp:term":[{"taxonomy":"product_brand","embeddable":true,"href":"https:\/\/furnika.com.pl\/en\/wp-json\/wp\/v2\/product_brand?post=3293"},{"taxonomy":"product_cat","embeddable":true,"href":"https:\/\/furnika.com.pl\/en\/wp-json\/wp\/v2\/product_cat?post=3293"},{"taxonomy":"product_tag","embeddable":true,"href":"https:\/\/furnika.com.pl\/en\/wp-json\/wp\/v2\/product_tag?post=3293"}],"curies":[{"name":"wp","href":"https:\/\/api.w.org\/{rel}","templated":true}]}}