{"id":3394,"date":"2026-04-10T08:02:56","date_gmt":"2026-04-10T08:02:56","guid":{"rendered":"https:\/\/furnika.com.pl\/?post_type=product&#038;p=3394"},"modified":"2026-04-10T08:10:14","modified_gmt":"2026-04-10T08:10:14","slug":"gm-i-233-gm-ii-233","status":"publish","type":"product","link":"https:\/\/furnika.com.pl\/en\/product\/gm-i-233-gm-ii-233\/","title":{"rendered":"GM I 233 \/ GM II 233"},"content":{"rendered":"","protected":false},"excerpt":{"rendered":"<p>GM I 233 and GM II 233 are edge-mounted LED lighting fixtures designed for surface installation on furniture edges such as countertops, shelves, and cabinets. Both fixtures have similar technical parameters but differ in the perforation pattern of the front panel. GM I features a hexagonal pattern (honeycomb) along the entire length, while GM II has a hexagonal perforation arranged in a central geometric pattern.<\/p>\n<p>The fixtures use an advanced LED light source with ARGB (Addressable RGB) technology, with a power rating of 1.6 W. This system allows precise control of colors and dynamic lighting effects. Operation is handled via a wireless remote control included in the set, enabling changes in colors, lighting modes, and brightness levels.<\/p>\n<p>The installation system is complete and includes power cables, a controller, and a plug-in power supply (12 V DC) connected directly to a 230 V socket. The cable connecting the fixture to the controller is 2 meters long. The fixtures are made of metal with a black finish. The design provides an IP20 protection rating and is classified as Protection Class III.<\/p>","protected":false},"featured_media":3450,"template":"","meta":[],"product_brand":[],"product_cat":[68,69,62,60],"product_tag":[],"class_list":{"0":"post-3394","1":"product","2":"type-product","3":"status-publish","4":"has-post-thumbnail","6":"product_cat-lampy-led","7":"product_cat-profile","8":"product_cat-salon","9":"product_cat-sypialnia","11":"first","12":"instock","13":"shipping-taxable","14":"product-type-simple"},"yoast_head":"<!-- This site is optimized with the Yoast SEO plugin v27.4 - https:\/\/yoast.com\/product\/yoast-seo-wordpress\/ -->\n<title>GM I 233 \/ GM II 233 - Furnika<\/title>\n<meta name=\"robots\" content=\"index, follow, max-snippet:-1, max-image-preview:large, max-video-preview:-1\" \/>\n<link rel=\"canonical\" href=\"https:\/\/furnika.com.pl\/en\/product\/gm-i-233-gm-ii-233\/\" \/>\n<meta property=\"og:locale\" content=\"en_GB\" \/>\n<meta property=\"og:type\" content=\"article\" \/>\n<meta property=\"og:title\" content=\"GM I 233 \/ GM II 233 - Furnika\" \/>\n<meta property=\"og:description\" content=\"GM I 233 oraz GM II 233 to kraw\u0119dziowe oprawy o\u015bwietleniowe LED przeznaczone do monta\u017cu nawierzchniowego na kraw\u0119dziach mebli, takich jak blaty, p\u00f3\u0142ki czy szafki. Obie oprawy maj\u0105 zbli\u017cone parametry techniczne, a r\u00f3\u017cni\u0105 si\u0119 wzorem perforacji panelu czo\u0142owego: GM I posiada uk\u0142ad heksagonalny (plaster miodu) na ca\u0142ej d\u0142ugo\u015bci, natomiast GM II cechuje perforacja heksagonalna u\u0142o\u017cona w centralny wz\u00f3r geometryczny.  Oprawy wykorzystuj\u0105 zaawansowane \u017ar\u00f3d\u0142o \u015bwiat\u0142a LED w technologii ARGB (Adresowalne RGB) o mocy 1,6W. System ten pozwala na precyzyjne sterowanie kolorystyk\u0105 oraz dynamicznymi efektami \u015bwietlnymi. Sterowanie odbywa si\u0119 przy pomocy do\u0142\u0105czonego do zestawu bezprzewodowego pilota, kt\u00f3ry umo\u017cliwia zmian\u0119 barw, tryb\u00f3w \u015bwiecenia oraz regulacj\u0119 jasno\u015bci.  System instalacyjny jest kompletny i zawiera przewody zasilaj\u0105ce, sterownik oraz zasilacz wtyczkowy (12V DC) pod\u0142\u0105czany bezpo\u015brednio do gniazda 230V. Przew\u00f3d \u0142\u0105cz\u0105cy opraw\u0119 ze sterownikiem ma d\u0142ugo\u015b\u0107 2 metr\u00f3w. Oprawy wykonano z metalu wyko\u0144czonego w kolorze czarnym. Konstrukcja zapewnia stopie\u0144 szczelno\u015bci IP20 i wykonana jest w III klasie ochronno\u015bci.\" \/>\n<meta property=\"og:url\" content=\"https:\/\/furnika.com.pl\/en\/product\/gm-i-233-gm-ii-233\/\" \/>\n<meta property=\"og:site_name\" content=\"Furnika\" \/>\n<meta property=\"article:modified_time\" content=\"2026-04-10T08:10:14+00:00\" \/>\n<meta property=\"og:image\" content=\"https:\/\/furnika.com.pl\/wp-content\/uploads\/2026\/04\/GM-I-233-GM-II-233-WWW-zdjecie.webp\" \/>\n\t<meta property=\"og:image:width\" content=\"800\" \/>\n\t<meta property=\"og:image:height\" content=\"800\" \/>\n\t<meta property=\"og:image:type\" content=\"image\/webp\" \/>\n<meta name=\"twitter:card\" content=\"summary_large_image\" \/>\n<meta name=\"twitter:label1\" content=\"Estimated reading time\" \/>\n\t<meta name=\"twitter:data1\" content=\"1 minute\" \/>\n<script type=\"application\/ld+json\" class=\"yoast-schema-graph\">{\"@context\":\"https:\\\/\\\/schema.org\",\"@graph\":[{\"@type\":\"WebPage\",\"@id\":\"https:\\\/\\\/furnika.com.pl\\\/produkt\\\/gm-i-233-gm-ii-233\\\/\",\"url\":\"https:\\\/\\\/furnika.com.pl\\\/produkt\\\/gm-i-233-gm-ii-233\\\/\",\"name\":\"GM I 233 \\\/ GM II 233 - Furnika\",\"isPartOf\":{\"@id\":\"https:\\\/\\\/furnika.com.pl\\\/#website\"},\"primaryImageOfPage\":{\"@id\":\"https:\\\/\\\/furnika.com.pl\\\/produkt\\\/gm-i-233-gm-ii-233\\\/#primaryimage\"},\"image\":{\"@id\":\"https:\\\/\\\/furnika.com.pl\\\/produkt\\\/gm-i-233-gm-ii-233\\\/#primaryimage\"},\"thumbnailUrl\":\"https:\\\/\\\/furnika.com.pl\\\/wp-content\\\/uploads\\\/2026\\\/04\\\/GM-I-233-GM-II-233-WWW-zdjecie.webp\",\"datePublished\":\"2026-04-10T08:02:56+00:00\",\"dateModified\":\"2026-04-10T08:10:14+00:00\",\"breadcrumb\":{\"@id\":\"https:\\\/\\\/furnika.com.pl\\\/produkt\\\/gm-i-233-gm-ii-233\\\/#breadcrumb\"},\"inLanguage\":\"en-GB\",\"potentialAction\":[{\"@type\":\"ReadAction\",\"target\":[\"https:\\\/\\\/furnika.com.pl\\\/produkt\\\/gm-i-233-gm-ii-233\\\/\"]}]},{\"@type\":\"ImageObject\",\"inLanguage\":\"en-GB\",\"@id\":\"https:\\\/\\\/furnika.com.pl\\\/produkt\\\/gm-i-233-gm-ii-233\\\/#primaryimage\",\"url\":\"https:\\\/\\\/furnika.com.pl\\\/wp-content\\\/uploads\\\/2026\\\/04\\\/GM-I-233-GM-II-233-WWW-zdjecie.webp\",\"contentUrl\":\"https:\\\/\\\/furnika.com.pl\\\/wp-content\\\/uploads\\\/2026\\\/04\\\/GM-I-233-GM-II-233-WWW-zdjecie.webp\",\"width\":800,\"height\":800},{\"@type\":\"BreadcrumbList\",\"@id\":\"https:\\\/\\\/furnika.com.pl\\\/produkt\\\/gm-i-233-gm-ii-233\\\/#breadcrumb\",\"itemListElement\":[{\"@type\":\"ListItem\",\"position\":1,\"name\":\"Strona g\u0142\u00f3wna\",\"item\":\"https:\\\/\\\/furnika.com.pl\\\/\"},{\"@type\":\"ListItem\",\"position\":2,\"name\":\"Produkty\",\"item\":\"https:\\\/\\\/furnika.com.pl\\\/produkty\\\/\"},{\"@type\":\"ListItem\",\"position\":3,\"name\":\"GM I 233 \\\/ GM II 233\"}]},{\"@type\":\"WebSite\",\"@id\":\"https:\\\/\\\/furnika.com.pl\\\/#website\",\"url\":\"https:\\\/\\\/furnika.com.pl\\\/\",\"name\":\"Furnika\",\"description\":\"Light created with passion\",\"publisher\":{\"@id\":\"https:\\\/\\\/furnika.com.pl\\\/#organization\"},\"potentialAction\":[{\"@type\":\"SearchAction\",\"target\":{\"@type\":\"EntryPoint\",\"urlTemplate\":\"https:\\\/\\\/furnika.com.pl\\\/?s={search_term_string}\"},\"query-input\":{\"@type\":\"PropertyValueSpecification\",\"valueRequired\":true,\"valueName\":\"search_term_string\"}}],\"inLanguage\":\"en-GB\"},{\"@type\":\"Organization\",\"@id\":\"https:\\\/\\\/furnika.com.pl\\\/#organization\",\"name\":\"Furnika\",\"url\":\"https:\\\/\\\/furnika.com.pl\\\/\",\"logo\":{\"@type\":\"ImageObject\",\"inLanguage\":\"en-GB\",\"@id\":\"https:\\\/\\\/furnika.com.pl\\\/#\\\/schema\\\/logo\\\/image\\\/\",\"url\":\"https:\\\/\\\/furnika.com.pl\\\/wp-content\\\/uploads\\\/2026\\\/01\\\/cropped-logo-1.png\",\"contentUrl\":\"https:\\\/\\\/furnika.com.pl\\\/wp-content\\\/uploads\\\/2026\\\/01\\\/cropped-logo-1.png\",\"width\":366,\"height\":113,\"caption\":\"Furnika\"},\"image\":{\"@id\":\"https:\\\/\\\/furnika.com.pl\\\/#\\\/schema\\\/logo\\\/image\\\/\"}}]}<\/script>\n<!-- \/ Yoast SEO plugin. -->","yoast_head_json":{"title":"GM I 233 \/ GM II 233 - Furnika","robots":{"index":"index","follow":"follow","max-snippet":"max-snippet:-1","max-image-preview":"max-image-preview:large","max-video-preview":"max-video-preview:-1"},"canonical":"https:\/\/furnika.com.pl\/en\/product\/gm-i-233-gm-ii-233\/","og_locale":"en_GB","og_type":"article","og_title":"GM I 233 \/ GM II 233 - Furnika","og_description":"GM I 233 oraz GM II 233 to kraw\u0119dziowe oprawy o\u015bwietleniowe LED przeznaczone do monta\u017cu nawierzchniowego na kraw\u0119dziach mebli, takich jak blaty, p\u00f3\u0142ki czy szafki. Obie oprawy maj\u0105 zbli\u017cone parametry techniczne, a r\u00f3\u017cni\u0105 si\u0119 wzorem perforacji panelu czo\u0142owego: GM I posiada uk\u0142ad heksagonalny (plaster miodu) na ca\u0142ej d\u0142ugo\u015bci, natomiast GM II cechuje perforacja heksagonalna u\u0142o\u017cona w centralny wz\u00f3r geometryczny.  Oprawy wykorzystuj\u0105 zaawansowane \u017ar\u00f3d\u0142o \u015bwiat\u0142a LED w technologii ARGB (Adresowalne RGB) o mocy 1,6W. System ten pozwala na precyzyjne sterowanie kolorystyk\u0105 oraz dynamicznymi efektami \u015bwietlnymi. Sterowanie odbywa si\u0119 przy pomocy do\u0142\u0105czonego do zestawu bezprzewodowego pilota, kt\u00f3ry umo\u017cliwia zmian\u0119 barw, tryb\u00f3w \u015bwiecenia oraz regulacj\u0119 jasno\u015bci.  System instalacyjny jest kompletny i zawiera przewody zasilaj\u0105ce, sterownik oraz zasilacz wtyczkowy (12V DC) pod\u0142\u0105czany bezpo\u015brednio do gniazda 230V. Przew\u00f3d \u0142\u0105cz\u0105cy opraw\u0119 ze sterownikiem ma d\u0142ugo\u015b\u0107 2 metr\u00f3w. Oprawy wykonano z metalu wyko\u0144czonego w kolorze czarnym. Konstrukcja zapewnia stopie\u0144 szczelno\u015bci IP20 i wykonana jest w III klasie ochronno\u015bci.","og_url":"https:\/\/furnika.com.pl\/en\/product\/gm-i-233-gm-ii-233\/","og_site_name":"Furnika","article_modified_time":"2026-04-10T08:10:14+00:00","og_image":[{"width":800,"height":800,"url":"https:\/\/furnika.com.pl\/wp-content\/uploads\/2026\/04\/GM-I-233-GM-II-233-WWW-zdjecie.webp","type":"image\/webp"}],"twitter_card":"summary_large_image","twitter_misc":{"Estimated reading time":"1 minute"},"schema":{"@context":"https:\/\/schema.org","@graph":[{"@type":"WebPage","@id":"https:\/\/furnika.com.pl\/produkt\/gm-i-233-gm-ii-233\/","url":"https:\/\/furnika.com.pl\/produkt\/gm-i-233-gm-ii-233\/","name":"GM I 233 \/ GM II 233 - Furnika","isPartOf":{"@id":"https:\/\/furnika.com.pl\/#website"},"primaryImageOfPage":{"@id":"https:\/\/furnika.com.pl\/produkt\/gm-i-233-gm-ii-233\/#primaryimage"},"image":{"@id":"https:\/\/furnika.com.pl\/produkt\/gm-i-233-gm-ii-233\/#primaryimage"},"thumbnailUrl":"https:\/\/furnika.com.pl\/wp-content\/uploads\/2026\/04\/GM-I-233-GM-II-233-WWW-zdjecie.webp","datePublished":"2026-04-10T08:02:56+00:00","dateModified":"2026-04-10T08:10:14+00:00","breadcrumb":{"@id":"https:\/\/furnika.com.pl\/produkt\/gm-i-233-gm-ii-233\/#breadcrumb"},"inLanguage":"en-GB","potentialAction":[{"@type":"ReadAction","target":["https:\/\/furnika.com.pl\/produkt\/gm-i-233-gm-ii-233\/"]}]},{"@type":"ImageObject","inLanguage":"en-GB","@id":"https:\/\/furnika.com.pl\/produkt\/gm-i-233-gm-ii-233\/#primaryimage","url":"https:\/\/furnika.com.pl\/wp-content\/uploads\/2026\/04\/GM-I-233-GM-II-233-WWW-zdjecie.webp","contentUrl":"https:\/\/furnika.com.pl\/wp-content\/uploads\/2026\/04\/GM-I-233-GM-II-233-WWW-zdjecie.webp","width":800,"height":800},{"@type":"BreadcrumbList","@id":"https:\/\/furnika.com.pl\/produkt\/gm-i-233-gm-ii-233\/#breadcrumb","itemListElement":[{"@type":"ListItem","position":1,"name":"Strona g\u0142\u00f3wna","item":"https:\/\/furnika.com.pl\/"},{"@type":"ListItem","position":2,"name":"Produkty","item":"https:\/\/furnika.com.pl\/produkty\/"},{"@type":"ListItem","position":3,"name":"GM I 233 \/ GM II 233"}]},{"@type":"WebSite","@id":"https:\/\/furnika.com.pl\/#website","url":"https:\/\/furnika.com.pl\/","name":"Furnika","description":"Light created with passion","publisher":{"@id":"https:\/\/furnika.com.pl\/#organization"},"potentialAction":[{"@type":"SearchAction","target":{"@type":"EntryPoint","urlTemplate":"https:\/\/furnika.com.pl\/?s={search_term_string}"},"query-input":{"@type":"PropertyValueSpecification","valueRequired":true,"valueName":"search_term_string"}}],"inLanguage":"en-GB"},{"@type":"Organization","@id":"https:\/\/furnika.com.pl\/#organization","name":"Furnika","url":"https:\/\/furnika.com.pl\/","logo":{"@type":"ImageObject","inLanguage":"en-GB","@id":"https:\/\/furnika.com.pl\/#\/schema\/logo\/image\/","url":"https:\/\/furnika.com.pl\/wp-content\/uploads\/2026\/01\/cropped-logo-1.png","contentUrl":"https:\/\/furnika.com.pl\/wp-content\/uploads\/2026\/01\/cropped-logo-1.png","width":366,"height":113,"caption":"Furnika"},"image":{"@id":"https:\/\/furnika.com.pl\/#\/schema\/logo\/image\/"}}]}},"_links":{"self":[{"href":"https:\/\/furnika.com.pl\/en\/wp-json\/wp\/v2\/product\/3394","targetHints":{"allow":["GET"]}}],"collection":[{"href":"https:\/\/furnika.com.pl\/en\/wp-json\/wp\/v2\/product"}],"about":[{"href":"https:\/\/furnika.com.pl\/en\/wp-json\/wp\/v2\/types\/product"}],"wp:featuredmedia":[{"embeddable":true,"href":"https:\/\/furnika.com.pl\/en\/wp-json\/wp\/v2\/media\/3450"}],"wp:attachment":[{"href":"https:\/\/furnika.com.pl\/en\/wp-json\/wp\/v2\/media?parent=3394"}],"wp:term":[{"taxonomy":"product_brand","embeddable":true,"href":"https:\/\/furnika.com.pl\/en\/wp-json\/wp\/v2\/product_brand?post=3394"},{"taxonomy":"product_cat","embeddable":true,"href":"https:\/\/furnika.com.pl\/en\/wp-json\/wp\/v2\/product_cat?post=3394"},{"taxonomy":"product_tag","embeddable":true,"href":"https:\/\/furnika.com.pl\/en\/wp-json\/wp\/v2\/product_tag?post=3394"}],"curies":[{"name":"wp","href":"https:\/\/api.w.org\/{rel}","templated":true}]}}