{"id":3411,"date":"2026-04-20T11:38:13","date_gmt":"2026-04-20T11:38:13","guid":{"rendered":"https:\/\/furnika.com.pl\/?post_type=product&#038;p=3411"},"modified":"2026-04-20T11:38:13","modified_gmt":"2026-04-20T11:38:13","slug":"inline-l","status":"publish","type":"product","link":"https:\/\/furnika.com.pl\/en\/product\/inline-l\/","title":{"rendered":"Inline-L"},"content":{"rendered":"","protected":false},"excerpt":{"rendered":"<p data-start=\"0\" data-end=\"483\">The INLINE-L furniture fixture is a corner LED lamp designed for installation on the edges of bed headboards, wall panels, and other furniture elements. Its characteristic L-shaped form creates both functional and visually interesting corner lighting, highlighting the lines of the furniture.<\/p>\n<p data-start=\"485\" data-end=\"978\">The lamp is designed for permanent installation, ensuring stable and secure mounting in a furniture board. The model is available in versions with or without a switch, allowing convenient control without the need for additional wall switches. The fixture operates at a safe 12 V DC voltage and comes with a power cable, making installation easier in headboards, bedroom furniture, and hotel interiors.<\/p>\n<div class=\"container\">\n<div id=\"model-response-message-contentr_bdc46ef3589aa579\" class=\"markdown markdown-main-panel enable-updated-hr-color\" dir=\"ltr\" aria-live=\"polite\" aria-busy=\"false\">\n<p data-path-to-node=\"0\">INLINE-L is available in four housing finishes: chrome, aluminum, white, and black, allowing it to match various furniture styles. The user can choose from three light color options: warm white, neutral white, or cool white.<\/p>\n<\/div>\n<\/div>","protected":false},"featured_media":3583,"template":"","meta":[],"product_brand":[],"product_cat":[63,57,68,62,60],"product_tag":[],"class_list":{"0":"post-3411","1":"product","2":"type-product","3":"status-publish","4":"has-post-thumbnail","6":"product_cat-kamper","7":"product_cat-lampy-do-lozka","8":"product_cat-lampy-led","9":"product_cat-salon","10":"product_cat-sypialnia","12":"first","13":"instock","14":"shipping-taxable","15":"product-type-simple"},"yoast_head":"<!-- This site is optimized with the Yoast SEO plugin v27.4 - https:\/\/yoast.com\/product\/yoast-seo-wordpress\/ -->\n<title>Inline-L - Furnika<\/title>\n<meta name=\"robots\" content=\"index, follow, max-snippet:-1, max-image-preview:large, max-video-preview:-1\" \/>\n<link rel=\"canonical\" href=\"https:\/\/furnika.com.pl\/en\/product\/inline-l\/\" \/>\n<meta property=\"og:locale\" content=\"en_GB\" \/>\n<meta property=\"og:type\" content=\"article\" \/>\n<meta property=\"og:title\" content=\"Inline-L - Furnika\" \/>\n<meta property=\"og:description\" content=\"Oprawa meblowa INLINE-L to naro\u017cna lampka LED przeznaczona do monta\u017cu na kraw\u0119dziach zag\u0142\u00f3wk\u00f3w \u0142\u00f3\u017cek, panelach \u015bciennych oraz innych elementach zabudowy meblowej. Jej charakterystyczna forma w kszta\u0142cie litery \u201eL\u201d pozwala uzyska\u0107 ciekawe i funkcjonalne o\u015bwietlenie naro\u017cnika, kt\u00f3re podkre\u015bla lini\u0119 mebla. Lampka zosta\u0142a przystosowana do trwa\u0142ego monta\u017cu, co zapewnia stabilne i pewne osadzenie w p\u0142ycie meblowej. Model dost\u0119pny jest w wersji z lub bez w\u0142\u0105cznika, co umo\u017cliwia wygodne sterowanie \u015bwiat\u0142em bez potrzeby stosowania dodatkowych prze\u0142\u0105cznik\u00f3w. Oprawa pracuje przy bezpiecznym napi\u0119ciu 12V DC i zosta\u0142a wyposa\u017cona w przew\u00f3d zasilaj\u0105cy, co u\u0142atwia jej monta\u017c w zag\u0142\u00f3wkach, zabudowach sypialnianych oraz meblach hotelowych.    Oprawa INLINE-L oferuje cztery wersje wyko\u0144czenia: chrom, aluminium, biel oraz czer\u0144, co pozwala na idealne dopasowanie jej do dowolnej stylistyki mebli. U\u017cytkownik mo\u017ce wybra\u0107\u00a0 spo\u015br\u00f3d trzech wariant\u00f3w barwy \u015bwiecenia: ciep\u0142ej, neutralnej lub zimnej.\" \/>\n<meta property=\"og:url\" content=\"https:\/\/furnika.com.pl\/en\/product\/inline-l\/\" \/>\n<meta property=\"og:site_name\" content=\"Furnika\" \/>\n<meta property=\"og:image\" content=\"https:\/\/furnika.com.pl\/wp-content\/uploads\/2026\/04\/INLINE-L-WWW-aranzacja.webp\" \/>\n\t<meta property=\"og:image:width\" content=\"800\" \/>\n\t<meta property=\"og:image:height\" content=\"800\" \/>\n\t<meta property=\"og:image:type\" content=\"image\/webp\" \/>\n<meta name=\"twitter:card\" content=\"summary_large_image\" \/>\n<meta name=\"twitter:label1\" content=\"Estimated reading time\" \/>\n\t<meta name=\"twitter:data1\" content=\"1 minute\" \/>\n<script type=\"application\/ld+json\" class=\"yoast-schema-graph\">{\"@context\":\"https:\\\/\\\/schema.org\",\"@graph\":[{\"@type\":\"WebPage\",\"@id\":\"https:\\\/\\\/furnika.com.pl\\\/produkt\\\/inline-l\\\/\",\"url\":\"https:\\\/\\\/furnika.com.pl\\\/produkt\\\/inline-l\\\/\",\"name\":\"Inline-L - Furnika\",\"isPartOf\":{\"@id\":\"https:\\\/\\\/furnika.com.pl\\\/#website\"},\"primaryImageOfPage\":{\"@id\":\"https:\\\/\\\/furnika.com.pl\\\/produkt\\\/inline-l\\\/#primaryimage\"},\"image\":{\"@id\":\"https:\\\/\\\/furnika.com.pl\\\/produkt\\\/inline-l\\\/#primaryimage\"},\"thumbnailUrl\":\"https:\\\/\\\/furnika.com.pl\\\/wp-content\\\/uploads\\\/2026\\\/04\\\/INLINE-L-WWW-aranzacja.webp\",\"datePublished\":\"2026-04-20T11:38:13+00:00\",\"breadcrumb\":{\"@id\":\"https:\\\/\\\/furnika.com.pl\\\/produkt\\\/inline-l\\\/#breadcrumb\"},\"inLanguage\":\"en-GB\",\"potentialAction\":[{\"@type\":\"ReadAction\",\"target\":[\"https:\\\/\\\/furnika.com.pl\\\/produkt\\\/inline-l\\\/\"]}]},{\"@type\":\"ImageObject\",\"inLanguage\":\"en-GB\",\"@id\":\"https:\\\/\\\/furnika.com.pl\\\/produkt\\\/inline-l\\\/#primaryimage\",\"url\":\"https:\\\/\\\/furnika.com.pl\\\/wp-content\\\/uploads\\\/2026\\\/04\\\/INLINE-L-WWW-aranzacja.webp\",\"contentUrl\":\"https:\\\/\\\/furnika.com.pl\\\/wp-content\\\/uploads\\\/2026\\\/04\\\/INLINE-L-WWW-aranzacja.webp\",\"width\":800,\"height\":800},{\"@type\":\"BreadcrumbList\",\"@id\":\"https:\\\/\\\/furnika.com.pl\\\/produkt\\\/inline-l\\\/#breadcrumb\",\"itemListElement\":[{\"@type\":\"ListItem\",\"position\":1,\"name\":\"Strona g\u0142\u00f3wna\",\"item\":\"https:\\\/\\\/furnika.com.pl\\\/\"},{\"@type\":\"ListItem\",\"position\":2,\"name\":\"Produkty\",\"item\":\"https:\\\/\\\/furnika.com.pl\\\/produkty\\\/\"},{\"@type\":\"ListItem\",\"position\":3,\"name\":\"Inline-L\"}]},{\"@type\":\"WebSite\",\"@id\":\"https:\\\/\\\/furnika.com.pl\\\/#website\",\"url\":\"https:\\\/\\\/furnika.com.pl\\\/\",\"name\":\"Furnika\",\"description\":\"Light created with passion\",\"publisher\":{\"@id\":\"https:\\\/\\\/furnika.com.pl\\\/#organization\"},\"potentialAction\":[{\"@type\":\"SearchAction\",\"target\":{\"@type\":\"EntryPoint\",\"urlTemplate\":\"https:\\\/\\\/furnika.com.pl\\\/?s={search_term_string}\"},\"query-input\":{\"@type\":\"PropertyValueSpecification\",\"valueRequired\":true,\"valueName\":\"search_term_string\"}}],\"inLanguage\":\"en-GB\"},{\"@type\":\"Organization\",\"@id\":\"https:\\\/\\\/furnika.com.pl\\\/#organization\",\"name\":\"Furnika\",\"url\":\"https:\\\/\\\/furnika.com.pl\\\/\",\"logo\":{\"@type\":\"ImageObject\",\"inLanguage\":\"en-GB\",\"@id\":\"https:\\\/\\\/furnika.com.pl\\\/#\\\/schema\\\/logo\\\/image\\\/\",\"url\":\"https:\\\/\\\/furnika.com.pl\\\/wp-content\\\/uploads\\\/2026\\\/01\\\/cropped-logo-1.png\",\"contentUrl\":\"https:\\\/\\\/furnika.com.pl\\\/wp-content\\\/uploads\\\/2026\\\/01\\\/cropped-logo-1.png\",\"width\":366,\"height\":113,\"caption\":\"Furnika\"},\"image\":{\"@id\":\"https:\\\/\\\/furnika.com.pl\\\/#\\\/schema\\\/logo\\\/image\\\/\"}}]}<\/script>\n<!-- \/ Yoast SEO plugin. -->","yoast_head_json":{"title":"Inline-L - Furnika","robots":{"index":"index","follow":"follow","max-snippet":"max-snippet:-1","max-image-preview":"max-image-preview:large","max-video-preview":"max-video-preview:-1"},"canonical":"https:\/\/furnika.com.pl\/en\/product\/inline-l\/","og_locale":"en_GB","og_type":"article","og_title":"Inline-L - Furnika","og_description":"Oprawa meblowa INLINE-L to naro\u017cna lampka LED przeznaczona do monta\u017cu na kraw\u0119dziach zag\u0142\u00f3wk\u00f3w \u0142\u00f3\u017cek, panelach \u015bciennych oraz innych elementach zabudowy meblowej. Jej charakterystyczna forma w kszta\u0142cie litery \u201eL\u201d pozwala uzyska\u0107 ciekawe i funkcjonalne o\u015bwietlenie naro\u017cnika, kt\u00f3re podkre\u015bla lini\u0119 mebla. Lampka zosta\u0142a przystosowana do trwa\u0142ego monta\u017cu, co zapewnia stabilne i pewne osadzenie w p\u0142ycie meblowej. Model dost\u0119pny jest w wersji z lub bez w\u0142\u0105cznika, co umo\u017cliwia wygodne sterowanie \u015bwiat\u0142em bez potrzeby stosowania dodatkowych prze\u0142\u0105cznik\u00f3w. Oprawa pracuje przy bezpiecznym napi\u0119ciu 12V DC i zosta\u0142a wyposa\u017cona w przew\u00f3d zasilaj\u0105cy, co u\u0142atwia jej monta\u017c w zag\u0142\u00f3wkach, zabudowach sypialnianych oraz meblach hotelowych.    Oprawa INLINE-L oferuje cztery wersje wyko\u0144czenia: chrom, aluminium, biel oraz czer\u0144, co pozwala na idealne dopasowanie jej do dowolnej stylistyki mebli. U\u017cytkownik mo\u017ce wybra\u0107\u00a0 spo\u015br\u00f3d trzech wariant\u00f3w barwy \u015bwiecenia: ciep\u0142ej, neutralnej lub zimnej.","og_url":"https:\/\/furnika.com.pl\/en\/product\/inline-l\/","og_site_name":"Furnika","og_image":[{"width":800,"height":800,"url":"https:\/\/furnika.com.pl\/wp-content\/uploads\/2026\/04\/INLINE-L-WWW-aranzacja.webp","type":"image\/webp"}],"twitter_card":"summary_large_image","twitter_misc":{"Estimated reading time":"1 minute"},"schema":{"@context":"https:\/\/schema.org","@graph":[{"@type":"WebPage","@id":"https:\/\/furnika.com.pl\/produkt\/inline-l\/","url":"https:\/\/furnika.com.pl\/produkt\/inline-l\/","name":"Inline-L - Furnika","isPartOf":{"@id":"https:\/\/furnika.com.pl\/#website"},"primaryImageOfPage":{"@id":"https:\/\/furnika.com.pl\/produkt\/inline-l\/#primaryimage"},"image":{"@id":"https:\/\/furnika.com.pl\/produkt\/inline-l\/#primaryimage"},"thumbnailUrl":"https:\/\/furnika.com.pl\/wp-content\/uploads\/2026\/04\/INLINE-L-WWW-aranzacja.webp","datePublished":"2026-04-20T11:38:13+00:00","breadcrumb":{"@id":"https:\/\/furnika.com.pl\/produkt\/inline-l\/#breadcrumb"},"inLanguage":"en-GB","potentialAction":[{"@type":"ReadAction","target":["https:\/\/furnika.com.pl\/produkt\/inline-l\/"]}]},{"@type":"ImageObject","inLanguage":"en-GB","@id":"https:\/\/furnika.com.pl\/produkt\/inline-l\/#primaryimage","url":"https:\/\/furnika.com.pl\/wp-content\/uploads\/2026\/04\/INLINE-L-WWW-aranzacja.webp","contentUrl":"https:\/\/furnika.com.pl\/wp-content\/uploads\/2026\/04\/INLINE-L-WWW-aranzacja.webp","width":800,"height":800},{"@type":"BreadcrumbList","@id":"https:\/\/furnika.com.pl\/produkt\/inline-l\/#breadcrumb","itemListElement":[{"@type":"ListItem","position":1,"name":"Strona g\u0142\u00f3wna","item":"https:\/\/furnika.com.pl\/"},{"@type":"ListItem","position":2,"name":"Produkty","item":"https:\/\/furnika.com.pl\/produkty\/"},{"@type":"ListItem","position":3,"name":"Inline-L"}]},{"@type":"WebSite","@id":"https:\/\/furnika.com.pl\/#website","url":"https:\/\/furnika.com.pl\/","name":"Furnika","description":"Light created with passion","publisher":{"@id":"https:\/\/furnika.com.pl\/#organization"},"potentialAction":[{"@type":"SearchAction","target":{"@type":"EntryPoint","urlTemplate":"https:\/\/furnika.com.pl\/?s={search_term_string}"},"query-input":{"@type":"PropertyValueSpecification","valueRequired":true,"valueName":"search_term_string"}}],"inLanguage":"en-GB"},{"@type":"Organization","@id":"https:\/\/furnika.com.pl\/#organization","name":"Furnika","url":"https:\/\/furnika.com.pl\/","logo":{"@type":"ImageObject","inLanguage":"en-GB","@id":"https:\/\/furnika.com.pl\/#\/schema\/logo\/image\/","url":"https:\/\/furnika.com.pl\/wp-content\/uploads\/2026\/01\/cropped-logo-1.png","contentUrl":"https:\/\/furnika.com.pl\/wp-content\/uploads\/2026\/01\/cropped-logo-1.png","width":366,"height":113,"caption":"Furnika"},"image":{"@id":"https:\/\/furnika.com.pl\/#\/schema\/logo\/image\/"}}]}},"_links":{"self":[{"href":"https:\/\/furnika.com.pl\/en\/wp-json\/wp\/v2\/product\/3411","targetHints":{"allow":["GET"]}}],"collection":[{"href":"https:\/\/furnika.com.pl\/en\/wp-json\/wp\/v2\/product"}],"about":[{"href":"https:\/\/furnika.com.pl\/en\/wp-json\/wp\/v2\/types\/product"}],"wp:featuredmedia":[{"embeddable":true,"href":"https:\/\/furnika.com.pl\/en\/wp-json\/wp\/v2\/media\/3583"}],"wp:attachment":[{"href":"https:\/\/furnika.com.pl\/en\/wp-json\/wp\/v2\/media?parent=3411"}],"wp:term":[{"taxonomy":"product_brand","embeddable":true,"href":"https:\/\/furnika.com.pl\/en\/wp-json\/wp\/v2\/product_brand?post=3411"},{"taxonomy":"product_cat","embeddable":true,"href":"https:\/\/furnika.com.pl\/en\/wp-json\/wp\/v2\/product_cat?post=3411"},{"taxonomy":"product_tag","embeddable":true,"href":"https:\/\/furnika.com.pl\/en\/wp-json\/wp\/v2\/product_tag?post=3411"}],"curies":[{"name":"wp","href":"https:\/\/api.w.org\/{rel}","templated":true}]}}