{"id":3414,"date":"2026-04-10T08:35:08","date_gmt":"2026-04-10T08:35:08","guid":{"rendered":"https:\/\/furnika.com.pl\/?post_type=product&#038;p=3414"},"modified":"2026-04-10T08:35:09","modified_gmt":"2026-04-10T08:35:09","slug":"kolos-led-ip44","status":"publish","type":"product","link":"https:\/\/furnika.com.pl\/en\/product\/kolos-led-ip44\/","title":{"rendered":"Kolos LED \/ IP44"},"content":{"rendered":"","protected":false},"excerpt":{"rendered":"<p>The KOLOS LED \/ IP44 furniture fixture is a compact recessed lighting solution designed for installation in furniture and various built-in structures. Its simple, round shape and small size make it a good fit for cabinets, shelves, display units, and any place where a clean and discreet lighting finish is important.<br \/>\nThe model is equipped with an energy-efficient LED light source with a power of 2 W and operates at a safe voltage of 12 V DC, ensuring stable and convenient use. The fixture is designed for installation in a 55 mm diameter hole, creating a neat, flush finish with the surface of the furniture.<\/p>\n<p>The lamp features an increased protection rating of IP44, which allows it to be used in areas exposed to higher humidity. It can therefore be installed in bathrooms and other spaces requiring additional protection. The fixture works well as under-shelf lighting, in bathroom cabinets, wardrobes, and furniture installations.<\/p>\n<p>The product is available in two housing colors: chrome and aluminum, allowing it to match other fittings and furniture details. Users can also choose between two light colors: cool white and neutral white.<br \/>\nKOLOS LED \/ IP44 is a practical solution for those looking for durable, simple, and aesthetically pleasing furniture lighting for everyday use.<\/p>","protected":false},"featured_media":3455,"template":"","meta":[],"product_brand":[],"product_cat":[83,59,68,61,62,60],"product_tag":[],"class_list":{"0":"post-3414","1":"product","2":"type-product","3":"status-publish","4":"has-post-thumbnail","6":"product_cat-garderoba","7":"product_cat-kuchnia","8":"product_cat-lampy-led","9":"product_cat-lazienka","10":"product_cat-salon","11":"product_cat-sypialnia","13":"first","14":"instock","15":"shipping-taxable","16":"product-type-simple"},"yoast_head":"<!-- This site is optimized with the Yoast SEO plugin v27.4 - https:\/\/yoast.com\/product\/yoast-seo-wordpress\/ -->\n<title>Kolos LED \/ IP44 - Furnika<\/title>\n<meta name=\"robots\" content=\"index, follow, max-snippet:-1, max-image-preview:large, max-video-preview:-1\" \/>\n<link rel=\"canonical\" href=\"https:\/\/furnika.com.pl\/en\/product\/kolos-led-ip44\/\" \/>\n<meta property=\"og:locale\" content=\"en_GB\" \/>\n<meta property=\"og:type\" content=\"article\" \/>\n<meta property=\"og:title\" content=\"Kolos LED \/ IP44 - Furnika\" \/>\n<meta property=\"og:description\" content=\"Oprawa meblowa KOLOS LED \/ IP44 to kompaktowe o\u015bwietlenie wpuszczane przeznaczone do monta\u017cu w meblach oraz r\u00f3\u017cnego rodzaju zabudowach. Jej prosta, okr\u0105g\u0142a forma i niewielkie wymiary sprawiaj\u0105, \u017ce dobrze prezentuje si\u0119 w szafkach, p\u00f3\u0142kach, witrynach oraz wsz\u0119dzie tam, gdzie istotne jest estetyczne i dyskretne wyko\u0144czenie o\u015bwietlenia. Model zosta\u0142 wyposa\u017cony w energooszcz\u0119dne \u017ar\u00f3d\u0142o \u015bwiat\u0142a LED o mocy 2 W , pracuje przy bezpiecznym napi\u0119ciu 12V DC, co zapewnia stabiln\u0105 i wygodn\u0105 prac\u0119. Oprawa przeznaczona jest do monta\u017cu w otworze o \u015brednicy 55 mm, tworz\u0105c schludne wyko\u0144czenie, zlicowane z powierzchni\u0105 mebla.  Lampka zosta\u0142a wyposa\u017cona w podwy\u017cszon\u0105 klas\u0119 szczelno\u015bci IP44, co umo\u017cliwia stosowanie jej w miejscach nara\u017conych na podwy\u017cszon\u0105 wilgotno\u015b\u0107. Mo\u017ce wi\u0119c by\u0107 montowana w \u0142azienkach oraz innych strefach wymagaj\u0105cych zwi\u0119kszonej ochrony. Oprawa dobrze sprawdza si\u0119 jako o\u015bwietlenie pod p\u00f3\u0142kami, w szafkach \u0142azienkowych, garderobach i zabudowach meblowych.  Produkt dost\u0119pny jest w dw\u00f3ch kolorach: chromie oraz aluminium, co pozwala na sp\u00f3jne dopasowanie oprawy do pozosta\u0142ych oku\u0107 i detali meblowych. U\u017cytkownik ma do wyboru tak\u017ce dwie barwy \u015bwiecenia: zimn\u0105 oraz neutraln\u0105. KOLOS LED \/ IP44 to funkcjonalne rozwi\u0105zanie dla os\u00f3b poszukuj\u0105cych trwa\u0142ego, prostego i estetycznego o\u015bwietlenia meblowego do codziennego u\u017cytkowania.\" \/>\n<meta property=\"og:url\" content=\"https:\/\/furnika.com.pl\/en\/product\/kolos-led-ip44\/\" \/>\n<meta property=\"og:site_name\" content=\"Furnika\" \/>\n<meta property=\"article:modified_time\" content=\"2026-04-10T08:35:09+00:00\" \/>\n<meta property=\"og:image\" content=\"https:\/\/furnika.com.pl\/wp-content\/uploads\/2026\/04\/KOLOS-LED-IP44-WWW-aranzacja.webp\" \/>\n\t<meta property=\"og:image:width\" content=\"800\" \/>\n\t<meta property=\"og:image:height\" content=\"800\" \/>\n\t<meta property=\"og:image:type\" content=\"image\/webp\" \/>\n<meta name=\"twitter:card\" content=\"summary_large_image\" \/>\n<meta name=\"twitter:label1\" content=\"Estimated reading time\" \/>\n\t<meta name=\"twitter:data1\" content=\"1 minute\" \/>\n<script type=\"application\/ld+json\" class=\"yoast-schema-graph\">{\"@context\":\"https:\\\/\\\/schema.org\",\"@graph\":[{\"@type\":\"WebPage\",\"@id\":\"https:\\\/\\\/furnika.com.pl\\\/produkt\\\/kolos-led-ip44\\\/\",\"url\":\"https:\\\/\\\/furnika.com.pl\\\/produkt\\\/kolos-led-ip44\\\/\",\"name\":\"Kolos LED \\\/ IP44 - Furnika\",\"isPartOf\":{\"@id\":\"https:\\\/\\\/furnika.com.pl\\\/#website\"},\"primaryImageOfPage\":{\"@id\":\"https:\\\/\\\/furnika.com.pl\\\/produkt\\\/kolos-led-ip44\\\/#primaryimage\"},\"image\":{\"@id\":\"https:\\\/\\\/furnika.com.pl\\\/produkt\\\/kolos-led-ip44\\\/#primaryimage\"},\"thumbnailUrl\":\"https:\\\/\\\/furnika.com.pl\\\/wp-content\\\/uploads\\\/2026\\\/04\\\/KOLOS-LED-IP44-WWW-aranzacja.webp\",\"datePublished\":\"2026-04-10T08:35:08+00:00\",\"dateModified\":\"2026-04-10T08:35:09+00:00\",\"breadcrumb\":{\"@id\":\"https:\\\/\\\/furnika.com.pl\\\/produkt\\\/kolos-led-ip44\\\/#breadcrumb\"},\"inLanguage\":\"en-GB\",\"potentialAction\":[{\"@type\":\"ReadAction\",\"target\":[\"https:\\\/\\\/furnika.com.pl\\\/produkt\\\/kolos-led-ip44\\\/\"]}]},{\"@type\":\"ImageObject\",\"inLanguage\":\"en-GB\",\"@id\":\"https:\\\/\\\/furnika.com.pl\\\/produkt\\\/kolos-led-ip44\\\/#primaryimage\",\"url\":\"https:\\\/\\\/furnika.com.pl\\\/wp-content\\\/uploads\\\/2026\\\/04\\\/KOLOS-LED-IP44-WWW-aranzacja.webp\",\"contentUrl\":\"https:\\\/\\\/furnika.com.pl\\\/wp-content\\\/uploads\\\/2026\\\/04\\\/KOLOS-LED-IP44-WWW-aranzacja.webp\",\"width\":800,\"height\":800},{\"@type\":\"BreadcrumbList\",\"@id\":\"https:\\\/\\\/furnika.com.pl\\\/produkt\\\/kolos-led-ip44\\\/#breadcrumb\",\"itemListElement\":[{\"@type\":\"ListItem\",\"position\":1,\"name\":\"Strona g\u0142\u00f3wna\",\"item\":\"https:\\\/\\\/furnika.com.pl\\\/\"},{\"@type\":\"ListItem\",\"position\":2,\"name\":\"Produkty\",\"item\":\"https:\\\/\\\/furnika.com.pl\\\/produkty\\\/\"},{\"@type\":\"ListItem\",\"position\":3,\"name\":\"Kolos LED \\\/ IP44\"}]},{\"@type\":\"WebSite\",\"@id\":\"https:\\\/\\\/furnika.com.pl\\\/#website\",\"url\":\"https:\\\/\\\/furnika.com.pl\\\/\",\"name\":\"Furnika\",\"description\":\"Light created with passion\",\"publisher\":{\"@id\":\"https:\\\/\\\/furnika.com.pl\\\/#organization\"},\"potentialAction\":[{\"@type\":\"SearchAction\",\"target\":{\"@type\":\"EntryPoint\",\"urlTemplate\":\"https:\\\/\\\/furnika.com.pl\\\/?s={search_term_string}\"},\"query-input\":{\"@type\":\"PropertyValueSpecification\",\"valueRequired\":true,\"valueName\":\"search_term_string\"}}],\"inLanguage\":\"en-GB\"},{\"@type\":\"Organization\",\"@id\":\"https:\\\/\\\/furnika.com.pl\\\/#organization\",\"name\":\"Furnika\",\"url\":\"https:\\\/\\\/furnika.com.pl\\\/\",\"logo\":{\"@type\":\"ImageObject\",\"inLanguage\":\"en-GB\",\"@id\":\"https:\\\/\\\/furnika.com.pl\\\/#\\\/schema\\\/logo\\\/image\\\/\",\"url\":\"https:\\\/\\\/furnika.com.pl\\\/wp-content\\\/uploads\\\/2026\\\/01\\\/cropped-logo-1.png\",\"contentUrl\":\"https:\\\/\\\/furnika.com.pl\\\/wp-content\\\/uploads\\\/2026\\\/01\\\/cropped-logo-1.png\",\"width\":366,\"height\":113,\"caption\":\"Furnika\"},\"image\":{\"@id\":\"https:\\\/\\\/furnika.com.pl\\\/#\\\/schema\\\/logo\\\/image\\\/\"}}]}<\/script>\n<!-- \/ Yoast SEO plugin. -->","yoast_head_json":{"title":"Kolos LED \/ IP44 - Furnika","robots":{"index":"index","follow":"follow","max-snippet":"max-snippet:-1","max-image-preview":"max-image-preview:large","max-video-preview":"max-video-preview:-1"},"canonical":"https:\/\/furnika.com.pl\/en\/product\/kolos-led-ip44\/","og_locale":"en_GB","og_type":"article","og_title":"Kolos LED \/ IP44 - Furnika","og_description":"Oprawa meblowa KOLOS LED \/ IP44 to kompaktowe o\u015bwietlenie wpuszczane przeznaczone do monta\u017cu w meblach oraz r\u00f3\u017cnego rodzaju zabudowach. Jej prosta, okr\u0105g\u0142a forma i niewielkie wymiary sprawiaj\u0105, \u017ce dobrze prezentuje si\u0119 w szafkach, p\u00f3\u0142kach, witrynach oraz wsz\u0119dzie tam, gdzie istotne jest estetyczne i dyskretne wyko\u0144czenie o\u015bwietlenia. Model zosta\u0142 wyposa\u017cony w energooszcz\u0119dne \u017ar\u00f3d\u0142o \u015bwiat\u0142a LED o mocy 2 W , pracuje przy bezpiecznym napi\u0119ciu 12V DC, co zapewnia stabiln\u0105 i wygodn\u0105 prac\u0119. Oprawa przeznaczona jest do monta\u017cu w otworze o \u015brednicy 55 mm, tworz\u0105c schludne wyko\u0144czenie, zlicowane z powierzchni\u0105 mebla.  Lampka zosta\u0142a wyposa\u017cona w podwy\u017cszon\u0105 klas\u0119 szczelno\u015bci IP44, co umo\u017cliwia stosowanie jej w miejscach nara\u017conych na podwy\u017cszon\u0105 wilgotno\u015b\u0107. Mo\u017ce wi\u0119c by\u0107 montowana w \u0142azienkach oraz innych strefach wymagaj\u0105cych zwi\u0119kszonej ochrony. Oprawa dobrze sprawdza si\u0119 jako o\u015bwietlenie pod p\u00f3\u0142kami, w szafkach \u0142azienkowych, garderobach i zabudowach meblowych.  Produkt dost\u0119pny jest w dw\u00f3ch kolorach: chromie oraz aluminium, co pozwala na sp\u00f3jne dopasowanie oprawy do pozosta\u0142ych oku\u0107 i detali meblowych. U\u017cytkownik ma do wyboru tak\u017ce dwie barwy \u015bwiecenia: zimn\u0105 oraz neutraln\u0105. KOLOS LED \/ IP44 to funkcjonalne rozwi\u0105zanie dla os\u00f3b poszukuj\u0105cych trwa\u0142ego, prostego i estetycznego o\u015bwietlenia meblowego do codziennego u\u017cytkowania.","og_url":"https:\/\/furnika.com.pl\/en\/product\/kolos-led-ip44\/","og_site_name":"Furnika","article_modified_time":"2026-04-10T08:35:09+00:00","og_image":[{"width":800,"height":800,"url":"https:\/\/furnika.com.pl\/wp-content\/uploads\/2026\/04\/KOLOS-LED-IP44-WWW-aranzacja.webp","type":"image\/webp"}],"twitter_card":"summary_large_image","twitter_misc":{"Estimated reading time":"1 minute"},"schema":{"@context":"https:\/\/schema.org","@graph":[{"@type":"WebPage","@id":"https:\/\/furnika.com.pl\/produkt\/kolos-led-ip44\/","url":"https:\/\/furnika.com.pl\/produkt\/kolos-led-ip44\/","name":"Kolos LED \/ IP44 - Furnika","isPartOf":{"@id":"https:\/\/furnika.com.pl\/#website"},"primaryImageOfPage":{"@id":"https:\/\/furnika.com.pl\/produkt\/kolos-led-ip44\/#primaryimage"},"image":{"@id":"https:\/\/furnika.com.pl\/produkt\/kolos-led-ip44\/#primaryimage"},"thumbnailUrl":"https:\/\/furnika.com.pl\/wp-content\/uploads\/2026\/04\/KOLOS-LED-IP44-WWW-aranzacja.webp","datePublished":"2026-04-10T08:35:08+00:00","dateModified":"2026-04-10T08:35:09+00:00","breadcrumb":{"@id":"https:\/\/furnika.com.pl\/produkt\/kolos-led-ip44\/#breadcrumb"},"inLanguage":"en-GB","potentialAction":[{"@type":"ReadAction","target":["https:\/\/furnika.com.pl\/produkt\/kolos-led-ip44\/"]}]},{"@type":"ImageObject","inLanguage":"en-GB","@id":"https:\/\/furnika.com.pl\/produkt\/kolos-led-ip44\/#primaryimage","url":"https:\/\/furnika.com.pl\/wp-content\/uploads\/2026\/04\/KOLOS-LED-IP44-WWW-aranzacja.webp","contentUrl":"https:\/\/furnika.com.pl\/wp-content\/uploads\/2026\/04\/KOLOS-LED-IP44-WWW-aranzacja.webp","width":800,"height":800},{"@type":"BreadcrumbList","@id":"https:\/\/furnika.com.pl\/produkt\/kolos-led-ip44\/#breadcrumb","itemListElement":[{"@type":"ListItem","position":1,"name":"Strona g\u0142\u00f3wna","item":"https:\/\/furnika.com.pl\/"},{"@type":"ListItem","position":2,"name":"Produkty","item":"https:\/\/furnika.com.pl\/produkty\/"},{"@type":"ListItem","position":3,"name":"Kolos LED \/ IP44"}]},{"@type":"WebSite","@id":"https:\/\/furnika.com.pl\/#website","url":"https:\/\/furnika.com.pl\/","name":"Furnika","description":"Light created with passion","publisher":{"@id":"https:\/\/furnika.com.pl\/#organization"},"potentialAction":[{"@type":"SearchAction","target":{"@type":"EntryPoint","urlTemplate":"https:\/\/furnika.com.pl\/?s={search_term_string}"},"query-input":{"@type":"PropertyValueSpecification","valueRequired":true,"valueName":"search_term_string"}}],"inLanguage":"en-GB"},{"@type":"Organization","@id":"https:\/\/furnika.com.pl\/#organization","name":"Furnika","url":"https:\/\/furnika.com.pl\/","logo":{"@type":"ImageObject","inLanguage":"en-GB","@id":"https:\/\/furnika.com.pl\/#\/schema\/logo\/image\/","url":"https:\/\/furnika.com.pl\/wp-content\/uploads\/2026\/01\/cropped-logo-1.png","contentUrl":"https:\/\/furnika.com.pl\/wp-content\/uploads\/2026\/01\/cropped-logo-1.png","width":366,"height":113,"caption":"Furnika"},"image":{"@id":"https:\/\/furnika.com.pl\/#\/schema\/logo\/image\/"}}]}},"_links":{"self":[{"href":"https:\/\/furnika.com.pl\/en\/wp-json\/wp\/v2\/product\/3414","targetHints":{"allow":["GET"]}}],"collection":[{"href":"https:\/\/furnika.com.pl\/en\/wp-json\/wp\/v2\/product"}],"about":[{"href":"https:\/\/furnika.com.pl\/en\/wp-json\/wp\/v2\/types\/product"}],"wp:featuredmedia":[{"embeddable":true,"href":"https:\/\/furnika.com.pl\/en\/wp-json\/wp\/v2\/media\/3455"}],"wp:attachment":[{"href":"https:\/\/furnika.com.pl\/en\/wp-json\/wp\/v2\/media?parent=3414"}],"wp:term":[{"taxonomy":"product_brand","embeddable":true,"href":"https:\/\/furnika.com.pl\/en\/wp-json\/wp\/v2\/product_brand?post=3414"},{"taxonomy":"product_cat","embeddable":true,"href":"https:\/\/furnika.com.pl\/en\/wp-json\/wp\/v2\/product_cat?post=3414"},{"taxonomy":"product_tag","embeddable":true,"href":"https:\/\/furnika.com.pl\/en\/wp-json\/wp\/v2\/product_tag?post=3414"}],"curies":[{"name":"wp","href":"https:\/\/api.w.org\/{rel}","templated":true}]}}