{"id":3415,"date":"2026-04-10T06:51:33","date_gmt":"2026-04-10T06:51:33","guid":{"rendered":"https:\/\/furnika.com.pl\/?post_type=product&#038;p=3415"},"modified":"2026-04-10T07:28:25","modified_gmt":"2026-04-10T07:28:25","slug":"leg-h","status":"publish","type":"product","link":"https:\/\/furnika.com.pl\/en\/product\/leg-h\/","title":{"rendered":"Leg H"},"content":{"rendered":"","protected":false},"excerpt":{"rendered":"<p data-start=\"0\" data-end=\"288\">The LEG H furniture fixture is an LED lighting solution designed for installation along the lower edges of furniture, especially sofas, beds, cabinets, and lounge units. Its purpose is to provide subtle illumination of the space beneath the furniture.<\/p>\n<p data-start=\"290\" data-end=\"644\">The model is designed for discreet installation and everyday use. The integrated LED light source operates at 12 V DC, ensuring safe and energy-efficient performance. It works well as decorative and auxiliary lighting in living rooms, bedrooms, hotel rooms, and modern furniture installations.<\/p>\n<p data-start=\"646\" data-end=\"884\">LEG H is available in various light color options, allowing the lighting effect to be matched to the interior style and the character of the furniture. Its simple form and compact dimensions make it easy to integrate with many types of furnishings. The fixture is available in three housing finishes: chrome, aluminum, and black, making it easier to match with different furniture types and interior styles.<\/p>\n<p data-start=\"886\" data-end=\"1037\" data-is-last-node=\"\" data-is-only-node=\"\">It is a solution for those who want to enhance furniture with an additional lighting effect and highlight a modern interior in a subtle and aesthetic way.<\/p>","protected":false},"featured_media":3442,"template":"","meta":[],"product_brand":[],"product_cat":[57,68,62,64,60],"product_tag":[],"class_list":{"0":"post-3415","1":"product","2":"type-product","3":"status-publish","4":"has-post-thumbnail","6":"product_cat-lampy-do-lozka","7":"product_cat-lampy-led","8":"product_cat-salon","9":"product_cat-sofa","10":"product_cat-sypialnia","12":"first","13":"instock","14":"shipping-taxable","15":"product-type-simple"},"yoast_head":"<!-- This site is optimized with the Yoast SEO plugin v27.4 - https:\/\/yoast.com\/product\/yoast-seo-wordpress\/ -->\n<title>Leg H - Furnika<\/title>\n<meta name=\"robots\" content=\"index, follow, max-snippet:-1, max-image-preview:large, max-video-preview:-1\" \/>\n<link rel=\"canonical\" href=\"https:\/\/furnika.com.pl\/en\/product\/leg-h\/\" \/>\n<meta property=\"og:locale\" content=\"en_GB\" \/>\n<meta property=\"og:type\" content=\"article\" \/>\n<meta property=\"og:title\" content=\"Leg H - Furnika\" \/>\n<meta property=\"og:description\" content=\"Oprawa meblowa LEG H to o\u015bwietlenie LED przeznaczone do monta\u017cu przy dolnych kraw\u0119dziach mebli, szczeg\u00f3lnie sof, \u0142\u00f3\u017cek, szafek oraz zabudowy wypoczynkowej. Jej zadaniem jest subtelne pod\u015bwietlenie przestrzeni pod meblem. Model zosta\u0142 zaprojektowany z my\u015bl\u0105 o dyskretnym monta\u017cu i codziennym u\u017cytkowaniu. Zintegrowane \u017ar\u00f3d\u0142o \u015bwiat\u0142a LED pracuje przy napi\u0119ciu 12V DC, zapewniaj\u0105c bezpieczne i energooszcz\u0119dne dzia\u0142anie. Dobrze sprawdza si\u0119 jako o\u015bwietlenie dekoracyjne oraz pomocnicze w salonach, sypialniach, pokojach hotelowych i nowoczesnych zabudowach meblowych. LEG H dost\u0119pna jest w r\u00f3\u017cnych wariantach kolorystycznych \u015bwiat\u0142a, co pozwala dopasowa\u0107 efekt pod\u015bwietlenia do stylu wn\u0119trza oraz charakteru mebla. Jej prosta forma i kompaktowe wymiary u\u0142atwiaj\u0105 integracj\u0119 z wieloma rodzajami wyposa\u017cenia. Oprawa dost\u0119pna jest w trzech wariantach wyko\u0144czenia obudowy: chrom, aluminium oraz czarny, co u\u0142atwia dopasowanie jej do r\u00f3\u017cnych typ\u00f3w mebli i stylistyki wn\u0119trza. To rozwi\u0105zanie dla os\u00f3b, kt\u00f3re chc\u0105 wzbogaci\u0107 meble o dodatkowy efekt \u015bwietlny i podkre\u015bli\u0107 nowoczesny charakter wn\u0119trza w subtelny, estetyczny spos\u00f3b.\" \/>\n<meta property=\"og:url\" content=\"https:\/\/furnika.com.pl\/en\/product\/leg-h\/\" \/>\n<meta property=\"og:site_name\" content=\"Furnika\" \/>\n<meta property=\"article:modified_time\" content=\"2026-04-10T07:28:25+00:00\" \/>\n<meta property=\"og:image\" content=\"https:\/\/furnika.com.pl\/wp-content\/uploads\/2026\/04\/LEG-H-WWW-zdjecie.webp\" \/>\n\t<meta property=\"og:image:width\" content=\"800\" \/>\n\t<meta property=\"og:image:height\" content=\"800\" \/>\n\t<meta property=\"og:image:type\" content=\"image\/webp\" \/>\n<meta name=\"twitter:card\" content=\"summary_large_image\" \/>\n<meta name=\"twitter:label1\" content=\"Estimated reading time\" \/>\n\t<meta name=\"twitter:data1\" content=\"1 minute\" \/>\n<script type=\"application\/ld+json\" class=\"yoast-schema-graph\">{\"@context\":\"https:\\\/\\\/schema.org\",\"@graph\":[{\"@type\":\"WebPage\",\"@id\":\"https:\\\/\\\/furnika.com.pl\\\/produkt\\\/leg-h\\\/\",\"url\":\"https:\\\/\\\/furnika.com.pl\\\/produkt\\\/leg-h\\\/\",\"name\":\"Leg H - Furnika\",\"isPartOf\":{\"@id\":\"https:\\\/\\\/furnika.com.pl\\\/#website\"},\"primaryImageOfPage\":{\"@id\":\"https:\\\/\\\/furnika.com.pl\\\/produkt\\\/leg-h\\\/#primaryimage\"},\"image\":{\"@id\":\"https:\\\/\\\/furnika.com.pl\\\/produkt\\\/leg-h\\\/#primaryimage\"},\"thumbnailUrl\":\"https:\\\/\\\/furnika.com.pl\\\/wp-content\\\/uploads\\\/2026\\\/04\\\/LEG-H-WWW-zdjecie.webp\",\"datePublished\":\"2026-04-10T06:51:33+00:00\",\"dateModified\":\"2026-04-10T07:28:25+00:00\",\"breadcrumb\":{\"@id\":\"https:\\\/\\\/furnika.com.pl\\\/produkt\\\/leg-h\\\/#breadcrumb\"},\"inLanguage\":\"en-GB\",\"potentialAction\":[{\"@type\":\"ReadAction\",\"target\":[\"https:\\\/\\\/furnika.com.pl\\\/produkt\\\/leg-h\\\/\"]}]},{\"@type\":\"ImageObject\",\"inLanguage\":\"en-GB\",\"@id\":\"https:\\\/\\\/furnika.com.pl\\\/produkt\\\/leg-h\\\/#primaryimage\",\"url\":\"https:\\\/\\\/furnika.com.pl\\\/wp-content\\\/uploads\\\/2026\\\/04\\\/LEG-H-WWW-zdjecie.webp\",\"contentUrl\":\"https:\\\/\\\/furnika.com.pl\\\/wp-content\\\/uploads\\\/2026\\\/04\\\/LEG-H-WWW-zdjecie.webp\",\"width\":800,\"height\":800},{\"@type\":\"BreadcrumbList\",\"@id\":\"https:\\\/\\\/furnika.com.pl\\\/produkt\\\/leg-h\\\/#breadcrumb\",\"itemListElement\":[{\"@type\":\"ListItem\",\"position\":1,\"name\":\"Strona g\u0142\u00f3wna\",\"item\":\"https:\\\/\\\/furnika.com.pl\\\/\"},{\"@type\":\"ListItem\",\"position\":2,\"name\":\"Produkty\",\"item\":\"https:\\\/\\\/furnika.com.pl\\\/produkty\\\/\"},{\"@type\":\"ListItem\",\"position\":3,\"name\":\"Leg H\"}]},{\"@type\":\"WebSite\",\"@id\":\"https:\\\/\\\/furnika.com.pl\\\/#website\",\"url\":\"https:\\\/\\\/furnika.com.pl\\\/\",\"name\":\"Furnika\",\"description\":\"Light created with passion\",\"publisher\":{\"@id\":\"https:\\\/\\\/furnika.com.pl\\\/#organization\"},\"potentialAction\":[{\"@type\":\"SearchAction\",\"target\":{\"@type\":\"EntryPoint\",\"urlTemplate\":\"https:\\\/\\\/furnika.com.pl\\\/?s={search_term_string}\"},\"query-input\":{\"@type\":\"PropertyValueSpecification\",\"valueRequired\":true,\"valueName\":\"search_term_string\"}}],\"inLanguage\":\"en-GB\"},{\"@type\":\"Organization\",\"@id\":\"https:\\\/\\\/furnika.com.pl\\\/#organization\",\"name\":\"Furnika\",\"url\":\"https:\\\/\\\/furnika.com.pl\\\/\",\"logo\":{\"@type\":\"ImageObject\",\"inLanguage\":\"en-GB\",\"@id\":\"https:\\\/\\\/furnika.com.pl\\\/#\\\/schema\\\/logo\\\/image\\\/\",\"url\":\"https:\\\/\\\/furnika.com.pl\\\/wp-content\\\/uploads\\\/2026\\\/01\\\/cropped-logo-1.png\",\"contentUrl\":\"https:\\\/\\\/furnika.com.pl\\\/wp-content\\\/uploads\\\/2026\\\/01\\\/cropped-logo-1.png\",\"width\":366,\"height\":113,\"caption\":\"Furnika\"},\"image\":{\"@id\":\"https:\\\/\\\/furnika.com.pl\\\/#\\\/schema\\\/logo\\\/image\\\/\"}}]}<\/script>\n<!-- \/ Yoast SEO plugin. -->","yoast_head_json":{"title":"Leg H - Furnika","robots":{"index":"index","follow":"follow","max-snippet":"max-snippet:-1","max-image-preview":"max-image-preview:large","max-video-preview":"max-video-preview:-1"},"canonical":"https:\/\/furnika.com.pl\/en\/product\/leg-h\/","og_locale":"en_GB","og_type":"article","og_title":"Leg H - Furnika","og_description":"Oprawa meblowa LEG H to o\u015bwietlenie LED przeznaczone do monta\u017cu przy dolnych kraw\u0119dziach mebli, szczeg\u00f3lnie sof, \u0142\u00f3\u017cek, szafek oraz zabudowy wypoczynkowej. Jej zadaniem jest subtelne pod\u015bwietlenie przestrzeni pod meblem. Model zosta\u0142 zaprojektowany z my\u015bl\u0105 o dyskretnym monta\u017cu i codziennym u\u017cytkowaniu. Zintegrowane \u017ar\u00f3d\u0142o \u015bwiat\u0142a LED pracuje przy napi\u0119ciu 12V DC, zapewniaj\u0105c bezpieczne i energooszcz\u0119dne dzia\u0142anie. Dobrze sprawdza si\u0119 jako o\u015bwietlenie dekoracyjne oraz pomocnicze w salonach, sypialniach, pokojach hotelowych i nowoczesnych zabudowach meblowych. LEG H dost\u0119pna jest w r\u00f3\u017cnych wariantach kolorystycznych \u015bwiat\u0142a, co pozwala dopasowa\u0107 efekt pod\u015bwietlenia do stylu wn\u0119trza oraz charakteru mebla. Jej prosta forma i kompaktowe wymiary u\u0142atwiaj\u0105 integracj\u0119 z wieloma rodzajami wyposa\u017cenia. Oprawa dost\u0119pna jest w trzech wariantach wyko\u0144czenia obudowy: chrom, aluminium oraz czarny, co u\u0142atwia dopasowanie jej do r\u00f3\u017cnych typ\u00f3w mebli i stylistyki wn\u0119trza. To rozwi\u0105zanie dla os\u00f3b, kt\u00f3re chc\u0105 wzbogaci\u0107 meble o dodatkowy efekt \u015bwietlny i podkre\u015bli\u0107 nowoczesny charakter wn\u0119trza w subtelny, estetyczny spos\u00f3b.","og_url":"https:\/\/furnika.com.pl\/en\/product\/leg-h\/","og_site_name":"Furnika","article_modified_time":"2026-04-10T07:28:25+00:00","og_image":[{"width":800,"height":800,"url":"https:\/\/furnika.com.pl\/wp-content\/uploads\/2026\/04\/LEG-H-WWW-zdjecie.webp","type":"image\/webp"}],"twitter_card":"summary_large_image","twitter_misc":{"Estimated reading time":"1 minute"},"schema":{"@context":"https:\/\/schema.org","@graph":[{"@type":"WebPage","@id":"https:\/\/furnika.com.pl\/produkt\/leg-h\/","url":"https:\/\/furnika.com.pl\/produkt\/leg-h\/","name":"Leg H - Furnika","isPartOf":{"@id":"https:\/\/furnika.com.pl\/#website"},"primaryImageOfPage":{"@id":"https:\/\/furnika.com.pl\/produkt\/leg-h\/#primaryimage"},"image":{"@id":"https:\/\/furnika.com.pl\/produkt\/leg-h\/#primaryimage"},"thumbnailUrl":"https:\/\/furnika.com.pl\/wp-content\/uploads\/2026\/04\/LEG-H-WWW-zdjecie.webp","datePublished":"2026-04-10T06:51:33+00:00","dateModified":"2026-04-10T07:28:25+00:00","breadcrumb":{"@id":"https:\/\/furnika.com.pl\/produkt\/leg-h\/#breadcrumb"},"inLanguage":"en-GB","potentialAction":[{"@type":"ReadAction","target":["https:\/\/furnika.com.pl\/produkt\/leg-h\/"]}]},{"@type":"ImageObject","inLanguage":"en-GB","@id":"https:\/\/furnika.com.pl\/produkt\/leg-h\/#primaryimage","url":"https:\/\/furnika.com.pl\/wp-content\/uploads\/2026\/04\/LEG-H-WWW-zdjecie.webp","contentUrl":"https:\/\/furnika.com.pl\/wp-content\/uploads\/2026\/04\/LEG-H-WWW-zdjecie.webp","width":800,"height":800},{"@type":"BreadcrumbList","@id":"https:\/\/furnika.com.pl\/produkt\/leg-h\/#breadcrumb","itemListElement":[{"@type":"ListItem","position":1,"name":"Strona g\u0142\u00f3wna","item":"https:\/\/furnika.com.pl\/"},{"@type":"ListItem","position":2,"name":"Produkty","item":"https:\/\/furnika.com.pl\/produkty\/"},{"@type":"ListItem","position":3,"name":"Leg H"}]},{"@type":"WebSite","@id":"https:\/\/furnika.com.pl\/#website","url":"https:\/\/furnika.com.pl\/","name":"Furnika","description":"Light created with passion","publisher":{"@id":"https:\/\/furnika.com.pl\/#organization"},"potentialAction":[{"@type":"SearchAction","target":{"@type":"EntryPoint","urlTemplate":"https:\/\/furnika.com.pl\/?s={search_term_string}"},"query-input":{"@type":"PropertyValueSpecification","valueRequired":true,"valueName":"search_term_string"}}],"inLanguage":"en-GB"},{"@type":"Organization","@id":"https:\/\/furnika.com.pl\/#organization","name":"Furnika","url":"https:\/\/furnika.com.pl\/","logo":{"@type":"ImageObject","inLanguage":"en-GB","@id":"https:\/\/furnika.com.pl\/#\/schema\/logo\/image\/","url":"https:\/\/furnika.com.pl\/wp-content\/uploads\/2026\/01\/cropped-logo-1.png","contentUrl":"https:\/\/furnika.com.pl\/wp-content\/uploads\/2026\/01\/cropped-logo-1.png","width":366,"height":113,"caption":"Furnika"},"image":{"@id":"https:\/\/furnika.com.pl\/#\/schema\/logo\/image\/"}}]}},"_links":{"self":[{"href":"https:\/\/furnika.com.pl\/en\/wp-json\/wp\/v2\/product\/3415","targetHints":{"allow":["GET"]}}],"collection":[{"href":"https:\/\/furnika.com.pl\/en\/wp-json\/wp\/v2\/product"}],"about":[{"href":"https:\/\/furnika.com.pl\/en\/wp-json\/wp\/v2\/types\/product"}],"wp:featuredmedia":[{"embeddable":true,"href":"https:\/\/furnika.com.pl\/en\/wp-json\/wp\/v2\/media\/3442"}],"wp:attachment":[{"href":"https:\/\/furnika.com.pl\/en\/wp-json\/wp\/v2\/media?parent=3415"}],"wp:term":[{"taxonomy":"product_brand","embeddable":true,"href":"https:\/\/furnika.com.pl\/en\/wp-json\/wp\/v2\/product_brand?post=3415"},{"taxonomy":"product_cat","embeddable":true,"href":"https:\/\/furnika.com.pl\/en\/wp-json\/wp\/v2\/product_cat?post=3415"},{"taxonomy":"product_tag","embeddable":true,"href":"https:\/\/furnika.com.pl\/en\/wp-json\/wp\/v2\/product_tag?post=3415"}],"curies":[{"name":"wp","href":"https:\/\/api.w.org\/{rel}","templated":true}]}}