{"id":3443,"date":"2026-04-17T06:24:38","date_gmt":"2026-04-17T06:24:38","guid":{"rendered":"https:\/\/furnika.com.pl\/?post_type=product&#038;p=3443"},"modified":"2026-04-17T06:24:38","modified_gmt":"2026-04-17T06:24:38","slug":"leg-p50-leg-l-leg-p25","status":"publish","type":"product","link":"https:\/\/furnika.com.pl\/en\/product\/leg-p50-leg-l-leg-p25\/","title":{"rendered":"Leg P50 \/ Leg L \/ Leg P25"},"content":{"rendered":"","protected":false},"excerpt":{"rendered":"<section class=\"text-token-text-primary w-full focus:outline-none [--shadow-height:45px] has-data-writing-block:pointer-events-none has-data-writing-block:-mt-(--shadow-height) has-data-writing-block:pt-(--shadow-height) [&amp;:has([data-writing-block])&gt;*]:pointer-events-auto scroll-mt-(--header-height)\" dir=\"auto\" data-turn-id=\"b67c38b1-f8b4-4842-8038-a2c51e868e37\" data-testid=\"conversation-turn-101\" data-scroll-anchor=\"false\" data-turn=\"user\"><\/section>\n<section class=\"text-token-text-primary w-full focus:outline-none [--shadow-height:45px] has-data-writing-block:pointer-events-none has-data-writing-block:-mt-(--shadow-height) has-data-writing-block:pt-(--shadow-height) [&amp;:has([data-writing-block])&gt;*]:pointer-events-auto scroll-mt-[calc(var(--header-height)+min(200px,max(70px,20svh)))]\" dir=\"auto\" data-turn-id=\"request-69ae850c-f6fc-8396-bd34-3b48af4bf04f-0\" data-testid=\"conversation-turn-102\" data-scroll-anchor=\"true\" data-turn=\"assistant\">\n<div class=\"text-base my-auto mx-auto pb-10 [--thread-content-margin:var(--thread-content-margin-xs,calc(var(--spacing)*4))] @w-sm\/main:[--thread-content-margin:var(--thread-content-margin-sm,calc(var(--spacing)*6))] @w-lg\/main:[--thread-content-margin:var(--thread-content-margin-lg,calc(var(--spacing)*16))] px-(--thread-content-margin)\">\n<div class=\"[--thread-content-max-width:40rem] @w-lg\/main:[--thread-content-max-width:48rem] mx-auto max-w-(--thread-content-max-width) flex-1 group\/turn-messages focus-visible:outline-hidden relative flex w-full min-w-0 flex-col agent-turn\">\n<div class=\"flex max-w-full flex-col gap-4 grow\">\n<div class=\"min-h-8 text-message relative flex w-full flex-col items-end gap-2 text-start break-words whitespace-normal outline-none keyboard-focused:focus-ring [.text-message+&amp;]:mt-1\" dir=\"auto\" tabindex=\"0\" data-message-author-role=\"assistant\" data-message-id=\"4fee7ace-9c46-4add-86a8-7e6762848c70\" data-message-model-slug=\"gpt-5-3\" data-turn-start-message=\"true\">\n<div class=\"flex w-full flex-col gap-1 empty:hidden\">\n<div class=\"markdown prose dark:prose-invert w-full wrap-break-word light markdown-new-styling\">\n<p data-start=\"0\" data-end=\"307\">Oprawa meblowa LEG to o\u015bwietlenie LED przeznaczone do monta\u017cu przy dolnych kraw\u0119dziach mebli, takich jak \u0142\u00f3\u017cka, sofy czy zabudowy wypoczynkowe. Jej zadaniem jest delikatne pod\u015bwietlenie przestrzeni pod meblem, kt\u00f3re podkre\u015bla jego form\u0119 i wprowadza ciekawy efekt \u015bwietlny w pomieszczeniu.<\/p>\n<p data-start=\"309\" data-end=\"533\">Lampka pracuje przy napi\u0119ciu 12V DC, co zapewnia bezpieczne u\u017cytkowanie oraz \u0142atw\u0105 integracj\u0119 z instalacj\u0105 meblow\u0105. Zastosowane \u017ar\u00f3d\u0142o \u015bwiat\u0142a LED gwarantuje niskie zu\u017cycie energii oraz r\u00f3wnomierne, subtelne o\u015bwietlenie.<br \/>\nModel przeznaczony jest do dyskretnego monta\u017cu, przez co pozostaje niemal niewidoczny, a efekt \u015bwietlny staje si\u0119 g\u0142\u00f3wnym elementem wizualnym. Oprawa sprawdza si\u0119 zar\u00f3wno w przestrzeniach prywatnych, jak i komercyjnych.<\/p>\n<p data-start=\"795\" data-end=\"1038\" data-is-last-node=\"\" data-is-only-node=\"\">Produkt dost\u0119pny jest w trzech wariantach wyko\u0144czenia obudowy: chrom, aluminium oraz czarny. Mo\u017cliwy jest wyb\u00f3r spo\u015br\u00f3d kilku wariant\u00f3w barwy \u015bwiat\u0142a, co pozwala dopasowa\u0107 charakter o\u015bwietlenia do stylu wn\u0119trza oraz funkcji pomieszczenia.To praktyczne rozwi\u0105zanie dla os\u00f3b, kt\u00f3re chc\u0105 wzbogaci\u0107 meble o ciekawy akcent \u015bwietlny.<\/p>\n<\/div>\n<\/div>\n<\/div>\n<\/div>\n<\/div>\n<\/div>\n<\/section>\n","protected":false},"featured_media":3559,"template":"","meta":[],"product_brand":[],"product_cat":[57,68,62,64,60],"product_tag":[],"class_list":{"0":"post-3443","1":"product","2":"type-product","3":"status-publish","4":"has-post-thumbnail","6":"product_cat-lampy-do-lozka","7":"product_cat-lampy-led","8":"product_cat-salon","9":"product_cat-sofa","10":"product_cat-sypialnia","12":"first","13":"instock","14":"shipping-taxable","15":"product-type-simple"},"yoast_head":"<!-- This site is optimized with the Yoast SEO plugin v27.4 - https:\/\/yoast.com\/product\/yoast-seo-wordpress\/ -->\n<title>Leg P50 \/ Leg L \/ Leg P25 - Furnika<\/title>\n<meta name=\"robots\" content=\"index, follow, max-snippet:-1, max-image-preview:large, max-video-preview:-1\" \/>\n<link rel=\"canonical\" href=\"https:\/\/furnika.com.pl\/en\/product\/leg-p50-leg-l-leg-p25\/\" \/>\n<meta property=\"og:locale\" content=\"en_GB\" \/>\n<meta property=\"og:type\" content=\"article\" \/>\n<meta property=\"og:title\" content=\"Leg P50 \/ Leg L \/ Leg P25 - Furnika\" \/>\n<meta property=\"og:description\" content=\"Oprawa meblowa LEG to o\u015bwietlenie LED przeznaczone do monta\u017cu przy dolnych kraw\u0119dziach mebli, takich jak \u0142\u00f3\u017cka, sofy czy zabudowy wypoczynkowe. Jej zadaniem jest delikatne pod\u015bwietlenie przestrzeni pod meblem, kt\u00f3re podkre\u015bla jego form\u0119 i wprowadza ciekawy efekt \u015bwietlny w pomieszczeniu. Lampka pracuje przy napi\u0119ciu 12V DC, co zapewnia bezpieczne u\u017cytkowanie oraz \u0142atw\u0105 integracj\u0119 z instalacj\u0105 meblow\u0105. Zastosowane \u017ar\u00f3d\u0142o \u015bwiat\u0142a LED gwarantuje niskie zu\u017cycie energii oraz r\u00f3wnomierne, subtelne o\u015bwietlenie. Model przeznaczony jest do dyskretnego monta\u017cu, przez co pozostaje niemal niewidoczny, a efekt \u015bwietlny staje si\u0119 g\u0142\u00f3wnym elementem wizualnym. Oprawa sprawdza si\u0119 zar\u00f3wno w przestrzeniach prywatnych, jak i komercyjnych. Produkt dost\u0119pny jest w trzech wariantach wyko\u0144czenia obudowy: chrom, aluminium oraz czarny. Mo\u017cliwy jest wyb\u00f3r spo\u015br\u00f3d kilku wariant\u00f3w barwy \u015bwiat\u0142a, co pozwala dopasowa\u0107 charakter o\u015bwietlenia do stylu wn\u0119trza oraz funkcji pomieszczenia.To praktyczne rozwi\u0105zanie dla os\u00f3b, kt\u00f3re chc\u0105 wzbogaci\u0107 meble o ciekawy akcent \u015bwietlny.\" \/>\n<meta property=\"og:url\" content=\"https:\/\/furnika.com.pl\/en\/product\/leg-p50-leg-l-leg-p25\/\" \/>\n<meta property=\"og:site_name\" content=\"Furnika\" \/>\n<meta property=\"og:image\" content=\"https:\/\/furnika.com.pl\/wp-content\/uploads\/2026\/04\/Leg-P50-Leg-L-Leg-P25-WWW-zdjecie.webp\" \/>\n\t<meta property=\"og:image:width\" content=\"800\" \/>\n\t<meta property=\"og:image:height\" content=\"800\" \/>\n\t<meta property=\"og:image:type\" content=\"image\/webp\" \/>\n<meta name=\"twitter:card\" content=\"summary_large_image\" \/>\n<meta name=\"twitter:label1\" content=\"Estimated reading time\" \/>\n\t<meta name=\"twitter:data1\" content=\"1 minute\" \/>\n<script type=\"application\/ld+json\" class=\"yoast-schema-graph\">{\"@context\":\"https:\\\/\\\/schema.org\",\"@graph\":[{\"@type\":\"WebPage\",\"@id\":\"https:\\\/\\\/furnika.com.pl\\\/produkt\\\/leg-p50-leg-l-leg-p25\\\/\",\"url\":\"https:\\\/\\\/furnika.com.pl\\\/produkt\\\/leg-p50-leg-l-leg-p25\\\/\",\"name\":\"Leg P50 \\\/ Leg L \\\/ Leg P25 - Furnika\",\"isPartOf\":{\"@id\":\"https:\\\/\\\/furnika.com.pl\\\/#website\"},\"primaryImageOfPage\":{\"@id\":\"https:\\\/\\\/furnika.com.pl\\\/produkt\\\/leg-p50-leg-l-leg-p25\\\/#primaryimage\"},\"image\":{\"@id\":\"https:\\\/\\\/furnika.com.pl\\\/produkt\\\/leg-p50-leg-l-leg-p25\\\/#primaryimage\"},\"thumbnailUrl\":\"https:\\\/\\\/furnika.com.pl\\\/wp-content\\\/uploads\\\/2026\\\/04\\\/Leg-P50-Leg-L-Leg-P25-WWW-zdjecie.webp\",\"datePublished\":\"2026-04-17T06:24:38+00:00\",\"breadcrumb\":{\"@id\":\"https:\\\/\\\/furnika.com.pl\\\/produkt\\\/leg-p50-leg-l-leg-p25\\\/#breadcrumb\"},\"inLanguage\":\"en-GB\",\"potentialAction\":[{\"@type\":\"ReadAction\",\"target\":[\"https:\\\/\\\/furnika.com.pl\\\/produkt\\\/leg-p50-leg-l-leg-p25\\\/\"]}]},{\"@type\":\"ImageObject\",\"inLanguage\":\"en-GB\",\"@id\":\"https:\\\/\\\/furnika.com.pl\\\/produkt\\\/leg-p50-leg-l-leg-p25\\\/#primaryimage\",\"url\":\"https:\\\/\\\/furnika.com.pl\\\/wp-content\\\/uploads\\\/2026\\\/04\\\/Leg-P50-Leg-L-Leg-P25-WWW-zdjecie.webp\",\"contentUrl\":\"https:\\\/\\\/furnika.com.pl\\\/wp-content\\\/uploads\\\/2026\\\/04\\\/Leg-P50-Leg-L-Leg-P25-WWW-zdjecie.webp\",\"width\":800,\"height\":800},{\"@type\":\"BreadcrumbList\",\"@id\":\"https:\\\/\\\/furnika.com.pl\\\/produkt\\\/leg-p50-leg-l-leg-p25\\\/#breadcrumb\",\"itemListElement\":[{\"@type\":\"ListItem\",\"position\":1,\"name\":\"Strona g\u0142\u00f3wna\",\"item\":\"https:\\\/\\\/furnika.com.pl\\\/\"},{\"@type\":\"ListItem\",\"position\":2,\"name\":\"Produkty\",\"item\":\"https:\\\/\\\/furnika.com.pl\\\/produkty\\\/\"},{\"@type\":\"ListItem\",\"position\":3,\"name\":\"Leg P50 \\\/ Leg L \\\/ Leg P25\"}]},{\"@type\":\"WebSite\",\"@id\":\"https:\\\/\\\/furnika.com.pl\\\/#website\",\"url\":\"https:\\\/\\\/furnika.com.pl\\\/\",\"name\":\"Furnika\",\"description\":\"Light created with passion\",\"publisher\":{\"@id\":\"https:\\\/\\\/furnika.com.pl\\\/#organization\"},\"potentialAction\":[{\"@type\":\"SearchAction\",\"target\":{\"@type\":\"EntryPoint\",\"urlTemplate\":\"https:\\\/\\\/furnika.com.pl\\\/?s={search_term_string}\"},\"query-input\":{\"@type\":\"PropertyValueSpecification\",\"valueRequired\":true,\"valueName\":\"search_term_string\"}}],\"inLanguage\":\"en-GB\"},{\"@type\":\"Organization\",\"@id\":\"https:\\\/\\\/furnika.com.pl\\\/#organization\",\"name\":\"Furnika\",\"url\":\"https:\\\/\\\/furnika.com.pl\\\/\",\"logo\":{\"@type\":\"ImageObject\",\"inLanguage\":\"en-GB\",\"@id\":\"https:\\\/\\\/furnika.com.pl\\\/#\\\/schema\\\/logo\\\/image\\\/\",\"url\":\"https:\\\/\\\/furnika.com.pl\\\/wp-content\\\/uploads\\\/2026\\\/01\\\/cropped-logo-1.png\",\"contentUrl\":\"https:\\\/\\\/furnika.com.pl\\\/wp-content\\\/uploads\\\/2026\\\/01\\\/cropped-logo-1.png\",\"width\":366,\"height\":113,\"caption\":\"Furnika\"},\"image\":{\"@id\":\"https:\\\/\\\/furnika.com.pl\\\/#\\\/schema\\\/logo\\\/image\\\/\"}}]}<\/script>\n<!-- \/ Yoast SEO plugin. -->","yoast_head_json":{"title":"Leg P50 \/ Leg L \/ Leg P25 - Furnika","robots":{"index":"index","follow":"follow","max-snippet":"max-snippet:-1","max-image-preview":"max-image-preview:large","max-video-preview":"max-video-preview:-1"},"canonical":"https:\/\/furnika.com.pl\/en\/product\/leg-p50-leg-l-leg-p25\/","og_locale":"en_GB","og_type":"article","og_title":"Leg P50 \/ Leg L \/ Leg P25 - Furnika","og_description":"Oprawa meblowa LEG to o\u015bwietlenie LED przeznaczone do monta\u017cu przy dolnych kraw\u0119dziach mebli, takich jak \u0142\u00f3\u017cka, sofy czy zabudowy wypoczynkowe. Jej zadaniem jest delikatne pod\u015bwietlenie przestrzeni pod meblem, kt\u00f3re podkre\u015bla jego form\u0119 i wprowadza ciekawy efekt \u015bwietlny w pomieszczeniu. Lampka pracuje przy napi\u0119ciu 12V DC, co zapewnia bezpieczne u\u017cytkowanie oraz \u0142atw\u0105 integracj\u0119 z instalacj\u0105 meblow\u0105. Zastosowane \u017ar\u00f3d\u0142o \u015bwiat\u0142a LED gwarantuje niskie zu\u017cycie energii oraz r\u00f3wnomierne, subtelne o\u015bwietlenie. Model przeznaczony jest do dyskretnego monta\u017cu, przez co pozostaje niemal niewidoczny, a efekt \u015bwietlny staje si\u0119 g\u0142\u00f3wnym elementem wizualnym. Oprawa sprawdza si\u0119 zar\u00f3wno w przestrzeniach prywatnych, jak i komercyjnych. Produkt dost\u0119pny jest w trzech wariantach wyko\u0144czenia obudowy: chrom, aluminium oraz czarny. Mo\u017cliwy jest wyb\u00f3r spo\u015br\u00f3d kilku wariant\u00f3w barwy \u015bwiat\u0142a, co pozwala dopasowa\u0107 charakter o\u015bwietlenia do stylu wn\u0119trza oraz funkcji pomieszczenia.To praktyczne rozwi\u0105zanie dla os\u00f3b, kt\u00f3re chc\u0105 wzbogaci\u0107 meble o ciekawy akcent \u015bwietlny.","og_url":"https:\/\/furnika.com.pl\/en\/product\/leg-p50-leg-l-leg-p25\/","og_site_name":"Furnika","og_image":[{"width":800,"height":800,"url":"https:\/\/furnika.com.pl\/wp-content\/uploads\/2026\/04\/Leg-P50-Leg-L-Leg-P25-WWW-zdjecie.webp","type":"image\/webp"}],"twitter_card":"summary_large_image","twitter_misc":{"Estimated reading time":"1 minute"},"schema":{"@context":"https:\/\/schema.org","@graph":[{"@type":"WebPage","@id":"https:\/\/furnika.com.pl\/produkt\/leg-p50-leg-l-leg-p25\/","url":"https:\/\/furnika.com.pl\/produkt\/leg-p50-leg-l-leg-p25\/","name":"Leg P50 \/ Leg L \/ Leg P25 - Furnika","isPartOf":{"@id":"https:\/\/furnika.com.pl\/#website"},"primaryImageOfPage":{"@id":"https:\/\/furnika.com.pl\/produkt\/leg-p50-leg-l-leg-p25\/#primaryimage"},"image":{"@id":"https:\/\/furnika.com.pl\/produkt\/leg-p50-leg-l-leg-p25\/#primaryimage"},"thumbnailUrl":"https:\/\/furnika.com.pl\/wp-content\/uploads\/2026\/04\/Leg-P50-Leg-L-Leg-P25-WWW-zdjecie.webp","datePublished":"2026-04-17T06:24:38+00:00","breadcrumb":{"@id":"https:\/\/furnika.com.pl\/produkt\/leg-p50-leg-l-leg-p25\/#breadcrumb"},"inLanguage":"en-GB","potentialAction":[{"@type":"ReadAction","target":["https:\/\/furnika.com.pl\/produkt\/leg-p50-leg-l-leg-p25\/"]}]},{"@type":"ImageObject","inLanguage":"en-GB","@id":"https:\/\/furnika.com.pl\/produkt\/leg-p50-leg-l-leg-p25\/#primaryimage","url":"https:\/\/furnika.com.pl\/wp-content\/uploads\/2026\/04\/Leg-P50-Leg-L-Leg-P25-WWW-zdjecie.webp","contentUrl":"https:\/\/furnika.com.pl\/wp-content\/uploads\/2026\/04\/Leg-P50-Leg-L-Leg-P25-WWW-zdjecie.webp","width":800,"height":800},{"@type":"BreadcrumbList","@id":"https:\/\/furnika.com.pl\/produkt\/leg-p50-leg-l-leg-p25\/#breadcrumb","itemListElement":[{"@type":"ListItem","position":1,"name":"Strona g\u0142\u00f3wna","item":"https:\/\/furnika.com.pl\/"},{"@type":"ListItem","position":2,"name":"Produkty","item":"https:\/\/furnika.com.pl\/produkty\/"},{"@type":"ListItem","position":3,"name":"Leg P50 \/ Leg L \/ Leg P25"}]},{"@type":"WebSite","@id":"https:\/\/furnika.com.pl\/#website","url":"https:\/\/furnika.com.pl\/","name":"Furnika","description":"Light created with passion","publisher":{"@id":"https:\/\/furnika.com.pl\/#organization"},"potentialAction":[{"@type":"SearchAction","target":{"@type":"EntryPoint","urlTemplate":"https:\/\/furnika.com.pl\/?s={search_term_string}"},"query-input":{"@type":"PropertyValueSpecification","valueRequired":true,"valueName":"search_term_string"}}],"inLanguage":"en-GB"},{"@type":"Organization","@id":"https:\/\/furnika.com.pl\/#organization","name":"Furnika","url":"https:\/\/furnika.com.pl\/","logo":{"@type":"ImageObject","inLanguage":"en-GB","@id":"https:\/\/furnika.com.pl\/#\/schema\/logo\/image\/","url":"https:\/\/furnika.com.pl\/wp-content\/uploads\/2026\/01\/cropped-logo-1.png","contentUrl":"https:\/\/furnika.com.pl\/wp-content\/uploads\/2026\/01\/cropped-logo-1.png","width":366,"height":113,"caption":"Furnika"},"image":{"@id":"https:\/\/furnika.com.pl\/#\/schema\/logo\/image\/"}}]}},"_links":{"self":[{"href":"https:\/\/furnika.com.pl\/en\/wp-json\/wp\/v2\/product\/3443","targetHints":{"allow":["GET"]}}],"collection":[{"href":"https:\/\/furnika.com.pl\/en\/wp-json\/wp\/v2\/product"}],"about":[{"href":"https:\/\/furnika.com.pl\/en\/wp-json\/wp\/v2\/types\/product"}],"wp:featuredmedia":[{"embeddable":true,"href":"https:\/\/furnika.com.pl\/en\/wp-json\/wp\/v2\/media\/3559"}],"wp:attachment":[{"href":"https:\/\/furnika.com.pl\/en\/wp-json\/wp\/v2\/media?parent=3443"}],"wp:term":[{"taxonomy":"product_brand","embeddable":true,"href":"https:\/\/furnika.com.pl\/en\/wp-json\/wp\/v2\/product_brand?post=3443"},{"taxonomy":"product_cat","embeddable":true,"href":"https:\/\/furnika.com.pl\/en\/wp-json\/wp\/v2\/product_cat?post=3443"},{"taxonomy":"product_tag","embeddable":true,"href":"https:\/\/furnika.com.pl\/en\/wp-json\/wp\/v2\/product_tag?post=3443"}],"curies":[{"name":"wp","href":"https:\/\/api.w.org\/{rel}","templated":true}]}}