{"id":3452,"date":"2026-04-10T10:42:17","date_gmt":"2026-04-10T10:42:17","guid":{"rendered":"https:\/\/furnika.com.pl\/?post_type=product&#038;p=3452"},"modified":"2026-04-10T10:42:17","modified_gmt":"2026-04-10T10:42:17","slug":"maya-mp","status":"publish","type":"product","link":"https:\/\/furnika.com.pl\/en\/product\/maya-mp\/","title":{"rendered":"Maya MP"},"content":{"rendered":"","protected":false},"excerpt":{"rendered":"<p>The MAYA MP fixture is a discreet and functional lighting solution designed for precise illumination of displays in showcases, glass cabinets, and furniture units. The use of an adjustable joint with a range of up to 80\u00b0 allows flexible direction of the light beam toward a selected detail, making it an ideal tool for highlighting the decorative features of specific objects.<\/p>\n<p>Despite its compact size, the fixture provides clear and energy-efficient lighting. It is designed for recessed installation in a 20 mm diameter hole, allowing for a minimalist furniture appearance while maintaining full spot lighting functionality.<\/p>\n<p>The product is available in aluminum and black, making it easy to match both modern and classic furniture designs. The availability of three light color options, warm white, neutral white, and cool white, allows the lighting to be adapted to the character of the interior and the desired effect.<\/p>\n<p>MAYA MP is an excellent choice for those looking for durable, compact accent lighting that combines modern aesthetics with practical use.<\/p>","protected":false},"featured_media":3474,"template":"","meta":[],"product_brand":[],"product_cat":[83,63,59,68,62,60],"product_tag":[],"class_list":{"0":"post-3452","1":"product","2":"type-product","3":"status-publish","4":"has-post-thumbnail","6":"product_cat-garderoba","7":"product_cat-kamper","8":"product_cat-kuchnia","9":"product_cat-lampy-led","10":"product_cat-salon","11":"product_cat-sypialnia","13":"first","14":"instock","15":"shipping-taxable","16":"product-type-simple"},"yoast_head":"<!-- This site is optimized with the Yoast SEO plugin v27.4 - https:\/\/yoast.com\/product\/yoast-seo-wordpress\/ -->\n<title>Maya MP - Furnika<\/title>\n<meta name=\"robots\" content=\"index, follow, max-snippet:-1, max-image-preview:large, max-video-preview:-1\" \/>\n<link rel=\"canonical\" href=\"https:\/\/furnika.com.pl\/en\/product\/maya-mp\/\" \/>\n<meta property=\"og:locale\" content=\"en_GB\" \/>\n<meta property=\"og:type\" content=\"article\" \/>\n<meta property=\"og:title\" content=\"Maya MP - Furnika\" \/>\n<meta property=\"og:description\" content=\"Oprawa MAYA MP to dyskretne i funkcjonalne rozwi\u0105zanie o\u015bwietleniowe, zaprojektowane z my\u015bl\u0105 o precyzyjnym do\u015bwietlaniu ekspozycji w witrynach, gablotach oraz szafkach meblowych. Zastosowanie ruchomego przegubu o zakresie regulacji do 80\u00b0, umo\u017cliwia swobodne kierowanie strumienia \u015bwiat\u0142a na wybrany detal, co czyni j\u0105 idealnym narz\u0119dziem do podkre\u015blania walor\u00f3w dekoracyjnych wybranych przedmiot\u00f3w.  Mimo swoich miniaturowych rozmiar\u00f3w, oprawa zapewnia wyra\u017ane i energooszcz\u0119dne \u015bwiat\u0142o. Konstrukcja przeznaczona jest do monta\u017cu wpuszczanego w otworze o \u015brednicy 20 mm, co pozwala na zachowanie minimalistycznego wygl\u0105du zabudowy przy zachowaniu pe\u0142nej funkcjonalno\u015bci o\u015bwietlenia punktowego.  Produkt dost\u0119pny jest w kolorze aluminium oraz czarnym, co u\u0142atwia dopasowanie go do nowoczesnych i klasycznych projekt\u00f3w meblowych. Dost\u0119pno\u015b\u0107 trzech barw \u015bwiat\u0142a: ciep\u0142ej, neutralnej i zimnej, umo\u017cliwia dopasowanie o\u015bwietlenia do charakteru wn\u0119trza i oczekiwanego efektu.  MAYA MP to doskona\u0142y wyb\u00f3r dla os\u00f3b poszukuj\u0105cych trwa\u0142ego, miniaturowego o\u015bwietlenia akcentuj\u0105cego, kt\u00f3re \u0142\u0105czy w sobie nowoczesn\u0105 estetyk\u0119 z u\u017cyteczno\u015bci\u0105.\" \/>\n<meta property=\"og:url\" content=\"https:\/\/furnika.com.pl\/en\/product\/maya-mp\/\" \/>\n<meta property=\"og:site_name\" content=\"Furnika\" \/>\n<meta property=\"og:image\" content=\"https:\/\/furnika.com.pl\/wp-content\/uploads\/2026\/04\/MAYA-MP-WWW-aranzacja.webp\" \/>\n\t<meta property=\"og:image:width\" content=\"800\" \/>\n\t<meta property=\"og:image:height\" content=\"800\" \/>\n\t<meta property=\"og:image:type\" content=\"image\/webp\" \/>\n<meta name=\"twitter:card\" content=\"summary_large_image\" \/>\n<meta name=\"twitter:label1\" content=\"Estimated reading time\" \/>\n\t<meta name=\"twitter:data1\" content=\"1 minute\" \/>\n<script type=\"application\/ld+json\" class=\"yoast-schema-graph\">{\"@context\":\"https:\\\/\\\/schema.org\",\"@graph\":[{\"@type\":\"WebPage\",\"@id\":\"https:\\\/\\\/furnika.com.pl\\\/produkt\\\/maya-mp\\\/\",\"url\":\"https:\\\/\\\/furnika.com.pl\\\/produkt\\\/maya-mp\\\/\",\"name\":\"Maya MP - Furnika\",\"isPartOf\":{\"@id\":\"https:\\\/\\\/furnika.com.pl\\\/#website\"},\"primaryImageOfPage\":{\"@id\":\"https:\\\/\\\/furnika.com.pl\\\/produkt\\\/maya-mp\\\/#primaryimage\"},\"image\":{\"@id\":\"https:\\\/\\\/furnika.com.pl\\\/produkt\\\/maya-mp\\\/#primaryimage\"},\"thumbnailUrl\":\"https:\\\/\\\/furnika.com.pl\\\/wp-content\\\/uploads\\\/2026\\\/04\\\/MAYA-MP-WWW-aranzacja.webp\",\"datePublished\":\"2026-04-10T10:42:17+00:00\",\"breadcrumb\":{\"@id\":\"https:\\\/\\\/furnika.com.pl\\\/produkt\\\/maya-mp\\\/#breadcrumb\"},\"inLanguage\":\"en-GB\",\"potentialAction\":[{\"@type\":\"ReadAction\",\"target\":[\"https:\\\/\\\/furnika.com.pl\\\/produkt\\\/maya-mp\\\/\"]}]},{\"@type\":\"ImageObject\",\"inLanguage\":\"en-GB\",\"@id\":\"https:\\\/\\\/furnika.com.pl\\\/produkt\\\/maya-mp\\\/#primaryimage\",\"url\":\"https:\\\/\\\/furnika.com.pl\\\/wp-content\\\/uploads\\\/2026\\\/04\\\/MAYA-MP-WWW-aranzacja.webp\",\"contentUrl\":\"https:\\\/\\\/furnika.com.pl\\\/wp-content\\\/uploads\\\/2026\\\/04\\\/MAYA-MP-WWW-aranzacja.webp\",\"width\":800,\"height\":800},{\"@type\":\"BreadcrumbList\",\"@id\":\"https:\\\/\\\/furnika.com.pl\\\/produkt\\\/maya-mp\\\/#breadcrumb\",\"itemListElement\":[{\"@type\":\"ListItem\",\"position\":1,\"name\":\"Strona g\u0142\u00f3wna\",\"item\":\"https:\\\/\\\/furnika.com.pl\\\/\"},{\"@type\":\"ListItem\",\"position\":2,\"name\":\"Produkty\",\"item\":\"https:\\\/\\\/furnika.com.pl\\\/produkty\\\/\"},{\"@type\":\"ListItem\",\"position\":3,\"name\":\"Maya MP\"}]},{\"@type\":\"WebSite\",\"@id\":\"https:\\\/\\\/furnika.com.pl\\\/#website\",\"url\":\"https:\\\/\\\/furnika.com.pl\\\/\",\"name\":\"Furnika\",\"description\":\"Light created with passion\",\"publisher\":{\"@id\":\"https:\\\/\\\/furnika.com.pl\\\/#organization\"},\"potentialAction\":[{\"@type\":\"SearchAction\",\"target\":{\"@type\":\"EntryPoint\",\"urlTemplate\":\"https:\\\/\\\/furnika.com.pl\\\/?s={search_term_string}\"},\"query-input\":{\"@type\":\"PropertyValueSpecification\",\"valueRequired\":true,\"valueName\":\"search_term_string\"}}],\"inLanguage\":\"en-GB\"},{\"@type\":\"Organization\",\"@id\":\"https:\\\/\\\/furnika.com.pl\\\/#organization\",\"name\":\"Furnika\",\"url\":\"https:\\\/\\\/furnika.com.pl\\\/\",\"logo\":{\"@type\":\"ImageObject\",\"inLanguage\":\"en-GB\",\"@id\":\"https:\\\/\\\/furnika.com.pl\\\/#\\\/schema\\\/logo\\\/image\\\/\",\"url\":\"https:\\\/\\\/furnika.com.pl\\\/wp-content\\\/uploads\\\/2026\\\/01\\\/cropped-logo-1.png\",\"contentUrl\":\"https:\\\/\\\/furnika.com.pl\\\/wp-content\\\/uploads\\\/2026\\\/01\\\/cropped-logo-1.png\",\"width\":366,\"height\":113,\"caption\":\"Furnika\"},\"image\":{\"@id\":\"https:\\\/\\\/furnika.com.pl\\\/#\\\/schema\\\/logo\\\/image\\\/\"}}]}<\/script>\n<!-- \/ Yoast SEO plugin. -->","yoast_head_json":{"title":"Maya MP - Furnika","robots":{"index":"index","follow":"follow","max-snippet":"max-snippet:-1","max-image-preview":"max-image-preview:large","max-video-preview":"max-video-preview:-1"},"canonical":"https:\/\/furnika.com.pl\/en\/product\/maya-mp\/","og_locale":"en_GB","og_type":"article","og_title":"Maya MP - Furnika","og_description":"Oprawa MAYA MP to dyskretne i funkcjonalne rozwi\u0105zanie o\u015bwietleniowe, zaprojektowane z my\u015bl\u0105 o precyzyjnym do\u015bwietlaniu ekspozycji w witrynach, gablotach oraz szafkach meblowych. Zastosowanie ruchomego przegubu o zakresie regulacji do 80\u00b0, umo\u017cliwia swobodne kierowanie strumienia \u015bwiat\u0142a na wybrany detal, co czyni j\u0105 idealnym narz\u0119dziem do podkre\u015blania walor\u00f3w dekoracyjnych wybranych przedmiot\u00f3w.  Mimo swoich miniaturowych rozmiar\u00f3w, oprawa zapewnia wyra\u017ane i energooszcz\u0119dne \u015bwiat\u0142o. Konstrukcja przeznaczona jest do monta\u017cu wpuszczanego w otworze o \u015brednicy 20 mm, co pozwala na zachowanie minimalistycznego wygl\u0105du zabudowy przy zachowaniu pe\u0142nej funkcjonalno\u015bci o\u015bwietlenia punktowego.  Produkt dost\u0119pny jest w kolorze aluminium oraz czarnym, co u\u0142atwia dopasowanie go do nowoczesnych i klasycznych projekt\u00f3w meblowych. Dost\u0119pno\u015b\u0107 trzech barw \u015bwiat\u0142a: ciep\u0142ej, neutralnej i zimnej, umo\u017cliwia dopasowanie o\u015bwietlenia do charakteru wn\u0119trza i oczekiwanego efektu.  MAYA MP to doskona\u0142y wyb\u00f3r dla os\u00f3b poszukuj\u0105cych trwa\u0142ego, miniaturowego o\u015bwietlenia akcentuj\u0105cego, kt\u00f3re \u0142\u0105czy w sobie nowoczesn\u0105 estetyk\u0119 z u\u017cyteczno\u015bci\u0105.","og_url":"https:\/\/furnika.com.pl\/en\/product\/maya-mp\/","og_site_name":"Furnika","og_image":[{"width":800,"height":800,"url":"https:\/\/furnika.com.pl\/wp-content\/uploads\/2026\/04\/MAYA-MP-WWW-aranzacja.webp","type":"image\/webp"}],"twitter_card":"summary_large_image","twitter_misc":{"Estimated reading time":"1 minute"},"schema":{"@context":"https:\/\/schema.org","@graph":[{"@type":"WebPage","@id":"https:\/\/furnika.com.pl\/produkt\/maya-mp\/","url":"https:\/\/furnika.com.pl\/produkt\/maya-mp\/","name":"Maya MP - Furnika","isPartOf":{"@id":"https:\/\/furnika.com.pl\/#website"},"primaryImageOfPage":{"@id":"https:\/\/furnika.com.pl\/produkt\/maya-mp\/#primaryimage"},"image":{"@id":"https:\/\/furnika.com.pl\/produkt\/maya-mp\/#primaryimage"},"thumbnailUrl":"https:\/\/furnika.com.pl\/wp-content\/uploads\/2026\/04\/MAYA-MP-WWW-aranzacja.webp","datePublished":"2026-04-10T10:42:17+00:00","breadcrumb":{"@id":"https:\/\/furnika.com.pl\/produkt\/maya-mp\/#breadcrumb"},"inLanguage":"en-GB","potentialAction":[{"@type":"ReadAction","target":["https:\/\/furnika.com.pl\/produkt\/maya-mp\/"]}]},{"@type":"ImageObject","inLanguage":"en-GB","@id":"https:\/\/furnika.com.pl\/produkt\/maya-mp\/#primaryimage","url":"https:\/\/furnika.com.pl\/wp-content\/uploads\/2026\/04\/MAYA-MP-WWW-aranzacja.webp","contentUrl":"https:\/\/furnika.com.pl\/wp-content\/uploads\/2026\/04\/MAYA-MP-WWW-aranzacja.webp","width":800,"height":800},{"@type":"BreadcrumbList","@id":"https:\/\/furnika.com.pl\/produkt\/maya-mp\/#breadcrumb","itemListElement":[{"@type":"ListItem","position":1,"name":"Strona g\u0142\u00f3wna","item":"https:\/\/furnika.com.pl\/"},{"@type":"ListItem","position":2,"name":"Produkty","item":"https:\/\/furnika.com.pl\/produkty\/"},{"@type":"ListItem","position":3,"name":"Maya MP"}]},{"@type":"WebSite","@id":"https:\/\/furnika.com.pl\/#website","url":"https:\/\/furnika.com.pl\/","name":"Furnika","description":"Light created with passion","publisher":{"@id":"https:\/\/furnika.com.pl\/#organization"},"potentialAction":[{"@type":"SearchAction","target":{"@type":"EntryPoint","urlTemplate":"https:\/\/furnika.com.pl\/?s={search_term_string}"},"query-input":{"@type":"PropertyValueSpecification","valueRequired":true,"valueName":"search_term_string"}}],"inLanguage":"en-GB"},{"@type":"Organization","@id":"https:\/\/furnika.com.pl\/#organization","name":"Furnika","url":"https:\/\/furnika.com.pl\/","logo":{"@type":"ImageObject","inLanguage":"en-GB","@id":"https:\/\/furnika.com.pl\/#\/schema\/logo\/image\/","url":"https:\/\/furnika.com.pl\/wp-content\/uploads\/2026\/01\/cropped-logo-1.png","contentUrl":"https:\/\/furnika.com.pl\/wp-content\/uploads\/2026\/01\/cropped-logo-1.png","width":366,"height":113,"caption":"Furnika"},"image":{"@id":"https:\/\/furnika.com.pl\/#\/schema\/logo\/image\/"}}]}},"_links":{"self":[{"href":"https:\/\/furnika.com.pl\/en\/wp-json\/wp\/v2\/product\/3452","targetHints":{"allow":["GET"]}}],"collection":[{"href":"https:\/\/furnika.com.pl\/en\/wp-json\/wp\/v2\/product"}],"about":[{"href":"https:\/\/furnika.com.pl\/en\/wp-json\/wp\/v2\/types\/product"}],"wp:featuredmedia":[{"embeddable":true,"href":"https:\/\/furnika.com.pl\/en\/wp-json\/wp\/v2\/media\/3474"}],"wp:attachment":[{"href":"https:\/\/furnika.com.pl\/en\/wp-json\/wp\/v2\/media?parent=3452"}],"wp:term":[{"taxonomy":"product_brand","embeddable":true,"href":"https:\/\/furnika.com.pl\/en\/wp-json\/wp\/v2\/product_brand?post=3452"},{"taxonomy":"product_cat","embeddable":true,"href":"https:\/\/furnika.com.pl\/en\/wp-json\/wp\/v2\/product_cat?post=3452"},{"taxonomy":"product_tag","embeddable":true,"href":"https:\/\/furnika.com.pl\/en\/wp-json\/wp\/v2\/product_tag?post=3452"}],"curies":[{"name":"wp","href":"https:\/\/api.w.org\/{rel}","templated":true}]}}