{"id":3453,"date":"2026-04-10T08:30:20","date_gmt":"2026-04-10T08:30:20","guid":{"rendered":"https:\/\/furnika.com.pl\/?post_type=product&#038;p=3453"},"modified":"2026-04-10T09:48:29","modified_gmt":"2026-04-10T09:48:29","slug":"maya-h-maya-h-2m","status":"publish","type":"product","link":"https:\/\/furnika.com.pl\/en\/product\/maya-h-maya-h-2m\/","title":{"rendered":"Maya H | Maya H\/2m"},"content":{"rendered":"","protected":false},"excerpt":{"rendered":"<p>MAYA H is a lighting solution that combines precise spot lighting with an integrated control system. Designed as a slim, surface-mounted panel, it works perfectly as under-cabinet, cabinet, or display lighting. A distinctive feature of this model is the combination of an adjustable LED light point with a built-in ON\/OFF touch sensor, allowing independent control of the light directly on the fixture.<\/p>\n<p>The movable LED head enables precise adjustment of the light direction, which is especially useful when illuminating specific objects or work areas. At the same time, the lamp remains a discreet yet elegant element of furniture finishing.<\/p>\n<p>The fixture is mounted directly to the furniture board using screws hidden under aesthetic caps, so no milling or drilling of recessed holes is required.<br \/>\nThe model is available as <strong>MAYA H <\/strong>with a 0.1 m cable and <strong>MAYA H\/2m<\/strong> with a 2 m cable.<\/p>\n<p>The product is offered in aluminum and black, and the user can choose from three light color options: warm white, neutral white, and cool white.<\/p>","protected":false},"featured_media":3468,"template":"","meta":[],"product_brand":[],"product_cat":[83,63,59,68,62,60],"product_tag":[],"class_list":{"0":"post-3453","1":"product","2":"type-product","3":"status-publish","4":"has-post-thumbnail","6":"product_cat-garderoba","7":"product_cat-kamper","8":"product_cat-kuchnia","9":"product_cat-lampy-led","10":"product_cat-salon","11":"product_cat-sypialnia","13":"first","14":"instock","15":"shipping-taxable","16":"product-type-simple"},"yoast_head":"<!-- This site is optimized with the Yoast SEO plugin v27.4 - https:\/\/yoast.com\/product\/yoast-seo-wordpress\/ -->\n<title>Maya H | Maya H\/2m - Furnika<\/title>\n<meta name=\"robots\" content=\"index, follow, max-snippet:-1, max-image-preview:large, max-video-preview:-1\" \/>\n<link rel=\"canonical\" href=\"https:\/\/furnika.com.pl\/en\/product\/maya-h-maya-h-2m\/\" \/>\n<meta property=\"og:locale\" content=\"en_GB\" \/>\n<meta property=\"og:type\" content=\"article\" \/>\n<meta property=\"og:title\" content=\"Maya H | Maya H\/2m - Furnika\" \/>\n<meta property=\"og:description\" content=\"MAYA H to rozwi\u0105zanie o\u015bwietleniowe, kt\u00f3re \u0142\u0105czy w sobie precyzyjne o\u015bwietlenie punktowe z zintegrowanym systemem sterowania. Zaprojektowana w formie smuk\u0142ego, nawierzchniowego panelu, idealnie sprawdza si\u0119 w roli o\u015bwietlenia podszafkowego, szafkowego oraz ekspozycyjnego. Unikaln\u0105 cech\u0105 tego modelu jest po\u0142\u0105czenie ruchomego punktu \u015bwietlnego LED z wbudowanym sensorem dotykowym ON\/OFF, co pozwala na niezale\u017cne zarz\u0105dzanie \u015bwiat\u0142em bezpo\u015brednio na poziomie oprawy.  Ruchoma g\u0142owica z diod\u0105 LED umo\u017cliwia precyzyjne ukierunkowanie strumienia \u015bwiat\u0142a, co jest kluczowe przy do\u015bwietlaniu konkretnych przedmiot\u00f3w lub obszar\u00f3w roboczych. Lampka pozostaje dyskretnym, a zarazem eleganckim elementem wyko\u0144czenia mebla.  Oprawa montowana jest bezpo\u015brednio do p\u0142yty meblowej za pomoc\u0105 wkr\u0119t\u00f3w ukrytych pod estetycznymi za\u015blepkami, co nie wymaga frezowania otwor\u00f3w. Model dost\u0119pny jest w wersji MAYA H z przewodami o d\u0142ugo\u015bci 0,1m oraz MAYA H\/2m z przewodem o d\u0142ugo\u015bci 2 metr\u00f3w.  Produkt oferowany jest w kolorze aluminium oraz czarnym, a u\u017cytkownik mo\u017ce wybra\u0107 spo\u015br\u00f3d trzech wariant\u00f3w barwy \u015bwiat\u0142a: ciep\u0142ej, neutralnej oraz zimnej.\" \/>\n<meta property=\"og:url\" content=\"https:\/\/furnika.com.pl\/en\/product\/maya-h-maya-h-2m\/\" \/>\n<meta property=\"og:site_name\" content=\"Furnika\" \/>\n<meta property=\"article:modified_time\" content=\"2026-04-10T09:48:29+00:00\" \/>\n<meta property=\"og:image\" content=\"https:\/\/furnika.com.pl\/wp-content\/uploads\/2026\/04\/MAYA-H-MAYA-H-2M-WWW-aranzacja.webp\" \/>\n\t<meta property=\"og:image:width\" content=\"800\" \/>\n\t<meta property=\"og:image:height\" content=\"800\" \/>\n\t<meta property=\"og:image:type\" content=\"image\/webp\" \/>\n<meta name=\"twitter:card\" content=\"summary_large_image\" \/>\n<meta name=\"twitter:label1\" content=\"Estimated reading time\" \/>\n\t<meta name=\"twitter:data1\" content=\"1 minute\" \/>\n<script type=\"application\/ld+json\" class=\"yoast-schema-graph\">{\"@context\":\"https:\\\/\\\/schema.org\",\"@graph\":[{\"@type\":\"WebPage\",\"@id\":\"https:\\\/\\\/furnika.com.pl\\\/produkt\\\/maya-h-maya-h-2m\\\/\",\"url\":\"https:\\\/\\\/furnika.com.pl\\\/produkt\\\/maya-h-maya-h-2m\\\/\",\"name\":\"Maya H | Maya H\\\/2m - Furnika\",\"isPartOf\":{\"@id\":\"https:\\\/\\\/furnika.com.pl\\\/#website\"},\"primaryImageOfPage\":{\"@id\":\"https:\\\/\\\/furnika.com.pl\\\/produkt\\\/maya-h-maya-h-2m\\\/#primaryimage\"},\"image\":{\"@id\":\"https:\\\/\\\/furnika.com.pl\\\/produkt\\\/maya-h-maya-h-2m\\\/#primaryimage\"},\"thumbnailUrl\":\"https:\\\/\\\/furnika.com.pl\\\/wp-content\\\/uploads\\\/2026\\\/04\\\/MAYA-H-MAYA-H-2M-WWW-aranzacja.webp\",\"datePublished\":\"2026-04-10T08:30:20+00:00\",\"dateModified\":\"2026-04-10T09:48:29+00:00\",\"breadcrumb\":{\"@id\":\"https:\\\/\\\/furnika.com.pl\\\/produkt\\\/maya-h-maya-h-2m\\\/#breadcrumb\"},\"inLanguage\":\"en-GB\",\"potentialAction\":[{\"@type\":\"ReadAction\",\"target\":[\"https:\\\/\\\/furnika.com.pl\\\/produkt\\\/maya-h-maya-h-2m\\\/\"]}]},{\"@type\":\"ImageObject\",\"inLanguage\":\"en-GB\",\"@id\":\"https:\\\/\\\/furnika.com.pl\\\/produkt\\\/maya-h-maya-h-2m\\\/#primaryimage\",\"url\":\"https:\\\/\\\/furnika.com.pl\\\/wp-content\\\/uploads\\\/2026\\\/04\\\/MAYA-H-MAYA-H-2M-WWW-aranzacja.webp\",\"contentUrl\":\"https:\\\/\\\/furnika.com.pl\\\/wp-content\\\/uploads\\\/2026\\\/04\\\/MAYA-H-MAYA-H-2M-WWW-aranzacja.webp\",\"width\":800,\"height\":800},{\"@type\":\"BreadcrumbList\",\"@id\":\"https:\\\/\\\/furnika.com.pl\\\/produkt\\\/maya-h-maya-h-2m\\\/#breadcrumb\",\"itemListElement\":[{\"@type\":\"ListItem\",\"position\":1,\"name\":\"Strona g\u0142\u00f3wna\",\"item\":\"https:\\\/\\\/furnika.com.pl\\\/\"},{\"@type\":\"ListItem\",\"position\":2,\"name\":\"Produkty\",\"item\":\"https:\\\/\\\/furnika.com.pl\\\/produkty\\\/\"},{\"@type\":\"ListItem\",\"position\":3,\"name\":\"Maya H | Maya H\\\/2m\"}]},{\"@type\":\"WebSite\",\"@id\":\"https:\\\/\\\/furnika.com.pl\\\/#website\",\"url\":\"https:\\\/\\\/furnika.com.pl\\\/\",\"name\":\"Furnika\",\"description\":\"Light created with passion\",\"publisher\":{\"@id\":\"https:\\\/\\\/furnika.com.pl\\\/#organization\"},\"potentialAction\":[{\"@type\":\"SearchAction\",\"target\":{\"@type\":\"EntryPoint\",\"urlTemplate\":\"https:\\\/\\\/furnika.com.pl\\\/?s={search_term_string}\"},\"query-input\":{\"@type\":\"PropertyValueSpecification\",\"valueRequired\":true,\"valueName\":\"search_term_string\"}}],\"inLanguage\":\"en-GB\"},{\"@type\":\"Organization\",\"@id\":\"https:\\\/\\\/furnika.com.pl\\\/#organization\",\"name\":\"Furnika\",\"url\":\"https:\\\/\\\/furnika.com.pl\\\/\",\"logo\":{\"@type\":\"ImageObject\",\"inLanguage\":\"en-GB\",\"@id\":\"https:\\\/\\\/furnika.com.pl\\\/#\\\/schema\\\/logo\\\/image\\\/\",\"url\":\"https:\\\/\\\/furnika.com.pl\\\/wp-content\\\/uploads\\\/2026\\\/01\\\/cropped-logo-1.png\",\"contentUrl\":\"https:\\\/\\\/furnika.com.pl\\\/wp-content\\\/uploads\\\/2026\\\/01\\\/cropped-logo-1.png\",\"width\":366,\"height\":113,\"caption\":\"Furnika\"},\"image\":{\"@id\":\"https:\\\/\\\/furnika.com.pl\\\/#\\\/schema\\\/logo\\\/image\\\/\"}}]}<\/script>\n<!-- \/ Yoast SEO plugin. -->","yoast_head_json":{"title":"Maya H | Maya H\/2m - Furnika","robots":{"index":"index","follow":"follow","max-snippet":"max-snippet:-1","max-image-preview":"max-image-preview:large","max-video-preview":"max-video-preview:-1"},"canonical":"https:\/\/furnika.com.pl\/en\/product\/maya-h-maya-h-2m\/","og_locale":"en_GB","og_type":"article","og_title":"Maya H | Maya H\/2m - Furnika","og_description":"MAYA H to rozwi\u0105zanie o\u015bwietleniowe, kt\u00f3re \u0142\u0105czy w sobie precyzyjne o\u015bwietlenie punktowe z zintegrowanym systemem sterowania. Zaprojektowana w formie smuk\u0142ego, nawierzchniowego panelu, idealnie sprawdza si\u0119 w roli o\u015bwietlenia podszafkowego, szafkowego oraz ekspozycyjnego. Unikaln\u0105 cech\u0105 tego modelu jest po\u0142\u0105czenie ruchomego punktu \u015bwietlnego LED z wbudowanym sensorem dotykowym ON\/OFF, co pozwala na niezale\u017cne zarz\u0105dzanie \u015bwiat\u0142em bezpo\u015brednio na poziomie oprawy.  Ruchoma g\u0142owica z diod\u0105 LED umo\u017cliwia precyzyjne ukierunkowanie strumienia \u015bwiat\u0142a, co jest kluczowe przy do\u015bwietlaniu konkretnych przedmiot\u00f3w lub obszar\u00f3w roboczych. Lampka pozostaje dyskretnym, a zarazem eleganckim elementem wyko\u0144czenia mebla.  Oprawa montowana jest bezpo\u015brednio do p\u0142yty meblowej za pomoc\u0105 wkr\u0119t\u00f3w ukrytych pod estetycznymi za\u015blepkami, co nie wymaga frezowania otwor\u00f3w. Model dost\u0119pny jest w wersji MAYA H z przewodami o d\u0142ugo\u015bci 0,1m oraz MAYA H\/2m z przewodem o d\u0142ugo\u015bci 2 metr\u00f3w.  Produkt oferowany jest w kolorze aluminium oraz czarnym, a u\u017cytkownik mo\u017ce wybra\u0107 spo\u015br\u00f3d trzech wariant\u00f3w barwy \u015bwiat\u0142a: ciep\u0142ej, neutralnej oraz zimnej.","og_url":"https:\/\/furnika.com.pl\/en\/product\/maya-h-maya-h-2m\/","og_site_name":"Furnika","article_modified_time":"2026-04-10T09:48:29+00:00","og_image":[{"width":800,"height":800,"url":"https:\/\/furnika.com.pl\/wp-content\/uploads\/2026\/04\/MAYA-H-MAYA-H-2M-WWW-aranzacja.webp","type":"image\/webp"}],"twitter_card":"summary_large_image","twitter_misc":{"Estimated reading time":"1 minute"},"schema":{"@context":"https:\/\/schema.org","@graph":[{"@type":"WebPage","@id":"https:\/\/furnika.com.pl\/produkt\/maya-h-maya-h-2m\/","url":"https:\/\/furnika.com.pl\/produkt\/maya-h-maya-h-2m\/","name":"Maya H | Maya H\/2m - Furnika","isPartOf":{"@id":"https:\/\/furnika.com.pl\/#website"},"primaryImageOfPage":{"@id":"https:\/\/furnika.com.pl\/produkt\/maya-h-maya-h-2m\/#primaryimage"},"image":{"@id":"https:\/\/furnika.com.pl\/produkt\/maya-h-maya-h-2m\/#primaryimage"},"thumbnailUrl":"https:\/\/furnika.com.pl\/wp-content\/uploads\/2026\/04\/MAYA-H-MAYA-H-2M-WWW-aranzacja.webp","datePublished":"2026-04-10T08:30:20+00:00","dateModified":"2026-04-10T09:48:29+00:00","breadcrumb":{"@id":"https:\/\/furnika.com.pl\/produkt\/maya-h-maya-h-2m\/#breadcrumb"},"inLanguage":"en-GB","potentialAction":[{"@type":"ReadAction","target":["https:\/\/furnika.com.pl\/produkt\/maya-h-maya-h-2m\/"]}]},{"@type":"ImageObject","inLanguage":"en-GB","@id":"https:\/\/furnika.com.pl\/produkt\/maya-h-maya-h-2m\/#primaryimage","url":"https:\/\/furnika.com.pl\/wp-content\/uploads\/2026\/04\/MAYA-H-MAYA-H-2M-WWW-aranzacja.webp","contentUrl":"https:\/\/furnika.com.pl\/wp-content\/uploads\/2026\/04\/MAYA-H-MAYA-H-2M-WWW-aranzacja.webp","width":800,"height":800},{"@type":"BreadcrumbList","@id":"https:\/\/furnika.com.pl\/produkt\/maya-h-maya-h-2m\/#breadcrumb","itemListElement":[{"@type":"ListItem","position":1,"name":"Strona g\u0142\u00f3wna","item":"https:\/\/furnika.com.pl\/"},{"@type":"ListItem","position":2,"name":"Produkty","item":"https:\/\/furnika.com.pl\/produkty\/"},{"@type":"ListItem","position":3,"name":"Maya H | Maya H\/2m"}]},{"@type":"WebSite","@id":"https:\/\/furnika.com.pl\/#website","url":"https:\/\/furnika.com.pl\/","name":"Furnika","description":"Light created with passion","publisher":{"@id":"https:\/\/furnika.com.pl\/#organization"},"potentialAction":[{"@type":"SearchAction","target":{"@type":"EntryPoint","urlTemplate":"https:\/\/furnika.com.pl\/?s={search_term_string}"},"query-input":{"@type":"PropertyValueSpecification","valueRequired":true,"valueName":"search_term_string"}}],"inLanguage":"en-GB"},{"@type":"Organization","@id":"https:\/\/furnika.com.pl\/#organization","name":"Furnika","url":"https:\/\/furnika.com.pl\/","logo":{"@type":"ImageObject","inLanguage":"en-GB","@id":"https:\/\/furnika.com.pl\/#\/schema\/logo\/image\/","url":"https:\/\/furnika.com.pl\/wp-content\/uploads\/2026\/01\/cropped-logo-1.png","contentUrl":"https:\/\/furnika.com.pl\/wp-content\/uploads\/2026\/01\/cropped-logo-1.png","width":366,"height":113,"caption":"Furnika"},"image":{"@id":"https:\/\/furnika.com.pl\/#\/schema\/logo\/image\/"}}]}},"_links":{"self":[{"href":"https:\/\/furnika.com.pl\/en\/wp-json\/wp\/v2\/product\/3453","targetHints":{"allow":["GET"]}}],"collection":[{"href":"https:\/\/furnika.com.pl\/en\/wp-json\/wp\/v2\/product"}],"about":[{"href":"https:\/\/furnika.com.pl\/en\/wp-json\/wp\/v2\/types\/product"}],"wp:featuredmedia":[{"embeddable":true,"href":"https:\/\/furnika.com.pl\/en\/wp-json\/wp\/v2\/media\/3468"}],"wp:attachment":[{"href":"https:\/\/furnika.com.pl\/en\/wp-json\/wp\/v2\/media?parent=3453"}],"wp:term":[{"taxonomy":"product_brand","embeddable":true,"href":"https:\/\/furnika.com.pl\/en\/wp-json\/wp\/v2\/product_brand?post=3453"},{"taxonomy":"product_cat","embeddable":true,"href":"https:\/\/furnika.com.pl\/en\/wp-json\/wp\/v2\/product_cat?post=3453"},{"taxonomy":"product_tag","embeddable":true,"href":"https:\/\/furnika.com.pl\/en\/wp-json\/wp\/v2\/product_tag?post=3453"}],"curies":[{"name":"wp","href":"https:\/\/api.w.org\/{rel}","templated":true}]}}