{"id":3483,"date":"2026-04-15T09:02:23","date_gmt":"2026-04-15T09:02:23","guid":{"rendered":"https:\/\/furnika.com.pl\/?post_type=product&#038;p=3483"},"modified":"2026-04-15T09:05:13","modified_gmt":"2026-04-15T09:05:13","slug":"mini-lens","status":"publish","type":"product","link":"https:\/\/furnika.com.pl\/en\/product\/mini-lens\/","title":{"rendered":"Mini lens"},"content":{"rendered":"","protected":false},"excerpt":{"rendered":"<p>Mini lens is an ultra-miniature recessed fixture. Thanks to its extremely small size and the use of a specialized lens, it is ideal for creating lighting accents in showcases, display cases, and cabinets, where every millimeter of space matters. The characteristic lens focuses the light beam, creating clear and aesthetic light spots on surfaces, allowing decorative details of furniture to be effectively highlighted.<\/p>\n<p>The fixture\u2019s design is optimized for minimal recessed installation. It requires a hole with a diameter of only 12 mm, making it almost invisible after installation and leaving the focus entirely on the light itself.<\/p>\n<p>The product is available in an aluminum finish, which fits well with modern design styles. It comes in three light color options: warm white, neutral white, and cool white.<\/p>\n<p>The fixture is equipped with a 2-meter cable, making it easier to route the installation within larger furniture setups. Mini lens is an excellent choice wherever lighting needs to be effective yet highly discreet.<\/p>","protected":false},"featured_media":3539,"template":"","meta":[],"product_brand":[],"product_cat":[83,63,57,68,62,64,60],"product_tag":[],"class_list":{"0":"post-3483","1":"product","2":"type-product","3":"status-publish","4":"has-post-thumbnail","6":"product_cat-garderoba","7":"product_cat-kamper","8":"product_cat-lampy-do-lozka","9":"product_cat-lampy-led","10":"product_cat-salon","11":"product_cat-sofa","12":"product_cat-sypialnia","14":"first","15":"instock","16":"shipping-taxable","17":"product-type-simple"},"yoast_head":"<!-- This site is optimized with the Yoast SEO plugin v27.4 - https:\/\/yoast.com\/product\/yoast-seo-wordpress\/ -->\n<title>Mini lens - Furnika<\/title>\n<meta name=\"robots\" content=\"index, follow, max-snippet:-1, max-image-preview:large, max-video-preview:-1\" \/>\n<link rel=\"canonical\" href=\"https:\/\/furnika.com.pl\/en\/product\/mini-lens\/\" \/>\n<meta property=\"og:locale\" content=\"en_GB\" \/>\n<meta property=\"og:type\" content=\"article\" \/>\n<meta property=\"og:title\" content=\"Mini lens - Furnika\" \/>\n<meta property=\"og:description\" content=\"Mini lens to ultra-miniaturowa oprawa wpuszczana. Dzi\u0119ki niezwykle ma\u0142ym wymiarom i zastosowaniu specjalistycznej soczewki, produkt ten idealnie nadaje si\u0119 do tworzenia akcent\u00f3w \u015bwietlnych w witrynach, gablotach oraz szafkach, gdzie liczy si\u0119 ka\u017cdy milimetr przestrzeni. Charakterystyczna soczewka skupia strumie\u0144 \u015bwiat\u0142a, tworz\u0105c wyra\u017ane, estetyczne kr\u0119gi \u015bwietlne na powierzchniach, co pozwala w efektowny spos\u00f3b wyeksponowa\u0107 detale mebla.  Konstrukcja oprawy zosta\u0142a zoptymalizowana pod k\u0105tem minimalistycznego monta\u017cu wpuszczanego. Wymaga ona otworu o \u015brednicy zaledwie 12 mm, dzi\u0119ki czemu po instalacji staje si\u0119 niemal niewidocznym elementem zabudowy, oddaj\u0105c pole wy\u0142\u0105cznie czystemu \u015bwiat\u0142u.  Produkt oferowany jest w kolorze aluminium, co doskonale komponuje si\u0119 z nowoczesnym wzornictwem. Wyst\u0119puje w trzech barwach \u015bwiat\u0142a: ciep\u0142ej, neutralnej i zimnej.  Oprawa wyposa\u017cona jest w\u00a0 2-metrowy przew\u00f3d, kt\u00f3ry u\u0142atwia prowadzenie instalacji wewn\u0105trz rozbudowanych zestaw\u00f3w meblowych. Mini lens to doskona\u0142y wyb\u00f3r wsz\u0119dzie tam, gdzie o\u015bwietlenie ma by\u0107 skuteczne, ale jednocze\u015bnie maksymalnie dyskretne.\" \/>\n<meta property=\"og:url\" content=\"https:\/\/furnika.com.pl\/en\/product\/mini-lens\/\" \/>\n<meta property=\"og:site_name\" content=\"Furnika\" \/>\n<meta property=\"article:modified_time\" content=\"2026-04-15T09:05:13+00:00\" \/>\n<meta property=\"og:image\" content=\"https:\/\/furnika.com.pl\/wp-content\/uploads\/2026\/04\/MINI-LENS-WWW-wizualizacja.webp\" \/>\n\t<meta property=\"og:image:width\" content=\"800\" \/>\n\t<meta property=\"og:image:height\" content=\"800\" \/>\n\t<meta property=\"og:image:type\" content=\"image\/webp\" \/>\n<meta name=\"twitter:card\" content=\"summary_large_image\" \/>\n<meta name=\"twitter:label1\" content=\"Estimated reading time\" \/>\n\t<meta name=\"twitter:data1\" content=\"1 minute\" \/>\n<script type=\"application\/ld+json\" class=\"yoast-schema-graph\">{\"@context\":\"https:\\\/\\\/schema.org\",\"@graph\":[{\"@type\":\"WebPage\",\"@id\":\"https:\\\/\\\/furnika.com.pl\\\/produkt\\\/mini-lens\\\/\",\"url\":\"https:\\\/\\\/furnika.com.pl\\\/produkt\\\/mini-lens\\\/\",\"name\":\"Mini lens - Furnika\",\"isPartOf\":{\"@id\":\"https:\\\/\\\/furnika.com.pl\\\/#website\"},\"primaryImageOfPage\":{\"@id\":\"https:\\\/\\\/furnika.com.pl\\\/produkt\\\/mini-lens\\\/#primaryimage\"},\"image\":{\"@id\":\"https:\\\/\\\/furnika.com.pl\\\/produkt\\\/mini-lens\\\/#primaryimage\"},\"thumbnailUrl\":\"https:\\\/\\\/furnika.com.pl\\\/wp-content\\\/uploads\\\/2026\\\/04\\\/MINI-LENS-WWW-wizualizacja.webp\",\"datePublished\":\"2026-04-15T09:02:23+00:00\",\"dateModified\":\"2026-04-15T09:05:13+00:00\",\"breadcrumb\":{\"@id\":\"https:\\\/\\\/furnika.com.pl\\\/produkt\\\/mini-lens\\\/#breadcrumb\"},\"inLanguage\":\"en-GB\",\"potentialAction\":[{\"@type\":\"ReadAction\",\"target\":[\"https:\\\/\\\/furnika.com.pl\\\/produkt\\\/mini-lens\\\/\"]}]},{\"@type\":\"ImageObject\",\"inLanguage\":\"en-GB\",\"@id\":\"https:\\\/\\\/furnika.com.pl\\\/produkt\\\/mini-lens\\\/#primaryimage\",\"url\":\"https:\\\/\\\/furnika.com.pl\\\/wp-content\\\/uploads\\\/2026\\\/04\\\/MINI-LENS-WWW-wizualizacja.webp\",\"contentUrl\":\"https:\\\/\\\/furnika.com.pl\\\/wp-content\\\/uploads\\\/2026\\\/04\\\/MINI-LENS-WWW-wizualizacja.webp\",\"width\":800,\"height\":800},{\"@type\":\"BreadcrumbList\",\"@id\":\"https:\\\/\\\/furnika.com.pl\\\/produkt\\\/mini-lens\\\/#breadcrumb\",\"itemListElement\":[{\"@type\":\"ListItem\",\"position\":1,\"name\":\"Strona g\u0142\u00f3wna\",\"item\":\"https:\\\/\\\/furnika.com.pl\\\/\"},{\"@type\":\"ListItem\",\"position\":2,\"name\":\"Produkty\",\"item\":\"https:\\\/\\\/furnika.com.pl\\\/produkty\\\/\"},{\"@type\":\"ListItem\",\"position\":3,\"name\":\"Mini lens\"}]},{\"@type\":\"WebSite\",\"@id\":\"https:\\\/\\\/furnika.com.pl\\\/#website\",\"url\":\"https:\\\/\\\/furnika.com.pl\\\/\",\"name\":\"Furnika\",\"description\":\"Light created with passion\",\"publisher\":{\"@id\":\"https:\\\/\\\/furnika.com.pl\\\/#organization\"},\"potentialAction\":[{\"@type\":\"SearchAction\",\"target\":{\"@type\":\"EntryPoint\",\"urlTemplate\":\"https:\\\/\\\/furnika.com.pl\\\/?s={search_term_string}\"},\"query-input\":{\"@type\":\"PropertyValueSpecification\",\"valueRequired\":true,\"valueName\":\"search_term_string\"}}],\"inLanguage\":\"en-GB\"},{\"@type\":\"Organization\",\"@id\":\"https:\\\/\\\/furnika.com.pl\\\/#organization\",\"name\":\"Furnika\",\"url\":\"https:\\\/\\\/furnika.com.pl\\\/\",\"logo\":{\"@type\":\"ImageObject\",\"inLanguage\":\"en-GB\",\"@id\":\"https:\\\/\\\/furnika.com.pl\\\/#\\\/schema\\\/logo\\\/image\\\/\",\"url\":\"https:\\\/\\\/furnika.com.pl\\\/wp-content\\\/uploads\\\/2026\\\/01\\\/cropped-logo-1.png\",\"contentUrl\":\"https:\\\/\\\/furnika.com.pl\\\/wp-content\\\/uploads\\\/2026\\\/01\\\/cropped-logo-1.png\",\"width\":366,\"height\":113,\"caption\":\"Furnika\"},\"image\":{\"@id\":\"https:\\\/\\\/furnika.com.pl\\\/#\\\/schema\\\/logo\\\/image\\\/\"}}]}<\/script>\n<!-- \/ Yoast SEO plugin. -->","yoast_head_json":{"title":"Mini lens - Furnika","robots":{"index":"index","follow":"follow","max-snippet":"max-snippet:-1","max-image-preview":"max-image-preview:large","max-video-preview":"max-video-preview:-1"},"canonical":"https:\/\/furnika.com.pl\/en\/product\/mini-lens\/","og_locale":"en_GB","og_type":"article","og_title":"Mini lens - Furnika","og_description":"Mini lens to ultra-miniaturowa oprawa wpuszczana. Dzi\u0119ki niezwykle ma\u0142ym wymiarom i zastosowaniu specjalistycznej soczewki, produkt ten idealnie nadaje si\u0119 do tworzenia akcent\u00f3w \u015bwietlnych w witrynach, gablotach oraz szafkach, gdzie liczy si\u0119 ka\u017cdy milimetr przestrzeni. Charakterystyczna soczewka skupia strumie\u0144 \u015bwiat\u0142a, tworz\u0105c wyra\u017ane, estetyczne kr\u0119gi \u015bwietlne na powierzchniach, co pozwala w efektowny spos\u00f3b wyeksponowa\u0107 detale mebla.  Konstrukcja oprawy zosta\u0142a zoptymalizowana pod k\u0105tem minimalistycznego monta\u017cu wpuszczanego. Wymaga ona otworu o \u015brednicy zaledwie 12 mm, dzi\u0119ki czemu po instalacji staje si\u0119 niemal niewidocznym elementem zabudowy, oddaj\u0105c pole wy\u0142\u0105cznie czystemu \u015bwiat\u0142u.  Produkt oferowany jest w kolorze aluminium, co doskonale komponuje si\u0119 z nowoczesnym wzornictwem. Wyst\u0119puje w trzech barwach \u015bwiat\u0142a: ciep\u0142ej, neutralnej i zimnej.  Oprawa wyposa\u017cona jest w\u00a0 2-metrowy przew\u00f3d, kt\u00f3ry u\u0142atwia prowadzenie instalacji wewn\u0105trz rozbudowanych zestaw\u00f3w meblowych. Mini lens to doskona\u0142y wyb\u00f3r wsz\u0119dzie tam, gdzie o\u015bwietlenie ma by\u0107 skuteczne, ale jednocze\u015bnie maksymalnie dyskretne.","og_url":"https:\/\/furnika.com.pl\/en\/product\/mini-lens\/","og_site_name":"Furnika","article_modified_time":"2026-04-15T09:05:13+00:00","og_image":[{"width":800,"height":800,"url":"https:\/\/furnika.com.pl\/wp-content\/uploads\/2026\/04\/MINI-LENS-WWW-wizualizacja.webp","type":"image\/webp"}],"twitter_card":"summary_large_image","twitter_misc":{"Estimated reading time":"1 minute"},"schema":{"@context":"https:\/\/schema.org","@graph":[{"@type":"WebPage","@id":"https:\/\/furnika.com.pl\/produkt\/mini-lens\/","url":"https:\/\/furnika.com.pl\/produkt\/mini-lens\/","name":"Mini lens - Furnika","isPartOf":{"@id":"https:\/\/furnika.com.pl\/#website"},"primaryImageOfPage":{"@id":"https:\/\/furnika.com.pl\/produkt\/mini-lens\/#primaryimage"},"image":{"@id":"https:\/\/furnika.com.pl\/produkt\/mini-lens\/#primaryimage"},"thumbnailUrl":"https:\/\/furnika.com.pl\/wp-content\/uploads\/2026\/04\/MINI-LENS-WWW-wizualizacja.webp","datePublished":"2026-04-15T09:02:23+00:00","dateModified":"2026-04-15T09:05:13+00:00","breadcrumb":{"@id":"https:\/\/furnika.com.pl\/produkt\/mini-lens\/#breadcrumb"},"inLanguage":"en-GB","potentialAction":[{"@type":"ReadAction","target":["https:\/\/furnika.com.pl\/produkt\/mini-lens\/"]}]},{"@type":"ImageObject","inLanguage":"en-GB","@id":"https:\/\/furnika.com.pl\/produkt\/mini-lens\/#primaryimage","url":"https:\/\/furnika.com.pl\/wp-content\/uploads\/2026\/04\/MINI-LENS-WWW-wizualizacja.webp","contentUrl":"https:\/\/furnika.com.pl\/wp-content\/uploads\/2026\/04\/MINI-LENS-WWW-wizualizacja.webp","width":800,"height":800},{"@type":"BreadcrumbList","@id":"https:\/\/furnika.com.pl\/produkt\/mini-lens\/#breadcrumb","itemListElement":[{"@type":"ListItem","position":1,"name":"Strona g\u0142\u00f3wna","item":"https:\/\/furnika.com.pl\/"},{"@type":"ListItem","position":2,"name":"Produkty","item":"https:\/\/furnika.com.pl\/produkty\/"},{"@type":"ListItem","position":3,"name":"Mini lens"}]},{"@type":"WebSite","@id":"https:\/\/furnika.com.pl\/#website","url":"https:\/\/furnika.com.pl\/","name":"Furnika","description":"Light created with passion","publisher":{"@id":"https:\/\/furnika.com.pl\/#organization"},"potentialAction":[{"@type":"SearchAction","target":{"@type":"EntryPoint","urlTemplate":"https:\/\/furnika.com.pl\/?s={search_term_string}"},"query-input":{"@type":"PropertyValueSpecification","valueRequired":true,"valueName":"search_term_string"}}],"inLanguage":"en-GB"},{"@type":"Organization","@id":"https:\/\/furnika.com.pl\/#organization","name":"Furnika","url":"https:\/\/furnika.com.pl\/","logo":{"@type":"ImageObject","inLanguage":"en-GB","@id":"https:\/\/furnika.com.pl\/#\/schema\/logo\/image\/","url":"https:\/\/furnika.com.pl\/wp-content\/uploads\/2026\/01\/cropped-logo-1.png","contentUrl":"https:\/\/furnika.com.pl\/wp-content\/uploads\/2026\/01\/cropped-logo-1.png","width":366,"height":113,"caption":"Furnika"},"image":{"@id":"https:\/\/furnika.com.pl\/#\/schema\/logo\/image\/"}}]}},"_links":{"self":[{"href":"https:\/\/furnika.com.pl\/en\/wp-json\/wp\/v2\/product\/3483","targetHints":{"allow":["GET"]}}],"collection":[{"href":"https:\/\/furnika.com.pl\/en\/wp-json\/wp\/v2\/product"}],"about":[{"href":"https:\/\/furnika.com.pl\/en\/wp-json\/wp\/v2\/types\/product"}],"wp:featuredmedia":[{"embeddable":true,"href":"https:\/\/furnika.com.pl\/en\/wp-json\/wp\/v2\/media\/3539"}],"wp:attachment":[{"href":"https:\/\/furnika.com.pl\/en\/wp-json\/wp\/v2\/media?parent=3483"}],"wp:term":[{"taxonomy":"product_brand","embeddable":true,"href":"https:\/\/furnika.com.pl\/en\/wp-json\/wp\/v2\/product_brand?post=3483"},{"taxonomy":"product_cat","embeddable":true,"href":"https:\/\/furnika.com.pl\/en\/wp-json\/wp\/v2\/product_cat?post=3483"},{"taxonomy":"product_tag","embeddable":true,"href":"https:\/\/furnika.com.pl\/en\/wp-json\/wp\/v2\/product_tag?post=3483"}],"curies":[{"name":"wp","href":"https:\/\/api.w.org\/{rel}","templated":true}]}}