{"id":3484,"date":"2026-04-15T08:43:14","date_gmt":"2026-04-15T08:43:14","guid":{"rendered":"https:\/\/furnika.com.pl\/?post_type=product&#038;p=3484"},"modified":"2026-04-15T08:43:14","modified_gmt":"2026-04-15T08:43:14","slug":"mini-point","status":"publish","type":"product","link":"https:\/\/furnika.com.pl\/en\/product\/mini-point\/","title":{"rendered":"Mini Point"},"content":{"rendered":"","protected":false},"excerpt":{"rendered":"<p>MINI POINT is a small, square-shaped fixture designed for spot lighting inside furniture. It works perfectly in cabinets, shelves, and glass display cases, where it can subtly highlight selected items. It is installed inside a furniture board in a very small hole, making the lamp almost unnoticeable and not taking up space on the shelf.<\/p>\n<p>Despite its compact size, it provides clear light that spreads nicely inside the cabinet. The product operates at a safe 12 V voltage and comes with a 2-meter cable, making it easy to connect to a power supply even in tall furniture units.<\/p>\n<p>The lamp is available in black or aluminum finishes and in warm white, neutral white, or cool white light. This makes it easy to match the lighting to the cabinet color and the overall style of the room.<\/p>","protected":false},"featured_media":3534,"template":"","meta":[],"product_brand":[],"product_cat":[83,63,59,68,62,60],"product_tag":[],"class_list":{"0":"post-3484","1":"product","2":"type-product","3":"status-publish","4":"has-post-thumbnail","6":"product_cat-garderoba","7":"product_cat-kamper","8":"product_cat-kuchnia","9":"product_cat-lampy-led","10":"product_cat-salon","11":"product_cat-sypialnia","13":"first","14":"instock","15":"shipping-taxable","16":"product-type-simple"},"yoast_head":"<!-- This site is optimized with the Yoast SEO plugin v27.4 - https:\/\/yoast.com\/product\/yoast-seo-wordpress\/ -->\n<title>Mini Point - Furnika<\/title>\n<meta name=\"robots\" content=\"index, follow, max-snippet:-1, max-image-preview:large, max-video-preview:-1\" \/>\n<link rel=\"canonical\" href=\"https:\/\/furnika.com.pl\/en\/product\/mini-point\/\" \/>\n<meta property=\"og:locale\" content=\"en_GB\" \/>\n<meta property=\"og:type\" content=\"article\" \/>\n<meta property=\"og:title\" content=\"Mini Point - Furnika\" \/>\n<meta property=\"og:description\" content=\"MINI POINT to ma\u0142a oprawa o kwadratowym kszta\u0142cie, kt\u00f3ra s\u0142u\u017cy do punktowego o\u015bwietlania wn\u0119trza mebli. Doskonale sprawdza si\u0119 w szafkach, p\u00f3\u0142kach oraz szklanych witrynach, gdzie chcemy delikatnie podkre\u015bli\u0107 wybrane przedmioty. Montuje si\u0119 j\u0105 wewn\u0105trz p\u0142yty meblowej w bardzo ma\u0142ym otworze, przez co lampka prawie nie rzuca si\u0119 w oczy i nie zajmuje miejsca na p\u00f3\u0142ce.  Mimo niewielkich rozmiar\u00f3w daje wyra\u017ane \u015bwiat\u0142o, kt\u00f3re \u0142adnie rozchodzi si\u0119 wewn\u0105trz szafki. Produkt dzia\u0142a na bezpieczne napi\u0119cie 12V i posiada w zestawie d\u0142ugi, dwumetrowy kabel, co u\u0142atwia pod\u0142\u0105czenie go do zasilania nawet w wysokich meblach.  Lampka jest dost\u0119pna w czarnym lub aluminiowym wyko\u0144czeniu oraz w \u00a0ciep\u0142ej, neutralnej lub zimnej barwie \u015bwiat\u0142a. Pozwala to na \u0142atwe dopasowanie o\u015bwietlenia do koloru szafki oraz stylu ca\u0142ego pomieszczenia.\" \/>\n<meta property=\"og:url\" content=\"https:\/\/furnika.com.pl\/en\/product\/mini-point\/\" \/>\n<meta property=\"og:site_name\" content=\"Furnika\" \/>\n<meta property=\"og:image\" content=\"https:\/\/furnika.com.pl\/wp-content\/uploads\/2026\/04\/MINI-POINT-WWW-zdjecia.webp\" \/>\n\t<meta property=\"og:image:width\" content=\"800\" \/>\n\t<meta property=\"og:image:height\" content=\"800\" \/>\n\t<meta property=\"og:image:type\" content=\"image\/webp\" \/>\n<meta name=\"twitter:card\" content=\"summary_large_image\" \/>\n<meta name=\"twitter:label1\" content=\"Estimated reading time\" \/>\n\t<meta name=\"twitter:data1\" content=\"1 minute\" \/>\n<script type=\"application\/ld+json\" class=\"yoast-schema-graph\">{\"@context\":\"https:\\\/\\\/schema.org\",\"@graph\":[{\"@type\":\"WebPage\",\"@id\":\"https:\\\/\\\/furnika.com.pl\\\/produkt\\\/mini-point\\\/\",\"url\":\"https:\\\/\\\/furnika.com.pl\\\/produkt\\\/mini-point\\\/\",\"name\":\"Mini Point - Furnika\",\"isPartOf\":{\"@id\":\"https:\\\/\\\/furnika.com.pl\\\/#website\"},\"primaryImageOfPage\":{\"@id\":\"https:\\\/\\\/furnika.com.pl\\\/produkt\\\/mini-point\\\/#primaryimage\"},\"image\":{\"@id\":\"https:\\\/\\\/furnika.com.pl\\\/produkt\\\/mini-point\\\/#primaryimage\"},\"thumbnailUrl\":\"https:\\\/\\\/furnika.com.pl\\\/wp-content\\\/uploads\\\/2026\\\/04\\\/MINI-POINT-WWW-zdjecia.webp\",\"datePublished\":\"2026-04-15T08:43:14+00:00\",\"breadcrumb\":{\"@id\":\"https:\\\/\\\/furnika.com.pl\\\/produkt\\\/mini-point\\\/#breadcrumb\"},\"inLanguage\":\"en-GB\",\"potentialAction\":[{\"@type\":\"ReadAction\",\"target\":[\"https:\\\/\\\/furnika.com.pl\\\/produkt\\\/mini-point\\\/\"]}]},{\"@type\":\"ImageObject\",\"inLanguage\":\"en-GB\",\"@id\":\"https:\\\/\\\/furnika.com.pl\\\/produkt\\\/mini-point\\\/#primaryimage\",\"url\":\"https:\\\/\\\/furnika.com.pl\\\/wp-content\\\/uploads\\\/2026\\\/04\\\/MINI-POINT-WWW-zdjecia.webp\",\"contentUrl\":\"https:\\\/\\\/furnika.com.pl\\\/wp-content\\\/uploads\\\/2026\\\/04\\\/MINI-POINT-WWW-zdjecia.webp\",\"width\":800,\"height\":800},{\"@type\":\"BreadcrumbList\",\"@id\":\"https:\\\/\\\/furnika.com.pl\\\/produkt\\\/mini-point\\\/#breadcrumb\",\"itemListElement\":[{\"@type\":\"ListItem\",\"position\":1,\"name\":\"Strona g\u0142\u00f3wna\",\"item\":\"https:\\\/\\\/furnika.com.pl\\\/\"},{\"@type\":\"ListItem\",\"position\":2,\"name\":\"Produkty\",\"item\":\"https:\\\/\\\/furnika.com.pl\\\/produkty\\\/\"},{\"@type\":\"ListItem\",\"position\":3,\"name\":\"Mini Point\"}]},{\"@type\":\"WebSite\",\"@id\":\"https:\\\/\\\/furnika.com.pl\\\/#website\",\"url\":\"https:\\\/\\\/furnika.com.pl\\\/\",\"name\":\"Furnika\",\"description\":\"Light created with passion\",\"publisher\":{\"@id\":\"https:\\\/\\\/furnika.com.pl\\\/#organization\"},\"potentialAction\":[{\"@type\":\"SearchAction\",\"target\":{\"@type\":\"EntryPoint\",\"urlTemplate\":\"https:\\\/\\\/furnika.com.pl\\\/?s={search_term_string}\"},\"query-input\":{\"@type\":\"PropertyValueSpecification\",\"valueRequired\":true,\"valueName\":\"search_term_string\"}}],\"inLanguage\":\"en-GB\"},{\"@type\":\"Organization\",\"@id\":\"https:\\\/\\\/furnika.com.pl\\\/#organization\",\"name\":\"Furnika\",\"url\":\"https:\\\/\\\/furnika.com.pl\\\/\",\"logo\":{\"@type\":\"ImageObject\",\"inLanguage\":\"en-GB\",\"@id\":\"https:\\\/\\\/furnika.com.pl\\\/#\\\/schema\\\/logo\\\/image\\\/\",\"url\":\"https:\\\/\\\/furnika.com.pl\\\/wp-content\\\/uploads\\\/2026\\\/01\\\/cropped-logo-1.png\",\"contentUrl\":\"https:\\\/\\\/furnika.com.pl\\\/wp-content\\\/uploads\\\/2026\\\/01\\\/cropped-logo-1.png\",\"width\":366,\"height\":113,\"caption\":\"Furnika\"},\"image\":{\"@id\":\"https:\\\/\\\/furnika.com.pl\\\/#\\\/schema\\\/logo\\\/image\\\/\"}}]}<\/script>\n<!-- \/ Yoast SEO plugin. -->","yoast_head_json":{"title":"Mini Point - Furnika","robots":{"index":"index","follow":"follow","max-snippet":"max-snippet:-1","max-image-preview":"max-image-preview:large","max-video-preview":"max-video-preview:-1"},"canonical":"https:\/\/furnika.com.pl\/en\/product\/mini-point\/","og_locale":"en_GB","og_type":"article","og_title":"Mini Point - Furnika","og_description":"MINI POINT to ma\u0142a oprawa o kwadratowym kszta\u0142cie, kt\u00f3ra s\u0142u\u017cy do punktowego o\u015bwietlania wn\u0119trza mebli. Doskonale sprawdza si\u0119 w szafkach, p\u00f3\u0142kach oraz szklanych witrynach, gdzie chcemy delikatnie podkre\u015bli\u0107 wybrane przedmioty. Montuje si\u0119 j\u0105 wewn\u0105trz p\u0142yty meblowej w bardzo ma\u0142ym otworze, przez co lampka prawie nie rzuca si\u0119 w oczy i nie zajmuje miejsca na p\u00f3\u0142ce.  Mimo niewielkich rozmiar\u00f3w daje wyra\u017ane \u015bwiat\u0142o, kt\u00f3re \u0142adnie rozchodzi si\u0119 wewn\u0105trz szafki. Produkt dzia\u0142a na bezpieczne napi\u0119cie 12V i posiada w zestawie d\u0142ugi, dwumetrowy kabel, co u\u0142atwia pod\u0142\u0105czenie go do zasilania nawet w wysokich meblach.  Lampka jest dost\u0119pna w czarnym lub aluminiowym wyko\u0144czeniu oraz w \u00a0ciep\u0142ej, neutralnej lub zimnej barwie \u015bwiat\u0142a. Pozwala to na \u0142atwe dopasowanie o\u015bwietlenia do koloru szafki oraz stylu ca\u0142ego pomieszczenia.","og_url":"https:\/\/furnika.com.pl\/en\/product\/mini-point\/","og_site_name":"Furnika","og_image":[{"width":800,"height":800,"url":"https:\/\/furnika.com.pl\/wp-content\/uploads\/2026\/04\/MINI-POINT-WWW-zdjecia.webp","type":"image\/webp"}],"twitter_card":"summary_large_image","twitter_misc":{"Estimated reading time":"1 minute"},"schema":{"@context":"https:\/\/schema.org","@graph":[{"@type":"WebPage","@id":"https:\/\/furnika.com.pl\/produkt\/mini-point\/","url":"https:\/\/furnika.com.pl\/produkt\/mini-point\/","name":"Mini Point - Furnika","isPartOf":{"@id":"https:\/\/furnika.com.pl\/#website"},"primaryImageOfPage":{"@id":"https:\/\/furnika.com.pl\/produkt\/mini-point\/#primaryimage"},"image":{"@id":"https:\/\/furnika.com.pl\/produkt\/mini-point\/#primaryimage"},"thumbnailUrl":"https:\/\/furnika.com.pl\/wp-content\/uploads\/2026\/04\/MINI-POINT-WWW-zdjecia.webp","datePublished":"2026-04-15T08:43:14+00:00","breadcrumb":{"@id":"https:\/\/furnika.com.pl\/produkt\/mini-point\/#breadcrumb"},"inLanguage":"en-GB","potentialAction":[{"@type":"ReadAction","target":["https:\/\/furnika.com.pl\/produkt\/mini-point\/"]}]},{"@type":"ImageObject","inLanguage":"en-GB","@id":"https:\/\/furnika.com.pl\/produkt\/mini-point\/#primaryimage","url":"https:\/\/furnika.com.pl\/wp-content\/uploads\/2026\/04\/MINI-POINT-WWW-zdjecia.webp","contentUrl":"https:\/\/furnika.com.pl\/wp-content\/uploads\/2026\/04\/MINI-POINT-WWW-zdjecia.webp","width":800,"height":800},{"@type":"BreadcrumbList","@id":"https:\/\/furnika.com.pl\/produkt\/mini-point\/#breadcrumb","itemListElement":[{"@type":"ListItem","position":1,"name":"Strona g\u0142\u00f3wna","item":"https:\/\/furnika.com.pl\/"},{"@type":"ListItem","position":2,"name":"Produkty","item":"https:\/\/furnika.com.pl\/produkty\/"},{"@type":"ListItem","position":3,"name":"Mini Point"}]},{"@type":"WebSite","@id":"https:\/\/furnika.com.pl\/#website","url":"https:\/\/furnika.com.pl\/","name":"Furnika","description":"Light created with passion","publisher":{"@id":"https:\/\/furnika.com.pl\/#organization"},"potentialAction":[{"@type":"SearchAction","target":{"@type":"EntryPoint","urlTemplate":"https:\/\/furnika.com.pl\/?s={search_term_string}"},"query-input":{"@type":"PropertyValueSpecification","valueRequired":true,"valueName":"search_term_string"}}],"inLanguage":"en-GB"},{"@type":"Organization","@id":"https:\/\/furnika.com.pl\/#organization","name":"Furnika","url":"https:\/\/furnika.com.pl\/","logo":{"@type":"ImageObject","inLanguage":"en-GB","@id":"https:\/\/furnika.com.pl\/#\/schema\/logo\/image\/","url":"https:\/\/furnika.com.pl\/wp-content\/uploads\/2026\/01\/cropped-logo-1.png","contentUrl":"https:\/\/furnika.com.pl\/wp-content\/uploads\/2026\/01\/cropped-logo-1.png","width":366,"height":113,"caption":"Furnika"},"image":{"@id":"https:\/\/furnika.com.pl\/#\/schema\/logo\/image\/"}}]}},"_links":{"self":[{"href":"https:\/\/furnika.com.pl\/en\/wp-json\/wp\/v2\/product\/3484","targetHints":{"allow":["GET"]}}],"collection":[{"href":"https:\/\/furnika.com.pl\/en\/wp-json\/wp\/v2\/product"}],"about":[{"href":"https:\/\/furnika.com.pl\/en\/wp-json\/wp\/v2\/types\/product"}],"wp:featuredmedia":[{"embeddable":true,"href":"https:\/\/furnika.com.pl\/en\/wp-json\/wp\/v2\/media\/3534"}],"wp:attachment":[{"href":"https:\/\/furnika.com.pl\/en\/wp-json\/wp\/v2\/media?parent=3484"}],"wp:term":[{"taxonomy":"product_brand","embeddable":true,"href":"https:\/\/furnika.com.pl\/en\/wp-json\/wp\/v2\/product_brand?post=3484"},{"taxonomy":"product_cat","embeddable":true,"href":"https:\/\/furnika.com.pl\/en\/wp-json\/wp\/v2\/product_cat?post=3484"},{"taxonomy":"product_tag","embeddable":true,"href":"https:\/\/furnika.com.pl\/en\/wp-json\/wp\/v2\/product_tag?post=3484"}],"curies":[{"name":"wp","href":"https:\/\/api.w.org\/{rel}","templated":true}]}}