{"id":3486,"date":"2026-04-13T12:07:45","date_gmt":"2026-04-13T12:07:45","guid":{"rendered":"https:\/\/furnika.com.pl\/?post_type=product&#038;p=3486"},"modified":"2026-04-14T06:22:46","modified_gmt":"2026-04-14T06:22:46","slug":"peak","status":"publish","type":"product","link":"https:\/\/furnika.com.pl\/en\/product\/peak\/","title":{"rendered":"Peak"},"content":{"rendered":"","protected":false},"excerpt":{"rendered":"<p>The PEAK fixture is a functional lamp with decorative backlighting, designed for surface mounting and intended for bed headboards. It combines two types of light: a focused beam ideal for reading and a linear light that gently illuminates the wall behind the furniture. Thanks to the adjustable arm, users can freely change the angle of the main spotlight, directing the light exactly where it is needed.<\/p>\n<p>The device is equipped with an intuitive touch control system. A light touch on the housing is enough to activate the decorative lighting or switch on the reading light. The fixture has a power of 2 W and operates at a safe 12 V DC voltage. The included 2-meter cable makes it easy to connect the lamp to a power supply, even with wider bed frames.<\/p>\n<p>Users can choose a version in neutral light, available in black or aluminum, allowing the lamp to match the material and style of the furniture. The slim design, with a base height of only 12.5 mm, gives the fixture a lightweight appearance that fits naturally into bedroom arrangements without overwhelming the space.<\/p>","protected":false},"featured_media":3498,"template":"","meta":[],"product_brand":[],"product_cat":[57,68,60],"product_tag":[],"class_list":{"0":"post-3486","1":"product","2":"type-product","3":"status-publish","4":"has-post-thumbnail","6":"product_cat-lampy-do-lozka","7":"product_cat-lampy-led","8":"product_cat-sypialnia","10":"first","11":"instock","12":"shipping-taxable","13":"product-type-simple"},"yoast_head":"<!-- This site is optimized with the Yoast SEO plugin v27.4 - https:\/\/yoast.com\/product\/yoast-seo-wordpress\/ -->\n<title>Peak - Furnika<\/title>\n<meta name=\"robots\" content=\"index, follow, max-snippet:-1, max-image-preview:large, max-video-preview:-1\" \/>\n<link rel=\"canonical\" href=\"https:\/\/furnika.com.pl\/en\/product\/peak\/\" \/>\n<meta property=\"og:locale\" content=\"en_GB\" \/>\n<meta property=\"og:type\" content=\"article\" \/>\n<meta property=\"og:title\" content=\"Peak - Furnika\" \/>\n<meta property=\"og:description\" content=\"Oprawa PEAK to funkcyjna lampka pod\u015bwietleniem dekoracyjnym. Montowana nawierzchniowo i zaprojektowane z my\u015bl\u0105 o zag\u0142\u00f3wkach \u0142\u00f3\u017cek. \u0141\u0105czy w sobie dwa rodzaje \u015bwiat\u0142a: punktowe, idealne do czytania, oraz liniowe, kt\u00f3re delikatnie roz\u015bwietla \u015bcian\u0119 za meblem. Dzi\u0119ki ruchomemu ramieniu u\u017cytkownicy mog\u0105 swobodnie regulowa\u0107 k\u0105t nachylenia g\u0142\u00f3wnego reflektora, kieruj\u0105c strumie\u0144 \u015bwiat\u0142a dok\u0142adnie tam, gdzie jest on w danej chwili potrzebny.  Urz\u0105dzenie zosta\u0142o wyposa\u017cone w intuicyjny system sterowania dotykowego. Wystarczy lekko dotkn\u0105\u0107 obudow\u0119, aby uruchomi\u0107 o\u015bwietlenie dekoracyjne lub w\u0142\u0105czy\u0107 lampk\u0119 do czytania. Oprawa posiada moc 2W i pracuje pod bezpiecznym napi\u0119ciem 12V DC. D\u0142ugi, dwumetrowy przew\u00f3d do\u0142\u0105czony do zestawu znacz\u0105co u\u0142atwia pod\u0142\u0105czenie lampki do zasilacza, nawet w przypadku szerokich ram \u0142\u00f3\u017cek.  U\u017cytkownicy mog\u0105 wybra\u0107 wersj\u0119 w barwie neutralnej, w kolorze czarnym lub aluminium, co pozwala na dopasowanie wygl\u0105du lampki do materia\u0142u, z kt\u00f3rego wykonany jest mebel. \u00a0Smuk\u0142a konstrukcja o wysoko\u015bci zaledwie 12,5 mm w cz\u0119\u015bci bazowej sprawia, \u017ce oprawa prezentuje si\u0119 bardzo lekko i nie przyt\u0142acza swoj\u0105 form\u0105 aran\u017cacji sypialni.\" \/>\n<meta property=\"og:url\" content=\"https:\/\/furnika.com.pl\/en\/product\/peak\/\" \/>\n<meta property=\"og:site_name\" content=\"Furnika\" \/>\n<meta property=\"article:modified_time\" content=\"2026-04-14T06:22:46+00:00\" \/>\n<meta property=\"og:image\" content=\"https:\/\/furnika.com.pl\/wp-content\/uploads\/2026\/04\/PEAK-WWW-produkt.webp\" \/>\n\t<meta property=\"og:image:width\" content=\"800\" \/>\n\t<meta property=\"og:image:height\" content=\"800\" \/>\n\t<meta property=\"og:image:type\" content=\"image\/webp\" \/>\n<meta name=\"twitter:card\" content=\"summary_large_image\" \/>\n<meta name=\"twitter:label1\" content=\"Estimated reading time\" \/>\n\t<meta name=\"twitter:data1\" content=\"1 minute\" \/>\n<script type=\"application\/ld+json\" class=\"yoast-schema-graph\">{\"@context\":\"https:\\\/\\\/schema.org\",\"@graph\":[{\"@type\":\"WebPage\",\"@id\":\"https:\\\/\\\/furnika.com.pl\\\/produkt\\\/peak\\\/\",\"url\":\"https:\\\/\\\/furnika.com.pl\\\/produkt\\\/peak\\\/\",\"name\":\"Peak - Furnika\",\"isPartOf\":{\"@id\":\"https:\\\/\\\/furnika.com.pl\\\/#website\"},\"primaryImageOfPage\":{\"@id\":\"https:\\\/\\\/furnika.com.pl\\\/produkt\\\/peak\\\/#primaryimage\"},\"image\":{\"@id\":\"https:\\\/\\\/furnika.com.pl\\\/produkt\\\/peak\\\/#primaryimage\"},\"thumbnailUrl\":\"https:\\\/\\\/furnika.com.pl\\\/wp-content\\\/uploads\\\/2026\\\/04\\\/PEAK-WWW-produkt.webp\",\"datePublished\":\"2026-04-13T12:07:45+00:00\",\"dateModified\":\"2026-04-14T06:22:46+00:00\",\"breadcrumb\":{\"@id\":\"https:\\\/\\\/furnika.com.pl\\\/produkt\\\/peak\\\/#breadcrumb\"},\"inLanguage\":\"en-GB\",\"potentialAction\":[{\"@type\":\"ReadAction\",\"target\":[\"https:\\\/\\\/furnika.com.pl\\\/produkt\\\/peak\\\/\"]}]},{\"@type\":\"ImageObject\",\"inLanguage\":\"en-GB\",\"@id\":\"https:\\\/\\\/furnika.com.pl\\\/produkt\\\/peak\\\/#primaryimage\",\"url\":\"https:\\\/\\\/furnika.com.pl\\\/wp-content\\\/uploads\\\/2026\\\/04\\\/PEAK-WWW-produkt.webp\",\"contentUrl\":\"https:\\\/\\\/furnika.com.pl\\\/wp-content\\\/uploads\\\/2026\\\/04\\\/PEAK-WWW-produkt.webp\",\"width\":800,\"height\":800},{\"@type\":\"BreadcrumbList\",\"@id\":\"https:\\\/\\\/furnika.com.pl\\\/produkt\\\/peak\\\/#breadcrumb\",\"itemListElement\":[{\"@type\":\"ListItem\",\"position\":1,\"name\":\"Strona g\u0142\u00f3wna\",\"item\":\"https:\\\/\\\/furnika.com.pl\\\/\"},{\"@type\":\"ListItem\",\"position\":2,\"name\":\"Produkty\",\"item\":\"https:\\\/\\\/furnika.com.pl\\\/produkty\\\/\"},{\"@type\":\"ListItem\",\"position\":3,\"name\":\"Peak\"}]},{\"@type\":\"WebSite\",\"@id\":\"https:\\\/\\\/furnika.com.pl\\\/#website\",\"url\":\"https:\\\/\\\/furnika.com.pl\\\/\",\"name\":\"Furnika\",\"description\":\"Light created with passion\",\"publisher\":{\"@id\":\"https:\\\/\\\/furnika.com.pl\\\/#organization\"},\"potentialAction\":[{\"@type\":\"SearchAction\",\"target\":{\"@type\":\"EntryPoint\",\"urlTemplate\":\"https:\\\/\\\/furnika.com.pl\\\/?s={search_term_string}\"},\"query-input\":{\"@type\":\"PropertyValueSpecification\",\"valueRequired\":true,\"valueName\":\"search_term_string\"}}],\"inLanguage\":\"en-GB\"},{\"@type\":\"Organization\",\"@id\":\"https:\\\/\\\/furnika.com.pl\\\/#organization\",\"name\":\"Furnika\",\"url\":\"https:\\\/\\\/furnika.com.pl\\\/\",\"logo\":{\"@type\":\"ImageObject\",\"inLanguage\":\"en-GB\",\"@id\":\"https:\\\/\\\/furnika.com.pl\\\/#\\\/schema\\\/logo\\\/image\\\/\",\"url\":\"https:\\\/\\\/furnika.com.pl\\\/wp-content\\\/uploads\\\/2026\\\/01\\\/cropped-logo-1.png\",\"contentUrl\":\"https:\\\/\\\/furnika.com.pl\\\/wp-content\\\/uploads\\\/2026\\\/01\\\/cropped-logo-1.png\",\"width\":366,\"height\":113,\"caption\":\"Furnika\"},\"image\":{\"@id\":\"https:\\\/\\\/furnika.com.pl\\\/#\\\/schema\\\/logo\\\/image\\\/\"}}]}<\/script>\n<!-- \/ Yoast SEO plugin. -->","yoast_head_json":{"title":"Peak - Furnika","robots":{"index":"index","follow":"follow","max-snippet":"max-snippet:-1","max-image-preview":"max-image-preview:large","max-video-preview":"max-video-preview:-1"},"canonical":"https:\/\/furnika.com.pl\/en\/product\/peak\/","og_locale":"en_GB","og_type":"article","og_title":"Peak - Furnika","og_description":"Oprawa PEAK to funkcyjna lampka pod\u015bwietleniem dekoracyjnym. Montowana nawierzchniowo i zaprojektowane z my\u015bl\u0105 o zag\u0142\u00f3wkach \u0142\u00f3\u017cek. \u0141\u0105czy w sobie dwa rodzaje \u015bwiat\u0142a: punktowe, idealne do czytania, oraz liniowe, kt\u00f3re delikatnie roz\u015bwietla \u015bcian\u0119 za meblem. Dzi\u0119ki ruchomemu ramieniu u\u017cytkownicy mog\u0105 swobodnie regulowa\u0107 k\u0105t nachylenia g\u0142\u00f3wnego reflektora, kieruj\u0105c strumie\u0144 \u015bwiat\u0142a dok\u0142adnie tam, gdzie jest on w danej chwili potrzebny.  Urz\u0105dzenie zosta\u0142o wyposa\u017cone w intuicyjny system sterowania dotykowego. Wystarczy lekko dotkn\u0105\u0107 obudow\u0119, aby uruchomi\u0107 o\u015bwietlenie dekoracyjne lub w\u0142\u0105czy\u0107 lampk\u0119 do czytania. Oprawa posiada moc 2W i pracuje pod bezpiecznym napi\u0119ciem 12V DC. D\u0142ugi, dwumetrowy przew\u00f3d do\u0142\u0105czony do zestawu znacz\u0105co u\u0142atwia pod\u0142\u0105czenie lampki do zasilacza, nawet w przypadku szerokich ram \u0142\u00f3\u017cek.  U\u017cytkownicy mog\u0105 wybra\u0107 wersj\u0119 w barwie neutralnej, w kolorze czarnym lub aluminium, co pozwala na dopasowanie wygl\u0105du lampki do materia\u0142u, z kt\u00f3rego wykonany jest mebel. \u00a0Smuk\u0142a konstrukcja o wysoko\u015bci zaledwie 12,5 mm w cz\u0119\u015bci bazowej sprawia, \u017ce oprawa prezentuje si\u0119 bardzo lekko i nie przyt\u0142acza swoj\u0105 form\u0105 aran\u017cacji sypialni.","og_url":"https:\/\/furnika.com.pl\/en\/product\/peak\/","og_site_name":"Furnika","article_modified_time":"2026-04-14T06:22:46+00:00","og_image":[{"width":800,"height":800,"url":"https:\/\/furnika.com.pl\/wp-content\/uploads\/2026\/04\/PEAK-WWW-produkt.webp","type":"image\/webp"}],"twitter_card":"summary_large_image","twitter_misc":{"Estimated reading time":"1 minute"},"schema":{"@context":"https:\/\/schema.org","@graph":[{"@type":"WebPage","@id":"https:\/\/furnika.com.pl\/produkt\/peak\/","url":"https:\/\/furnika.com.pl\/produkt\/peak\/","name":"Peak - Furnika","isPartOf":{"@id":"https:\/\/furnika.com.pl\/#website"},"primaryImageOfPage":{"@id":"https:\/\/furnika.com.pl\/produkt\/peak\/#primaryimage"},"image":{"@id":"https:\/\/furnika.com.pl\/produkt\/peak\/#primaryimage"},"thumbnailUrl":"https:\/\/furnika.com.pl\/wp-content\/uploads\/2026\/04\/PEAK-WWW-produkt.webp","datePublished":"2026-04-13T12:07:45+00:00","dateModified":"2026-04-14T06:22:46+00:00","breadcrumb":{"@id":"https:\/\/furnika.com.pl\/produkt\/peak\/#breadcrumb"},"inLanguage":"en-GB","potentialAction":[{"@type":"ReadAction","target":["https:\/\/furnika.com.pl\/produkt\/peak\/"]}]},{"@type":"ImageObject","inLanguage":"en-GB","@id":"https:\/\/furnika.com.pl\/produkt\/peak\/#primaryimage","url":"https:\/\/furnika.com.pl\/wp-content\/uploads\/2026\/04\/PEAK-WWW-produkt.webp","contentUrl":"https:\/\/furnika.com.pl\/wp-content\/uploads\/2026\/04\/PEAK-WWW-produkt.webp","width":800,"height":800},{"@type":"BreadcrumbList","@id":"https:\/\/furnika.com.pl\/produkt\/peak\/#breadcrumb","itemListElement":[{"@type":"ListItem","position":1,"name":"Strona g\u0142\u00f3wna","item":"https:\/\/furnika.com.pl\/"},{"@type":"ListItem","position":2,"name":"Produkty","item":"https:\/\/furnika.com.pl\/produkty\/"},{"@type":"ListItem","position":3,"name":"Peak"}]},{"@type":"WebSite","@id":"https:\/\/furnika.com.pl\/#website","url":"https:\/\/furnika.com.pl\/","name":"Furnika","description":"Light created with passion","publisher":{"@id":"https:\/\/furnika.com.pl\/#organization"},"potentialAction":[{"@type":"SearchAction","target":{"@type":"EntryPoint","urlTemplate":"https:\/\/furnika.com.pl\/?s={search_term_string}"},"query-input":{"@type":"PropertyValueSpecification","valueRequired":true,"valueName":"search_term_string"}}],"inLanguage":"en-GB"},{"@type":"Organization","@id":"https:\/\/furnika.com.pl\/#organization","name":"Furnika","url":"https:\/\/furnika.com.pl\/","logo":{"@type":"ImageObject","inLanguage":"en-GB","@id":"https:\/\/furnika.com.pl\/#\/schema\/logo\/image\/","url":"https:\/\/furnika.com.pl\/wp-content\/uploads\/2026\/01\/cropped-logo-1.png","contentUrl":"https:\/\/furnika.com.pl\/wp-content\/uploads\/2026\/01\/cropped-logo-1.png","width":366,"height":113,"caption":"Furnika"},"image":{"@id":"https:\/\/furnika.com.pl\/#\/schema\/logo\/image\/"}}]}},"_links":{"self":[{"href":"https:\/\/furnika.com.pl\/en\/wp-json\/wp\/v2\/product\/3486","targetHints":{"allow":["GET"]}}],"collection":[{"href":"https:\/\/furnika.com.pl\/en\/wp-json\/wp\/v2\/product"}],"about":[{"href":"https:\/\/furnika.com.pl\/en\/wp-json\/wp\/v2\/types\/product"}],"wp:featuredmedia":[{"embeddable":true,"href":"https:\/\/furnika.com.pl\/en\/wp-json\/wp\/v2\/media\/3498"}],"wp:attachment":[{"href":"https:\/\/furnika.com.pl\/en\/wp-json\/wp\/v2\/media?parent=3486"}],"wp:term":[{"taxonomy":"product_brand","embeddable":true,"href":"https:\/\/furnika.com.pl\/en\/wp-json\/wp\/v2\/product_brand?post=3486"},{"taxonomy":"product_cat","embeddable":true,"href":"https:\/\/furnika.com.pl\/en\/wp-json\/wp\/v2\/product_cat?post=3486"},{"taxonomy":"product_tag","embeddable":true,"href":"https:\/\/furnika.com.pl\/en\/wp-json\/wp\/v2\/product_tag?post=3486"}],"curies":[{"name":"wp","href":"https:\/\/api.w.org\/{rel}","templated":true}]}}