{"id":3501,"date":"2026-04-15T08:12:13","date_gmt":"2026-04-15T08:12:13","guid":{"rendered":"https:\/\/furnika.com.pl\/?post_type=product&#038;p=3501"},"modified":"2026-04-15T08:12:13","modified_gmt":"2026-04-15T08:12:13","slug":"kinkiet-ii","status":"publish","type":"product","link":"https:\/\/furnika.com.pl\/en\/product\/kinkiet-ii\/","title":{"rendered":"Kinkiet II"},"content":{"rendered":"","protected":false},"excerpt":{"rendered":"<p>KINKIET II is a lighting fixture designed for installation in furniture boards, equipped with a shade made of transparent plexiglass. The transparent material allows light to pass through freely, creating a clean and clear illumination effect without reducing the light output, while still providing comfortable spot lighting.<\/p>\n<p>The screw-mounted design ensures stable placement and quick installation. This makes it easy to install in furniture and other built-in structures. It also allows precise positioning of the lamp and increases durability during everyday use.<\/p>\n<p>The product is available in two variants. The version with a 2-meter cable is intended for installation without a touch switch, while the version with a 0.5-meter cable is equipped with a switch, allowing convenient control of the light directly on the fixture.<\/p>\n<p>The rod, which is part of the lamp\u2019s structure, is available in three color variants: aluminum, white, and black, making it easy to match the finish of the furniture. The light color is neutral white.<\/p>\n<p>KINKIET II works well as spot lighting in furniture, next to beds, in wall units, and in areas that require a functional and discreet light source. The transparent plexiglass and thoughtful design ensure consistent lighting performance and ease of use.<\/p>","protected":false},"featured_media":3528,"template":"","meta":[],"product_brand":[],"product_cat":[57,68,62,60],"product_tag":[],"class_list":{"0":"post-3501","1":"product","2":"type-product","3":"status-publish","4":"has-post-thumbnail","6":"product_cat-lampy-do-lozka","7":"product_cat-lampy-led","8":"product_cat-salon","9":"product_cat-sypialnia","11":"first","12":"instock","13":"shipping-taxable","14":"product-type-simple"},"yoast_head":"<!-- This site is optimized with the Yoast SEO plugin v27.4 - https:\/\/yoast.com\/product\/yoast-seo-wordpress\/ -->\n<title>Kinkiet II - Furnika<\/title>\n<meta name=\"robots\" content=\"index, follow, max-snippet:-1, max-image-preview:large, max-video-preview:-1\" \/>\n<link rel=\"canonical\" href=\"https:\/\/furnika.com.pl\/en\/product\/kinkiet-ii\/\" \/>\n<meta property=\"og:locale\" content=\"en_GB\" \/>\n<meta property=\"og:type\" content=\"article\" \/>\n<meta property=\"og:title\" content=\"Kinkiet II - Furnika\" \/>\n<meta property=\"og:description\" content=\"KINKIET II to oprawa o\u015bwietleniowa przeznaczona do monta\u017cu w p\u0142ycie meblowej, wyposa\u017cona w klosz wykonany z transparentnej plexi. Przezroczysty materia\u0142 umo\u017cliwia swobodne przenikanie \u015bwiat\u0142a, co pozwala uzyska\u0107 czysty i wyra\u017any efekt do\u015bwietlenia bez t\u0142umienia strumienia \u015bwietlnego, a jednocze\u015bnie zapewnia komfortowe, punktowe o\u015bwietlenie.  Konstrukcja przystosowana do wkr\u0119cania w p\u0142yt\u0119 meblow\u0105 zapewnia stabilne osadzenie oraz szybki monta\u017c. U\u0142atwia to instalacj\u0119 w meblach oraz innych zabudowach. Takie rozwi\u0105zanie pozwala na precyzyjne umiejscowienie lampki i zwi\u0119ksza trwa\u0142o\u015b\u0107 mocowania podczas codziennego u\u017cytkowania.  Produkt dost\u0119pny jest w dw\u00f3ch wariantach. Wersja z przewodem o d\u0142ugo\u015bci 2 metr\u00f3w przeznaczona jest do instalacji bez wy\u0142\u0105cznika dotykowego, natomiast wersja z przewodem 0,5 metra wyposa\u017cony jest w wy\u0142\u0105cznik, co umo\u017cliwia wygodne sterowanie \u015bwiat\u0142em bezpo\u015brednio przy oprawie.  Dr\u0105\u017cek stanowi\u0105cy element konstrukcyjny lampki dost\u0119pny jest w trzech wariantach kolorystycznych: aluminium, bia\u0142y oraz czarny, co u\u0142atwia dopasowanie do wyko\u0144czenia mebla. Barwa \u015bwiat\u0142a to bia\u0142y neutralny.  KINKIET II sprawdza si\u0119 jako o\u015bwietlenie punktowe w meblach, przy \u0142\u00f3\u017ckach, w zabudowach \u015bciennych oraz w miejscach wymagaj\u0105cych funkcjonalnego i dyskretnego \u017ar\u00f3d\u0142a \u015bwiat\u0142a. Transparentna plexa oraz przemy\u015blana konstrukcja zapewniaj\u0105 powtarzalny efekt \u015bwietlny i wygod\u0119 u\u017cytkowania.\" \/>\n<meta property=\"og:url\" content=\"https:\/\/furnika.com.pl\/en\/product\/kinkiet-ii\/\" \/>\n<meta property=\"og:site_name\" content=\"Furnika\" \/>\n<meta property=\"og:image\" content=\"https:\/\/furnika.com.pl\/wp-content\/uploads\/2026\/04\/KINKIET-II-WWW-zdjecie.webp\" \/>\n\t<meta property=\"og:image:width\" content=\"800\" \/>\n\t<meta property=\"og:image:height\" content=\"800\" \/>\n\t<meta property=\"og:image:type\" content=\"image\/webp\" \/>\n<meta name=\"twitter:card\" content=\"summary_large_image\" \/>\n<meta name=\"twitter:label1\" content=\"Estimated reading time\" \/>\n\t<meta name=\"twitter:data1\" content=\"1 minute\" \/>\n<script type=\"application\/ld+json\" class=\"yoast-schema-graph\">{\"@context\":\"https:\\\/\\\/schema.org\",\"@graph\":[{\"@type\":\"WebPage\",\"@id\":\"https:\\\/\\\/furnika.com.pl\\\/produkt\\\/kinkiet-ii\\\/\",\"url\":\"https:\\\/\\\/furnika.com.pl\\\/produkt\\\/kinkiet-ii\\\/\",\"name\":\"Kinkiet II - Furnika\",\"isPartOf\":{\"@id\":\"https:\\\/\\\/furnika.com.pl\\\/#website\"},\"primaryImageOfPage\":{\"@id\":\"https:\\\/\\\/furnika.com.pl\\\/produkt\\\/kinkiet-ii\\\/#primaryimage\"},\"image\":{\"@id\":\"https:\\\/\\\/furnika.com.pl\\\/produkt\\\/kinkiet-ii\\\/#primaryimage\"},\"thumbnailUrl\":\"https:\\\/\\\/furnika.com.pl\\\/wp-content\\\/uploads\\\/2026\\\/04\\\/KINKIET-II-WWW-zdjecie.webp\",\"datePublished\":\"2026-04-15T08:12:13+00:00\",\"breadcrumb\":{\"@id\":\"https:\\\/\\\/furnika.com.pl\\\/produkt\\\/kinkiet-ii\\\/#breadcrumb\"},\"inLanguage\":\"en-GB\",\"potentialAction\":[{\"@type\":\"ReadAction\",\"target\":[\"https:\\\/\\\/furnika.com.pl\\\/produkt\\\/kinkiet-ii\\\/\"]}]},{\"@type\":\"ImageObject\",\"inLanguage\":\"en-GB\",\"@id\":\"https:\\\/\\\/furnika.com.pl\\\/produkt\\\/kinkiet-ii\\\/#primaryimage\",\"url\":\"https:\\\/\\\/furnika.com.pl\\\/wp-content\\\/uploads\\\/2026\\\/04\\\/KINKIET-II-WWW-zdjecie.webp\",\"contentUrl\":\"https:\\\/\\\/furnika.com.pl\\\/wp-content\\\/uploads\\\/2026\\\/04\\\/KINKIET-II-WWW-zdjecie.webp\",\"width\":800,\"height\":800},{\"@type\":\"BreadcrumbList\",\"@id\":\"https:\\\/\\\/furnika.com.pl\\\/produkt\\\/kinkiet-ii\\\/#breadcrumb\",\"itemListElement\":[{\"@type\":\"ListItem\",\"position\":1,\"name\":\"Strona g\u0142\u00f3wna\",\"item\":\"https:\\\/\\\/furnika.com.pl\\\/\"},{\"@type\":\"ListItem\",\"position\":2,\"name\":\"Produkty\",\"item\":\"https:\\\/\\\/furnika.com.pl\\\/produkty\\\/\"},{\"@type\":\"ListItem\",\"position\":3,\"name\":\"Kinkiet II\"}]},{\"@type\":\"WebSite\",\"@id\":\"https:\\\/\\\/furnika.com.pl\\\/#website\",\"url\":\"https:\\\/\\\/furnika.com.pl\\\/\",\"name\":\"Furnika\",\"description\":\"Light created with passion\",\"publisher\":{\"@id\":\"https:\\\/\\\/furnika.com.pl\\\/#organization\"},\"potentialAction\":[{\"@type\":\"SearchAction\",\"target\":{\"@type\":\"EntryPoint\",\"urlTemplate\":\"https:\\\/\\\/furnika.com.pl\\\/?s={search_term_string}\"},\"query-input\":{\"@type\":\"PropertyValueSpecification\",\"valueRequired\":true,\"valueName\":\"search_term_string\"}}],\"inLanguage\":\"en-GB\"},{\"@type\":\"Organization\",\"@id\":\"https:\\\/\\\/furnika.com.pl\\\/#organization\",\"name\":\"Furnika\",\"url\":\"https:\\\/\\\/furnika.com.pl\\\/\",\"logo\":{\"@type\":\"ImageObject\",\"inLanguage\":\"en-GB\",\"@id\":\"https:\\\/\\\/furnika.com.pl\\\/#\\\/schema\\\/logo\\\/image\\\/\",\"url\":\"https:\\\/\\\/furnika.com.pl\\\/wp-content\\\/uploads\\\/2026\\\/01\\\/cropped-logo-1.png\",\"contentUrl\":\"https:\\\/\\\/furnika.com.pl\\\/wp-content\\\/uploads\\\/2026\\\/01\\\/cropped-logo-1.png\",\"width\":366,\"height\":113,\"caption\":\"Furnika\"},\"image\":{\"@id\":\"https:\\\/\\\/furnika.com.pl\\\/#\\\/schema\\\/logo\\\/image\\\/\"}}]}<\/script>\n<!-- \/ Yoast SEO plugin. -->","yoast_head_json":{"title":"Kinkiet II - Furnika","robots":{"index":"index","follow":"follow","max-snippet":"max-snippet:-1","max-image-preview":"max-image-preview:large","max-video-preview":"max-video-preview:-1"},"canonical":"https:\/\/furnika.com.pl\/en\/product\/kinkiet-ii\/","og_locale":"en_GB","og_type":"article","og_title":"Kinkiet II - Furnika","og_description":"KINKIET II to oprawa o\u015bwietleniowa przeznaczona do monta\u017cu w p\u0142ycie meblowej, wyposa\u017cona w klosz wykonany z transparentnej plexi. Przezroczysty materia\u0142 umo\u017cliwia swobodne przenikanie \u015bwiat\u0142a, co pozwala uzyska\u0107 czysty i wyra\u017any efekt do\u015bwietlenia bez t\u0142umienia strumienia \u015bwietlnego, a jednocze\u015bnie zapewnia komfortowe, punktowe o\u015bwietlenie.  Konstrukcja przystosowana do wkr\u0119cania w p\u0142yt\u0119 meblow\u0105 zapewnia stabilne osadzenie oraz szybki monta\u017c. U\u0142atwia to instalacj\u0119 w meblach oraz innych zabudowach. Takie rozwi\u0105zanie pozwala na precyzyjne umiejscowienie lampki i zwi\u0119ksza trwa\u0142o\u015b\u0107 mocowania podczas codziennego u\u017cytkowania.  Produkt dost\u0119pny jest w dw\u00f3ch wariantach. Wersja z przewodem o d\u0142ugo\u015bci 2 metr\u00f3w przeznaczona jest do instalacji bez wy\u0142\u0105cznika dotykowego, natomiast wersja z przewodem 0,5 metra wyposa\u017cony jest w wy\u0142\u0105cznik, co umo\u017cliwia wygodne sterowanie \u015bwiat\u0142em bezpo\u015brednio przy oprawie.  Dr\u0105\u017cek stanowi\u0105cy element konstrukcyjny lampki dost\u0119pny jest w trzech wariantach kolorystycznych: aluminium, bia\u0142y oraz czarny, co u\u0142atwia dopasowanie do wyko\u0144czenia mebla. Barwa \u015bwiat\u0142a to bia\u0142y neutralny.  KINKIET II sprawdza si\u0119 jako o\u015bwietlenie punktowe w meblach, przy \u0142\u00f3\u017ckach, w zabudowach \u015bciennych oraz w miejscach wymagaj\u0105cych funkcjonalnego i dyskretnego \u017ar\u00f3d\u0142a \u015bwiat\u0142a. Transparentna plexa oraz przemy\u015blana konstrukcja zapewniaj\u0105 powtarzalny efekt \u015bwietlny i wygod\u0119 u\u017cytkowania.","og_url":"https:\/\/furnika.com.pl\/en\/product\/kinkiet-ii\/","og_site_name":"Furnika","og_image":[{"width":800,"height":800,"url":"https:\/\/furnika.com.pl\/wp-content\/uploads\/2026\/04\/KINKIET-II-WWW-zdjecie.webp","type":"image\/webp"}],"twitter_card":"summary_large_image","twitter_misc":{"Estimated reading time":"1 minute"},"schema":{"@context":"https:\/\/schema.org","@graph":[{"@type":"WebPage","@id":"https:\/\/furnika.com.pl\/produkt\/kinkiet-ii\/","url":"https:\/\/furnika.com.pl\/produkt\/kinkiet-ii\/","name":"Kinkiet II - Furnika","isPartOf":{"@id":"https:\/\/furnika.com.pl\/#website"},"primaryImageOfPage":{"@id":"https:\/\/furnika.com.pl\/produkt\/kinkiet-ii\/#primaryimage"},"image":{"@id":"https:\/\/furnika.com.pl\/produkt\/kinkiet-ii\/#primaryimage"},"thumbnailUrl":"https:\/\/furnika.com.pl\/wp-content\/uploads\/2026\/04\/KINKIET-II-WWW-zdjecie.webp","datePublished":"2026-04-15T08:12:13+00:00","breadcrumb":{"@id":"https:\/\/furnika.com.pl\/produkt\/kinkiet-ii\/#breadcrumb"},"inLanguage":"en-GB","potentialAction":[{"@type":"ReadAction","target":["https:\/\/furnika.com.pl\/produkt\/kinkiet-ii\/"]}]},{"@type":"ImageObject","inLanguage":"en-GB","@id":"https:\/\/furnika.com.pl\/produkt\/kinkiet-ii\/#primaryimage","url":"https:\/\/furnika.com.pl\/wp-content\/uploads\/2026\/04\/KINKIET-II-WWW-zdjecie.webp","contentUrl":"https:\/\/furnika.com.pl\/wp-content\/uploads\/2026\/04\/KINKIET-II-WWW-zdjecie.webp","width":800,"height":800},{"@type":"BreadcrumbList","@id":"https:\/\/furnika.com.pl\/produkt\/kinkiet-ii\/#breadcrumb","itemListElement":[{"@type":"ListItem","position":1,"name":"Strona g\u0142\u00f3wna","item":"https:\/\/furnika.com.pl\/"},{"@type":"ListItem","position":2,"name":"Produkty","item":"https:\/\/furnika.com.pl\/produkty\/"},{"@type":"ListItem","position":3,"name":"Kinkiet II"}]},{"@type":"WebSite","@id":"https:\/\/furnika.com.pl\/#website","url":"https:\/\/furnika.com.pl\/","name":"Furnika","description":"Light created with passion","publisher":{"@id":"https:\/\/furnika.com.pl\/#organization"},"potentialAction":[{"@type":"SearchAction","target":{"@type":"EntryPoint","urlTemplate":"https:\/\/furnika.com.pl\/?s={search_term_string}"},"query-input":{"@type":"PropertyValueSpecification","valueRequired":true,"valueName":"search_term_string"}}],"inLanguage":"en-GB"},{"@type":"Organization","@id":"https:\/\/furnika.com.pl\/#organization","name":"Furnika","url":"https:\/\/furnika.com.pl\/","logo":{"@type":"ImageObject","inLanguage":"en-GB","@id":"https:\/\/furnika.com.pl\/#\/schema\/logo\/image\/","url":"https:\/\/furnika.com.pl\/wp-content\/uploads\/2026\/01\/cropped-logo-1.png","contentUrl":"https:\/\/furnika.com.pl\/wp-content\/uploads\/2026\/01\/cropped-logo-1.png","width":366,"height":113,"caption":"Furnika"},"image":{"@id":"https:\/\/furnika.com.pl\/#\/schema\/logo\/image\/"}}]}},"_links":{"self":[{"href":"https:\/\/furnika.com.pl\/en\/wp-json\/wp\/v2\/product\/3501","targetHints":{"allow":["GET"]}}],"collection":[{"href":"https:\/\/furnika.com.pl\/en\/wp-json\/wp\/v2\/product"}],"about":[{"href":"https:\/\/furnika.com.pl\/en\/wp-json\/wp\/v2\/types\/product"}],"wp:featuredmedia":[{"embeddable":true,"href":"https:\/\/furnika.com.pl\/en\/wp-json\/wp\/v2\/media\/3528"}],"wp:attachment":[{"href":"https:\/\/furnika.com.pl\/en\/wp-json\/wp\/v2\/media?parent=3501"}],"wp:term":[{"taxonomy":"product_brand","embeddable":true,"href":"https:\/\/furnika.com.pl\/en\/wp-json\/wp\/v2\/product_brand?post=3501"},{"taxonomy":"product_cat","embeddable":true,"href":"https:\/\/furnika.com.pl\/en\/wp-json\/wp\/v2\/product_cat?post=3501"},{"taxonomy":"product_tag","embeddable":true,"href":"https:\/\/furnika.com.pl\/en\/wp-json\/wp\/v2\/product_tag?post=3501"}],"curies":[{"name":"wp","href":"https:\/\/api.w.org\/{rel}","templated":true}]}}