{"id":3543,"date":"2026-04-22T11:18:44","date_gmt":"2026-04-22T11:18:44","guid":{"rendered":"https:\/\/furnika.com.pl\/?post_type=product&#038;p=3543"},"modified":"2026-04-22T11:25:46","modified_gmt":"2026-04-22T11:25:46","slug":"space-space-2","status":"publish","type":"product","link":"https:\/\/furnika.com.pl\/en\/product\/space-space-2\/","title":{"rendered":"Space | Space 2"},"content":{"rendered":"","protected":false},"excerpt":{"rendered":"<p class=\"translation-block\">The SPACE model with a round profile is a classic lighting fitting, while SPACE 2 offers an elongated form that works perfectly as a decorative or functional element on larger furniture surfaces.<\/p>\n<p>Both fittings are designed for quick and clean installation directly onto the furniture surface. Thanks to the use of a mounting ring fixed with screws, the installation is stable, and all technical elements remain hidden under the housing.<\/p>\n<p>With a height of only 15 mm, the fittings remain discreet and do not dominate the furniture structure, while the energy-efficient light effectively illuminates worktops, cabinet interiors, and decorative niches.<\/p>\n<p>SPACE and SPACE 2 fittings are an excellent choice for kitchens as under-cabinet lighting, as well as for wardrobes and living rooms. A wide range of finishes, including classic white and black as well as chrome or aluminium, makes it easy to match the fitting to furniture fronts or body colors. The option to choose between warm, neutral, or cool light allows the fitting to suit different aesthetic preferences.<\/p>","protected":false},"featured_media":3614,"template":"","meta":[],"product_brand":[],"product_cat":[83,59,68,62,60],"product_tag":[],"class_list":{"0":"post-3543","1":"product","2":"type-product","3":"status-publish","4":"has-post-thumbnail","6":"product_cat-garderoba","7":"product_cat-kuchnia","8":"product_cat-lampy-led","9":"product_cat-salon","10":"product_cat-sypialnia","12":"first","13":"instock","14":"shipping-taxable","15":"product-type-simple"},"yoast_head":"<!-- This site is optimized with the Yoast SEO plugin v27.4 - https:\/\/yoast.com\/product\/yoast-seo-wordpress\/ -->\n<title>Space | Space 2 - Furnika<\/title>\n<meta name=\"robots\" content=\"index, follow, max-snippet:-1, max-image-preview:large, max-video-preview:-1\" \/>\n<link rel=\"canonical\" href=\"https:\/\/furnika.com.pl\/en\/product\/space-space-2\/\" \/>\n<meta property=\"og:locale\" content=\"en_GB\" \/>\n<meta property=\"og:type\" content=\"article\" \/>\n<meta property=\"og:title\" content=\"Space | Space 2 - Furnika\" \/>\n<meta property=\"og:description\" content=\"Model SPACE o okr\u0105g\u0142ym przekroju to klasyczna oprawa o\u015bwietleniowa, natomiast SPACE 2 oferuje wyd\u0142u\u017con\u0105 form\u0119, kt\u00f3ra doskonale sprawdza si\u0119 jako element dekoracyjny lub funkcjonalny na wi\u0119kszych powierzchniach p\u0142yt meblowych.  Obie oprawy zosta\u0142y zaprojektowane z my\u015bl\u0105 o szybkim i estetycznym monta\u017cu bezpo\u015brednio do powierzchni mebla. Dzi\u0119ki zastosowaniu pier\u015bcienia monta\u017cowego mocowanego na wkr\u0119ty, instalacja jest stabilna, a wszelkie elementy techniczne pozostaj\u0105 niewidoczne pod obudow\u0105.  Wysoko\u015b\u0107 opraw wynosz\u0105ca zaledwie 15 mm sprawia, \u017ce o\u015bwietlenie jest dyskretne i nie dominuje nad konstrukcj\u0105 mebla a energooszcz\u0119dne o\u015bwietlenie idealnie rozja\u015bnia blaty robocze, wn\u0119trza szaf czy wn\u0119ki dekoracyjne.  Oprawy SPACE i SPACE 2 to doskona\u0142y wyb\u00f3r do kuchni, jako o\u015bwietlenie podszafkowe, garder\u00f3b oraz salon\u00f3w. Dzi\u0119ki bogatej palecie wyko\u0144cze\u0144 obejmuj\u0105cej klasyczn\u0105 biel i czer\u0144 oraz chrom lub aluminium, ka\u017cda oprawa mo\u017ce zosta\u0107 precyzyjnie dobrana do odcienia front\u00f3w lub korpus\u00f3w meblowych. Z kolei mo\u017cliwo\u015b\u0107 wyboru temperatury barwowej \u015bwiat\u0142a spo\u015br\u00f3d ciep\u0142ej, neutralnej lub zimnej sprawia, \u017ce oprawa idealnie wpisuje si\u0119 w r\u00f3\u017cne preferencje estetyczne.\" \/>\n<meta property=\"og:url\" content=\"https:\/\/furnika.com.pl\/en\/product\/space-space-2\/\" \/>\n<meta property=\"og:site_name\" content=\"Furnika\" \/>\n<meta property=\"article:modified_time\" content=\"2026-04-22T11:25:46+00:00\" \/>\n<meta property=\"og:image\" content=\"https:\/\/furnika.com.pl\/wp-content\/uploads\/2026\/04\/SPACE-WWW-wizualizacja.webp\" \/>\n\t<meta property=\"og:image:width\" content=\"800\" \/>\n\t<meta property=\"og:image:height\" content=\"800\" \/>\n\t<meta property=\"og:image:type\" content=\"image\/webp\" \/>\n<meta name=\"twitter:card\" content=\"summary_large_image\" \/>\n<meta name=\"twitter:label1\" content=\"Estimated reading time\" \/>\n\t<meta name=\"twitter:data1\" content=\"1 minute\" \/>\n<script type=\"application\/ld+json\" class=\"yoast-schema-graph\">{\"@context\":\"https:\\\/\\\/schema.org\",\"@graph\":[{\"@type\":\"WebPage\",\"@id\":\"https:\\\/\\\/furnika.com.pl\\\/produkt\\\/space-space-2\\\/\",\"url\":\"https:\\\/\\\/furnika.com.pl\\\/produkt\\\/space-space-2\\\/\",\"name\":\"Space | Space 2 - Furnika\",\"isPartOf\":{\"@id\":\"https:\\\/\\\/furnika.com.pl\\\/#website\"},\"primaryImageOfPage\":{\"@id\":\"https:\\\/\\\/furnika.com.pl\\\/produkt\\\/space-space-2\\\/#primaryimage\"},\"image\":{\"@id\":\"https:\\\/\\\/furnika.com.pl\\\/produkt\\\/space-space-2\\\/#primaryimage\"},\"thumbnailUrl\":\"https:\\\/\\\/furnika.com.pl\\\/wp-content\\\/uploads\\\/2026\\\/04\\\/SPACE-WWW-wizualizacja.webp\",\"datePublished\":\"2026-04-22T11:18:44+00:00\",\"dateModified\":\"2026-04-22T11:25:46+00:00\",\"breadcrumb\":{\"@id\":\"https:\\\/\\\/furnika.com.pl\\\/produkt\\\/space-space-2\\\/#breadcrumb\"},\"inLanguage\":\"en-GB\",\"potentialAction\":[{\"@type\":\"ReadAction\",\"target\":[\"https:\\\/\\\/furnika.com.pl\\\/produkt\\\/space-space-2\\\/\"]}]},{\"@type\":\"ImageObject\",\"inLanguage\":\"en-GB\",\"@id\":\"https:\\\/\\\/furnika.com.pl\\\/produkt\\\/space-space-2\\\/#primaryimage\",\"url\":\"https:\\\/\\\/furnika.com.pl\\\/wp-content\\\/uploads\\\/2026\\\/04\\\/SPACE-WWW-wizualizacja.webp\",\"contentUrl\":\"https:\\\/\\\/furnika.com.pl\\\/wp-content\\\/uploads\\\/2026\\\/04\\\/SPACE-WWW-wizualizacja.webp\",\"width\":800,\"height\":800},{\"@type\":\"BreadcrumbList\",\"@id\":\"https:\\\/\\\/furnika.com.pl\\\/produkt\\\/space-space-2\\\/#breadcrumb\",\"itemListElement\":[{\"@type\":\"ListItem\",\"position\":1,\"name\":\"Strona g\u0142\u00f3wna\",\"item\":\"https:\\\/\\\/furnika.com.pl\\\/\"},{\"@type\":\"ListItem\",\"position\":2,\"name\":\"Produkty\",\"item\":\"https:\\\/\\\/furnika.com.pl\\\/produkty\\\/\"},{\"@type\":\"ListItem\",\"position\":3,\"name\":\"Space | Space 2\"}]},{\"@type\":\"WebSite\",\"@id\":\"https:\\\/\\\/furnika.com.pl\\\/#website\",\"url\":\"https:\\\/\\\/furnika.com.pl\\\/\",\"name\":\"Furnika\",\"description\":\"Light created with passion\",\"publisher\":{\"@id\":\"https:\\\/\\\/furnika.com.pl\\\/#organization\"},\"potentialAction\":[{\"@type\":\"SearchAction\",\"target\":{\"@type\":\"EntryPoint\",\"urlTemplate\":\"https:\\\/\\\/furnika.com.pl\\\/?s={search_term_string}\"},\"query-input\":{\"@type\":\"PropertyValueSpecification\",\"valueRequired\":true,\"valueName\":\"search_term_string\"}}],\"inLanguage\":\"en-GB\"},{\"@type\":\"Organization\",\"@id\":\"https:\\\/\\\/furnika.com.pl\\\/#organization\",\"name\":\"Furnika\",\"url\":\"https:\\\/\\\/furnika.com.pl\\\/\",\"logo\":{\"@type\":\"ImageObject\",\"inLanguage\":\"en-GB\",\"@id\":\"https:\\\/\\\/furnika.com.pl\\\/#\\\/schema\\\/logo\\\/image\\\/\",\"url\":\"https:\\\/\\\/furnika.com.pl\\\/wp-content\\\/uploads\\\/2026\\\/01\\\/cropped-logo-1.png\",\"contentUrl\":\"https:\\\/\\\/furnika.com.pl\\\/wp-content\\\/uploads\\\/2026\\\/01\\\/cropped-logo-1.png\",\"width\":366,\"height\":113,\"caption\":\"Furnika\"},\"image\":{\"@id\":\"https:\\\/\\\/furnika.com.pl\\\/#\\\/schema\\\/logo\\\/image\\\/\"}}]}<\/script>\n<!-- \/ Yoast SEO plugin. -->","yoast_head_json":{"title":"Space | Space 2 - Furnika","robots":{"index":"index","follow":"follow","max-snippet":"max-snippet:-1","max-image-preview":"max-image-preview:large","max-video-preview":"max-video-preview:-1"},"canonical":"https:\/\/furnika.com.pl\/en\/product\/space-space-2\/","og_locale":"en_GB","og_type":"article","og_title":"Space | Space 2 - Furnika","og_description":"Model SPACE o okr\u0105g\u0142ym przekroju to klasyczna oprawa o\u015bwietleniowa, natomiast SPACE 2 oferuje wyd\u0142u\u017con\u0105 form\u0119, kt\u00f3ra doskonale sprawdza si\u0119 jako element dekoracyjny lub funkcjonalny na wi\u0119kszych powierzchniach p\u0142yt meblowych.  Obie oprawy zosta\u0142y zaprojektowane z my\u015bl\u0105 o szybkim i estetycznym monta\u017cu bezpo\u015brednio do powierzchni mebla. Dzi\u0119ki zastosowaniu pier\u015bcienia monta\u017cowego mocowanego na wkr\u0119ty, instalacja jest stabilna, a wszelkie elementy techniczne pozostaj\u0105 niewidoczne pod obudow\u0105.  Wysoko\u015b\u0107 opraw wynosz\u0105ca zaledwie 15 mm sprawia, \u017ce o\u015bwietlenie jest dyskretne i nie dominuje nad konstrukcj\u0105 mebla a energooszcz\u0119dne o\u015bwietlenie idealnie rozja\u015bnia blaty robocze, wn\u0119trza szaf czy wn\u0119ki dekoracyjne.  Oprawy SPACE i SPACE 2 to doskona\u0142y wyb\u00f3r do kuchni, jako o\u015bwietlenie podszafkowe, garder\u00f3b oraz salon\u00f3w. Dzi\u0119ki bogatej palecie wyko\u0144cze\u0144 obejmuj\u0105cej klasyczn\u0105 biel i czer\u0144 oraz chrom lub aluminium, ka\u017cda oprawa mo\u017ce zosta\u0107 precyzyjnie dobrana do odcienia front\u00f3w lub korpus\u00f3w meblowych. Z kolei mo\u017cliwo\u015b\u0107 wyboru temperatury barwowej \u015bwiat\u0142a spo\u015br\u00f3d ciep\u0142ej, neutralnej lub zimnej sprawia, \u017ce oprawa idealnie wpisuje si\u0119 w r\u00f3\u017cne preferencje estetyczne.","og_url":"https:\/\/furnika.com.pl\/en\/product\/space-space-2\/","og_site_name":"Furnika","article_modified_time":"2026-04-22T11:25:46+00:00","og_image":[{"width":800,"height":800,"url":"https:\/\/furnika.com.pl\/wp-content\/uploads\/2026\/04\/SPACE-WWW-wizualizacja.webp","type":"image\/webp"}],"twitter_card":"summary_large_image","twitter_misc":{"Estimated reading time":"1 minute"},"schema":{"@context":"https:\/\/schema.org","@graph":[{"@type":"WebPage","@id":"https:\/\/furnika.com.pl\/produkt\/space-space-2\/","url":"https:\/\/furnika.com.pl\/produkt\/space-space-2\/","name":"Space | Space 2 - Furnika","isPartOf":{"@id":"https:\/\/furnika.com.pl\/#website"},"primaryImageOfPage":{"@id":"https:\/\/furnika.com.pl\/produkt\/space-space-2\/#primaryimage"},"image":{"@id":"https:\/\/furnika.com.pl\/produkt\/space-space-2\/#primaryimage"},"thumbnailUrl":"https:\/\/furnika.com.pl\/wp-content\/uploads\/2026\/04\/SPACE-WWW-wizualizacja.webp","datePublished":"2026-04-22T11:18:44+00:00","dateModified":"2026-04-22T11:25:46+00:00","breadcrumb":{"@id":"https:\/\/furnika.com.pl\/produkt\/space-space-2\/#breadcrumb"},"inLanguage":"en-GB","potentialAction":[{"@type":"ReadAction","target":["https:\/\/furnika.com.pl\/produkt\/space-space-2\/"]}]},{"@type":"ImageObject","inLanguage":"en-GB","@id":"https:\/\/furnika.com.pl\/produkt\/space-space-2\/#primaryimage","url":"https:\/\/furnika.com.pl\/wp-content\/uploads\/2026\/04\/SPACE-WWW-wizualizacja.webp","contentUrl":"https:\/\/furnika.com.pl\/wp-content\/uploads\/2026\/04\/SPACE-WWW-wizualizacja.webp","width":800,"height":800},{"@type":"BreadcrumbList","@id":"https:\/\/furnika.com.pl\/produkt\/space-space-2\/#breadcrumb","itemListElement":[{"@type":"ListItem","position":1,"name":"Strona g\u0142\u00f3wna","item":"https:\/\/furnika.com.pl\/"},{"@type":"ListItem","position":2,"name":"Produkty","item":"https:\/\/furnika.com.pl\/produkty\/"},{"@type":"ListItem","position":3,"name":"Space | Space 2"}]},{"@type":"WebSite","@id":"https:\/\/furnika.com.pl\/#website","url":"https:\/\/furnika.com.pl\/","name":"Furnika","description":"Light created with passion","publisher":{"@id":"https:\/\/furnika.com.pl\/#organization"},"potentialAction":[{"@type":"SearchAction","target":{"@type":"EntryPoint","urlTemplate":"https:\/\/furnika.com.pl\/?s={search_term_string}"},"query-input":{"@type":"PropertyValueSpecification","valueRequired":true,"valueName":"search_term_string"}}],"inLanguage":"en-GB"},{"@type":"Organization","@id":"https:\/\/furnika.com.pl\/#organization","name":"Furnika","url":"https:\/\/furnika.com.pl\/","logo":{"@type":"ImageObject","inLanguage":"en-GB","@id":"https:\/\/furnika.com.pl\/#\/schema\/logo\/image\/","url":"https:\/\/furnika.com.pl\/wp-content\/uploads\/2026\/01\/cropped-logo-1.png","contentUrl":"https:\/\/furnika.com.pl\/wp-content\/uploads\/2026\/01\/cropped-logo-1.png","width":366,"height":113,"caption":"Furnika"},"image":{"@id":"https:\/\/furnika.com.pl\/#\/schema\/logo\/image\/"}}]}},"_links":{"self":[{"href":"https:\/\/furnika.com.pl\/en\/wp-json\/wp\/v2\/product\/3543","targetHints":{"allow":["GET"]}}],"collection":[{"href":"https:\/\/furnika.com.pl\/en\/wp-json\/wp\/v2\/product"}],"about":[{"href":"https:\/\/furnika.com.pl\/en\/wp-json\/wp\/v2\/types\/product"}],"wp:featuredmedia":[{"embeddable":true,"href":"https:\/\/furnika.com.pl\/en\/wp-json\/wp\/v2\/media\/3614"}],"wp:attachment":[{"href":"https:\/\/furnika.com.pl\/en\/wp-json\/wp\/v2\/media?parent=3543"}],"wp:term":[{"taxonomy":"product_brand","embeddable":true,"href":"https:\/\/furnika.com.pl\/en\/wp-json\/wp\/v2\/product_brand?post=3543"},{"taxonomy":"product_cat","embeddable":true,"href":"https:\/\/furnika.com.pl\/en\/wp-json\/wp\/v2\/product_cat?post=3543"},{"taxonomy":"product_tag","embeddable":true,"href":"https:\/\/furnika.com.pl\/en\/wp-json\/wp\/v2\/product_tag?post=3543"}],"curies":[{"name":"wp","href":"https:\/\/api.w.org\/{rel}","templated":true}]}}