{"id":3602,"date":"2026-04-23T09:51:27","date_gmt":"2026-04-23T09:51:27","guid":{"rendered":"https:\/\/furnika.com.pl\/?post_type=product&#038;p=3602"},"modified":"2026-04-23T09:51:27","modified_gmt":"2026-04-23T09:51:27","slug":"omega-200mm-omega-switch","status":"publish","type":"product","link":"https:\/\/furnika.com.pl\/en\/product\/omega-200mm-omega-switch\/","title":{"rendered":"Omega 200mm \/ Omega switch"},"content":{"rendered":"","protected":false},"excerpt":{"rendered":"<section class=\"text-token-text-primary w-full focus:outline-none [--shadow-height:45px] has-data-writing-block:pointer-events-none has-data-writing-block:-mt-(--shadow-height) has-data-writing-block:pt-(--shadow-height) [&amp;:has([data-writing-block])&gt;*]:pointer-events-auto scroll-mt-(--header-height)\" dir=\"auto\" data-turn-id=\"407178e1-7d14-4f9b-a9d6-068614d3c289\" data-testid=\"conversation-turn-23\" data-scroll-anchor=\"false\" data-turn=\"user\"><\/section>\n<section class=\"text-token-text-primary w-full focus:outline-none [--shadow-height:45px] has-data-writing-block:pointer-events-none has-data-writing-block:-mt-(--shadow-height) has-data-writing-block:pt-(--shadow-height) [&amp;:has([data-writing-block])&gt;*]:pointer-events-auto scroll-mt-[calc(var(--header-height)+min(200px,max(70px,20svh)))]\" dir=\"auto\" data-turn-id=\"request-WEB:3390db71-20d4-4fbe-9a46-676a74ba53f7-17\" data-testid=\"conversation-turn-24\" data-scroll-anchor=\"true\" data-turn=\"assistant\">\n<div class=\"text-base my-auto mx-auto pb-10 [--thread-content-margin:var(--thread-content-margin-xs,calc(var(--spacing)*4))] @w-sm\/main:[--thread-content-margin:var(--thread-content-margin-sm,calc(var(--spacing)*6))] @w-lg\/main:[--thread-content-margin:var(--thread-content-margin-lg,calc(var(--spacing)*16))] px-(--thread-content-margin)\">\n<div class=\"[--thread-content-max-width:40rem] @w-lg\/main:[--thread-content-max-width:48rem] mx-auto max-w-(--thread-content-max-width) flex-1 group\/turn-messages focus-visible:outline-hidden relative flex w-full min-w-0 flex-col agent-turn\">\n<div class=\"flex max-w-full flex-col gap-4 grow\">\n<div class=\"min-h-8 text-message relative flex w-full flex-col items-end gap-2 text-start break-words whitespace-normal outline-none keyboard-focused:focus-ring [.text-message+&amp;]:mt-1\" dir=\"auto\" tabindex=\"0\" data-message-author-role=\"assistant\" data-message-id=\"351832e3-88cc-4f5e-abc7-81615c6d46b1\" data-message-model-slug=\"gpt-5-3\" data-turn-start-message=\"true\">\n<div class=\"flex w-full flex-col gap-1 empty:hidden\">\n<div class=\"markdown prose dark:prose-invert w-full wrap-break-word light markdown-new-styling\">\n<p data-start=\"0\" data-end=\"310\">Profil o\u015bwietleniowy OMEGA 200 mm z w\u0142\u0105cznikiem OMEGA SWITCH to kompaktowa oprawa LED przeznaczona do monta\u017cu w meblach i zabudowach. Aluminiowa konstrukcja zapewnia trwa\u0142o\u015b\u0107 oraz r\u00f3wnomierne rozprowadzanie \u015bwiat\u0142a na ca\u0142ej d\u0142ugo\u015bci listwy, co przek\u0142ada si\u0119 na komfort u\u017cytkowania w codziennych zastosowaniach.<\/p>\n<p data-start=\"312\" data-end=\"666\">Zintegrowany w\u0142\u0105cznik dotykowy umo\u017cliwia szybkie uruchamianie i wy\u0142\u0105czanie o\u015bwietlenia bez potrzeby stosowania dodatkowych prze\u0142\u0105cznik\u00f3w. Zasilanie 12V DC gwarantuje stabiln\u0105 i bezpieczn\u0105 prac\u0119, a niski pob\u00f3r mocy na poziomie 2,4 W wp\u0142ywa na efektywne zu\u017cycie energii. Przew\u00f3d o d\u0142ugo\u015bci 2 metr\u00f3w u\u0142atwia pod\u0142\u0105czenie w r\u00f3\u017cnych konfiguracjach monta\u017cowych.<\/p>\n<p data-start=\"668\" data-end=\"962\" data-is-last-node=\"\" data-is-only-node=\"\">Zalet\u0105 profilu jest prosta instalacja, kompaktowe wymiary oraz mo\u017cliwo\u015b\u0107 zastosowania w szafkach, witrynach, garderobach i innych przestrzeniach wymagaj\u0105cych funkcjonalnego o\u015bwietlenia. Zintegrowany w\u0142\u0105cznik zwi\u0119ksza wygod\u0119 u\u017cytkowania, a r\u00f3wnomierne \u015bwiat\u0142o poprawia widoczno\u015b\u0107 wewn\u0105trz mebli.<\/p>\n<\/div>\n<\/div>\n<\/div>\n<\/div>\n<\/div>\n<\/div>\n<\/section>\n","protected":false},"featured_media":3658,"template":"","meta":[],"product_brand":[],"product_cat":[83,59,69,62,60],"product_tag":[],"class_list":{"0":"post-3602","1":"product","2":"type-product","3":"status-publish","4":"has-post-thumbnail","6":"product_cat-garderoba","7":"product_cat-kuchnia","8":"product_cat-profile","9":"product_cat-salon","10":"product_cat-sypialnia","12":"first","13":"instock","14":"shipping-taxable","15":"product-type-simple"},"yoast_head":"<!-- This site is optimized with the Yoast SEO plugin v27.4 - https:\/\/yoast.com\/product\/yoast-seo-wordpress\/ -->\n<title>Omega 200mm \/ Omega switch - Furnika<\/title>\n<meta name=\"robots\" content=\"index, follow, max-snippet:-1, max-image-preview:large, max-video-preview:-1\" \/>\n<link rel=\"canonical\" href=\"https:\/\/furnika.com.pl\/en\/product\/omega-200mm-omega-switch\/\" \/>\n<meta property=\"og:locale\" content=\"en_GB\" \/>\n<meta property=\"og:type\" content=\"article\" \/>\n<meta property=\"og:title\" content=\"Omega 200mm \/ Omega switch - Furnika\" \/>\n<meta property=\"og:description\" content=\"Profil o\u015bwietleniowy OMEGA 200 mm z w\u0142\u0105cznikiem OMEGA SWITCH to kompaktowa oprawa LED przeznaczona do monta\u017cu w meblach i zabudowach. Aluminiowa konstrukcja zapewnia trwa\u0142o\u015b\u0107 oraz r\u00f3wnomierne rozprowadzanie \u015bwiat\u0142a na ca\u0142ej d\u0142ugo\u015bci listwy, co przek\u0142ada si\u0119 na komfort u\u017cytkowania w codziennych zastosowaniach. Zintegrowany w\u0142\u0105cznik dotykowy umo\u017cliwia szybkie uruchamianie i wy\u0142\u0105czanie o\u015bwietlenia bez potrzeby stosowania dodatkowych prze\u0142\u0105cznik\u00f3w. Zasilanie 12V DC gwarantuje stabiln\u0105 i bezpieczn\u0105 prac\u0119, a niski pob\u00f3r mocy na poziomie 2,4 W wp\u0142ywa na efektywne zu\u017cycie energii. Przew\u00f3d o d\u0142ugo\u015bci 2 metr\u00f3w u\u0142atwia pod\u0142\u0105czenie w r\u00f3\u017cnych konfiguracjach monta\u017cowych. Zalet\u0105 profilu jest prosta instalacja, kompaktowe wymiary oraz mo\u017cliwo\u015b\u0107 zastosowania w szafkach, witrynach, garderobach i innych przestrzeniach wymagaj\u0105cych funkcjonalnego o\u015bwietlenia. Zintegrowany w\u0142\u0105cznik zwi\u0119ksza wygod\u0119 u\u017cytkowania, a r\u00f3wnomierne \u015bwiat\u0142o poprawia widoczno\u015b\u0107 wewn\u0105trz mebli.\" \/>\n<meta property=\"og:url\" content=\"https:\/\/furnika.com.pl\/en\/product\/omega-200mm-omega-switch\/\" \/>\n<meta property=\"og:site_name\" content=\"Furnika\" \/>\n<meta property=\"og:image\" content=\"https:\/\/furnika.com.pl\/wp-content\/uploads\/2026\/04\/OMEGA-200-MM-OMEGA-SWITCH-WWW-zdjecie.webp\" \/>\n\t<meta property=\"og:image:width\" content=\"800\" \/>\n\t<meta property=\"og:image:height\" content=\"800\" \/>\n\t<meta property=\"og:image:type\" content=\"image\/webp\" \/>\n<meta name=\"twitter:card\" content=\"summary_large_image\" \/>\n<meta name=\"twitter:label1\" content=\"Estimated reading time\" \/>\n\t<meta name=\"twitter:data1\" content=\"1 minute\" \/>\n<script type=\"application\/ld+json\" class=\"yoast-schema-graph\">{\"@context\":\"https:\\\/\\\/schema.org\",\"@graph\":[{\"@type\":\"WebPage\",\"@id\":\"https:\\\/\\\/furnika.com.pl\\\/produkt\\\/omega-200mm-omega-switch\\\/\",\"url\":\"https:\\\/\\\/furnika.com.pl\\\/produkt\\\/omega-200mm-omega-switch\\\/\",\"name\":\"Omega 200mm \\\/ Omega switch - Furnika\",\"isPartOf\":{\"@id\":\"https:\\\/\\\/furnika.com.pl\\\/#website\"},\"primaryImageOfPage\":{\"@id\":\"https:\\\/\\\/furnika.com.pl\\\/produkt\\\/omega-200mm-omega-switch\\\/#primaryimage\"},\"image\":{\"@id\":\"https:\\\/\\\/furnika.com.pl\\\/produkt\\\/omega-200mm-omega-switch\\\/#primaryimage\"},\"thumbnailUrl\":\"https:\\\/\\\/furnika.com.pl\\\/wp-content\\\/uploads\\\/2026\\\/04\\\/OMEGA-200-MM-OMEGA-SWITCH-WWW-zdjecie.webp\",\"datePublished\":\"2026-04-23T09:51:27+00:00\",\"breadcrumb\":{\"@id\":\"https:\\\/\\\/furnika.com.pl\\\/produkt\\\/omega-200mm-omega-switch\\\/#breadcrumb\"},\"inLanguage\":\"en-GB\",\"potentialAction\":[{\"@type\":\"ReadAction\",\"target\":[\"https:\\\/\\\/furnika.com.pl\\\/produkt\\\/omega-200mm-omega-switch\\\/\"]}]},{\"@type\":\"ImageObject\",\"inLanguage\":\"en-GB\",\"@id\":\"https:\\\/\\\/furnika.com.pl\\\/produkt\\\/omega-200mm-omega-switch\\\/#primaryimage\",\"url\":\"https:\\\/\\\/furnika.com.pl\\\/wp-content\\\/uploads\\\/2026\\\/04\\\/OMEGA-200-MM-OMEGA-SWITCH-WWW-zdjecie.webp\",\"contentUrl\":\"https:\\\/\\\/furnika.com.pl\\\/wp-content\\\/uploads\\\/2026\\\/04\\\/OMEGA-200-MM-OMEGA-SWITCH-WWW-zdjecie.webp\",\"width\":800,\"height\":800},{\"@type\":\"BreadcrumbList\",\"@id\":\"https:\\\/\\\/furnika.com.pl\\\/produkt\\\/omega-200mm-omega-switch\\\/#breadcrumb\",\"itemListElement\":[{\"@type\":\"ListItem\",\"position\":1,\"name\":\"Strona g\u0142\u00f3wna\",\"item\":\"https:\\\/\\\/furnika.com.pl\\\/\"},{\"@type\":\"ListItem\",\"position\":2,\"name\":\"Produkty\",\"item\":\"https:\\\/\\\/furnika.com.pl\\\/produkty\\\/\"},{\"@type\":\"ListItem\",\"position\":3,\"name\":\"Omega 200mm \\\/ Omega switch\"}]},{\"@type\":\"WebSite\",\"@id\":\"https:\\\/\\\/furnika.com.pl\\\/#website\",\"url\":\"https:\\\/\\\/furnika.com.pl\\\/\",\"name\":\"Furnika\",\"description\":\"Light created with passion\",\"publisher\":{\"@id\":\"https:\\\/\\\/furnika.com.pl\\\/#organization\"},\"potentialAction\":[{\"@type\":\"SearchAction\",\"target\":{\"@type\":\"EntryPoint\",\"urlTemplate\":\"https:\\\/\\\/furnika.com.pl\\\/?s={search_term_string}\"},\"query-input\":{\"@type\":\"PropertyValueSpecification\",\"valueRequired\":true,\"valueName\":\"search_term_string\"}}],\"inLanguage\":\"en-GB\"},{\"@type\":\"Organization\",\"@id\":\"https:\\\/\\\/furnika.com.pl\\\/#organization\",\"name\":\"Furnika\",\"url\":\"https:\\\/\\\/furnika.com.pl\\\/\",\"logo\":{\"@type\":\"ImageObject\",\"inLanguage\":\"en-GB\",\"@id\":\"https:\\\/\\\/furnika.com.pl\\\/#\\\/schema\\\/logo\\\/image\\\/\",\"url\":\"https:\\\/\\\/furnika.com.pl\\\/wp-content\\\/uploads\\\/2026\\\/01\\\/cropped-logo-1.png\",\"contentUrl\":\"https:\\\/\\\/furnika.com.pl\\\/wp-content\\\/uploads\\\/2026\\\/01\\\/cropped-logo-1.png\",\"width\":366,\"height\":113,\"caption\":\"Furnika\"},\"image\":{\"@id\":\"https:\\\/\\\/furnika.com.pl\\\/#\\\/schema\\\/logo\\\/image\\\/\"}}]}<\/script>\n<!-- \/ Yoast SEO plugin. -->","yoast_head_json":{"title":"Omega 200mm \/ Omega switch - Furnika","robots":{"index":"index","follow":"follow","max-snippet":"max-snippet:-1","max-image-preview":"max-image-preview:large","max-video-preview":"max-video-preview:-1"},"canonical":"https:\/\/furnika.com.pl\/en\/product\/omega-200mm-omega-switch\/","og_locale":"en_GB","og_type":"article","og_title":"Omega 200mm \/ Omega switch - Furnika","og_description":"Profil o\u015bwietleniowy OMEGA 200 mm z w\u0142\u0105cznikiem OMEGA SWITCH to kompaktowa oprawa LED przeznaczona do monta\u017cu w meblach i zabudowach. Aluminiowa konstrukcja zapewnia trwa\u0142o\u015b\u0107 oraz r\u00f3wnomierne rozprowadzanie \u015bwiat\u0142a na ca\u0142ej d\u0142ugo\u015bci listwy, co przek\u0142ada si\u0119 na komfort u\u017cytkowania w codziennych zastosowaniach. Zintegrowany w\u0142\u0105cznik dotykowy umo\u017cliwia szybkie uruchamianie i wy\u0142\u0105czanie o\u015bwietlenia bez potrzeby stosowania dodatkowych prze\u0142\u0105cznik\u00f3w. Zasilanie 12V DC gwarantuje stabiln\u0105 i bezpieczn\u0105 prac\u0119, a niski pob\u00f3r mocy na poziomie 2,4 W wp\u0142ywa na efektywne zu\u017cycie energii. Przew\u00f3d o d\u0142ugo\u015bci 2 metr\u00f3w u\u0142atwia pod\u0142\u0105czenie w r\u00f3\u017cnych konfiguracjach monta\u017cowych. Zalet\u0105 profilu jest prosta instalacja, kompaktowe wymiary oraz mo\u017cliwo\u015b\u0107 zastosowania w szafkach, witrynach, garderobach i innych przestrzeniach wymagaj\u0105cych funkcjonalnego o\u015bwietlenia. Zintegrowany w\u0142\u0105cznik zwi\u0119ksza wygod\u0119 u\u017cytkowania, a r\u00f3wnomierne \u015bwiat\u0142o poprawia widoczno\u015b\u0107 wewn\u0105trz mebli.","og_url":"https:\/\/furnika.com.pl\/en\/product\/omega-200mm-omega-switch\/","og_site_name":"Furnika","og_image":[{"width":800,"height":800,"url":"https:\/\/furnika.com.pl\/wp-content\/uploads\/2026\/04\/OMEGA-200-MM-OMEGA-SWITCH-WWW-zdjecie.webp","type":"image\/webp"}],"twitter_card":"summary_large_image","twitter_misc":{"Estimated reading time":"1 minute"},"schema":{"@context":"https:\/\/schema.org","@graph":[{"@type":"WebPage","@id":"https:\/\/furnika.com.pl\/produkt\/omega-200mm-omega-switch\/","url":"https:\/\/furnika.com.pl\/produkt\/omega-200mm-omega-switch\/","name":"Omega 200mm \/ Omega switch - Furnika","isPartOf":{"@id":"https:\/\/furnika.com.pl\/#website"},"primaryImageOfPage":{"@id":"https:\/\/furnika.com.pl\/produkt\/omega-200mm-omega-switch\/#primaryimage"},"image":{"@id":"https:\/\/furnika.com.pl\/produkt\/omega-200mm-omega-switch\/#primaryimage"},"thumbnailUrl":"https:\/\/furnika.com.pl\/wp-content\/uploads\/2026\/04\/OMEGA-200-MM-OMEGA-SWITCH-WWW-zdjecie.webp","datePublished":"2026-04-23T09:51:27+00:00","breadcrumb":{"@id":"https:\/\/furnika.com.pl\/produkt\/omega-200mm-omega-switch\/#breadcrumb"},"inLanguage":"en-GB","potentialAction":[{"@type":"ReadAction","target":["https:\/\/furnika.com.pl\/produkt\/omega-200mm-omega-switch\/"]}]},{"@type":"ImageObject","inLanguage":"en-GB","@id":"https:\/\/furnika.com.pl\/produkt\/omega-200mm-omega-switch\/#primaryimage","url":"https:\/\/furnika.com.pl\/wp-content\/uploads\/2026\/04\/OMEGA-200-MM-OMEGA-SWITCH-WWW-zdjecie.webp","contentUrl":"https:\/\/furnika.com.pl\/wp-content\/uploads\/2026\/04\/OMEGA-200-MM-OMEGA-SWITCH-WWW-zdjecie.webp","width":800,"height":800},{"@type":"BreadcrumbList","@id":"https:\/\/furnika.com.pl\/produkt\/omega-200mm-omega-switch\/#breadcrumb","itemListElement":[{"@type":"ListItem","position":1,"name":"Strona g\u0142\u00f3wna","item":"https:\/\/furnika.com.pl\/"},{"@type":"ListItem","position":2,"name":"Produkty","item":"https:\/\/furnika.com.pl\/produkty\/"},{"@type":"ListItem","position":3,"name":"Omega 200mm \/ Omega switch"}]},{"@type":"WebSite","@id":"https:\/\/furnika.com.pl\/#website","url":"https:\/\/furnika.com.pl\/","name":"Furnika","description":"Light created with passion","publisher":{"@id":"https:\/\/furnika.com.pl\/#organization"},"potentialAction":[{"@type":"SearchAction","target":{"@type":"EntryPoint","urlTemplate":"https:\/\/furnika.com.pl\/?s={search_term_string}"},"query-input":{"@type":"PropertyValueSpecification","valueRequired":true,"valueName":"search_term_string"}}],"inLanguage":"en-GB"},{"@type":"Organization","@id":"https:\/\/furnika.com.pl\/#organization","name":"Furnika","url":"https:\/\/furnika.com.pl\/","logo":{"@type":"ImageObject","inLanguage":"en-GB","@id":"https:\/\/furnika.com.pl\/#\/schema\/logo\/image\/","url":"https:\/\/furnika.com.pl\/wp-content\/uploads\/2026\/01\/cropped-logo-1.png","contentUrl":"https:\/\/furnika.com.pl\/wp-content\/uploads\/2026\/01\/cropped-logo-1.png","width":366,"height":113,"caption":"Furnika"},"image":{"@id":"https:\/\/furnika.com.pl\/#\/schema\/logo\/image\/"}}]}},"_links":{"self":[{"href":"https:\/\/furnika.com.pl\/en\/wp-json\/wp\/v2\/product\/3602","targetHints":{"allow":["GET"]}}],"collection":[{"href":"https:\/\/furnika.com.pl\/en\/wp-json\/wp\/v2\/product"}],"about":[{"href":"https:\/\/furnika.com.pl\/en\/wp-json\/wp\/v2\/types\/product"}],"wp:featuredmedia":[{"embeddable":true,"href":"https:\/\/furnika.com.pl\/en\/wp-json\/wp\/v2\/media\/3658"}],"wp:attachment":[{"href":"https:\/\/furnika.com.pl\/en\/wp-json\/wp\/v2\/media?parent=3602"}],"wp:term":[{"taxonomy":"product_brand","embeddable":true,"href":"https:\/\/furnika.com.pl\/en\/wp-json\/wp\/v2\/product_brand?post=3602"},{"taxonomy":"product_cat","embeddable":true,"href":"https:\/\/furnika.com.pl\/en\/wp-json\/wp\/v2\/product_cat?post=3602"},{"taxonomy":"product_tag","embeddable":true,"href":"https:\/\/furnika.com.pl\/en\/wp-json\/wp\/v2\/product_tag?post=3602"}],"curies":[{"name":"wp","href":"https:\/\/api.w.org\/{rel}","templated":true}]}}