{"id":3604,"date":"2026-04-23T10:47:33","date_gmt":"2026-04-23T10:47:33","guid":{"rendered":"https:\/\/furnika.com.pl\/?post_type=product&#038;p=3604"},"modified":"2026-04-23T10:47:33","modified_gmt":"2026-04-23T10:47:33","slug":"omega-switch-200mm-master-200mm","status":"publish","type":"product","link":"https:\/\/furnika.com.pl\/en\/product\/omega-switch-200mm-master-200mm\/","title":{"rendered":"Omega switch 200mm \/ Master 200mm"},"content":{"rendered":"","protected":false},"excerpt":{"rendered":"<p data-start=\"54\" data-end=\"362\">OMEGA MASTER is a lighting fitting in the form of an aluminium profile with a built-in LED strip, designed for surface mounting in furniture and built-in structures. The construction combines the light source with a control element and an additional distributor, allowing several lamps from the OMEGA LED series to be connected within one system.<\/p>\n<p data-start=\"364\" data-end=\"624\">The entire system is operated using a switch located directly in the profile, which controls turning the lighting on and off. This integrated solution organizes the installation and allows all connected fittings to be controlled from a single point.<\/p>\n<p data-start=\"626\" data-end=\"864\">The aluminium profile ensures durability and even light distribution along the entire length of the fitting. The 200 mm length and slim design make it suitable for installation under shelves, in cabinets, and other furniture elements. The fitting operates on a 12 V DC system and is equipped with a 2.4 W LED source. The cable length is 2 m, which makes connection easier.<\/p>\n<p data-start=\"1012\" data-end=\"1212\" data-is-last-node=\"\" data-is-only-node=\"\">OMEGA LED MASTER is designed for creating consistent linear lighting systems in furniture, where it is important to connect multiple light points and control them with a single switch.<\/p>","protected":false},"featured_media":3665,"template":"","meta":[],"product_brand":[],"product_cat":[83,59,68,69,62,60],"product_tag":[],"class_list":{"0":"post-3604","1":"product","2":"type-product","3":"status-publish","4":"has-post-thumbnail","6":"product_cat-garderoba","7":"product_cat-kuchnia","8":"product_cat-lampy-led","9":"product_cat-profile","10":"product_cat-salon","11":"product_cat-sypialnia","13":"first","14":"instock","15":"shipping-taxable","16":"product-type-simple"},"yoast_head":"<!-- This site is optimized with the Yoast SEO plugin v27.4 - https:\/\/yoast.com\/product\/yoast-seo-wordpress\/ -->\n<title>Omega switch 200mm \/ Master 200mm - Furnika<\/title>\n<meta name=\"robots\" content=\"index, follow, max-snippet:-1, max-image-preview:large, max-video-preview:-1\" \/>\n<link rel=\"canonical\" href=\"https:\/\/furnika.com.pl\/en\/product\/omega-switch-200mm-master-200mm\/\" \/>\n<meta property=\"og:locale\" content=\"en_GB\" \/>\n<meta property=\"og:type\" content=\"article\" \/>\n<meta property=\"og:title\" content=\"Omega switch 200mm \/ Master 200mm - Furnika\" \/>\n<meta property=\"og:description\" content=\"OMEGA MASTER to oprawa w formie aluminiowego profilu z wbudowan\u0105 ta\u015bm\u0105 LED, przeznaczona do monta\u017cu nawierzchniowego w meblach i zabudowach. Konstrukcja \u0142\u0105czy \u017ar\u00f3d\u0142o \u015bwiat\u0142a z elementem steruj\u0105cym oraz dodatkowym rozdzielaczem, kt\u00f3ry pozwala na pod\u0142\u0105czenie kilku lamp z serii OMEGA LED w jednym systemie. Ca\u0142o\u015b\u0107 obs\u0142ugiwana jest za pomoc\u0105 wy\u0142\u0105cznika umieszczonego bezpo\u015brednio w profilu, kt\u00f3ry odpowiada za w\u0142\u0105czanie i wy\u0142\u0105czanie o\u015bwietlenia. Zintegrowane rozwi\u0105zanie porz\u0105dkuje instalacj\u0119 i pozwala na sterowanie wszystkimi pod\u0142\u0105czonymi oprawami z jednego miejsca. Profil aluminiowy zapewnia trwa\u0142o\u015b\u0107 konstrukcji oraz r\u00f3wnomierne rozprowadzenie \u015bwiat\u0142a na ca\u0142ej d\u0142ugo\u015bci oprawy. D\u0142ugo\u015b\u0107 200 mm oraz smuk\u0142a forma dobrze sprawdzaj\u0105 si\u0119 w monta\u017cu pod p\u00f3\u0142kami, w szafkach oraz innych elementach wyposa\u017cenia. Oprawa pracuje w systemie 12V DC i wyposa\u017cona jest w \u017ar\u00f3d\u0142o LED o mocy 2,4 W. D\u0142ugo\u015b\u0107 przewodu wynosi 2 m, co u\u0142atwia pod\u0142\u0105czenie do instalacji. OMEGA LED MASTER przeznaczona jest do tworzenia sp\u00f3jnych system\u00f3w o\u015bwietlenia liniowego w meblach, gdzie istotne jest po\u0142\u0105czenie kilku punkt\u00f3w \u015bwietlnych i sterowanie nimi za pomoc\u0105 jednego w\u0142\u0105cznika.\" \/>\n<meta property=\"og:url\" content=\"https:\/\/furnika.com.pl\/en\/product\/omega-switch-200mm-master-200mm\/\" \/>\n<meta property=\"og:site_name\" content=\"Furnika\" \/>\n<meta property=\"og:image\" content=\"https:\/\/furnika.com.pl\/wp-content\/uploads\/2026\/04\/OMEGA-SWITCH-200MM-MASTER-200MM-WWW-zdjecie.webp\" \/>\n\t<meta property=\"og:image:width\" content=\"800\" \/>\n\t<meta property=\"og:image:height\" content=\"800\" \/>\n\t<meta property=\"og:image:type\" content=\"image\/webp\" \/>\n<meta name=\"twitter:card\" content=\"summary_large_image\" \/>\n<meta name=\"twitter:label1\" content=\"Estimated reading time\" \/>\n\t<meta name=\"twitter:data1\" content=\"1 minute\" \/>\n<script type=\"application\/ld+json\" class=\"yoast-schema-graph\">{\"@context\":\"https:\\\/\\\/schema.org\",\"@graph\":[{\"@type\":\"WebPage\",\"@id\":\"https:\\\/\\\/furnika.com.pl\\\/produkt\\\/omega-switch-200mm-master-200mm\\\/\",\"url\":\"https:\\\/\\\/furnika.com.pl\\\/produkt\\\/omega-switch-200mm-master-200mm\\\/\",\"name\":\"Omega switch 200mm \\\/ Master 200mm - Furnika\",\"isPartOf\":{\"@id\":\"https:\\\/\\\/furnika.com.pl\\\/#website\"},\"primaryImageOfPage\":{\"@id\":\"https:\\\/\\\/furnika.com.pl\\\/produkt\\\/omega-switch-200mm-master-200mm\\\/#primaryimage\"},\"image\":{\"@id\":\"https:\\\/\\\/furnika.com.pl\\\/produkt\\\/omega-switch-200mm-master-200mm\\\/#primaryimage\"},\"thumbnailUrl\":\"https:\\\/\\\/furnika.com.pl\\\/wp-content\\\/uploads\\\/2026\\\/04\\\/OMEGA-SWITCH-200MM-MASTER-200MM-WWW-zdjecie.webp\",\"datePublished\":\"2026-04-23T10:47:33+00:00\",\"breadcrumb\":{\"@id\":\"https:\\\/\\\/furnika.com.pl\\\/produkt\\\/omega-switch-200mm-master-200mm\\\/#breadcrumb\"},\"inLanguage\":\"en-GB\",\"potentialAction\":[{\"@type\":\"ReadAction\",\"target\":[\"https:\\\/\\\/furnika.com.pl\\\/produkt\\\/omega-switch-200mm-master-200mm\\\/\"]}]},{\"@type\":\"ImageObject\",\"inLanguage\":\"en-GB\",\"@id\":\"https:\\\/\\\/furnika.com.pl\\\/produkt\\\/omega-switch-200mm-master-200mm\\\/#primaryimage\",\"url\":\"https:\\\/\\\/furnika.com.pl\\\/wp-content\\\/uploads\\\/2026\\\/04\\\/OMEGA-SWITCH-200MM-MASTER-200MM-WWW-zdjecie.webp\",\"contentUrl\":\"https:\\\/\\\/furnika.com.pl\\\/wp-content\\\/uploads\\\/2026\\\/04\\\/OMEGA-SWITCH-200MM-MASTER-200MM-WWW-zdjecie.webp\",\"width\":800,\"height\":800},{\"@type\":\"BreadcrumbList\",\"@id\":\"https:\\\/\\\/furnika.com.pl\\\/produkt\\\/omega-switch-200mm-master-200mm\\\/#breadcrumb\",\"itemListElement\":[{\"@type\":\"ListItem\",\"position\":1,\"name\":\"Strona g\u0142\u00f3wna\",\"item\":\"https:\\\/\\\/furnika.com.pl\\\/\"},{\"@type\":\"ListItem\",\"position\":2,\"name\":\"Produkty\",\"item\":\"https:\\\/\\\/furnika.com.pl\\\/produkty\\\/\"},{\"@type\":\"ListItem\",\"position\":3,\"name\":\"Omega switch 200mm \\\/ Master 200mm\"}]},{\"@type\":\"WebSite\",\"@id\":\"https:\\\/\\\/furnika.com.pl\\\/#website\",\"url\":\"https:\\\/\\\/furnika.com.pl\\\/\",\"name\":\"Furnika\",\"description\":\"Light created with passion\",\"publisher\":{\"@id\":\"https:\\\/\\\/furnika.com.pl\\\/#organization\"},\"potentialAction\":[{\"@type\":\"SearchAction\",\"target\":{\"@type\":\"EntryPoint\",\"urlTemplate\":\"https:\\\/\\\/furnika.com.pl\\\/?s={search_term_string}\"},\"query-input\":{\"@type\":\"PropertyValueSpecification\",\"valueRequired\":true,\"valueName\":\"search_term_string\"}}],\"inLanguage\":\"en-GB\"},{\"@type\":\"Organization\",\"@id\":\"https:\\\/\\\/furnika.com.pl\\\/#organization\",\"name\":\"Furnika\",\"url\":\"https:\\\/\\\/furnika.com.pl\\\/\",\"logo\":{\"@type\":\"ImageObject\",\"inLanguage\":\"en-GB\",\"@id\":\"https:\\\/\\\/furnika.com.pl\\\/#\\\/schema\\\/logo\\\/image\\\/\",\"url\":\"https:\\\/\\\/furnika.com.pl\\\/wp-content\\\/uploads\\\/2026\\\/01\\\/cropped-logo-1.png\",\"contentUrl\":\"https:\\\/\\\/furnika.com.pl\\\/wp-content\\\/uploads\\\/2026\\\/01\\\/cropped-logo-1.png\",\"width\":366,\"height\":113,\"caption\":\"Furnika\"},\"image\":{\"@id\":\"https:\\\/\\\/furnika.com.pl\\\/#\\\/schema\\\/logo\\\/image\\\/\"}}]}<\/script>\n<!-- \/ Yoast SEO plugin. -->","yoast_head_json":{"title":"Omega switch 200mm \/ Master 200mm - Furnika","robots":{"index":"index","follow":"follow","max-snippet":"max-snippet:-1","max-image-preview":"max-image-preview:large","max-video-preview":"max-video-preview:-1"},"canonical":"https:\/\/furnika.com.pl\/en\/product\/omega-switch-200mm-master-200mm\/","og_locale":"en_GB","og_type":"article","og_title":"Omega switch 200mm \/ Master 200mm - Furnika","og_description":"OMEGA MASTER to oprawa w formie aluminiowego profilu z wbudowan\u0105 ta\u015bm\u0105 LED, przeznaczona do monta\u017cu nawierzchniowego w meblach i zabudowach. Konstrukcja \u0142\u0105czy \u017ar\u00f3d\u0142o \u015bwiat\u0142a z elementem steruj\u0105cym oraz dodatkowym rozdzielaczem, kt\u00f3ry pozwala na pod\u0142\u0105czenie kilku lamp z serii OMEGA LED w jednym systemie. Ca\u0142o\u015b\u0107 obs\u0142ugiwana jest za pomoc\u0105 wy\u0142\u0105cznika umieszczonego bezpo\u015brednio w profilu, kt\u00f3ry odpowiada za w\u0142\u0105czanie i wy\u0142\u0105czanie o\u015bwietlenia. Zintegrowane rozwi\u0105zanie porz\u0105dkuje instalacj\u0119 i pozwala na sterowanie wszystkimi pod\u0142\u0105czonymi oprawami z jednego miejsca. Profil aluminiowy zapewnia trwa\u0142o\u015b\u0107 konstrukcji oraz r\u00f3wnomierne rozprowadzenie \u015bwiat\u0142a na ca\u0142ej d\u0142ugo\u015bci oprawy. D\u0142ugo\u015b\u0107 200 mm oraz smuk\u0142a forma dobrze sprawdzaj\u0105 si\u0119 w monta\u017cu pod p\u00f3\u0142kami, w szafkach oraz innych elementach wyposa\u017cenia. Oprawa pracuje w systemie 12V DC i wyposa\u017cona jest w \u017ar\u00f3d\u0142o LED o mocy 2,4 W. D\u0142ugo\u015b\u0107 przewodu wynosi 2 m, co u\u0142atwia pod\u0142\u0105czenie do instalacji. OMEGA LED MASTER przeznaczona jest do tworzenia sp\u00f3jnych system\u00f3w o\u015bwietlenia liniowego w meblach, gdzie istotne jest po\u0142\u0105czenie kilku punkt\u00f3w \u015bwietlnych i sterowanie nimi za pomoc\u0105 jednego w\u0142\u0105cznika.","og_url":"https:\/\/furnika.com.pl\/en\/product\/omega-switch-200mm-master-200mm\/","og_site_name":"Furnika","og_image":[{"width":800,"height":800,"url":"https:\/\/furnika.com.pl\/wp-content\/uploads\/2026\/04\/OMEGA-SWITCH-200MM-MASTER-200MM-WWW-zdjecie.webp","type":"image\/webp"}],"twitter_card":"summary_large_image","twitter_misc":{"Estimated reading time":"1 minute"},"schema":{"@context":"https:\/\/schema.org","@graph":[{"@type":"WebPage","@id":"https:\/\/furnika.com.pl\/produkt\/omega-switch-200mm-master-200mm\/","url":"https:\/\/furnika.com.pl\/produkt\/omega-switch-200mm-master-200mm\/","name":"Omega switch 200mm \/ Master 200mm - Furnika","isPartOf":{"@id":"https:\/\/furnika.com.pl\/#website"},"primaryImageOfPage":{"@id":"https:\/\/furnika.com.pl\/produkt\/omega-switch-200mm-master-200mm\/#primaryimage"},"image":{"@id":"https:\/\/furnika.com.pl\/produkt\/omega-switch-200mm-master-200mm\/#primaryimage"},"thumbnailUrl":"https:\/\/furnika.com.pl\/wp-content\/uploads\/2026\/04\/OMEGA-SWITCH-200MM-MASTER-200MM-WWW-zdjecie.webp","datePublished":"2026-04-23T10:47:33+00:00","breadcrumb":{"@id":"https:\/\/furnika.com.pl\/produkt\/omega-switch-200mm-master-200mm\/#breadcrumb"},"inLanguage":"en-GB","potentialAction":[{"@type":"ReadAction","target":["https:\/\/furnika.com.pl\/produkt\/omega-switch-200mm-master-200mm\/"]}]},{"@type":"ImageObject","inLanguage":"en-GB","@id":"https:\/\/furnika.com.pl\/produkt\/omega-switch-200mm-master-200mm\/#primaryimage","url":"https:\/\/furnika.com.pl\/wp-content\/uploads\/2026\/04\/OMEGA-SWITCH-200MM-MASTER-200MM-WWW-zdjecie.webp","contentUrl":"https:\/\/furnika.com.pl\/wp-content\/uploads\/2026\/04\/OMEGA-SWITCH-200MM-MASTER-200MM-WWW-zdjecie.webp","width":800,"height":800},{"@type":"BreadcrumbList","@id":"https:\/\/furnika.com.pl\/produkt\/omega-switch-200mm-master-200mm\/#breadcrumb","itemListElement":[{"@type":"ListItem","position":1,"name":"Strona g\u0142\u00f3wna","item":"https:\/\/furnika.com.pl\/"},{"@type":"ListItem","position":2,"name":"Produkty","item":"https:\/\/furnika.com.pl\/produkty\/"},{"@type":"ListItem","position":3,"name":"Omega switch 200mm \/ Master 200mm"}]},{"@type":"WebSite","@id":"https:\/\/furnika.com.pl\/#website","url":"https:\/\/furnika.com.pl\/","name":"Furnika","description":"Light created with passion","publisher":{"@id":"https:\/\/furnika.com.pl\/#organization"},"potentialAction":[{"@type":"SearchAction","target":{"@type":"EntryPoint","urlTemplate":"https:\/\/furnika.com.pl\/?s={search_term_string}"},"query-input":{"@type":"PropertyValueSpecification","valueRequired":true,"valueName":"search_term_string"}}],"inLanguage":"en-GB"},{"@type":"Organization","@id":"https:\/\/furnika.com.pl\/#organization","name":"Furnika","url":"https:\/\/furnika.com.pl\/","logo":{"@type":"ImageObject","inLanguage":"en-GB","@id":"https:\/\/furnika.com.pl\/#\/schema\/logo\/image\/","url":"https:\/\/furnika.com.pl\/wp-content\/uploads\/2026\/01\/cropped-logo-1.png","contentUrl":"https:\/\/furnika.com.pl\/wp-content\/uploads\/2026\/01\/cropped-logo-1.png","width":366,"height":113,"caption":"Furnika"},"image":{"@id":"https:\/\/furnika.com.pl\/#\/schema\/logo\/image\/"}}]}},"_links":{"self":[{"href":"https:\/\/furnika.com.pl\/en\/wp-json\/wp\/v2\/product\/3604","targetHints":{"allow":["GET"]}}],"collection":[{"href":"https:\/\/furnika.com.pl\/en\/wp-json\/wp\/v2\/product"}],"about":[{"href":"https:\/\/furnika.com.pl\/en\/wp-json\/wp\/v2\/types\/product"}],"wp:featuredmedia":[{"embeddable":true,"href":"https:\/\/furnika.com.pl\/en\/wp-json\/wp\/v2\/media\/3665"}],"wp:attachment":[{"href":"https:\/\/furnika.com.pl\/en\/wp-json\/wp\/v2\/media?parent=3604"}],"wp:term":[{"taxonomy":"product_brand","embeddable":true,"href":"https:\/\/furnika.com.pl\/en\/wp-json\/wp\/v2\/product_brand?post=3604"},{"taxonomy":"product_cat","embeddable":true,"href":"https:\/\/furnika.com.pl\/en\/wp-json\/wp\/v2\/product_cat?post=3604"},{"taxonomy":"product_tag","embeddable":true,"href":"https:\/\/furnika.com.pl\/en\/wp-json\/wp\/v2\/product_tag?post=3604"}],"curies":[{"name":"wp","href":"https:\/\/api.w.org\/{rel}","templated":true}]}}