{"id":3605,"date":"2026-04-23T11:20:27","date_gmt":"2026-04-23T11:20:27","guid":{"rendered":"https:\/\/furnika.com.pl\/?post_type=product&#038;p=3605"},"modified":"2026-04-23T11:20:27","modified_gmt":"2026-04-23T11:20:27","slug":"profil-omega","status":"publish","type":"product","link":"https:\/\/furnika.com.pl\/en\/product\/profil-omega\/","title":{"rendered":"Omega profile"},"content":{"rendered":"","protected":false},"excerpt":{"rendered":"<p data-start=\"34\" data-end=\"266\">The Omega profile is designed for installing LED lighting in furniture and built-in structures. It is part of the OMEGA system, allowing for clean integration of LED strips and creating a linear lighting effect.<\/p>\n<p data-start=\"268\" data-end=\"531\">The profile is made of aluminium, which ensures durability and effective heat dissipation from the light source. Its shape is adapted for surface mounting, and the included mounting brackets allow quick and stable installation. The \u201cclick\u201d mounting system makes it easy to attach and remove the profile from the brackets. The design also includes dedicated end caps that close the profile and provide a clean finish.<\/p>\n<p data-start=\"750\" data-end=\"987\" data-is-last-node=\"\" data-is-only-node=\"\">The profile is available in various lengths, with the option of custom production based on specific requirements. It is well suited for furniture lighting, under-shelf installation, and built-in applications using OMEGA series fittings.<\/p>","protected":false},"featured_media":3673,"template":"","meta":[],"product_brand":[],"product_cat":[69],"product_tag":[],"class_list":{"0":"post-3605","1":"product","2":"type-product","3":"status-publish","4":"has-post-thumbnail","6":"product_cat-profile","8":"first","9":"instock","10":"shipping-taxable","11":"product-type-simple"},"yoast_head":"<!-- This site is optimized with the Yoast SEO plugin v27.4 - https:\/\/yoast.com\/product\/yoast-seo-wordpress\/ -->\n<title>Profil Omega - Furnika<\/title>\n<meta name=\"robots\" content=\"index, follow, max-snippet:-1, max-image-preview:large, max-video-preview:-1\" \/>\n<link rel=\"canonical\" href=\"https:\/\/furnika.com.pl\/en\/product\/profil-omega\/\" \/>\n<meta property=\"og:locale\" content=\"en_GB\" \/>\n<meta property=\"og:type\" content=\"article\" \/>\n<meta property=\"og:title\" content=\"Profil Omega - Furnika\" \/>\n<meta property=\"og:description\" content=\"PROFIL OMEGA to profil przeznaczony do monta\u017cu o\u015bwietlenia LED w meblach oraz zabudowach. Konstrukcja stanowi element systemu OMEGA, umo\u017cliwiaj\u0105c estetyczne osadzenie ta\u015bmy LED oraz uzyskanie liniowego efektu \u015bwietlnego. Profil wykonany jest z aluminium, co wp\u0142ywa na trwa\u0142o\u015b\u0107 oraz odprowadzanie ciep\u0142a generowanego przez \u017ar\u00f3d\u0142o \u015bwiat\u0142a. Kszta\u0142t przystosowany jest do monta\u017cu nawierzchniowego, a zastosowane uchwyty monta\u017cowe umo\u017cliwiaj\u0105 szybkie i stabilne zamocowanie do powierzchni. System monta\u017cu typu \u201eklik\u201d pozwala na \u0142atwe osadzenie i demonta\u017c profilu w uchwytach. Konstrukcja przewiduje r\u00f3wnie\u017c zastosowanie dedykowanych za\u015blepek, kt\u00f3re zamykaj\u0105 profil i nadaj\u0105 ca\u0142o\u015bci estetyczne wyko\u0144czenie. Profil dost\u0119pny jest w r\u00f3\u017cnych d\u0142ugo\u015bciach, z mo\u017cliwo\u015bci\u0105 wykonania na zam\u00f3wienie wed\u0142ug indywidualnych wymaga\u0144. Rozwi\u0105zanie sprawdza si\u0119 w o\u015bwietleniu meblowym, pod p\u00f3\u0142kami oraz w zabudowach, gdzie stosowane s\u0105 oprawy z serii OMEGA.\" \/>\n<meta property=\"og:url\" content=\"https:\/\/furnika.com.pl\/en\/product\/profil-omega\/\" \/>\n<meta property=\"og:site_name\" content=\"Furnika\" \/>\n<meta property=\"og:image\" content=\"https:\/\/furnika.com.pl\/wp-content\/uploads\/2026\/04\/PROFIL-OMEGA-WWW-zdjecia.webp\" \/>\n\t<meta property=\"og:image:width\" content=\"800\" \/>\n\t<meta property=\"og:image:height\" content=\"800\" \/>\n\t<meta property=\"og:image:type\" content=\"image\/webp\" \/>\n<meta name=\"twitter:card\" content=\"summary_large_image\" \/>\n<meta name=\"twitter:label1\" content=\"Estimated reading time\" \/>\n\t<meta name=\"twitter:data1\" content=\"1 minute\" \/>\n<script type=\"application\/ld+json\" class=\"yoast-schema-graph\">{\"@context\":\"https:\\\/\\\/schema.org\",\"@graph\":[{\"@type\":\"WebPage\",\"@id\":\"https:\\\/\\\/furnika.com.pl\\\/produkt\\\/profil-omega\\\/\",\"url\":\"https:\\\/\\\/furnika.com.pl\\\/produkt\\\/profil-omega\\\/\",\"name\":\"Profil Omega - Furnika\",\"isPartOf\":{\"@id\":\"https:\\\/\\\/furnika.com.pl\\\/#website\"},\"primaryImageOfPage\":{\"@id\":\"https:\\\/\\\/furnika.com.pl\\\/produkt\\\/profil-omega\\\/#primaryimage\"},\"image\":{\"@id\":\"https:\\\/\\\/furnika.com.pl\\\/produkt\\\/profil-omega\\\/#primaryimage\"},\"thumbnailUrl\":\"https:\\\/\\\/furnika.com.pl\\\/wp-content\\\/uploads\\\/2026\\\/04\\\/PROFIL-OMEGA-WWW-zdjecia.webp\",\"datePublished\":\"2026-04-23T11:20:27+00:00\",\"breadcrumb\":{\"@id\":\"https:\\\/\\\/furnika.com.pl\\\/produkt\\\/profil-omega\\\/#breadcrumb\"},\"inLanguage\":\"en-GB\",\"potentialAction\":[{\"@type\":\"ReadAction\",\"target\":[\"https:\\\/\\\/furnika.com.pl\\\/produkt\\\/profil-omega\\\/\"]}]},{\"@type\":\"ImageObject\",\"inLanguage\":\"en-GB\",\"@id\":\"https:\\\/\\\/furnika.com.pl\\\/produkt\\\/profil-omega\\\/#primaryimage\",\"url\":\"https:\\\/\\\/furnika.com.pl\\\/wp-content\\\/uploads\\\/2026\\\/04\\\/PROFIL-OMEGA-WWW-zdjecia.webp\",\"contentUrl\":\"https:\\\/\\\/furnika.com.pl\\\/wp-content\\\/uploads\\\/2026\\\/04\\\/PROFIL-OMEGA-WWW-zdjecia.webp\",\"width\":800,\"height\":800},{\"@type\":\"BreadcrumbList\",\"@id\":\"https:\\\/\\\/furnika.com.pl\\\/produkt\\\/profil-omega\\\/#breadcrumb\",\"itemListElement\":[{\"@type\":\"ListItem\",\"position\":1,\"name\":\"Strona g\u0142\u00f3wna\",\"item\":\"https:\\\/\\\/furnika.com.pl\\\/\"},{\"@type\":\"ListItem\",\"position\":2,\"name\":\"Produkty\",\"item\":\"https:\\\/\\\/furnika.com.pl\\\/produkty\\\/\"},{\"@type\":\"ListItem\",\"position\":3,\"name\":\"Profil Omega\"}]},{\"@type\":\"WebSite\",\"@id\":\"https:\\\/\\\/furnika.com.pl\\\/#website\",\"url\":\"https:\\\/\\\/furnika.com.pl\\\/\",\"name\":\"Furnika\",\"description\":\"Light created with passion\",\"publisher\":{\"@id\":\"https:\\\/\\\/furnika.com.pl\\\/#organization\"},\"potentialAction\":[{\"@type\":\"SearchAction\",\"target\":{\"@type\":\"EntryPoint\",\"urlTemplate\":\"https:\\\/\\\/furnika.com.pl\\\/?s={search_term_string}\"},\"query-input\":{\"@type\":\"PropertyValueSpecification\",\"valueRequired\":true,\"valueName\":\"search_term_string\"}}],\"inLanguage\":\"en-GB\"},{\"@type\":\"Organization\",\"@id\":\"https:\\\/\\\/furnika.com.pl\\\/#organization\",\"name\":\"Furnika\",\"url\":\"https:\\\/\\\/furnika.com.pl\\\/\",\"logo\":{\"@type\":\"ImageObject\",\"inLanguage\":\"en-GB\",\"@id\":\"https:\\\/\\\/furnika.com.pl\\\/#\\\/schema\\\/logo\\\/image\\\/\",\"url\":\"https:\\\/\\\/furnika.com.pl\\\/wp-content\\\/uploads\\\/2026\\\/01\\\/cropped-logo-1.png\",\"contentUrl\":\"https:\\\/\\\/furnika.com.pl\\\/wp-content\\\/uploads\\\/2026\\\/01\\\/cropped-logo-1.png\",\"width\":366,\"height\":113,\"caption\":\"Furnika\"},\"image\":{\"@id\":\"https:\\\/\\\/furnika.com.pl\\\/#\\\/schema\\\/logo\\\/image\\\/\"}}]}<\/script>\n<!-- \/ Yoast SEO plugin. -->","yoast_head_json":{"title":"Profil Omega - Furnika","robots":{"index":"index","follow":"follow","max-snippet":"max-snippet:-1","max-image-preview":"max-image-preview:large","max-video-preview":"max-video-preview:-1"},"canonical":"https:\/\/furnika.com.pl\/en\/product\/profil-omega\/","og_locale":"en_GB","og_type":"article","og_title":"Profil Omega - Furnika","og_description":"PROFIL OMEGA to profil przeznaczony do monta\u017cu o\u015bwietlenia LED w meblach oraz zabudowach. Konstrukcja stanowi element systemu OMEGA, umo\u017cliwiaj\u0105c estetyczne osadzenie ta\u015bmy LED oraz uzyskanie liniowego efektu \u015bwietlnego. Profil wykonany jest z aluminium, co wp\u0142ywa na trwa\u0142o\u015b\u0107 oraz odprowadzanie ciep\u0142a generowanego przez \u017ar\u00f3d\u0142o \u015bwiat\u0142a. Kszta\u0142t przystosowany jest do monta\u017cu nawierzchniowego, a zastosowane uchwyty monta\u017cowe umo\u017cliwiaj\u0105 szybkie i stabilne zamocowanie do powierzchni. System monta\u017cu typu \u201eklik\u201d pozwala na \u0142atwe osadzenie i demonta\u017c profilu w uchwytach. Konstrukcja przewiduje r\u00f3wnie\u017c zastosowanie dedykowanych za\u015blepek, kt\u00f3re zamykaj\u0105 profil i nadaj\u0105 ca\u0142o\u015bci estetyczne wyko\u0144czenie. Profil dost\u0119pny jest w r\u00f3\u017cnych d\u0142ugo\u015bciach, z mo\u017cliwo\u015bci\u0105 wykonania na zam\u00f3wienie wed\u0142ug indywidualnych wymaga\u0144. Rozwi\u0105zanie sprawdza si\u0119 w o\u015bwietleniu meblowym, pod p\u00f3\u0142kami oraz w zabudowach, gdzie stosowane s\u0105 oprawy z serii OMEGA.","og_url":"https:\/\/furnika.com.pl\/en\/product\/profil-omega\/","og_site_name":"Furnika","og_image":[{"width":800,"height":800,"url":"https:\/\/furnika.com.pl\/wp-content\/uploads\/2026\/04\/PROFIL-OMEGA-WWW-zdjecia.webp","type":"image\/webp"}],"twitter_card":"summary_large_image","twitter_misc":{"Estimated reading time":"1 minute"},"schema":{"@context":"https:\/\/schema.org","@graph":[{"@type":"WebPage","@id":"https:\/\/furnika.com.pl\/produkt\/profil-omega\/","url":"https:\/\/furnika.com.pl\/produkt\/profil-omega\/","name":"Profil Omega - Furnika","isPartOf":{"@id":"https:\/\/furnika.com.pl\/#website"},"primaryImageOfPage":{"@id":"https:\/\/furnika.com.pl\/produkt\/profil-omega\/#primaryimage"},"image":{"@id":"https:\/\/furnika.com.pl\/produkt\/profil-omega\/#primaryimage"},"thumbnailUrl":"https:\/\/furnika.com.pl\/wp-content\/uploads\/2026\/04\/PROFIL-OMEGA-WWW-zdjecia.webp","datePublished":"2026-04-23T11:20:27+00:00","breadcrumb":{"@id":"https:\/\/furnika.com.pl\/produkt\/profil-omega\/#breadcrumb"},"inLanguage":"en-GB","potentialAction":[{"@type":"ReadAction","target":["https:\/\/furnika.com.pl\/produkt\/profil-omega\/"]}]},{"@type":"ImageObject","inLanguage":"en-GB","@id":"https:\/\/furnika.com.pl\/produkt\/profil-omega\/#primaryimage","url":"https:\/\/furnika.com.pl\/wp-content\/uploads\/2026\/04\/PROFIL-OMEGA-WWW-zdjecia.webp","contentUrl":"https:\/\/furnika.com.pl\/wp-content\/uploads\/2026\/04\/PROFIL-OMEGA-WWW-zdjecia.webp","width":800,"height":800},{"@type":"BreadcrumbList","@id":"https:\/\/furnika.com.pl\/produkt\/profil-omega\/#breadcrumb","itemListElement":[{"@type":"ListItem","position":1,"name":"Strona g\u0142\u00f3wna","item":"https:\/\/furnika.com.pl\/"},{"@type":"ListItem","position":2,"name":"Produkty","item":"https:\/\/furnika.com.pl\/produkty\/"},{"@type":"ListItem","position":3,"name":"Profil Omega"}]},{"@type":"WebSite","@id":"https:\/\/furnika.com.pl\/#website","url":"https:\/\/furnika.com.pl\/","name":"Furnika","description":"Light created with passion","publisher":{"@id":"https:\/\/furnika.com.pl\/#organization"},"potentialAction":[{"@type":"SearchAction","target":{"@type":"EntryPoint","urlTemplate":"https:\/\/furnika.com.pl\/?s={search_term_string}"},"query-input":{"@type":"PropertyValueSpecification","valueRequired":true,"valueName":"search_term_string"}}],"inLanguage":"en-GB"},{"@type":"Organization","@id":"https:\/\/furnika.com.pl\/#organization","name":"Furnika","url":"https:\/\/furnika.com.pl\/","logo":{"@type":"ImageObject","inLanguage":"en-GB","@id":"https:\/\/furnika.com.pl\/#\/schema\/logo\/image\/","url":"https:\/\/furnika.com.pl\/wp-content\/uploads\/2026\/01\/cropped-logo-1.png","contentUrl":"https:\/\/furnika.com.pl\/wp-content\/uploads\/2026\/01\/cropped-logo-1.png","width":366,"height":113,"caption":"Furnika"},"image":{"@id":"https:\/\/furnika.com.pl\/#\/schema\/logo\/image\/"}}]}},"_links":{"self":[{"href":"https:\/\/furnika.com.pl\/en\/wp-json\/wp\/v2\/product\/3605","targetHints":{"allow":["GET"]}}],"collection":[{"href":"https:\/\/furnika.com.pl\/en\/wp-json\/wp\/v2\/product"}],"about":[{"href":"https:\/\/furnika.com.pl\/en\/wp-json\/wp\/v2\/types\/product"}],"wp:featuredmedia":[{"embeddable":true,"href":"https:\/\/furnika.com.pl\/en\/wp-json\/wp\/v2\/media\/3673"}],"wp:attachment":[{"href":"https:\/\/furnika.com.pl\/en\/wp-json\/wp\/v2\/media?parent=3605"}],"wp:term":[{"taxonomy":"product_brand","embeddable":true,"href":"https:\/\/furnika.com.pl\/en\/wp-json\/wp\/v2\/product_brand?post=3605"},{"taxonomy":"product_cat","embeddable":true,"href":"https:\/\/furnika.com.pl\/en\/wp-json\/wp\/v2\/product_cat?post=3605"},{"taxonomy":"product_tag","embeddable":true,"href":"https:\/\/furnika.com.pl\/en\/wp-json\/wp\/v2\/product_tag?post=3605"}],"curies":[{"name":"wp","href":"https:\/\/api.w.org\/{rel}","templated":true}]}}