{"id":3606,"date":"2026-04-23T07:01:15","date_gmt":"2026-04-23T07:01:15","guid":{"rendered":"https:\/\/furnika.com.pl\/?post_type=product&#038;p=3606"},"modified":"2026-04-23T11:35:45","modified_gmt":"2026-04-23T11:35:45","slug":"profil-10x20","status":"publish","type":"product","link":"https:\/\/furnika.com.pl\/en\/product\/profil-10x20\/","title":{"rendered":"Profil 10&#215;20"},"content":{"rendered":"","protected":false},"excerpt":{"rendered":"<section class=\"text-token-text-primary w-full focus:outline-none [--shadow-height:45px] has-data-writing-block:pointer-events-none has-data-writing-block:-mt-(--shadow-height) has-data-writing-block:pt-(--shadow-height) [&amp;:has([data-writing-block])&gt;*]:pointer-events-auto [content-visibility:auto] supports-[content-visibility:auto]:[contain-intrinsic-size:auto_100lvh] R6Vx5W_threadScrollVars scroll-mb-[calc(var(--scroll-root-safe-area-inset-bottom,0px)+var(--thread-response-height))] scroll-mt-[calc(var(--header-height)+min(200px,max(70px,20svh)))]\" dir=\"auto\" data-turn-id=\"request-69de19d5-2434-8384-a79f-b6dae5ecc71b-11\" data-testid=\"conversation-turn-106\" data-scroll-anchor=\"false\" data-turn=\"assistant\">\n<div class=\"text-base my-auto mx-auto pb-10 [--thread-content-margin:var(--thread-content-margin-xs,calc(var(--spacing)*4))] @w-sm\/main:[--thread-content-margin:var(--thread-content-margin-sm,calc(var(--spacing)*6))] @w-lg\/main:[--thread-content-margin:var(--thread-content-margin-lg,calc(var(--spacing)*16))] px-(--thread-content-margin)\">\n<div class=\"[--thread-content-max-width:40rem] @w-lg\/main:[--thread-content-max-width:48rem] mx-auto max-w-(--thread-content-max-width) flex-1 group\/turn-messages focus-visible:outline-hidden relative flex w-full min-w-0 flex-col agent-turn\">\n<div class=\"flex max-w-full flex-col gap-4 grow\">\n<div class=\"min-h-8 text-message relative flex w-full flex-col items-end gap-2 text-start break-words whitespace-normal outline-none keyboard-focused:focus-ring [.text-message+&amp;]:mt-1\" dir=\"auto\" tabindex=\"0\" data-message-author-role=\"assistant\" data-message-id=\"e4172131-5504-46b2-b74a-cdd1ae0fb95c\" data-message-model-slug=\"gpt-5-3\" data-turn-start-message=\"true\">\n<div class=\"flex w-full flex-col gap-1 empty:hidden\">\n<div class=\"markdown prose dark:prose-invert w-full wrap-break-word light markdown-new-styling\">\n<p data-start=\"34\" data-end=\"259\">PROFIL 10&#215;20 to surowy profil przeznaczony do monta\u017cu ta\u015bmy LED w meblach oraz zabudowach. Prosta, zamkni\u0119ta forma o wymiarach 10 \u00d7 20 mm pozwala na uzyskanie liniowego o\u015bwietlenia i uporz\u0105dkowane prowadzenie \u017ar\u00f3d\u0142a \u015bwiat\u0142a.Profil przystosowany jest do monta\u017cu nawierzchniowego, a jego konstrukcja umo\u017cliwia osadzenie ta\u015bmy LED wewn\u0105trz obudowy. Monta\u017c realizowany jest przy u\u017cyciu ta\u015bmy dwustronnej.<\/p>\n<p data-start=\"439\" data-end=\"581\">Kompaktowe wymiary pozwalaj\u0105 na zastosowanie w miejscach o ograniczonej przestrzeni, a prosta forma dobrze komponuje si\u0119 z powierzchni\u0105 mebla.<br \/>\nProfil dost\u0119pny jest na zam\u00f3wienie, w r\u00f3\u017cnych d\u0142ugo\u015bciach. Do profilu u\u017cytkownik mo\u017ce dobra\u0107 ta\u015bm\u0119 LED spo\u015br\u00f3d kilku dost\u0119pnych wariant\u00f3w, w zale\u017cno\u015bci od oczekiwanego efektu \u015bwietlnego.<\/p>\n<\/div>\n<\/div>\n<\/div>\n<\/div>\n<div class=\"z-0 flex min-h-[46px] justify-start\"><\/div>\n<div class=\"mt-3 w-full empty:hidden\">\n<div class=\"text-center\"><\/div>\n<\/div>\n<\/div>\n<\/div>\n<\/section>\n<div class=\"pointer-events-none -mt-px h-px translate-y-[calc(var(--scroll-root-safe-area-inset-bottom)-14*var(--spacing))]\" aria-hidden=\"true\"><\/div>\n","protected":false},"featured_media":3644,"template":"","meta":[],"product_brand":[],"product_cat":[69],"product_tag":[],"class_list":{"0":"post-3606","1":"product","2":"type-product","3":"status-publish","4":"has-post-thumbnail","6":"product_cat-profile","8":"first","9":"instock","10":"shipping-taxable","11":"product-type-simple"},"yoast_head":"<!-- This site is optimized with the Yoast SEO plugin v27.4 - https:\/\/yoast.com\/product\/yoast-seo-wordpress\/ -->\n<title>Profil 10x20 - Furnika<\/title>\n<meta name=\"robots\" content=\"index, follow, max-snippet:-1, max-image-preview:large, max-video-preview:-1\" \/>\n<link rel=\"canonical\" href=\"https:\/\/furnika.com.pl\/en\/product\/profil-10x20\/\" \/>\n<meta property=\"og:locale\" content=\"en_GB\" \/>\n<meta property=\"og:type\" content=\"article\" \/>\n<meta property=\"og:title\" content=\"Profil 10x20 - Furnika\" \/>\n<meta property=\"og:description\" content=\"PROFIL 10x20 to surowy profil przeznaczony do monta\u017cu ta\u015bmy LED w meblach oraz zabudowach. Prosta, zamkni\u0119ta forma o wymiarach 10 \u00d7 20 mm pozwala na uzyskanie liniowego o\u015bwietlenia i uporz\u0105dkowane prowadzenie \u017ar\u00f3d\u0142a \u015bwiat\u0142a.Profil przystosowany jest do monta\u017cu nawierzchniowego, a jego konstrukcja umo\u017cliwia osadzenie ta\u015bmy LED wewn\u0105trz obudowy. Monta\u017c realizowany jest przy u\u017cyciu ta\u015bmy dwustronnej. Kompaktowe wymiary pozwalaj\u0105 na zastosowanie w miejscach o ograniczonej przestrzeni, a prosta forma dobrze komponuje si\u0119 z powierzchni\u0105 mebla. Profil dost\u0119pny jest na zam\u00f3wienie, w r\u00f3\u017cnych d\u0142ugo\u015bciach. Do profilu u\u017cytkownik mo\u017ce dobra\u0107 ta\u015bm\u0119 LED spo\u015br\u00f3d kilku dost\u0119pnych wariant\u00f3w, w zale\u017cno\u015bci od oczekiwanego efektu \u015bwietlnego.\" \/>\n<meta property=\"og:url\" content=\"https:\/\/furnika.com.pl\/en\/product\/profil-10x20\/\" \/>\n<meta property=\"og:site_name\" content=\"Furnika\" \/>\n<meta property=\"article:modified_time\" content=\"2026-04-23T11:35:45+00:00\" \/>\n<meta property=\"og:image\" content=\"https:\/\/furnika.com.pl\/wp-content\/uploads\/2026\/04\/PROFIL-10X20-WWW-zdjecie.webp\" \/>\n\t<meta property=\"og:image:width\" content=\"800\" \/>\n\t<meta property=\"og:image:height\" content=\"800\" \/>\n\t<meta property=\"og:image:type\" content=\"image\/webp\" \/>\n<meta name=\"twitter:card\" content=\"summary_large_image\" \/>\n<meta name=\"twitter:label1\" content=\"Estimated reading time\" \/>\n\t<meta name=\"twitter:data1\" content=\"1 minute\" \/>\n<script type=\"application\/ld+json\" class=\"yoast-schema-graph\">{\"@context\":\"https:\\\/\\\/schema.org\",\"@graph\":[{\"@type\":\"WebPage\",\"@id\":\"https:\\\/\\\/furnika.com.pl\\\/produkt\\\/profil-10x20\\\/\",\"url\":\"https:\\\/\\\/furnika.com.pl\\\/produkt\\\/profil-10x20\\\/\",\"name\":\"Profil 10x20 - Furnika\",\"isPartOf\":{\"@id\":\"https:\\\/\\\/furnika.com.pl\\\/#website\"},\"primaryImageOfPage\":{\"@id\":\"https:\\\/\\\/furnika.com.pl\\\/produkt\\\/profil-10x20\\\/#primaryimage\"},\"image\":{\"@id\":\"https:\\\/\\\/furnika.com.pl\\\/produkt\\\/profil-10x20\\\/#primaryimage\"},\"thumbnailUrl\":\"https:\\\/\\\/furnika.com.pl\\\/wp-content\\\/uploads\\\/2026\\\/04\\\/PROFIL-10X20-WWW-zdjecie.webp\",\"datePublished\":\"2026-04-23T07:01:15+00:00\",\"dateModified\":\"2026-04-23T11:35:45+00:00\",\"breadcrumb\":{\"@id\":\"https:\\\/\\\/furnika.com.pl\\\/produkt\\\/profil-10x20\\\/#breadcrumb\"},\"inLanguage\":\"en-GB\",\"potentialAction\":[{\"@type\":\"ReadAction\",\"target\":[\"https:\\\/\\\/furnika.com.pl\\\/produkt\\\/profil-10x20\\\/\"]}]},{\"@type\":\"ImageObject\",\"inLanguage\":\"en-GB\",\"@id\":\"https:\\\/\\\/furnika.com.pl\\\/produkt\\\/profil-10x20\\\/#primaryimage\",\"url\":\"https:\\\/\\\/furnika.com.pl\\\/wp-content\\\/uploads\\\/2026\\\/04\\\/PROFIL-10X20-WWW-zdjecie.webp\",\"contentUrl\":\"https:\\\/\\\/furnika.com.pl\\\/wp-content\\\/uploads\\\/2026\\\/04\\\/PROFIL-10X20-WWW-zdjecie.webp\",\"width\":800,\"height\":800},{\"@type\":\"BreadcrumbList\",\"@id\":\"https:\\\/\\\/furnika.com.pl\\\/produkt\\\/profil-10x20\\\/#breadcrumb\",\"itemListElement\":[{\"@type\":\"ListItem\",\"position\":1,\"name\":\"Strona g\u0142\u00f3wna\",\"item\":\"https:\\\/\\\/furnika.com.pl\\\/\"},{\"@type\":\"ListItem\",\"position\":2,\"name\":\"Produkty\",\"item\":\"https:\\\/\\\/furnika.com.pl\\\/produkty\\\/\"},{\"@type\":\"ListItem\",\"position\":3,\"name\":\"Profil 10&#215;20\"}]},{\"@type\":\"WebSite\",\"@id\":\"https:\\\/\\\/furnika.com.pl\\\/#website\",\"url\":\"https:\\\/\\\/furnika.com.pl\\\/\",\"name\":\"Furnika\",\"description\":\"Light created with passion\",\"publisher\":{\"@id\":\"https:\\\/\\\/furnika.com.pl\\\/#organization\"},\"potentialAction\":[{\"@type\":\"SearchAction\",\"target\":{\"@type\":\"EntryPoint\",\"urlTemplate\":\"https:\\\/\\\/furnika.com.pl\\\/?s={search_term_string}\"},\"query-input\":{\"@type\":\"PropertyValueSpecification\",\"valueRequired\":true,\"valueName\":\"search_term_string\"}}],\"inLanguage\":\"en-GB\"},{\"@type\":\"Organization\",\"@id\":\"https:\\\/\\\/furnika.com.pl\\\/#organization\",\"name\":\"Furnika\",\"url\":\"https:\\\/\\\/furnika.com.pl\\\/\",\"logo\":{\"@type\":\"ImageObject\",\"inLanguage\":\"en-GB\",\"@id\":\"https:\\\/\\\/furnika.com.pl\\\/#\\\/schema\\\/logo\\\/image\\\/\",\"url\":\"https:\\\/\\\/furnika.com.pl\\\/wp-content\\\/uploads\\\/2026\\\/01\\\/cropped-logo-1.png\",\"contentUrl\":\"https:\\\/\\\/furnika.com.pl\\\/wp-content\\\/uploads\\\/2026\\\/01\\\/cropped-logo-1.png\",\"width\":366,\"height\":113,\"caption\":\"Furnika\"},\"image\":{\"@id\":\"https:\\\/\\\/furnika.com.pl\\\/#\\\/schema\\\/logo\\\/image\\\/\"}}]}<\/script>\n<!-- \/ Yoast SEO plugin. -->","yoast_head_json":{"title":"Profil 10x20 - Furnika","robots":{"index":"index","follow":"follow","max-snippet":"max-snippet:-1","max-image-preview":"max-image-preview:large","max-video-preview":"max-video-preview:-1"},"canonical":"https:\/\/furnika.com.pl\/en\/product\/profil-10x20\/","og_locale":"en_GB","og_type":"article","og_title":"Profil 10x20 - Furnika","og_description":"PROFIL 10x20 to surowy profil przeznaczony do monta\u017cu ta\u015bmy LED w meblach oraz zabudowach. Prosta, zamkni\u0119ta forma o wymiarach 10 \u00d7 20 mm pozwala na uzyskanie liniowego o\u015bwietlenia i uporz\u0105dkowane prowadzenie \u017ar\u00f3d\u0142a \u015bwiat\u0142a.Profil przystosowany jest do monta\u017cu nawierzchniowego, a jego konstrukcja umo\u017cliwia osadzenie ta\u015bmy LED wewn\u0105trz obudowy. Monta\u017c realizowany jest przy u\u017cyciu ta\u015bmy dwustronnej. Kompaktowe wymiary pozwalaj\u0105 na zastosowanie w miejscach o ograniczonej przestrzeni, a prosta forma dobrze komponuje si\u0119 z powierzchni\u0105 mebla. Profil dost\u0119pny jest na zam\u00f3wienie, w r\u00f3\u017cnych d\u0142ugo\u015bciach. Do profilu u\u017cytkownik mo\u017ce dobra\u0107 ta\u015bm\u0119 LED spo\u015br\u00f3d kilku dost\u0119pnych wariant\u00f3w, w zale\u017cno\u015bci od oczekiwanego efektu \u015bwietlnego.","og_url":"https:\/\/furnika.com.pl\/en\/product\/profil-10x20\/","og_site_name":"Furnika","article_modified_time":"2026-04-23T11:35:45+00:00","og_image":[{"width":800,"height":800,"url":"https:\/\/furnika.com.pl\/wp-content\/uploads\/2026\/04\/PROFIL-10X20-WWW-zdjecie.webp","type":"image\/webp"}],"twitter_card":"summary_large_image","twitter_misc":{"Estimated reading time":"1 minute"},"schema":{"@context":"https:\/\/schema.org","@graph":[{"@type":"WebPage","@id":"https:\/\/furnika.com.pl\/produkt\/profil-10x20\/","url":"https:\/\/furnika.com.pl\/produkt\/profil-10x20\/","name":"Profil 10x20 - Furnika","isPartOf":{"@id":"https:\/\/furnika.com.pl\/#website"},"primaryImageOfPage":{"@id":"https:\/\/furnika.com.pl\/produkt\/profil-10x20\/#primaryimage"},"image":{"@id":"https:\/\/furnika.com.pl\/produkt\/profil-10x20\/#primaryimage"},"thumbnailUrl":"https:\/\/furnika.com.pl\/wp-content\/uploads\/2026\/04\/PROFIL-10X20-WWW-zdjecie.webp","datePublished":"2026-04-23T07:01:15+00:00","dateModified":"2026-04-23T11:35:45+00:00","breadcrumb":{"@id":"https:\/\/furnika.com.pl\/produkt\/profil-10x20\/#breadcrumb"},"inLanguage":"en-GB","potentialAction":[{"@type":"ReadAction","target":["https:\/\/furnika.com.pl\/produkt\/profil-10x20\/"]}]},{"@type":"ImageObject","inLanguage":"en-GB","@id":"https:\/\/furnika.com.pl\/produkt\/profil-10x20\/#primaryimage","url":"https:\/\/furnika.com.pl\/wp-content\/uploads\/2026\/04\/PROFIL-10X20-WWW-zdjecie.webp","contentUrl":"https:\/\/furnika.com.pl\/wp-content\/uploads\/2026\/04\/PROFIL-10X20-WWW-zdjecie.webp","width":800,"height":800},{"@type":"BreadcrumbList","@id":"https:\/\/furnika.com.pl\/produkt\/profil-10x20\/#breadcrumb","itemListElement":[{"@type":"ListItem","position":1,"name":"Strona g\u0142\u00f3wna","item":"https:\/\/furnika.com.pl\/"},{"@type":"ListItem","position":2,"name":"Produkty","item":"https:\/\/furnika.com.pl\/produkty\/"},{"@type":"ListItem","position":3,"name":"Profil 10&#215;20"}]},{"@type":"WebSite","@id":"https:\/\/furnika.com.pl\/#website","url":"https:\/\/furnika.com.pl\/","name":"Furnika","description":"Light created with passion","publisher":{"@id":"https:\/\/furnika.com.pl\/#organization"},"potentialAction":[{"@type":"SearchAction","target":{"@type":"EntryPoint","urlTemplate":"https:\/\/furnika.com.pl\/?s={search_term_string}"},"query-input":{"@type":"PropertyValueSpecification","valueRequired":true,"valueName":"search_term_string"}}],"inLanguage":"en-GB"},{"@type":"Organization","@id":"https:\/\/furnika.com.pl\/#organization","name":"Furnika","url":"https:\/\/furnika.com.pl\/","logo":{"@type":"ImageObject","inLanguage":"en-GB","@id":"https:\/\/furnika.com.pl\/#\/schema\/logo\/image\/","url":"https:\/\/furnika.com.pl\/wp-content\/uploads\/2026\/01\/cropped-logo-1.png","contentUrl":"https:\/\/furnika.com.pl\/wp-content\/uploads\/2026\/01\/cropped-logo-1.png","width":366,"height":113,"caption":"Furnika"},"image":{"@id":"https:\/\/furnika.com.pl\/#\/schema\/logo\/image\/"}}]}},"_links":{"self":[{"href":"https:\/\/furnika.com.pl\/en\/wp-json\/wp\/v2\/product\/3606","targetHints":{"allow":["GET"]}}],"collection":[{"href":"https:\/\/furnika.com.pl\/en\/wp-json\/wp\/v2\/product"}],"about":[{"href":"https:\/\/furnika.com.pl\/en\/wp-json\/wp\/v2\/types\/product"}],"wp:featuredmedia":[{"embeddable":true,"href":"https:\/\/furnika.com.pl\/en\/wp-json\/wp\/v2\/media\/3644"}],"wp:attachment":[{"href":"https:\/\/furnika.com.pl\/en\/wp-json\/wp\/v2\/media?parent=3606"}],"wp:term":[{"taxonomy":"product_brand","embeddable":true,"href":"https:\/\/furnika.com.pl\/en\/wp-json\/wp\/v2\/product_brand?post=3606"},{"taxonomy":"product_cat","embeddable":true,"href":"https:\/\/furnika.com.pl\/en\/wp-json\/wp\/v2\/product_cat?post=3606"},{"taxonomy":"product_tag","embeddable":true,"href":"https:\/\/furnika.com.pl\/en\/wp-json\/wp\/v2\/product_tag?post=3606"}],"curies":[{"name":"wp","href":"https:\/\/api.w.org\/{rel}","templated":true}]}}