{"id":3616,"date":"2026-04-23T06:08:16","date_gmt":"2026-04-23T06:08:16","guid":{"rendered":"https:\/\/furnika.com.pl\/?post_type=product&#038;p=3616"},"modified":"2026-04-23T06:13:00","modified_gmt":"2026-04-23T06:13:00","slug":"profil-15x15","status":"publish","type":"product","link":"https:\/\/furnika.com.pl\/en\/product\/profil-15x15\/","title":{"rendered":"15x15 profile"},"content":{"rendered":"","protected":false},"excerpt":{"rendered":"<p data-start=\"34\" data-end=\"315\">The 15x15 profile is designed for furniture lighting applications and is intended for installing LED strips in built-in furniture and interior elements. Its 15\u00d715 mm cross-section creates a clear line of light and works well in areas where lighting also serves a practical purpose.<\/p>\n<p data-start=\"317\" data-end=\"533\">The profile is equipped with mounting brackets and end caps, which close the structure and provide a clean finish. Installation is done by fixing the brackets to the surface and then snapping the profile into place.<\/p>\n<p data-start=\"535\" data-end=\"762\">The construction serves as a housing for the LED strip, organizing the installation and directing light along the entire length. The profile is most commonly used in shelves and other furniture elements where linear lighting is required.<\/p>\n<p data-start=\"764\" data-end=\"940\" data-is-last-node=\"\" data-is-only-node=\"\">The product is available in various lengths on request. A suitable LED strip can be selected from available options, depending on the desired lighting effect.<\/p>","protected":false},"featured_media":3632,"template":"","meta":[],"product_brand":[],"product_cat":[69],"product_tag":[],"class_list":{"0":"post-3616","1":"product","2":"type-product","3":"status-publish","4":"has-post-thumbnail","6":"product_cat-profile","8":"first","9":"instock","10":"shipping-taxable","11":"product-type-simple"},"yoast_head":"<!-- This site is optimized with the Yoast SEO plugin v27.4 - https:\/\/yoast.com\/product\/yoast-seo-wordpress\/ -->\n<title>Profil 15x15 - Furnika<\/title>\n<meta name=\"robots\" content=\"index, follow, max-snippet:-1, max-image-preview:large, max-video-preview:-1\" \/>\n<link rel=\"canonical\" href=\"https:\/\/furnika.com.pl\/en\/product\/profil-15x15\/\" \/>\n<meta property=\"og:locale\" content=\"en_GB\" \/>\n<meta property=\"og:type\" content=\"article\" \/>\n<meta property=\"og:title\" content=\"Profil 15x15 - Furnika\" \/>\n<meta property=\"og:description\" content=\"PROFIL 15x15 to profil do zastosowa\u0144 w o\u015bwietleniu meblowym, przeznaczony do instalacji ta\u015bmy LED w zabudowach i elementach wyposa\u017cenia. Forma o przekroju 15\u00d715 mm tworzy wyra\u017an\u0105 lini\u0119 \u015bwietln\u0105 i dobrze sprawdza si\u0119 w miejscach, gdzie o\u015bwietlenie pe\u0142ni r\u00f3wnie\u017c funkcj\u0119 u\u017cytkow\u0105. Profil wyposa\u017cony jest w uchwyty monta\u017cowe oraz za\u015blepki, kt\u00f3re zamykaj\u0105 konstrukcj\u0119 i porz\u0105dkuj\u0105 wyko\u0144czenie. Monta\u017c odbywa si\u0119 poprzez przykr\u0119cenie uchwyt\u00f3w do powierzchni, a nast\u0119pnie wpi\u0119cie profilu w system zatrzaskowy. Konstrukcja stanowi obudow\u0119 dla ta\u015bmy LED, porz\u0105dkuj\u0105c instalacj\u0119 i kieruj\u0105c \u015bwiat\u0142o wzd\u0142u\u017c ca\u0142ej d\u0142ugo\u015bci. Profil stosowany jest najcz\u0119\u015bciej w p\u00f3\u0142kach oraz innych elementach meblowych, gdzie wymagane jest liniowe do\u015bwietlenie. Produkt dost\u0119pny jest w r\u00f3\u017cnych d\u0142ugo\u015bciach, na zam\u00f3wienie. Do profilu mo\u017cna dobra\u0107 ta\u015bm\u0119 LED spo\u015br\u00f3d dost\u0119pnych wariant\u00f3w, w zale\u017cno\u015bci od potrzeb i efektu \u015bwietlnego.\" \/>\n<meta property=\"og:url\" content=\"https:\/\/furnika.com.pl\/en\/product\/profil-15x15\/\" \/>\n<meta property=\"og:site_name\" content=\"Furnika\" \/>\n<meta property=\"article:modified_time\" content=\"2026-04-23T06:13:00+00:00\" \/>\n<meta property=\"og:image\" content=\"https:\/\/furnika.com.pl\/wp-content\/uploads\/2026\/04\/PROFIL-15X15-WWW-zdjecie.webp\" \/>\n\t<meta property=\"og:image:width\" content=\"800\" \/>\n\t<meta property=\"og:image:height\" content=\"800\" \/>\n\t<meta property=\"og:image:type\" content=\"image\/webp\" \/>\n<meta name=\"twitter:card\" content=\"summary_large_image\" \/>\n<meta name=\"twitter:label1\" content=\"Estimated reading time\" \/>\n\t<meta name=\"twitter:data1\" content=\"1 minute\" \/>\n<script type=\"application\/ld+json\" class=\"yoast-schema-graph\">{\"@context\":\"https:\\\/\\\/schema.org\",\"@graph\":[{\"@type\":\"WebPage\",\"@id\":\"https:\\\/\\\/furnika.com.pl\\\/produkt\\\/profil-15x15\\\/\",\"url\":\"https:\\\/\\\/furnika.com.pl\\\/produkt\\\/profil-15x15\\\/\",\"name\":\"Profil 15x15 - Furnika\",\"isPartOf\":{\"@id\":\"https:\\\/\\\/furnika.com.pl\\\/#website\"},\"primaryImageOfPage\":{\"@id\":\"https:\\\/\\\/furnika.com.pl\\\/produkt\\\/profil-15x15\\\/#primaryimage\"},\"image\":{\"@id\":\"https:\\\/\\\/furnika.com.pl\\\/produkt\\\/profil-15x15\\\/#primaryimage\"},\"thumbnailUrl\":\"https:\\\/\\\/furnika.com.pl\\\/wp-content\\\/uploads\\\/2026\\\/04\\\/PROFIL-15X15-WWW-zdjecie.webp\",\"datePublished\":\"2026-04-23T06:08:16+00:00\",\"dateModified\":\"2026-04-23T06:13:00+00:00\",\"breadcrumb\":{\"@id\":\"https:\\\/\\\/furnika.com.pl\\\/produkt\\\/profil-15x15\\\/#breadcrumb\"},\"inLanguage\":\"en-GB\",\"potentialAction\":[{\"@type\":\"ReadAction\",\"target\":[\"https:\\\/\\\/furnika.com.pl\\\/produkt\\\/profil-15x15\\\/\"]}]},{\"@type\":\"ImageObject\",\"inLanguage\":\"en-GB\",\"@id\":\"https:\\\/\\\/furnika.com.pl\\\/produkt\\\/profil-15x15\\\/#primaryimage\",\"url\":\"https:\\\/\\\/furnika.com.pl\\\/wp-content\\\/uploads\\\/2026\\\/04\\\/PROFIL-15X15-WWW-zdjecie.webp\",\"contentUrl\":\"https:\\\/\\\/furnika.com.pl\\\/wp-content\\\/uploads\\\/2026\\\/04\\\/PROFIL-15X15-WWW-zdjecie.webp\",\"width\":800,\"height\":800},{\"@type\":\"BreadcrumbList\",\"@id\":\"https:\\\/\\\/furnika.com.pl\\\/produkt\\\/profil-15x15\\\/#breadcrumb\",\"itemListElement\":[{\"@type\":\"ListItem\",\"position\":1,\"name\":\"Strona g\u0142\u00f3wna\",\"item\":\"https:\\\/\\\/furnika.com.pl\\\/\"},{\"@type\":\"ListItem\",\"position\":2,\"name\":\"Produkty\",\"item\":\"https:\\\/\\\/furnika.com.pl\\\/produkty\\\/\"},{\"@type\":\"ListItem\",\"position\":3,\"name\":\"Profil 15&#215;15\"}]},{\"@type\":\"WebSite\",\"@id\":\"https:\\\/\\\/furnika.com.pl\\\/#website\",\"url\":\"https:\\\/\\\/furnika.com.pl\\\/\",\"name\":\"Furnika\",\"description\":\"Light created with passion\",\"publisher\":{\"@id\":\"https:\\\/\\\/furnika.com.pl\\\/#organization\"},\"potentialAction\":[{\"@type\":\"SearchAction\",\"target\":{\"@type\":\"EntryPoint\",\"urlTemplate\":\"https:\\\/\\\/furnika.com.pl\\\/?s={search_term_string}\"},\"query-input\":{\"@type\":\"PropertyValueSpecification\",\"valueRequired\":true,\"valueName\":\"search_term_string\"}}],\"inLanguage\":\"en-GB\"},{\"@type\":\"Organization\",\"@id\":\"https:\\\/\\\/furnika.com.pl\\\/#organization\",\"name\":\"Furnika\",\"url\":\"https:\\\/\\\/furnika.com.pl\\\/\",\"logo\":{\"@type\":\"ImageObject\",\"inLanguage\":\"en-GB\",\"@id\":\"https:\\\/\\\/furnika.com.pl\\\/#\\\/schema\\\/logo\\\/image\\\/\",\"url\":\"https:\\\/\\\/furnika.com.pl\\\/wp-content\\\/uploads\\\/2026\\\/01\\\/cropped-logo-1.png\",\"contentUrl\":\"https:\\\/\\\/furnika.com.pl\\\/wp-content\\\/uploads\\\/2026\\\/01\\\/cropped-logo-1.png\",\"width\":366,\"height\":113,\"caption\":\"Furnika\"},\"image\":{\"@id\":\"https:\\\/\\\/furnika.com.pl\\\/#\\\/schema\\\/logo\\\/image\\\/\"}}]}<\/script>\n<!-- \/ Yoast SEO plugin. -->","yoast_head_json":{"title":"Profil 15x15 - Furnika","robots":{"index":"index","follow":"follow","max-snippet":"max-snippet:-1","max-image-preview":"max-image-preview:large","max-video-preview":"max-video-preview:-1"},"canonical":"https:\/\/furnika.com.pl\/en\/product\/profil-15x15\/","og_locale":"en_GB","og_type":"article","og_title":"Profil 15x15 - Furnika","og_description":"PROFIL 15x15 to profil do zastosowa\u0144 w o\u015bwietleniu meblowym, przeznaczony do instalacji ta\u015bmy LED w zabudowach i elementach wyposa\u017cenia. Forma o przekroju 15\u00d715 mm tworzy wyra\u017an\u0105 lini\u0119 \u015bwietln\u0105 i dobrze sprawdza si\u0119 w miejscach, gdzie o\u015bwietlenie pe\u0142ni r\u00f3wnie\u017c funkcj\u0119 u\u017cytkow\u0105. Profil wyposa\u017cony jest w uchwyty monta\u017cowe oraz za\u015blepki, kt\u00f3re zamykaj\u0105 konstrukcj\u0119 i porz\u0105dkuj\u0105 wyko\u0144czenie. Monta\u017c odbywa si\u0119 poprzez przykr\u0119cenie uchwyt\u00f3w do powierzchni, a nast\u0119pnie wpi\u0119cie profilu w system zatrzaskowy. Konstrukcja stanowi obudow\u0119 dla ta\u015bmy LED, porz\u0105dkuj\u0105c instalacj\u0119 i kieruj\u0105c \u015bwiat\u0142o wzd\u0142u\u017c ca\u0142ej d\u0142ugo\u015bci. Profil stosowany jest najcz\u0119\u015bciej w p\u00f3\u0142kach oraz innych elementach meblowych, gdzie wymagane jest liniowe do\u015bwietlenie. Produkt dost\u0119pny jest w r\u00f3\u017cnych d\u0142ugo\u015bciach, na zam\u00f3wienie. Do profilu mo\u017cna dobra\u0107 ta\u015bm\u0119 LED spo\u015br\u00f3d dost\u0119pnych wariant\u00f3w, w zale\u017cno\u015bci od potrzeb i efektu \u015bwietlnego.","og_url":"https:\/\/furnika.com.pl\/en\/product\/profil-15x15\/","og_site_name":"Furnika","article_modified_time":"2026-04-23T06:13:00+00:00","og_image":[{"width":800,"height":800,"url":"https:\/\/furnika.com.pl\/wp-content\/uploads\/2026\/04\/PROFIL-15X15-WWW-zdjecie.webp","type":"image\/webp"}],"twitter_card":"summary_large_image","twitter_misc":{"Estimated reading time":"1 minute"},"schema":{"@context":"https:\/\/schema.org","@graph":[{"@type":"WebPage","@id":"https:\/\/furnika.com.pl\/produkt\/profil-15x15\/","url":"https:\/\/furnika.com.pl\/produkt\/profil-15x15\/","name":"Profil 15x15 - Furnika","isPartOf":{"@id":"https:\/\/furnika.com.pl\/#website"},"primaryImageOfPage":{"@id":"https:\/\/furnika.com.pl\/produkt\/profil-15x15\/#primaryimage"},"image":{"@id":"https:\/\/furnika.com.pl\/produkt\/profil-15x15\/#primaryimage"},"thumbnailUrl":"https:\/\/furnika.com.pl\/wp-content\/uploads\/2026\/04\/PROFIL-15X15-WWW-zdjecie.webp","datePublished":"2026-04-23T06:08:16+00:00","dateModified":"2026-04-23T06:13:00+00:00","breadcrumb":{"@id":"https:\/\/furnika.com.pl\/produkt\/profil-15x15\/#breadcrumb"},"inLanguage":"en-GB","potentialAction":[{"@type":"ReadAction","target":["https:\/\/furnika.com.pl\/produkt\/profil-15x15\/"]}]},{"@type":"ImageObject","inLanguage":"en-GB","@id":"https:\/\/furnika.com.pl\/produkt\/profil-15x15\/#primaryimage","url":"https:\/\/furnika.com.pl\/wp-content\/uploads\/2026\/04\/PROFIL-15X15-WWW-zdjecie.webp","contentUrl":"https:\/\/furnika.com.pl\/wp-content\/uploads\/2026\/04\/PROFIL-15X15-WWW-zdjecie.webp","width":800,"height":800},{"@type":"BreadcrumbList","@id":"https:\/\/furnika.com.pl\/produkt\/profil-15x15\/#breadcrumb","itemListElement":[{"@type":"ListItem","position":1,"name":"Strona g\u0142\u00f3wna","item":"https:\/\/furnika.com.pl\/"},{"@type":"ListItem","position":2,"name":"Produkty","item":"https:\/\/furnika.com.pl\/produkty\/"},{"@type":"ListItem","position":3,"name":"Profil 15&#215;15"}]},{"@type":"WebSite","@id":"https:\/\/furnika.com.pl\/#website","url":"https:\/\/furnika.com.pl\/","name":"Furnika","description":"Light created with passion","publisher":{"@id":"https:\/\/furnika.com.pl\/#organization"},"potentialAction":[{"@type":"SearchAction","target":{"@type":"EntryPoint","urlTemplate":"https:\/\/furnika.com.pl\/?s={search_term_string}"},"query-input":{"@type":"PropertyValueSpecification","valueRequired":true,"valueName":"search_term_string"}}],"inLanguage":"en-GB"},{"@type":"Organization","@id":"https:\/\/furnika.com.pl\/#organization","name":"Furnika","url":"https:\/\/furnika.com.pl\/","logo":{"@type":"ImageObject","inLanguage":"en-GB","@id":"https:\/\/furnika.com.pl\/#\/schema\/logo\/image\/","url":"https:\/\/furnika.com.pl\/wp-content\/uploads\/2026\/01\/cropped-logo-1.png","contentUrl":"https:\/\/furnika.com.pl\/wp-content\/uploads\/2026\/01\/cropped-logo-1.png","width":366,"height":113,"caption":"Furnika"},"image":{"@id":"https:\/\/furnika.com.pl\/#\/schema\/logo\/image\/"}}]}},"_links":{"self":[{"href":"https:\/\/furnika.com.pl\/en\/wp-json\/wp\/v2\/product\/3616","targetHints":{"allow":["GET"]}}],"collection":[{"href":"https:\/\/furnika.com.pl\/en\/wp-json\/wp\/v2\/product"}],"about":[{"href":"https:\/\/furnika.com.pl\/en\/wp-json\/wp\/v2\/types\/product"}],"wp:featuredmedia":[{"embeddable":true,"href":"https:\/\/furnika.com.pl\/en\/wp-json\/wp\/v2\/media\/3632"}],"wp:attachment":[{"href":"https:\/\/furnika.com.pl\/en\/wp-json\/wp\/v2\/media?parent=3616"}],"wp:term":[{"taxonomy":"product_brand","embeddable":true,"href":"https:\/\/furnika.com.pl\/en\/wp-json\/wp\/v2\/product_brand?post=3616"},{"taxonomy":"product_cat","embeddable":true,"href":"https:\/\/furnika.com.pl\/en\/wp-json\/wp\/v2\/product_cat?post=3616"},{"taxonomy":"product_tag","embeddable":true,"href":"https:\/\/furnika.com.pl\/en\/wp-json\/wp\/v2\/product_tag?post=3616"}],"curies":[{"name":"wp","href":"https:\/\/api.w.org\/{rel}","templated":true}]}}