{"id":3660,"date":"2026-04-23T11:56:25","date_gmt":"2026-04-23T11:56:25","guid":{"rendered":"https:\/\/furnika.com.pl\/?post_type=product&#038;p=3660"},"modified":"2026-04-23T11:56:25","modified_gmt":"2026-04-23T11:56:25","slug":"profil-ap","status":"publish","type":"product","link":"https:\/\/furnika.com.pl\/en\/product\/profil-ap\/","title":{"rendered":"Profil AP"},"content":{"rendered":"","protected":false},"excerpt":{"rendered":"<p data-start=\"31\" data-end=\"284\">The AP profile is designed for installing LED strips in furniture and built-in structures, allowing linear lighting in narrow spaces. Its construction is adapted for installation in vertical elements such as cabinet sides or niches.<\/p>\n<p data-start=\"286\" data-end=\"487\">The profile serves as a housing for the LED strip, organizing the installation and directing light along its length. Its shape allows for clean integration into furniture edges and creates a clear line of light.<\/p>\n<p data-start=\"489\" data-end=\"715\">The product is available to size in several housing colors: aluminium, white, black, and wenge. The flexibility of the solution is enhanced by the option to choose the LED strip, allowing each user to achieve a customized lighting effect.<br \/>\nThe AP profile is used for lighting the interiors of wardrobes, display units, and decorative elements, where vertical light direction and a clean installation form are important.<\/p>","protected":false},"featured_media":3683,"template":"","meta":[],"product_brand":[],"product_cat":[69],"product_tag":[],"class_list":{"0":"post-3660","1":"product","2":"type-product","3":"status-publish","4":"has-post-thumbnail","6":"product_cat-profile","8":"first","9":"instock","10":"shipping-taxable","11":"product-type-simple"},"yoast_head":"<!-- This site is optimized with the Yoast SEO plugin v27.4 - https:\/\/yoast.com\/product\/yoast-seo-wordpress\/ -->\n<title>Profil AP - Furnika<\/title>\n<meta name=\"robots\" content=\"index, follow, max-snippet:-1, max-image-preview:large, max-video-preview:-1\" \/>\n<link rel=\"canonical\" href=\"https:\/\/furnika.com.pl\/en\/product\/profil-ap\/\" \/>\n<meta property=\"og:locale\" content=\"en_GB\" \/>\n<meta property=\"og:type\" content=\"article\" \/>\n<meta property=\"og:title\" content=\"Profil AP - Furnika\" \/>\n<meta property=\"og:description\" content=\"PROFIL AP to profil przeznaczony do monta\u017cu ta\u015bmy LED w meblach oraz zabudowach, umo\u017cliwiaj\u0105cy wykonanie liniowego o\u015bwietlenia w w\u0105skich przestrzeniach. Konstrukcja przystosowana jest do monta\u017cu w pionowych elementach, takich jak boki szafek lub wn\u0119ki. Profil stanowi obudow\u0119 dla ta\u015bmy LED, porz\u0105dkuj\u0105c instalacj\u0119 i kieruj\u0105c \u015bwiat\u0142o wzd\u0142u\u017c jego d\u0142ugo\u015bci. Kszta\u0142t umo\u017cliwia estetyczne osadzenie w kraw\u0119dziach mebla oraz uzyskanie wyra\u017anej linii \u015bwietlnej. Produkt dost\u0119pny jest na wymiar w kilku wariantach kolorystycznych: aluminium, bia\u0142ym, czarnym oraz wenge. Elastyczno\u015b\u0107 rozwi\u0105zania podkre\u015bla mo\u017cliwo\u015b\u0107 samodzielnego doboru ta\u015bmy LED, co pozwala uzyska\u0107 indywidualny dla ka\u017cdego u\u017cytkownika efekt o\u015bwietleniowy. PROFIL AP znajduje zastosowanie w o\u015bwietleniu wn\u0119trz szaf, witryn oraz element\u00f3w dekoracyjnych, gdzie istotne jest pionowe prowadzenie \u015bwiat\u0142a i uporz\u0105dkowana forma instalacji.\" \/>\n<meta property=\"og:url\" content=\"https:\/\/furnika.com.pl\/en\/product\/profil-ap\/\" \/>\n<meta property=\"og:site_name\" content=\"Furnika\" \/>\n<meta property=\"og:image\" content=\"https:\/\/furnika.com.pl\/wp-content\/uploads\/2026\/04\/PROFIL-AP-WWW-zdjecie.webp\" \/>\n\t<meta property=\"og:image:width\" content=\"800\" \/>\n\t<meta property=\"og:image:height\" content=\"800\" \/>\n\t<meta property=\"og:image:type\" content=\"image\/webp\" \/>\n<meta name=\"twitter:card\" content=\"summary_large_image\" \/>\n<meta name=\"twitter:label1\" content=\"Estimated reading time\" \/>\n\t<meta name=\"twitter:data1\" content=\"1 minute\" \/>\n<script type=\"application\/ld+json\" class=\"yoast-schema-graph\">{\"@context\":\"https:\\\/\\\/schema.org\",\"@graph\":[{\"@type\":\"WebPage\",\"@id\":\"https:\\\/\\\/furnika.com.pl\\\/produkt\\\/profil-ap\\\/\",\"url\":\"https:\\\/\\\/furnika.com.pl\\\/produkt\\\/profil-ap\\\/\",\"name\":\"Profil AP - Furnika\",\"isPartOf\":{\"@id\":\"https:\\\/\\\/furnika.com.pl\\\/#website\"},\"primaryImageOfPage\":{\"@id\":\"https:\\\/\\\/furnika.com.pl\\\/produkt\\\/profil-ap\\\/#primaryimage\"},\"image\":{\"@id\":\"https:\\\/\\\/furnika.com.pl\\\/produkt\\\/profil-ap\\\/#primaryimage\"},\"thumbnailUrl\":\"https:\\\/\\\/furnika.com.pl\\\/wp-content\\\/uploads\\\/2026\\\/04\\\/PROFIL-AP-WWW-zdjecie.webp\",\"datePublished\":\"2026-04-23T11:56:25+00:00\",\"breadcrumb\":{\"@id\":\"https:\\\/\\\/furnika.com.pl\\\/produkt\\\/profil-ap\\\/#breadcrumb\"},\"inLanguage\":\"en-GB\",\"potentialAction\":[{\"@type\":\"ReadAction\",\"target\":[\"https:\\\/\\\/furnika.com.pl\\\/produkt\\\/profil-ap\\\/\"]}]},{\"@type\":\"ImageObject\",\"inLanguage\":\"en-GB\",\"@id\":\"https:\\\/\\\/furnika.com.pl\\\/produkt\\\/profil-ap\\\/#primaryimage\",\"url\":\"https:\\\/\\\/furnika.com.pl\\\/wp-content\\\/uploads\\\/2026\\\/04\\\/PROFIL-AP-WWW-zdjecie.webp\",\"contentUrl\":\"https:\\\/\\\/furnika.com.pl\\\/wp-content\\\/uploads\\\/2026\\\/04\\\/PROFIL-AP-WWW-zdjecie.webp\",\"width\":800,\"height\":800},{\"@type\":\"BreadcrumbList\",\"@id\":\"https:\\\/\\\/furnika.com.pl\\\/produkt\\\/profil-ap\\\/#breadcrumb\",\"itemListElement\":[{\"@type\":\"ListItem\",\"position\":1,\"name\":\"Strona g\u0142\u00f3wna\",\"item\":\"https:\\\/\\\/furnika.com.pl\\\/\"},{\"@type\":\"ListItem\",\"position\":2,\"name\":\"Produkty\",\"item\":\"https:\\\/\\\/furnika.com.pl\\\/produkty\\\/\"},{\"@type\":\"ListItem\",\"position\":3,\"name\":\"Profil AP\"}]},{\"@type\":\"WebSite\",\"@id\":\"https:\\\/\\\/furnika.com.pl\\\/#website\",\"url\":\"https:\\\/\\\/furnika.com.pl\\\/\",\"name\":\"Furnika\",\"description\":\"Light created with passion\",\"publisher\":{\"@id\":\"https:\\\/\\\/furnika.com.pl\\\/#organization\"},\"potentialAction\":[{\"@type\":\"SearchAction\",\"target\":{\"@type\":\"EntryPoint\",\"urlTemplate\":\"https:\\\/\\\/furnika.com.pl\\\/?s={search_term_string}\"},\"query-input\":{\"@type\":\"PropertyValueSpecification\",\"valueRequired\":true,\"valueName\":\"search_term_string\"}}],\"inLanguage\":\"en-GB\"},{\"@type\":\"Organization\",\"@id\":\"https:\\\/\\\/furnika.com.pl\\\/#organization\",\"name\":\"Furnika\",\"url\":\"https:\\\/\\\/furnika.com.pl\\\/\",\"logo\":{\"@type\":\"ImageObject\",\"inLanguage\":\"en-GB\",\"@id\":\"https:\\\/\\\/furnika.com.pl\\\/#\\\/schema\\\/logo\\\/image\\\/\",\"url\":\"https:\\\/\\\/furnika.com.pl\\\/wp-content\\\/uploads\\\/2026\\\/01\\\/cropped-logo-1.png\",\"contentUrl\":\"https:\\\/\\\/furnika.com.pl\\\/wp-content\\\/uploads\\\/2026\\\/01\\\/cropped-logo-1.png\",\"width\":366,\"height\":113,\"caption\":\"Furnika\"},\"image\":{\"@id\":\"https:\\\/\\\/furnika.com.pl\\\/#\\\/schema\\\/logo\\\/image\\\/\"}}]}<\/script>\n<!-- \/ Yoast SEO plugin. -->","yoast_head_json":{"title":"Profil AP - Furnika","robots":{"index":"index","follow":"follow","max-snippet":"max-snippet:-1","max-image-preview":"max-image-preview:large","max-video-preview":"max-video-preview:-1"},"canonical":"https:\/\/furnika.com.pl\/en\/product\/profil-ap\/","og_locale":"en_GB","og_type":"article","og_title":"Profil AP - Furnika","og_description":"PROFIL AP to profil przeznaczony do monta\u017cu ta\u015bmy LED w meblach oraz zabudowach, umo\u017cliwiaj\u0105cy wykonanie liniowego o\u015bwietlenia w w\u0105skich przestrzeniach. Konstrukcja przystosowana jest do monta\u017cu w pionowych elementach, takich jak boki szafek lub wn\u0119ki. Profil stanowi obudow\u0119 dla ta\u015bmy LED, porz\u0105dkuj\u0105c instalacj\u0119 i kieruj\u0105c \u015bwiat\u0142o wzd\u0142u\u017c jego d\u0142ugo\u015bci. Kszta\u0142t umo\u017cliwia estetyczne osadzenie w kraw\u0119dziach mebla oraz uzyskanie wyra\u017anej linii \u015bwietlnej. Produkt dost\u0119pny jest na wymiar w kilku wariantach kolorystycznych: aluminium, bia\u0142ym, czarnym oraz wenge. Elastyczno\u015b\u0107 rozwi\u0105zania podkre\u015bla mo\u017cliwo\u015b\u0107 samodzielnego doboru ta\u015bmy LED, co pozwala uzyska\u0107 indywidualny dla ka\u017cdego u\u017cytkownika efekt o\u015bwietleniowy. PROFIL AP znajduje zastosowanie w o\u015bwietleniu wn\u0119trz szaf, witryn oraz element\u00f3w dekoracyjnych, gdzie istotne jest pionowe prowadzenie \u015bwiat\u0142a i uporz\u0105dkowana forma instalacji.","og_url":"https:\/\/furnika.com.pl\/en\/product\/profil-ap\/","og_site_name":"Furnika","og_image":[{"width":800,"height":800,"url":"https:\/\/furnika.com.pl\/wp-content\/uploads\/2026\/04\/PROFIL-AP-WWW-zdjecie.webp","type":"image\/webp"}],"twitter_card":"summary_large_image","twitter_misc":{"Estimated reading time":"1 minute"},"schema":{"@context":"https:\/\/schema.org","@graph":[{"@type":"WebPage","@id":"https:\/\/furnika.com.pl\/produkt\/profil-ap\/","url":"https:\/\/furnika.com.pl\/produkt\/profil-ap\/","name":"Profil AP - Furnika","isPartOf":{"@id":"https:\/\/furnika.com.pl\/#website"},"primaryImageOfPage":{"@id":"https:\/\/furnika.com.pl\/produkt\/profil-ap\/#primaryimage"},"image":{"@id":"https:\/\/furnika.com.pl\/produkt\/profil-ap\/#primaryimage"},"thumbnailUrl":"https:\/\/furnika.com.pl\/wp-content\/uploads\/2026\/04\/PROFIL-AP-WWW-zdjecie.webp","datePublished":"2026-04-23T11:56:25+00:00","breadcrumb":{"@id":"https:\/\/furnika.com.pl\/produkt\/profil-ap\/#breadcrumb"},"inLanguage":"en-GB","potentialAction":[{"@type":"ReadAction","target":["https:\/\/furnika.com.pl\/produkt\/profil-ap\/"]}]},{"@type":"ImageObject","inLanguage":"en-GB","@id":"https:\/\/furnika.com.pl\/produkt\/profil-ap\/#primaryimage","url":"https:\/\/furnika.com.pl\/wp-content\/uploads\/2026\/04\/PROFIL-AP-WWW-zdjecie.webp","contentUrl":"https:\/\/furnika.com.pl\/wp-content\/uploads\/2026\/04\/PROFIL-AP-WWW-zdjecie.webp","width":800,"height":800},{"@type":"BreadcrumbList","@id":"https:\/\/furnika.com.pl\/produkt\/profil-ap\/#breadcrumb","itemListElement":[{"@type":"ListItem","position":1,"name":"Strona g\u0142\u00f3wna","item":"https:\/\/furnika.com.pl\/"},{"@type":"ListItem","position":2,"name":"Produkty","item":"https:\/\/furnika.com.pl\/produkty\/"},{"@type":"ListItem","position":3,"name":"Profil AP"}]},{"@type":"WebSite","@id":"https:\/\/furnika.com.pl\/#website","url":"https:\/\/furnika.com.pl\/","name":"Furnika","description":"Light created with passion","publisher":{"@id":"https:\/\/furnika.com.pl\/#organization"},"potentialAction":[{"@type":"SearchAction","target":{"@type":"EntryPoint","urlTemplate":"https:\/\/furnika.com.pl\/?s={search_term_string}"},"query-input":{"@type":"PropertyValueSpecification","valueRequired":true,"valueName":"search_term_string"}}],"inLanguage":"en-GB"},{"@type":"Organization","@id":"https:\/\/furnika.com.pl\/#organization","name":"Furnika","url":"https:\/\/furnika.com.pl\/","logo":{"@type":"ImageObject","inLanguage":"en-GB","@id":"https:\/\/furnika.com.pl\/#\/schema\/logo\/image\/","url":"https:\/\/furnika.com.pl\/wp-content\/uploads\/2026\/01\/cropped-logo-1.png","contentUrl":"https:\/\/furnika.com.pl\/wp-content\/uploads\/2026\/01\/cropped-logo-1.png","width":366,"height":113,"caption":"Furnika"},"image":{"@id":"https:\/\/furnika.com.pl\/#\/schema\/logo\/image\/"}}]}},"_links":{"self":[{"href":"https:\/\/furnika.com.pl\/en\/wp-json\/wp\/v2\/product\/3660","targetHints":{"allow":["GET"]}}],"collection":[{"href":"https:\/\/furnika.com.pl\/en\/wp-json\/wp\/v2\/product"}],"about":[{"href":"https:\/\/furnika.com.pl\/en\/wp-json\/wp\/v2\/types\/product"}],"wp:featuredmedia":[{"embeddable":true,"href":"https:\/\/furnika.com.pl\/en\/wp-json\/wp\/v2\/media\/3683"}],"wp:attachment":[{"href":"https:\/\/furnika.com.pl\/en\/wp-json\/wp\/v2\/media?parent=3660"}],"wp:term":[{"taxonomy":"product_brand","embeddable":true,"href":"https:\/\/furnika.com.pl\/en\/wp-json\/wp\/v2\/product_brand?post=3660"},{"taxonomy":"product_cat","embeddable":true,"href":"https:\/\/furnika.com.pl\/en\/wp-json\/wp\/v2\/product_cat?post=3660"},{"taxonomy":"product_tag","embeddable":true,"href":"https:\/\/furnika.com.pl\/en\/wp-json\/wp\/v2\/product_tag?post=3660"}],"curies":[{"name":"wp","href":"https:\/\/api.w.org\/{rel}","templated":true}]}}