{"id":3684,"date":"2026-05-07T06:07:26","date_gmt":"2026-05-07T06:07:26","guid":{"rendered":"https:\/\/furnika.com.pl\/?post_type=product&#038;p=3684"},"modified":"2026-05-07T06:07:26","modified_gmt":"2026-05-07T06:07:26","slug":"profil-lambda-profil-lambda-mini","status":"publish","type":"product","link":"https:\/\/furnika.com.pl\/en\/product\/profil-lambda-profil-lambda-mini\/","title":{"rendered":"Lambda profile | Lambda mini profile"},"content":{"rendered":"","protected":false},"excerpt":{"rendered":"<div class=\"response-content ng-tns-c4050665193-66\">\n<div class=\"container\">\n<div id=\"model-response-message-contentr_53b705673d2066d8\" class=\"markdown markdown-main-panel enable-updated-hr-color\" dir=\"ltr\" aria-live=\"polite\" aria-busy=\"false\">\n<p data-path-to-node=\"0\">The Lambda profile and Lambda mini profile are recessed lighting systems that provide a perfectly smooth furniture surface without protruding elements. Thanks to their unique flange construction, the profiles effectively hide the milling edges, creating a clean and professional visual effect in kitchen cabinets, wardrobes, and display units.<\/p>\n<p data-path-to-node=\"1\">The main difference between the versions is the mounting depth. The mini version is slim and requires only 8 mm of depth. The standard 13 mm version allows optional integration of a mechanical switch directly into the housing. Both profiles are manufactured to order in any required length, and together with a wide range of finishes such as aluminium, white, and black, they offer many design possibilities.<br \/>\nThe freedom to choose LED strips from a wide range of available options allows the user to precisely select the light color and intensity to match the character of the interior.<\/p>\n<p data-path-to-node=\"1\">\n<\/div>\n<\/div>\n<\/div>","protected":false},"featured_media":3707,"template":"","meta":[],"product_brand":[],"product_cat":[69],"product_tag":[],"class_list":{"0":"post-3684","1":"product","2":"type-product","3":"status-publish","4":"has-post-thumbnail","6":"product_cat-profile","8":"first","9":"instock","10":"shipping-taxable","11":"product-type-simple"},"yoast_head":"<!-- This site is optimized with the Yoast SEO plugin v27.4 - https:\/\/yoast.com\/product\/yoast-seo-wordpress\/ -->\n<title>Profil LAMBDA | Profil LAMBDA mini - Furnika<\/title>\n<meta name=\"robots\" content=\"index, follow, max-snippet:-1, max-image-preview:large, max-video-preview:-1\" \/>\n<link rel=\"canonical\" href=\"https:\/\/furnika.com.pl\/en\/product\/profil-lambda-profil-lambda-mini\/\" \/>\n<meta property=\"og:locale\" content=\"en_GB\" \/>\n<meta property=\"og:type\" content=\"article\" \/>\n<meta property=\"og:title\" content=\"Profil LAMBDA | Profil LAMBDA mini - Furnika\" \/>\n<meta property=\"og:description\" content=\"PROFIL LAMBDA oraz PROFIL LAMBDA MINI to systemy o\u015bwietlenia wpuszczanego, kt\u00f3re gwarantuj\u0105 idealnie g\u0142adk\u0105 powierzchni\u0119 mebla bez wystaj\u0105cych element\u00f3w. Dzi\u0119ki unikalnej konstrukcji z ko\u0142nierzem, profile te perfekcyjnie maskuj\u0105 kraw\u0119dzie frezowania, co pozwala na uzyskanie wyj\u0105tkowo czystego i profesjonalnego efektu wizualnego w szafkach kuchennych, garderobach czy witrynach. G\u0142\u00f3wn\u0105 r\u00f3\u017cnic\u0105 mi\u0119dzy poszczeg\u00f3lnymi wariantami jest ich g\u0142\u0119boko\u015b\u0107 monta\u017cowa. Wersja mini jest smuk\u0142a i wymaga jedynie 8 mm g\u0142\u0119boko\u015bci. Wariant standardowy, 13 mm, pozwala na opcjonalne zintegrowanie mechanicznego w\u0142\u0105cznika bezpo\u015brednio w obudowie. Oba profile s\u0105 produkowane na indywidualne zam\u00f3wienie w dowolnej d\u0142ugo\u015bci, co w po\u0142\u0105czeniu z bogat\u0105 palet\u0105 wyko\u0144cze\u0144 (aluminium, biel, czer\u0144) daje r\u00f3\u017cne mo\u017cliwo\u015bci aran\u017cacyjne. Swoboda w doborze ta\u015bmy LED z szerokiej oferty wariant\u00f3w pozwala u\u017cytkownikowi precyzyjnie okre\u015bli\u0107 barw\u0119 oraz nat\u0119\u017cenie \u015bwiat\u0142a, dopasowuj\u0105c je do charakteru wn\u0119trza.\" \/>\n<meta property=\"og:url\" content=\"https:\/\/furnika.com.pl\/en\/product\/profil-lambda-profil-lambda-mini\/\" \/>\n<meta property=\"og:site_name\" content=\"Furnika\" \/>\n<meta property=\"og:image\" content=\"https:\/\/furnika.com.pl\/wp-content\/uploads\/2026\/04\/PROFIL-LAMBDA-WWW-profile.webp\" \/>\n\t<meta property=\"og:image:width\" content=\"800\" \/>\n\t<meta property=\"og:image:height\" content=\"800\" \/>\n\t<meta property=\"og:image:type\" content=\"image\/webp\" \/>\n<meta name=\"twitter:card\" content=\"summary_large_image\" \/>\n<meta name=\"twitter:label1\" content=\"Estimated reading time\" \/>\n\t<meta name=\"twitter:data1\" content=\"1 minute\" \/>\n<script type=\"application\/ld+json\" class=\"yoast-schema-graph\">{\"@context\":\"https:\\\/\\\/schema.org\",\"@graph\":[{\"@type\":\"WebPage\",\"@id\":\"https:\\\/\\\/furnika.com.pl\\\/produkt\\\/profil-lambda-profil-lambda-mini\\\/\",\"url\":\"https:\\\/\\\/furnika.com.pl\\\/produkt\\\/profil-lambda-profil-lambda-mini\\\/\",\"name\":\"Profil LAMBDA | Profil LAMBDA mini - Furnika\",\"isPartOf\":{\"@id\":\"https:\\\/\\\/furnika.com.pl\\\/#website\"},\"primaryImageOfPage\":{\"@id\":\"https:\\\/\\\/furnika.com.pl\\\/produkt\\\/profil-lambda-profil-lambda-mini\\\/#primaryimage\"},\"image\":{\"@id\":\"https:\\\/\\\/furnika.com.pl\\\/produkt\\\/profil-lambda-profil-lambda-mini\\\/#primaryimage\"},\"thumbnailUrl\":\"https:\\\/\\\/furnika.com.pl\\\/wp-content\\\/uploads\\\/2026\\\/04\\\/PROFIL-LAMBDA-WWW-profile.webp\",\"datePublished\":\"2026-05-07T06:07:26+00:00\",\"breadcrumb\":{\"@id\":\"https:\\\/\\\/furnika.com.pl\\\/produkt\\\/profil-lambda-profil-lambda-mini\\\/#breadcrumb\"},\"inLanguage\":\"en-GB\",\"potentialAction\":[{\"@type\":\"ReadAction\",\"target\":[\"https:\\\/\\\/furnika.com.pl\\\/produkt\\\/profil-lambda-profil-lambda-mini\\\/\"]}]},{\"@type\":\"ImageObject\",\"inLanguage\":\"en-GB\",\"@id\":\"https:\\\/\\\/furnika.com.pl\\\/produkt\\\/profil-lambda-profil-lambda-mini\\\/#primaryimage\",\"url\":\"https:\\\/\\\/furnika.com.pl\\\/wp-content\\\/uploads\\\/2026\\\/04\\\/PROFIL-LAMBDA-WWW-profile.webp\",\"contentUrl\":\"https:\\\/\\\/furnika.com.pl\\\/wp-content\\\/uploads\\\/2026\\\/04\\\/PROFIL-LAMBDA-WWW-profile.webp\",\"width\":800,\"height\":800},{\"@type\":\"BreadcrumbList\",\"@id\":\"https:\\\/\\\/furnika.com.pl\\\/produkt\\\/profil-lambda-profil-lambda-mini\\\/#breadcrumb\",\"itemListElement\":[{\"@type\":\"ListItem\",\"position\":1,\"name\":\"Strona g\u0142\u00f3wna\",\"item\":\"https:\\\/\\\/furnika.com.pl\\\/\"},{\"@type\":\"ListItem\",\"position\":2,\"name\":\"Produkty\",\"item\":\"https:\\\/\\\/furnika.com.pl\\\/produkty\\\/\"},{\"@type\":\"ListItem\",\"position\":3,\"name\":\"Profil LAMBDA | Profil LAMBDA mini\"}]},{\"@type\":\"WebSite\",\"@id\":\"https:\\\/\\\/furnika.com.pl\\\/#website\",\"url\":\"https:\\\/\\\/furnika.com.pl\\\/\",\"name\":\"Furnika\",\"description\":\"Light created with passion\",\"publisher\":{\"@id\":\"https:\\\/\\\/furnika.com.pl\\\/#organization\"},\"potentialAction\":[{\"@type\":\"SearchAction\",\"target\":{\"@type\":\"EntryPoint\",\"urlTemplate\":\"https:\\\/\\\/furnika.com.pl\\\/?s={search_term_string}\"},\"query-input\":{\"@type\":\"PropertyValueSpecification\",\"valueRequired\":true,\"valueName\":\"search_term_string\"}}],\"inLanguage\":\"en-GB\"},{\"@type\":\"Organization\",\"@id\":\"https:\\\/\\\/furnika.com.pl\\\/#organization\",\"name\":\"Furnika\",\"url\":\"https:\\\/\\\/furnika.com.pl\\\/\",\"logo\":{\"@type\":\"ImageObject\",\"inLanguage\":\"en-GB\",\"@id\":\"https:\\\/\\\/furnika.com.pl\\\/#\\\/schema\\\/logo\\\/image\\\/\",\"url\":\"https:\\\/\\\/furnika.com.pl\\\/wp-content\\\/uploads\\\/2026\\\/01\\\/cropped-logo-1.png\",\"contentUrl\":\"https:\\\/\\\/furnika.com.pl\\\/wp-content\\\/uploads\\\/2026\\\/01\\\/cropped-logo-1.png\",\"width\":366,\"height\":113,\"caption\":\"Furnika\"},\"image\":{\"@id\":\"https:\\\/\\\/furnika.com.pl\\\/#\\\/schema\\\/logo\\\/image\\\/\"}}]}<\/script>\n<!-- \/ Yoast SEO plugin. -->","yoast_head_json":{"title":"Profil LAMBDA | Profil LAMBDA mini - Furnika","robots":{"index":"index","follow":"follow","max-snippet":"max-snippet:-1","max-image-preview":"max-image-preview:large","max-video-preview":"max-video-preview:-1"},"canonical":"https:\/\/furnika.com.pl\/en\/product\/profil-lambda-profil-lambda-mini\/","og_locale":"en_GB","og_type":"article","og_title":"Profil LAMBDA | Profil LAMBDA mini - Furnika","og_description":"PROFIL LAMBDA oraz PROFIL LAMBDA MINI to systemy o\u015bwietlenia wpuszczanego, kt\u00f3re gwarantuj\u0105 idealnie g\u0142adk\u0105 powierzchni\u0119 mebla bez wystaj\u0105cych element\u00f3w. Dzi\u0119ki unikalnej konstrukcji z ko\u0142nierzem, profile te perfekcyjnie maskuj\u0105 kraw\u0119dzie frezowania, co pozwala na uzyskanie wyj\u0105tkowo czystego i profesjonalnego efektu wizualnego w szafkach kuchennych, garderobach czy witrynach. G\u0142\u00f3wn\u0105 r\u00f3\u017cnic\u0105 mi\u0119dzy poszczeg\u00f3lnymi wariantami jest ich g\u0142\u0119boko\u015b\u0107 monta\u017cowa. Wersja mini jest smuk\u0142a i wymaga jedynie 8 mm g\u0142\u0119boko\u015bci. Wariant standardowy, 13 mm, pozwala na opcjonalne zintegrowanie mechanicznego w\u0142\u0105cznika bezpo\u015brednio w obudowie. Oba profile s\u0105 produkowane na indywidualne zam\u00f3wienie w dowolnej d\u0142ugo\u015bci, co w po\u0142\u0105czeniu z bogat\u0105 palet\u0105 wyko\u0144cze\u0144 (aluminium, biel, czer\u0144) daje r\u00f3\u017cne mo\u017cliwo\u015bci aran\u017cacyjne. Swoboda w doborze ta\u015bmy LED z szerokiej oferty wariant\u00f3w pozwala u\u017cytkownikowi precyzyjnie okre\u015bli\u0107 barw\u0119 oraz nat\u0119\u017cenie \u015bwiat\u0142a, dopasowuj\u0105c je do charakteru wn\u0119trza.","og_url":"https:\/\/furnika.com.pl\/en\/product\/profil-lambda-profil-lambda-mini\/","og_site_name":"Furnika","og_image":[{"width":800,"height":800,"url":"https:\/\/furnika.com.pl\/wp-content\/uploads\/2026\/04\/PROFIL-LAMBDA-WWW-profile.webp","type":"image\/webp"}],"twitter_card":"summary_large_image","twitter_misc":{"Estimated reading time":"1 minute"},"schema":{"@context":"https:\/\/schema.org","@graph":[{"@type":"WebPage","@id":"https:\/\/furnika.com.pl\/produkt\/profil-lambda-profil-lambda-mini\/","url":"https:\/\/furnika.com.pl\/produkt\/profil-lambda-profil-lambda-mini\/","name":"Profil LAMBDA | Profil LAMBDA mini - Furnika","isPartOf":{"@id":"https:\/\/furnika.com.pl\/#website"},"primaryImageOfPage":{"@id":"https:\/\/furnika.com.pl\/produkt\/profil-lambda-profil-lambda-mini\/#primaryimage"},"image":{"@id":"https:\/\/furnika.com.pl\/produkt\/profil-lambda-profil-lambda-mini\/#primaryimage"},"thumbnailUrl":"https:\/\/furnika.com.pl\/wp-content\/uploads\/2026\/04\/PROFIL-LAMBDA-WWW-profile.webp","datePublished":"2026-05-07T06:07:26+00:00","breadcrumb":{"@id":"https:\/\/furnika.com.pl\/produkt\/profil-lambda-profil-lambda-mini\/#breadcrumb"},"inLanguage":"en-GB","potentialAction":[{"@type":"ReadAction","target":["https:\/\/furnika.com.pl\/produkt\/profil-lambda-profil-lambda-mini\/"]}]},{"@type":"ImageObject","inLanguage":"en-GB","@id":"https:\/\/furnika.com.pl\/produkt\/profil-lambda-profil-lambda-mini\/#primaryimage","url":"https:\/\/furnika.com.pl\/wp-content\/uploads\/2026\/04\/PROFIL-LAMBDA-WWW-profile.webp","contentUrl":"https:\/\/furnika.com.pl\/wp-content\/uploads\/2026\/04\/PROFIL-LAMBDA-WWW-profile.webp","width":800,"height":800},{"@type":"BreadcrumbList","@id":"https:\/\/furnika.com.pl\/produkt\/profil-lambda-profil-lambda-mini\/#breadcrumb","itemListElement":[{"@type":"ListItem","position":1,"name":"Strona g\u0142\u00f3wna","item":"https:\/\/furnika.com.pl\/"},{"@type":"ListItem","position":2,"name":"Produkty","item":"https:\/\/furnika.com.pl\/produkty\/"},{"@type":"ListItem","position":3,"name":"Profil LAMBDA | Profil LAMBDA mini"}]},{"@type":"WebSite","@id":"https:\/\/furnika.com.pl\/#website","url":"https:\/\/furnika.com.pl\/","name":"Furnika","description":"Light created with passion","publisher":{"@id":"https:\/\/furnika.com.pl\/#organization"},"potentialAction":[{"@type":"SearchAction","target":{"@type":"EntryPoint","urlTemplate":"https:\/\/furnika.com.pl\/?s={search_term_string}"},"query-input":{"@type":"PropertyValueSpecification","valueRequired":true,"valueName":"search_term_string"}}],"inLanguage":"en-GB"},{"@type":"Organization","@id":"https:\/\/furnika.com.pl\/#organization","name":"Furnika","url":"https:\/\/furnika.com.pl\/","logo":{"@type":"ImageObject","inLanguage":"en-GB","@id":"https:\/\/furnika.com.pl\/#\/schema\/logo\/image\/","url":"https:\/\/furnika.com.pl\/wp-content\/uploads\/2026\/01\/cropped-logo-1.png","contentUrl":"https:\/\/furnika.com.pl\/wp-content\/uploads\/2026\/01\/cropped-logo-1.png","width":366,"height":113,"caption":"Furnika"},"image":{"@id":"https:\/\/furnika.com.pl\/#\/schema\/logo\/image\/"}}]}},"_links":{"self":[{"href":"https:\/\/furnika.com.pl\/en\/wp-json\/wp\/v2\/product\/3684","targetHints":{"allow":["GET"]}}],"collection":[{"href":"https:\/\/furnika.com.pl\/en\/wp-json\/wp\/v2\/product"}],"about":[{"href":"https:\/\/furnika.com.pl\/en\/wp-json\/wp\/v2\/types\/product"}],"wp:featuredmedia":[{"embeddable":true,"href":"https:\/\/furnika.com.pl\/en\/wp-json\/wp\/v2\/media\/3707"}],"wp:attachment":[{"href":"https:\/\/furnika.com.pl\/en\/wp-json\/wp\/v2\/media?parent=3684"}],"wp:term":[{"taxonomy":"product_brand","embeddable":true,"href":"https:\/\/furnika.com.pl\/en\/wp-json\/wp\/v2\/product_brand?post=3684"},{"taxonomy":"product_cat","embeddable":true,"href":"https:\/\/furnika.com.pl\/en\/wp-json\/wp\/v2\/product_cat?post=3684"},{"taxonomy":"product_tag","embeddable":true,"href":"https:\/\/furnika.com.pl\/en\/wp-json\/wp\/v2\/product_tag?post=3684"}],"curies":[{"name":"wp","href":"https:\/\/api.w.org\/{rel}","templated":true}]}}