{"id":3701,"date":"2026-05-07T07:03:36","date_gmt":"2026-05-07T07:03:36","guid":{"rendered":"https:\/\/furnika.com.pl\/?post_type=product&#038;p=3701"},"modified":"2026-05-07T07:03:36","modified_gmt":"2026-05-07T07:03:36","slug":"profil-dfm","status":"publish","type":"product","link":"https:\/\/furnika.com.pl\/en\/product\/profil-dfm\/","title":{"rendered":"DFM profile"},"content":{"rendered":"","protected":false},"excerpt":{"rendered":"<p>The DFM profile is a lighting profile designed for installation inside furniture. The product is intended for illuminating shelves and functional spaces, improving everyday use of furniture installations. It works perfectly in wardrobes, closets, shelving units, and other furniture requiring interior lighting.<\/p>\n<p>The profile construction allows installation of an LED strip, ensuring even light distribution along the entire length. It is available in a two-sided light version (2S) or a three-sided light version (3S), allowing the lighting method to be matched to the type of installation and the desired lighting effect. This solution increases furniture functionality and improves illumination of selected areas.<\/p>\n<p>The product is manufactured in various lengths, making it easy to adapt to individual project dimensions. The compact profile design allows aesthetic integration of lighting into the furniture without limiting usable space. It is a practical solution for furniture where convenient and effective lighting is important.<\/p>","protected":false},"featured_media":3719,"template":"","meta":[],"product_brand":[],"product_cat":[69],"product_tag":[],"class_list":{"0":"post-3701","1":"product","2":"type-product","3":"status-publish","4":"has-post-thumbnail","6":"product_cat-profile","8":"first","9":"instock","10":"shipping-taxable","11":"product-type-simple"},"yoast_head":"<!-- This site is optimized with the Yoast SEO plugin v27.4 - https:\/\/yoast.com\/product\/yoast-seo-wordpress\/ -->\n<title>Profil DFM - Furnika<\/title>\n<meta name=\"robots\" content=\"index, follow, max-snippet:-1, max-image-preview:large, max-video-preview:-1\" \/>\n<link rel=\"canonical\" href=\"https:\/\/furnika.com.pl\/en\/product\/profil-dfm\/\" \/>\n<meta property=\"og:locale\" content=\"en_GB\" \/>\n<meta property=\"og:type\" content=\"article\" \/>\n<meta property=\"og:title\" content=\"Profil DFM - Furnika\" \/>\n<meta property=\"og:description\" content=\"PROFILE DFM to profil o\u015bwietleniowy przeznaczony do monta\u017cu wewn\u0105trz mebli. Produkt zosta\u0142 zaprojektowany z my\u015bl\u0105 o do\u015bwietleniu p\u00f3\u0142ek oraz przestrzeni u\u017cytkowych, poprawiaj\u0105c\u00a0 codzienne korzystanie z zabudowy meblowej.Doskonale sprawdza si\u0119 w garderobach, szafach, rega\u0142ach oraz innych meblach wymagaj\u0105cych do\u015bwietlenia wn\u0119trza.  Konstrukcja profilu umo\u017cliwia monta\u017c ta\u015bmy LED, dzi\u0119ki czemu \u015bwiat\u0142o rozprowadzane jest r\u00f3wnomiernie na ca\u0142ej d\u0142ugo\u015bci. Dost\u0119pny jest w wersji \u015bwiec\u0105cej z dw\u00f3ch stron (2S) lub z trzech stron (3S), co pozwala dopasowa\u0107 spos\u00f3b o\u015bwietlenia do rodzaju zabudowy oraz oczekiwanego efektu \u015bwietlnego. Takie rozwi\u0105zanie zwi\u0119ksza funkcjonalno\u015b\u0107 mebla i pozwala uzyska\u0107 lepsze do\u015bwietlenie wybranych stref.  Produkt wykonywany jest w r\u00f3\u017cnych d\u0142ugo\u015bciach, dzi\u0119ki czemu mo\u017cna go \u0142atwo dopasowa\u0107 do indywidualnych wymiar\u00f3w projektu. Kompaktowa forma profilu pozwala na estetyczne zintegrowanie o\u015bwietlenia z zabudow\u0105 bez ograniczania przestrzeni u\u017cytkowej. Stanowi praktyczne rozwi\u0105zanie dla mebli, w kt\u00f3rych liczy si\u0119 wygodne i skuteczne o\u015bwietlenie.\" \/>\n<meta property=\"og:url\" content=\"https:\/\/furnika.com.pl\/en\/product\/profil-dfm\/\" \/>\n<meta property=\"og:site_name\" content=\"Furnika\" \/>\n<meta property=\"og:image\" content=\"https:\/\/furnika.com.pl\/wp-content\/uploads\/2026\/05\/PROFIL-DFM-WWW-profil.webp\" \/>\n\t<meta property=\"og:image:width\" content=\"800\" \/>\n\t<meta property=\"og:image:height\" content=\"800\" \/>\n\t<meta property=\"og:image:type\" content=\"image\/webp\" \/>\n<meta name=\"twitter:card\" content=\"summary_large_image\" \/>\n<meta name=\"twitter:label1\" content=\"Estimated reading time\" \/>\n\t<meta name=\"twitter:data1\" content=\"1 minute\" \/>\n<script type=\"application\/ld+json\" class=\"yoast-schema-graph\">{\"@context\":\"https:\\\/\\\/schema.org\",\"@graph\":[{\"@type\":\"WebPage\",\"@id\":\"https:\\\/\\\/furnika.com.pl\\\/produkt\\\/profil-dfm\\\/\",\"url\":\"https:\\\/\\\/furnika.com.pl\\\/produkt\\\/profil-dfm\\\/\",\"name\":\"Profil DFM - Furnika\",\"isPartOf\":{\"@id\":\"https:\\\/\\\/furnika.com.pl\\\/#website\"},\"primaryImageOfPage\":{\"@id\":\"https:\\\/\\\/furnika.com.pl\\\/produkt\\\/profil-dfm\\\/#primaryimage\"},\"image\":{\"@id\":\"https:\\\/\\\/furnika.com.pl\\\/produkt\\\/profil-dfm\\\/#primaryimage\"},\"thumbnailUrl\":\"https:\\\/\\\/furnika.com.pl\\\/wp-content\\\/uploads\\\/2026\\\/05\\\/PROFIL-DFM-WWW-profil.webp\",\"datePublished\":\"2026-05-07T07:03:36+00:00\",\"breadcrumb\":{\"@id\":\"https:\\\/\\\/furnika.com.pl\\\/produkt\\\/profil-dfm\\\/#breadcrumb\"},\"inLanguage\":\"en-GB\",\"potentialAction\":[{\"@type\":\"ReadAction\",\"target\":[\"https:\\\/\\\/furnika.com.pl\\\/produkt\\\/profil-dfm\\\/\"]}]},{\"@type\":\"ImageObject\",\"inLanguage\":\"en-GB\",\"@id\":\"https:\\\/\\\/furnika.com.pl\\\/produkt\\\/profil-dfm\\\/#primaryimage\",\"url\":\"https:\\\/\\\/furnika.com.pl\\\/wp-content\\\/uploads\\\/2026\\\/05\\\/PROFIL-DFM-WWW-profil.webp\",\"contentUrl\":\"https:\\\/\\\/furnika.com.pl\\\/wp-content\\\/uploads\\\/2026\\\/05\\\/PROFIL-DFM-WWW-profil.webp\",\"width\":800,\"height\":800},{\"@type\":\"BreadcrumbList\",\"@id\":\"https:\\\/\\\/furnika.com.pl\\\/produkt\\\/profil-dfm\\\/#breadcrumb\",\"itemListElement\":[{\"@type\":\"ListItem\",\"position\":1,\"name\":\"Strona g\u0142\u00f3wna\",\"item\":\"https:\\\/\\\/furnika.com.pl\\\/\"},{\"@type\":\"ListItem\",\"position\":2,\"name\":\"Produkty\",\"item\":\"https:\\\/\\\/furnika.com.pl\\\/produkty\\\/\"},{\"@type\":\"ListItem\",\"position\":3,\"name\":\"Profil DFM\"}]},{\"@type\":\"WebSite\",\"@id\":\"https:\\\/\\\/furnika.com.pl\\\/#website\",\"url\":\"https:\\\/\\\/furnika.com.pl\\\/\",\"name\":\"Furnika\",\"description\":\"Light created with passion\",\"publisher\":{\"@id\":\"https:\\\/\\\/furnika.com.pl\\\/#organization\"},\"potentialAction\":[{\"@type\":\"SearchAction\",\"target\":{\"@type\":\"EntryPoint\",\"urlTemplate\":\"https:\\\/\\\/furnika.com.pl\\\/?s={search_term_string}\"},\"query-input\":{\"@type\":\"PropertyValueSpecification\",\"valueRequired\":true,\"valueName\":\"search_term_string\"}}],\"inLanguage\":\"en-GB\"},{\"@type\":\"Organization\",\"@id\":\"https:\\\/\\\/furnika.com.pl\\\/#organization\",\"name\":\"Furnika\",\"url\":\"https:\\\/\\\/furnika.com.pl\\\/\",\"logo\":{\"@type\":\"ImageObject\",\"inLanguage\":\"en-GB\",\"@id\":\"https:\\\/\\\/furnika.com.pl\\\/#\\\/schema\\\/logo\\\/image\\\/\",\"url\":\"https:\\\/\\\/furnika.com.pl\\\/wp-content\\\/uploads\\\/2026\\\/01\\\/cropped-logo-1.png\",\"contentUrl\":\"https:\\\/\\\/furnika.com.pl\\\/wp-content\\\/uploads\\\/2026\\\/01\\\/cropped-logo-1.png\",\"width\":366,\"height\":113,\"caption\":\"Furnika\"},\"image\":{\"@id\":\"https:\\\/\\\/furnika.com.pl\\\/#\\\/schema\\\/logo\\\/image\\\/\"}}]}<\/script>\n<!-- \/ Yoast SEO plugin. -->","yoast_head_json":{"title":"Profil DFM - Furnika","robots":{"index":"index","follow":"follow","max-snippet":"max-snippet:-1","max-image-preview":"max-image-preview:large","max-video-preview":"max-video-preview:-1"},"canonical":"https:\/\/furnika.com.pl\/en\/product\/profil-dfm\/","og_locale":"en_GB","og_type":"article","og_title":"Profil DFM - Furnika","og_description":"PROFILE DFM to profil o\u015bwietleniowy przeznaczony do monta\u017cu wewn\u0105trz mebli. Produkt zosta\u0142 zaprojektowany z my\u015bl\u0105 o do\u015bwietleniu p\u00f3\u0142ek oraz przestrzeni u\u017cytkowych, poprawiaj\u0105c\u00a0 codzienne korzystanie z zabudowy meblowej.Doskonale sprawdza si\u0119 w garderobach, szafach, rega\u0142ach oraz innych meblach wymagaj\u0105cych do\u015bwietlenia wn\u0119trza.  Konstrukcja profilu umo\u017cliwia monta\u017c ta\u015bmy LED, dzi\u0119ki czemu \u015bwiat\u0142o rozprowadzane jest r\u00f3wnomiernie na ca\u0142ej d\u0142ugo\u015bci. Dost\u0119pny jest w wersji \u015bwiec\u0105cej z dw\u00f3ch stron (2S) lub z trzech stron (3S), co pozwala dopasowa\u0107 spos\u00f3b o\u015bwietlenia do rodzaju zabudowy oraz oczekiwanego efektu \u015bwietlnego. Takie rozwi\u0105zanie zwi\u0119ksza funkcjonalno\u015b\u0107 mebla i pozwala uzyska\u0107 lepsze do\u015bwietlenie wybranych stref.  Produkt wykonywany jest w r\u00f3\u017cnych d\u0142ugo\u015bciach, dzi\u0119ki czemu mo\u017cna go \u0142atwo dopasowa\u0107 do indywidualnych wymiar\u00f3w projektu. Kompaktowa forma profilu pozwala na estetyczne zintegrowanie o\u015bwietlenia z zabudow\u0105 bez ograniczania przestrzeni u\u017cytkowej. Stanowi praktyczne rozwi\u0105zanie dla mebli, w kt\u00f3rych liczy si\u0119 wygodne i skuteczne o\u015bwietlenie.","og_url":"https:\/\/furnika.com.pl\/en\/product\/profil-dfm\/","og_site_name":"Furnika","og_image":[{"width":800,"height":800,"url":"https:\/\/furnika.com.pl\/wp-content\/uploads\/2026\/05\/PROFIL-DFM-WWW-profil.webp","type":"image\/webp"}],"twitter_card":"summary_large_image","twitter_misc":{"Estimated reading time":"1 minute"},"schema":{"@context":"https:\/\/schema.org","@graph":[{"@type":"WebPage","@id":"https:\/\/furnika.com.pl\/produkt\/profil-dfm\/","url":"https:\/\/furnika.com.pl\/produkt\/profil-dfm\/","name":"Profil DFM - Furnika","isPartOf":{"@id":"https:\/\/furnika.com.pl\/#website"},"primaryImageOfPage":{"@id":"https:\/\/furnika.com.pl\/produkt\/profil-dfm\/#primaryimage"},"image":{"@id":"https:\/\/furnika.com.pl\/produkt\/profil-dfm\/#primaryimage"},"thumbnailUrl":"https:\/\/furnika.com.pl\/wp-content\/uploads\/2026\/05\/PROFIL-DFM-WWW-profil.webp","datePublished":"2026-05-07T07:03:36+00:00","breadcrumb":{"@id":"https:\/\/furnika.com.pl\/produkt\/profil-dfm\/#breadcrumb"},"inLanguage":"en-GB","potentialAction":[{"@type":"ReadAction","target":["https:\/\/furnika.com.pl\/produkt\/profil-dfm\/"]}]},{"@type":"ImageObject","inLanguage":"en-GB","@id":"https:\/\/furnika.com.pl\/produkt\/profil-dfm\/#primaryimage","url":"https:\/\/furnika.com.pl\/wp-content\/uploads\/2026\/05\/PROFIL-DFM-WWW-profil.webp","contentUrl":"https:\/\/furnika.com.pl\/wp-content\/uploads\/2026\/05\/PROFIL-DFM-WWW-profil.webp","width":800,"height":800},{"@type":"BreadcrumbList","@id":"https:\/\/furnika.com.pl\/produkt\/profil-dfm\/#breadcrumb","itemListElement":[{"@type":"ListItem","position":1,"name":"Strona g\u0142\u00f3wna","item":"https:\/\/furnika.com.pl\/"},{"@type":"ListItem","position":2,"name":"Produkty","item":"https:\/\/furnika.com.pl\/produkty\/"},{"@type":"ListItem","position":3,"name":"Profil DFM"}]},{"@type":"WebSite","@id":"https:\/\/furnika.com.pl\/#website","url":"https:\/\/furnika.com.pl\/","name":"Furnika","description":"Light created with passion","publisher":{"@id":"https:\/\/furnika.com.pl\/#organization"},"potentialAction":[{"@type":"SearchAction","target":{"@type":"EntryPoint","urlTemplate":"https:\/\/furnika.com.pl\/?s={search_term_string}"},"query-input":{"@type":"PropertyValueSpecification","valueRequired":true,"valueName":"search_term_string"}}],"inLanguage":"en-GB"},{"@type":"Organization","@id":"https:\/\/furnika.com.pl\/#organization","name":"Furnika","url":"https:\/\/furnika.com.pl\/","logo":{"@type":"ImageObject","inLanguage":"en-GB","@id":"https:\/\/furnika.com.pl\/#\/schema\/logo\/image\/","url":"https:\/\/furnika.com.pl\/wp-content\/uploads\/2026\/01\/cropped-logo-1.png","contentUrl":"https:\/\/furnika.com.pl\/wp-content\/uploads\/2026\/01\/cropped-logo-1.png","width":366,"height":113,"caption":"Furnika"},"image":{"@id":"https:\/\/furnika.com.pl\/#\/schema\/logo\/image\/"}}]}},"_links":{"self":[{"href":"https:\/\/furnika.com.pl\/en\/wp-json\/wp\/v2\/product\/3701","targetHints":{"allow":["GET"]}}],"collection":[{"href":"https:\/\/furnika.com.pl\/en\/wp-json\/wp\/v2\/product"}],"about":[{"href":"https:\/\/furnika.com.pl\/en\/wp-json\/wp\/v2\/types\/product"}],"wp:featuredmedia":[{"embeddable":true,"href":"https:\/\/furnika.com.pl\/en\/wp-json\/wp\/v2\/media\/3719"}],"wp:attachment":[{"href":"https:\/\/furnika.com.pl\/en\/wp-json\/wp\/v2\/media?parent=3701"}],"wp:term":[{"taxonomy":"product_brand","embeddable":true,"href":"https:\/\/furnika.com.pl\/en\/wp-json\/wp\/v2\/product_brand?post=3701"},{"taxonomy":"product_cat","embeddable":true,"href":"https:\/\/furnika.com.pl\/en\/wp-json\/wp\/v2\/product_cat?post=3701"},{"taxonomy":"product_tag","embeddable":true,"href":"https:\/\/furnika.com.pl\/en\/wp-json\/wp\/v2\/product_tag?post=3701"}],"curies":[{"name":"wp","href":"https:\/\/api.w.org\/{rel}","templated":true}]}}